{"id":18519,"date":"2024-02-22T12:15:12","date_gmt":"2024-02-22T09:15:12","guid":{"rendered":"https:\/urun\/digital-multimeter-technical-1051-uni-t-ut89xd\/"},"modified":"2024-02-22T12:15:12","modified_gmt":"2024-02-22T09:15:12","slug":"digital-multimeter-technical-1051-uni-t-ut89xd","status":"publish","type":"product","link":"https:\/\/cartechdiagnostic.com\/en\/urun\/digital-multimeter-technical-1051-uni-t-ut89xd\/","title":{"rendered":"Digital Multimeter &#8211; TEKNK-1051 UNI-T UT89XD"},"content":{"rendered":"","protected":false},"excerpt":{"rendered":"<p>TEKNK-1051 UNI-T UT89XD DIGITAL MULTIMETER is a high quality instrument designed for electrical, electronic and industrial measurements. The UT89XD model offers users wide measurement capabilities and can be used in a variety of applications. This multimeter is equipped with a large backlit LCD display, so you can clearly view the measurement results. It can measure many electrical quantities such as resistance, voltage, current, capacitance, frequency, temperature and continuity. It also has additional features such as diode and transistor testing. The UT89XD multimeter has a durable construction and is suitable for long-term use. It offers high precision and reliability. Furthermore, it is easy to use and you can easily switch between different measurement modes. This multimeter is an ideal option for use in various professional applications such as industrial maintenance and repairs, electrical engineering applications, workshops and electrical troubleshooting. It is a reliable and robust measuring instrument for professional users.         <\/p>\n","protected":false},"featured_media":16556,"comment_status":"open","ping_status":"closed","template":"","meta":{"_joinchat":[]},"product_brand":[],"product_cat":[1341],"product_tag":[],"class_list":{"0":"post-18519","1":"product","2":"type-product","3":"status-publish","4":"has-post-thumbnail","6":"product_cat-default-category","8":"first","9":"outofstock","10":"sale","11":"shipping-taxable","12":"purchasable","13":"product-type-simple"},"yoast_head":"<!-- This site is optimized with the Yoast SEO plugin v22.8 - https:\/\/yoast.com\/wordpress\/plugins\/seo\/ -->\n<title>Digital Multimeter - TEKNK-1051 UNI-T UT89XD - Car-Tech Diagnostic<\/title>\n<meta name=\"robots\" content=\"index, follow, max-snippet:-1, max-image-preview:large, max-video-preview:-1\" \/>\n<link rel=\"canonical\" href=\"https:\/\/cartechdiagnostic.com\/en\/urun\/digital-multimeter-technical-1051-uni-t-ut89xd\/\" \/>\n<meta property=\"og:locale\" content=\"en_US\" \/>\n<meta property=\"og:type\" content=\"article\" \/>\n<meta property=\"og:title\" content=\"Digital Multimeter - TEKNK-1051 UNI-T UT89XD - Car-Tech Diagnostic\" \/>\n<meta property=\"og:description\" content=\"TEKNK-1051 UNI-T UT89XD DIGITAL MULTIMETER is a high quality instrument designed for electrical, electronic and industrial measurements. The UT89XD model offers users wide measurement capabilities and can be used in a variety of applications. This multimeter is equipped with a large backlit LCD display, so you can clearly view the measurement results. It can measure many electrical quantities such as resistance, voltage, current, capacitance, frequency, temperature and continuity. It also has additional features such as diode and transistor testing. The UT89XD multimeter has a durable construction and is suitable for long-term use. It offers high precision and reliability. Furthermore, it is easy to use and you can easily switch between different measurement modes. This multimeter is an ideal option for use in various professional applications such as industrial maintenance and repairs, electrical engineering applications, workshops and electrical troubleshooting. It is a reliable and robust measuring instrument for professional users.\" \/>\n<meta property=\"og:url\" content=\"https:\/\/cartechdiagnostic.com\/en\/urun\/digital-multimeter-technical-1051-uni-t-ut89xd\/\" \/>\n<meta property=\"og:site_name\" content=\"Car-Tech Diagnostic\" \/>\n<meta property=\"og:image\" content=\"https:\/\/www.cartechdiagnostic.com\/wp-content\/uploads\/2024\/02\/4.-Multimetre-TEKNK-1051-UNI-T-UT89XD-DIJITAL-MULTIMETRE.png\" \/>\n\t<meta property=\"og:image:width\" content=\"1080\" \/>\n\t<meta property=\"og:image:height\" content=\"1080\" \/>\n\t<meta property=\"og:image:type\" content=\"image\/png\" \/>\n<meta name=\"twitter:card\" content=\"summary_large_image\" \/>\n<script type=\"application\/ld+json\" class=\"yoast-schema-graph\">{\"@context\":\"https:\/\/schema.org\",\"@graph\":[{\"@type\":\"WebPage\",\"@id\":\"https:\/\/cartechdiagnostic.com\/en\/urun\/digital-multimeter-technical-1051-uni-t-ut89xd\/\",\"url\":\"https:\/\/cartechdiagnostic.com\/en\/urun\/digital-multimeter-technical-1051-uni-t-ut89xd\/\",\"name\":\"Digital Multimeter - TEKNK-1051 UNI-T UT89XD - Car-Tech Diagnostic\",\"isPartOf\":{\"@id\":\"https:\/\/www.cartechdiagnostic.com\/en\/#website\"},\"primaryImageOfPage\":{\"@id\":\"https:\/\/cartechdiagnostic.com\/en\/urun\/digital-multimeter-technical-1051-uni-t-ut89xd\/#primaryimage\"},\"image\":{\"@id\":\"https:\/\/cartechdiagnostic.com\/en\/urun\/digital-multimeter-technical-1051-uni-t-ut89xd\/#primaryimage\"},\"thumbnailUrl\":\"https:\/\/cartechdiagnostic.com\/wp-content\/uploads\/2024\/02\/4.-Multimetre-TEKNK-1051-UNI-T-UT89XD-DIJITAL-MULTIMETRE.png\",\"datePublished\":\"2024-02-22T09:15:12+00:00\",\"dateModified\":\"2024-02-22T09:15:12+00:00\",\"breadcrumb\":{\"@id\":\"https:\/\/cartechdiagnostic.com\/en\/urun\/digital-multimeter-technical-1051-uni-t-ut89xd\/#breadcrumb\"},\"inLanguage\":\"en-US\",\"potentialAction\":[{\"@type\":\"ReadAction\",\"target\":[\"https:\/\/cartechdiagnostic.com\/en\/urun\/digital-multimeter-technical-1051-uni-t-ut89xd\/\"]}]},{\"@type\":\"ImageObject\",\"inLanguage\":\"en-US\",\"@id\":\"https:\/\/cartechdiagnostic.com\/en\/urun\/digital-multimeter-technical-1051-uni-t-ut89xd\/#primaryimage\",\"url\":\"https:\/\/cartechdiagnostic.com\/wp-content\/uploads\/2024\/02\/4.-Multimetre-TEKNK-1051-UNI-T-UT89XD-DIJITAL-MULTIMETRE.png\",\"contentUrl\":\"https:\/\/cartechdiagnostic.com\/wp-content\/uploads\/2024\/02\/4.-Multimetre-TEKNK-1051-UNI-T-UT89XD-DIJITAL-MULTIMETRE.png\",\"width\":1080,\"height\":1080},{\"@type\":\"BreadcrumbList\",\"@id\":\"https:\/\/cartechdiagnostic.com\/en\/urun\/digital-multimeter-technical-1051-uni-t-ut89xd\/#breadcrumb\",\"itemListElement\":[{\"@type\":\"ListItem\",\"position\":1,\"name\":\"Anasayfa\",\"item\":\"https:\/\/www.cartechdiagnostic.com\/en\/\"},{\"@type\":\"ListItem\",\"position\":2,\"name\":\"Ma\u011faza\",\"item\":\"https:\/\/www.cartechdiagnostic.com\/magaza\/\"},{\"@type\":\"ListItem\",\"position\":3,\"name\":\"Digital Multimeter &#8211; TEKNK-1051 UNI-T UT89XD\"}]},{\"@type\":\"WebSite\",\"@id\":\"https:\/\/www.cartechdiagnostic.com\/en\/#website\",\"url\":\"https:\/\/www.cartechdiagnostic.com\/en\/\",\"name\":\"Car-Tech Diagnostic\",\"description\":\"Ar\u0131za Tespit Cihazlar\u0131 - ECU Programlama Cihazlar\u0131\",\"publisher\":{\"@id\":\"https:\/\/www.cartechdiagnostic.com\/en\/#organization\"},\"alternateName\":\"Car-Tech Diag\",\"potentialAction\":[{\"@type\":\"SearchAction\",\"target\":{\"@type\":\"EntryPoint\",\"urlTemplate\":\"https:\/\/www.cartechdiagnostic.com\/en\/?s={search_term_string}\"},\"query-input\":\"required name=search_term_string\"}],\"inLanguage\":\"en-US\"},{\"@type\":\"Organization\",\"@id\":\"https:\/\/www.cartechdiagnostic.com\/en\/#organization\",\"name\":\"Car-Tech Diagnostic Yaz\u0131l\u0131m Ltd. \u015eti.\",\"url\":\"https:\/\/www.cartechdiagnostic.com\/en\/\",\"logo\":{\"@type\":\"ImageObject\",\"inLanguage\":\"en-US\",\"@id\":\"https:\/\/www.cartechdiagnostic.com\/en\/#\/schema\/logo\/image\/\",\"url\":\"https:\/\/cartechdiagnostic.com\/wp-content\/uploads\/2023\/08\/logocartech.png\",\"contentUrl\":\"https:\/\/cartechdiagnostic.com\/wp-content\/uploads\/2023\/08\/logocartech.png\",\"width\":714,\"height\":340,\"caption\":\"Car-Tech Diagnostic Yaz\u0131l\u0131m Ltd. \u015eti.\"},\"image\":{\"@id\":\"https:\/\/www.cartechdiagnostic.com\/en\/#\/schema\/logo\/image\/\"},\"sameAs\":[\"https:\/\/www.instagram.com\/cartechdiagnostic\"]}]}<\/script>\n<!-- \/ Yoast SEO plugin. -->","yoast_head_json":{"title":"Digital Multimeter - TEKNK-1051 UNI-T UT89XD - Car-Tech Diagnostic","robots":{"index":"index","follow":"follow","max-snippet":"max-snippet:-1","max-image-preview":"max-image-preview:large","max-video-preview":"max-video-preview:-1"},"canonical":"https:\/\/cartechdiagnostic.com\/en\/urun\/digital-multimeter-technical-1051-uni-t-ut89xd\/","og_locale":"en_US","og_type":"article","og_title":"Digital Multimeter - TEKNK-1051 UNI-T UT89XD - Car-Tech Diagnostic","og_description":"TEKNK-1051 UNI-T UT89XD DIGITAL MULTIMETER is a high quality instrument designed for electrical, electronic and industrial measurements. The UT89XD model offers users wide measurement capabilities and can be used in a variety of applications. This multimeter is equipped with a large backlit LCD display, so you can clearly view the measurement results. It can measure many electrical quantities such as resistance, voltage, current, capacitance, frequency, temperature and continuity. It also has additional features such as diode and transistor testing. The UT89XD multimeter has a durable construction and is suitable for long-term use. It offers high precision and reliability. Furthermore, it is easy to use and you can easily switch between different measurement modes. This multimeter is an ideal option for use in various professional applications such as industrial maintenance and repairs, electrical engineering applications, workshops and electrical troubleshooting. It is a reliable and robust measuring instrument for professional users.","og_url":"https:\/\/cartechdiagnostic.com\/en\/urun\/digital-multimeter-technical-1051-uni-t-ut89xd\/","og_site_name":"Car-Tech Diagnostic","og_image":[{"width":1080,"height":1080,"url":"https:\/\/www.cartechdiagnostic.com\/wp-content\/uploads\/2024\/02\/4.-Multimetre-TEKNK-1051-UNI-T-UT89XD-DIJITAL-MULTIMETRE.png","type":"image\/png"}],"twitter_card":"summary_large_image","schema":{"@context":"https:\/\/schema.org","@graph":[{"@type":"WebPage","@id":"https:\/\/cartechdiagnostic.com\/en\/urun\/digital-multimeter-technical-1051-uni-t-ut89xd\/","url":"https:\/\/cartechdiagnostic.com\/en\/urun\/digital-multimeter-technical-1051-uni-t-ut89xd\/","name":"Digital Multimeter - TEKNK-1051 UNI-T UT89XD - Car-Tech Diagnostic","isPartOf":{"@id":"https:\/\/www.cartechdiagnostic.com\/en\/#website"},"primaryImageOfPage":{"@id":"https:\/\/cartechdiagnostic.com\/en\/urun\/digital-multimeter-technical-1051-uni-t-ut89xd\/#primaryimage"},"image":{"@id":"https:\/\/cartechdiagnostic.com\/en\/urun\/digital-multimeter-technical-1051-uni-t-ut89xd\/#primaryimage"},"thumbnailUrl":"https:\/\/cartechdiagnostic.com\/wp-content\/uploads\/2024\/02\/4.-Multimetre-TEKNK-1051-UNI-T-UT89XD-DIJITAL-MULTIMETRE.png","datePublished":"2024-02-22T09:15:12+00:00","dateModified":"2024-02-22T09:15:12+00:00","breadcrumb":{"@id":"https:\/\/cartechdiagnostic.com\/en\/urun\/digital-multimeter-technical-1051-uni-t-ut89xd\/#breadcrumb"},"inLanguage":"en-US","potentialAction":[{"@type":"ReadAction","target":["https:\/\/cartechdiagnostic.com\/en\/urun\/digital-multimeter-technical-1051-uni-t-ut89xd\/"]}]},{"@type":"ImageObject","inLanguage":"en-US","@id":"https:\/\/cartechdiagnostic.com\/en\/urun\/digital-multimeter-technical-1051-uni-t-ut89xd\/#primaryimage","url":"https:\/\/cartechdiagnostic.com\/wp-content\/uploads\/2024\/02\/4.-Multimetre-TEKNK-1051-UNI-T-UT89XD-DIJITAL-MULTIMETRE.png","contentUrl":"https:\/\/cartechdiagnostic.com\/wp-content\/uploads\/2024\/02\/4.-Multimetre-TEKNK-1051-UNI-T-UT89XD-DIJITAL-MULTIMETRE.png","width":1080,"height":1080},{"@type":"BreadcrumbList","@id":"https:\/\/cartechdiagnostic.com\/en\/urun\/digital-multimeter-technical-1051-uni-t-ut89xd\/#breadcrumb","itemListElement":[{"@type":"ListItem","position":1,"name":"Anasayfa","item":"https:\/\/www.cartechdiagnostic.com\/en\/"},{"@type":"ListItem","position":2,"name":"Ma\u011faza","item":"https:\/\/www.cartechdiagnostic.com\/magaza\/"},{"@type":"ListItem","position":3,"name":"Digital Multimeter &#8211; TEKNK-1051 UNI-T UT89XD"}]},{"@type":"WebSite","@id":"https:\/\/www.cartechdiagnostic.com\/en\/#website","url":"https:\/\/www.cartechdiagnostic.com\/en\/","name":"Car-Tech Diagnostic","description":"Ar\u0131za Tespit Cihazlar\u0131 - ECU Programlama Cihazlar\u0131","publisher":{"@id":"https:\/\/www.cartechdiagnostic.com\/en\/#organization"},"alternateName":"Car-Tech Diag","potentialAction":[{"@type":"SearchAction","target":{"@type":"EntryPoint","urlTemplate":"https:\/\/www.cartechdiagnostic.com\/en\/?s={search_term_string}"},"query-input":"required name=search_term_string"}],"inLanguage":"en-US"},{"@type":"Organization","@id":"https:\/\/www.cartechdiagnostic.com\/en\/#organization","name":"Car-Tech Diagnostic Yaz\u0131l\u0131m Ltd. \u015eti.","url":"https:\/\/www.cartechdiagnostic.com\/en\/","logo":{"@type":"ImageObject","inLanguage":"en-US","@id":"https:\/\/www.cartechdiagnostic.com\/en\/#\/schema\/logo\/image\/","url":"https:\/\/cartechdiagnostic.com\/wp-content\/uploads\/2023\/08\/logocartech.png","contentUrl":"https:\/\/cartechdiagnostic.com\/wp-content\/uploads\/2023\/08\/logocartech.png","width":714,"height":340,"caption":"Car-Tech Diagnostic Yaz\u0131l\u0131m Ltd. \u015eti."},"image":{"@id":"https:\/\/www.cartechdiagnostic.com\/en\/#\/schema\/logo\/image\/"},"sameAs":["https:\/\/www.instagram.com\/cartechdiagnostic"]}]}},"_links":{"self":[{"href":"https:\/\/cartechdiagnostic.com\/en\/wp-json\/wp\/v2\/product\/18519","targetHints":{"allow":["GET"]}}],"collection":[{"href":"https:\/\/cartechdiagnostic.com\/en\/wp-json\/wp\/v2\/product"}],"about":[{"href":"https:\/\/cartechdiagnostic.com\/en\/wp-json\/wp\/v2\/types\/product"}],"replies":[{"embeddable":true,"href":"https:\/\/cartechdiagnostic.com\/en\/wp-json\/wp\/v2\/comments?post=18519"}],"version-history":[{"count":0,"href":"https:\/\/cartechdiagnostic.com\/en\/wp-json\/wp\/v2\/product\/18519\/revisions"}],"wp:featuredmedia":[{"embeddable":true,"href":"https:\/\/cartechdiagnostic.com\/en\/wp-json\/wp\/v2\/media\/16556"}],"wp:attachment":[{"href":"https:\/\/cartechdiagnostic.com\/en\/wp-json\/wp\/v2\/media?parent=18519"}],"wp:term":[{"taxonomy":"product_brand","embeddable":true,"href":"https:\/\/cartechdiagnostic.com\/en\/wp-json\/wp\/v2\/product_brand?post=18519"},{"taxonomy":"product_cat","embeddable":true,"href":"https:\/\/cartechdiagnostic.com\/en\/wp-json\/wp\/v2\/product_cat?post=18519"},{"taxonomy":"product_tag","embeddable":true,"href":"https:\/\/cartechdiagnostic.com\/en\/wp-json\/wp\/v2\/product_tag?post=18519"}],"curies":[{"name":"wp","href":"https:\/\/api.w.org\/{rel}","templated":true}]}}