{"id":18521,"date":"2024-02-22T12:11:35","date_gmt":"2024-02-22T09:11:35","guid":{"rendered":"https:\/urun\/digital-multimeter-technk-328-uni-t-ut58e\/"},"modified":"2024-02-22T12:11:35","modified_gmt":"2024-02-22T09:11:35","slug":"digital-multimeter-technk-328-uni-t-ut58e","status":"publish","type":"product","link":"https:\/\/cartechdiagnostic.com\/en\/urun\/digital-multimeter-technk-328-uni-t-ut58e\/","title":{"rendered":"Digital Multimeter &#8211; TEKNK-328 UNI-T UT58E"},"content":{"rendered":"","protected":false},"excerpt":{"rendered":"<p>Digital Multimeter &#8211; TEKNK-328 UNI-T UT58E is a high quality instrument used for electrical measurements. The UNI-T UT58E model has a wide measuring range and can be used in various fields such as electrical, electronic and automotive applications. This multimeter is equipped with a digital display and clearly shows the measurement results. It can measure various electrical quantities such as resistance, voltage, current, capacitance, temperature and frequency. It also has additional features such as transistor and diode testing. TEKNK-328 UNI-T UT58E has a durable construction and offers long-lasting performance. Furthermore, it is easy to use and you can easily switch to different measurement modes. This multimeter is ideal for a variety of applications such as electrical maintenance, workshops, hobby projects and troubleshooting electrical problems in the home. It is a reliable measuring instrument for professional and amateur users.<\/p>\n","protected":false},"featured_media":16552,"comment_status":"open","ping_status":"closed","template":"","meta":{"_joinchat":[]},"product_brand":[],"product_cat":[1341],"product_tag":[],"class_list":{"0":"post-18521","1":"product","2":"type-product","3":"status-publish","4":"has-post-thumbnail","6":"product_cat-default-category","8":"first","9":"instock","10":"sale","11":"shipping-taxable","12":"purchasable","13":"product-type-simple"},"yoast_head":"<!-- This site is optimized with the Yoast SEO plugin v22.8 - https:\/\/yoast.com\/wordpress\/plugins\/seo\/ -->\n<title>Digital Multimeter - TEKNK-328 UNI-T UT58E - Car-Tech Diagnostic<\/title>\n<meta name=\"robots\" content=\"index, follow, max-snippet:-1, max-image-preview:large, max-video-preview:-1\" \/>\n<link rel=\"canonical\" href=\"https:\/\/cartechdiagnostic.com\/en\/urun\/digital-multimeter-technk-328-uni-t-ut58e\/\" \/>\n<meta property=\"og:locale\" content=\"en_US\" \/>\n<meta property=\"og:type\" content=\"article\" \/>\n<meta property=\"og:title\" content=\"Digital Multimeter - TEKNK-328 UNI-T UT58E - Car-Tech Diagnostic\" \/>\n<meta property=\"og:description\" content=\"Digital Multimeter - TEKNK-328 UNI-T UT58E is a high quality instrument used for electrical measurements. The UNI-T UT58E model has a wide measuring range and can be used in various fields such as electrical, electronic and automotive applications. This multimeter is equipped with a digital display and clearly shows the measurement results. It can measure various electrical quantities such as resistance, voltage, current, capacitance, temperature and frequency. It also has additional features such as transistor and diode testing. TEKNK-328 UNI-T UT58E has a durable construction and offers long-lasting performance. Furthermore, it is easy to use and you can easily switch to different measurement modes. This multimeter is ideal for a variety of applications such as electrical maintenance, workshops, hobby projects and troubleshooting electrical problems in the home. It is a reliable measuring instrument for professional and amateur users.\" \/>\n<meta property=\"og:url\" content=\"https:\/\/cartechdiagnostic.com\/en\/urun\/digital-multimeter-technk-328-uni-t-ut58e\/\" \/>\n<meta property=\"og:site_name\" content=\"Car-Tech Diagnostic\" \/>\n<meta property=\"og:image\" content=\"https:\/\/www.cartechdiagnostic.com\/wp-content\/uploads\/2024\/02\/4.-Multimetre-TEKNK-328-UNI-T-UT58E-DIJITAL-MULTIMETRE.png\" \/>\n\t<meta property=\"og:image:width\" content=\"1080\" \/>\n\t<meta property=\"og:image:height\" content=\"1080\" \/>\n\t<meta property=\"og:image:type\" content=\"image\/png\" \/>\n<meta name=\"twitter:card\" content=\"summary_large_image\" \/>\n<script type=\"application\/ld+json\" class=\"yoast-schema-graph\">{\"@context\":\"https:\/\/schema.org\",\"@graph\":[{\"@type\":\"WebPage\",\"@id\":\"https:\/\/cartechdiagnostic.com\/en\/urun\/digital-multimeter-technk-328-uni-t-ut58e\/\",\"url\":\"https:\/\/cartechdiagnostic.com\/en\/urun\/digital-multimeter-technk-328-uni-t-ut58e\/\",\"name\":\"Digital Multimeter - TEKNK-328 UNI-T UT58E - Car-Tech Diagnostic\",\"isPartOf\":{\"@id\":\"https:\/\/www.cartechdiagnostic.com\/en\/#website\"},\"primaryImageOfPage\":{\"@id\":\"https:\/\/cartechdiagnostic.com\/en\/urun\/digital-multimeter-technk-328-uni-t-ut58e\/#primaryimage\"},\"image\":{\"@id\":\"https:\/\/cartechdiagnostic.com\/en\/urun\/digital-multimeter-technk-328-uni-t-ut58e\/#primaryimage\"},\"thumbnailUrl\":\"https:\/\/cartechdiagnostic.com\/wp-content\/uploads\/2024\/02\/4.-Multimetre-TEKNK-328-UNI-T-UT58E-DIJITAL-MULTIMETRE.png\",\"datePublished\":\"2024-02-22T09:11:35+00:00\",\"dateModified\":\"2024-02-22T09:11:35+00:00\",\"breadcrumb\":{\"@id\":\"https:\/\/cartechdiagnostic.com\/en\/urun\/digital-multimeter-technk-328-uni-t-ut58e\/#breadcrumb\"},\"inLanguage\":\"en-US\",\"potentialAction\":[{\"@type\":\"ReadAction\",\"target\":[\"https:\/\/cartechdiagnostic.com\/en\/urun\/digital-multimeter-technk-328-uni-t-ut58e\/\"]}]},{\"@type\":\"ImageObject\",\"inLanguage\":\"en-US\",\"@id\":\"https:\/\/cartechdiagnostic.com\/en\/urun\/digital-multimeter-technk-328-uni-t-ut58e\/#primaryimage\",\"url\":\"https:\/\/cartechdiagnostic.com\/wp-content\/uploads\/2024\/02\/4.-Multimetre-TEKNK-328-UNI-T-UT58E-DIJITAL-MULTIMETRE.png\",\"contentUrl\":\"https:\/\/cartechdiagnostic.com\/wp-content\/uploads\/2024\/02\/4.-Multimetre-TEKNK-328-UNI-T-UT58E-DIJITAL-MULTIMETRE.png\",\"width\":1080,\"height\":1080},{\"@type\":\"BreadcrumbList\",\"@id\":\"https:\/\/cartechdiagnostic.com\/en\/urun\/digital-multimeter-technk-328-uni-t-ut58e\/#breadcrumb\",\"itemListElement\":[{\"@type\":\"ListItem\",\"position\":1,\"name\":\"Anasayfa\",\"item\":\"https:\/\/www.cartechdiagnostic.com\/en\/\"},{\"@type\":\"ListItem\",\"position\":2,\"name\":\"Ma\u011faza\",\"item\":\"https:\/\/www.cartechdiagnostic.com\/magaza\/\"},{\"@type\":\"ListItem\",\"position\":3,\"name\":\"Digital Multimeter &#8211; TEKNK-328 UNI-T UT58E\"}]},{\"@type\":\"WebSite\",\"@id\":\"https:\/\/www.cartechdiagnostic.com\/en\/#website\",\"url\":\"https:\/\/www.cartechdiagnostic.com\/en\/\",\"name\":\"Car-Tech Diagnostic\",\"description\":\"Ar\u0131za Tespit Cihazlar\u0131 - ECU Programlama Cihazlar\u0131\",\"publisher\":{\"@id\":\"https:\/\/www.cartechdiagnostic.com\/en\/#organization\"},\"alternateName\":\"Car-Tech Diag\",\"potentialAction\":[{\"@type\":\"SearchAction\",\"target\":{\"@type\":\"EntryPoint\",\"urlTemplate\":\"https:\/\/www.cartechdiagnostic.com\/en\/?s={search_term_string}\"},\"query-input\":\"required name=search_term_string\"}],\"inLanguage\":\"en-US\"},{\"@type\":\"Organization\",\"@id\":\"https:\/\/www.cartechdiagnostic.com\/en\/#organization\",\"name\":\"Car-Tech Diagnostic Yaz\u0131l\u0131m Ltd. \u015eti.\",\"url\":\"https:\/\/www.cartechdiagnostic.com\/en\/\",\"logo\":{\"@type\":\"ImageObject\",\"inLanguage\":\"en-US\",\"@id\":\"https:\/\/www.cartechdiagnostic.com\/en\/#\/schema\/logo\/image\/\",\"url\":\"https:\/\/cartechdiagnostic.com\/wp-content\/uploads\/2023\/08\/logocartech.png\",\"contentUrl\":\"https:\/\/cartechdiagnostic.com\/wp-content\/uploads\/2023\/08\/logocartech.png\",\"width\":714,\"height\":340,\"caption\":\"Car-Tech Diagnostic Yaz\u0131l\u0131m Ltd. \u015eti.\"},\"image\":{\"@id\":\"https:\/\/www.cartechdiagnostic.com\/en\/#\/schema\/logo\/image\/\"},\"sameAs\":[\"https:\/\/www.instagram.com\/cartechdiagnostic\"]}]}<\/script>\n<!-- \/ Yoast SEO plugin. -->","yoast_head_json":{"title":"Digital Multimeter - TEKNK-328 UNI-T UT58E - Car-Tech Diagnostic","robots":{"index":"index","follow":"follow","max-snippet":"max-snippet:-1","max-image-preview":"max-image-preview:large","max-video-preview":"max-video-preview:-1"},"canonical":"https:\/\/cartechdiagnostic.com\/en\/urun\/digital-multimeter-technk-328-uni-t-ut58e\/","og_locale":"en_US","og_type":"article","og_title":"Digital Multimeter - TEKNK-328 UNI-T UT58E - Car-Tech Diagnostic","og_description":"Digital Multimeter - TEKNK-328 UNI-T UT58E is a high quality instrument used for electrical measurements. The UNI-T UT58E model has a wide measuring range and can be used in various fields such as electrical, electronic and automotive applications. This multimeter is equipped with a digital display and clearly shows the measurement results. It can measure various electrical quantities such as resistance, voltage, current, capacitance, temperature and frequency. It also has additional features such as transistor and diode testing. TEKNK-328 UNI-T UT58E has a durable construction and offers long-lasting performance. Furthermore, it is easy to use and you can easily switch to different measurement modes. This multimeter is ideal for a variety of applications such as electrical maintenance, workshops, hobby projects and troubleshooting electrical problems in the home. It is a reliable measuring instrument for professional and amateur users.","og_url":"https:\/\/cartechdiagnostic.com\/en\/urun\/digital-multimeter-technk-328-uni-t-ut58e\/","og_site_name":"Car-Tech Diagnostic","og_image":[{"width":1080,"height":1080,"url":"https:\/\/www.cartechdiagnostic.com\/wp-content\/uploads\/2024\/02\/4.-Multimetre-TEKNK-328-UNI-T-UT58E-DIJITAL-MULTIMETRE.png","type":"image\/png"}],"twitter_card":"summary_large_image","schema":{"@context":"https:\/\/schema.org","@graph":[{"@type":"WebPage","@id":"https:\/\/cartechdiagnostic.com\/en\/urun\/digital-multimeter-technk-328-uni-t-ut58e\/","url":"https:\/\/cartechdiagnostic.com\/en\/urun\/digital-multimeter-technk-328-uni-t-ut58e\/","name":"Digital Multimeter - TEKNK-328 UNI-T UT58E - Car-Tech Diagnostic","isPartOf":{"@id":"https:\/\/www.cartechdiagnostic.com\/en\/#website"},"primaryImageOfPage":{"@id":"https:\/\/cartechdiagnostic.com\/en\/urun\/digital-multimeter-technk-328-uni-t-ut58e\/#primaryimage"},"image":{"@id":"https:\/\/cartechdiagnostic.com\/en\/urun\/digital-multimeter-technk-328-uni-t-ut58e\/#primaryimage"},"thumbnailUrl":"https:\/\/cartechdiagnostic.com\/wp-content\/uploads\/2024\/02\/4.-Multimetre-TEKNK-328-UNI-T-UT58E-DIJITAL-MULTIMETRE.png","datePublished":"2024-02-22T09:11:35+00:00","dateModified":"2024-02-22T09:11:35+00:00","breadcrumb":{"@id":"https:\/\/cartechdiagnostic.com\/en\/urun\/digital-multimeter-technk-328-uni-t-ut58e\/#breadcrumb"},"inLanguage":"en-US","potentialAction":[{"@type":"ReadAction","target":["https:\/\/cartechdiagnostic.com\/en\/urun\/digital-multimeter-technk-328-uni-t-ut58e\/"]}]},{"@type":"ImageObject","inLanguage":"en-US","@id":"https:\/\/cartechdiagnostic.com\/en\/urun\/digital-multimeter-technk-328-uni-t-ut58e\/#primaryimage","url":"https:\/\/cartechdiagnostic.com\/wp-content\/uploads\/2024\/02\/4.-Multimetre-TEKNK-328-UNI-T-UT58E-DIJITAL-MULTIMETRE.png","contentUrl":"https:\/\/cartechdiagnostic.com\/wp-content\/uploads\/2024\/02\/4.-Multimetre-TEKNK-328-UNI-T-UT58E-DIJITAL-MULTIMETRE.png","width":1080,"height":1080},{"@type":"BreadcrumbList","@id":"https:\/\/cartechdiagnostic.com\/en\/urun\/digital-multimeter-technk-328-uni-t-ut58e\/#breadcrumb","itemListElement":[{"@type":"ListItem","position":1,"name":"Anasayfa","item":"https:\/\/www.cartechdiagnostic.com\/en\/"},{"@type":"ListItem","position":2,"name":"Ma\u011faza","item":"https:\/\/www.cartechdiagnostic.com\/magaza\/"},{"@type":"ListItem","position":3,"name":"Digital Multimeter &#8211; TEKNK-328 UNI-T UT58E"}]},{"@type":"WebSite","@id":"https:\/\/www.cartechdiagnostic.com\/en\/#website","url":"https:\/\/www.cartechdiagnostic.com\/en\/","name":"Car-Tech Diagnostic","description":"Ar\u0131za Tespit Cihazlar\u0131 - ECU Programlama Cihazlar\u0131","publisher":{"@id":"https:\/\/www.cartechdiagnostic.com\/en\/#organization"},"alternateName":"Car-Tech Diag","potentialAction":[{"@type":"SearchAction","target":{"@type":"EntryPoint","urlTemplate":"https:\/\/www.cartechdiagnostic.com\/en\/?s={search_term_string}"},"query-input":"required name=search_term_string"}],"inLanguage":"en-US"},{"@type":"Organization","@id":"https:\/\/www.cartechdiagnostic.com\/en\/#organization","name":"Car-Tech Diagnostic Yaz\u0131l\u0131m Ltd. \u015eti.","url":"https:\/\/www.cartechdiagnostic.com\/en\/","logo":{"@type":"ImageObject","inLanguage":"en-US","@id":"https:\/\/www.cartechdiagnostic.com\/en\/#\/schema\/logo\/image\/","url":"https:\/\/cartechdiagnostic.com\/wp-content\/uploads\/2023\/08\/logocartech.png","contentUrl":"https:\/\/cartechdiagnostic.com\/wp-content\/uploads\/2023\/08\/logocartech.png","width":714,"height":340,"caption":"Car-Tech Diagnostic Yaz\u0131l\u0131m Ltd. \u015eti."},"image":{"@id":"https:\/\/www.cartechdiagnostic.com\/en\/#\/schema\/logo\/image\/"},"sameAs":["https:\/\/www.instagram.com\/cartechdiagnostic"]}]}},"_links":{"self":[{"href":"https:\/\/cartechdiagnostic.com\/en\/wp-json\/wp\/v2\/product\/18521","targetHints":{"allow":["GET"]}}],"collection":[{"href":"https:\/\/cartechdiagnostic.com\/en\/wp-json\/wp\/v2\/product"}],"about":[{"href":"https:\/\/cartechdiagnostic.com\/en\/wp-json\/wp\/v2\/types\/product"}],"replies":[{"embeddable":true,"href":"https:\/\/cartechdiagnostic.com\/en\/wp-json\/wp\/v2\/comments?post=18521"}],"version-history":[{"count":0,"href":"https:\/\/cartechdiagnostic.com\/en\/wp-json\/wp\/v2\/product\/18521\/revisions"}],"wp:featuredmedia":[{"embeddable":true,"href":"https:\/\/cartechdiagnostic.com\/en\/wp-json\/wp\/v2\/media\/16552"}],"wp:attachment":[{"href":"https:\/\/cartechdiagnostic.com\/en\/wp-json\/wp\/v2\/media?parent=18521"}],"wp:term":[{"taxonomy":"product_brand","embeddable":true,"href":"https:\/\/cartechdiagnostic.com\/en\/wp-json\/wp\/v2\/product_brand?post=18521"},{"taxonomy":"product_cat","embeddable":true,"href":"https:\/\/cartechdiagnostic.com\/en\/wp-json\/wp\/v2\/product_cat?post=18521"},{"taxonomy":"product_tag","embeddable":true,"href":"https:\/\/cartechdiagnostic.com\/en\/wp-json\/wp\/v2\/product_tag?post=18521"}],"curies":[{"name":"wp","href":"https:\/\/api.w.org\/{rel}","templated":true}]}}