{"id":18604,"date":"2024-02-19T15:38:32","date_gmt":"2024-02-19T12:38:32","guid":{"rendered":"https:\/urun\/soldering-iron-station-wl-012-wellhise-wh-852d\/"},"modified":"2025-05-31T01:53:31","modified_gmt":"2025-05-30T22:53:31","slug":"soldering-iron-station-wl-012-wellhise-wh-852d","status":"publish","type":"product","link":"https:\/\/cartechdiagnostic.com\/en\/urun\/soldering-iron-station-wl-012-wellhise-wh-852d\/","title":{"rendered":"Soldering Iron Station WL-012 WELLHISE WH-852D+"},"content":{"rendered":"","protected":false},"excerpt":{"rendered":"<p>WL-012 Wellhise WH-852D+ is a soldering iron station and is generally used for electronic soldering work. <\/p>\n<ol>\n<li><strong>Dual Function: <\/strong>WH-852D+ consists of a soldering iron pen and a hot air gun. This provides flexibility for tasks such as both a soldering iron pen for soldering small and delicate components and a hot air gun for soldering or removing solder from large components.<\/li>\n<li><strong>Precise Control:<\/strong> Microprocessor-based temperature control allows the station to precisely adjust temperature values. This can easily provide the correct temperature settings required for different soldering jobs.<\/li>\n<li><strong>Interchangeable Tips:<\/strong> Different tips can be installed for various soldering jobs. This makes the station suitable for a variety of applications.<\/li>\n<li><strong>User-Friendly Design:<\/strong> WH-852D+ comes with an easy-to-use digital display and simple controls. This allows users to use the station conveniently.<\/li>\n<li><strong>Safety Features: <\/strong>Safety features such as automatic sleep mode ensure safe use of the station and save energy.<\/li>\n<\/ol>\n<p> These features make the WL-012 Wellhise WH-852D+ a preferred soldering iron station for electronic soldering jobs.<\/p>\n","protected":false},"featured_media":16479,"comment_status":"open","ping_status":"closed","template":"","meta":{"_joinchat":[]},"product_brand":[],"product_cat":[1357],"product_tag":[],"class_list":{"0":"post-18604","1":"product","2":"type-product","3":"status-publish","4":"has-post-thumbnail","6":"product_cat-soldering-iron-station","8":"first","9":"instock","10":"sale","11":"shipping-taxable","12":"purchasable","13":"product-type-simple"},"yoast_head":"<!-- This site is optimized with the Yoast SEO plugin v22.8 - https:\/\/yoast.com\/wordpress\/plugins\/seo\/ -->\n<title>Soldering Iron Station WL-012 WELLHISE WH-852D+ - Car-Tech Diagnostic<\/title>\n<meta name=\"robots\" content=\"index, follow, max-snippet:-1, max-image-preview:large, max-video-preview:-1\" \/>\n<link rel=\"canonical\" href=\"https:\/\/cartechdiagnostic.com\/en\/urun\/soldering-iron-station-wl-012-wellhise-wh-852d\/\" \/>\n<meta property=\"og:locale\" content=\"en_US\" \/>\n<meta property=\"og:type\" content=\"article\" \/>\n<meta property=\"og:title\" content=\"Soldering Iron Station WL-012 WELLHISE WH-852D+ - Car-Tech Diagnostic\" \/>\n<meta property=\"og:description\" content=\"WL-012 Wellhise WH-852D+ is a soldering iron station and is generally used for electronic soldering work.  Dual Function: WH-852D+ consists of a soldering iron pen and a hot air gun. This provides flexibility for tasks such as both a soldering iron pen for soldering small and delicate components and a hot air gun for soldering or removing solder from large components.  Precise Control: Microprocessor-based temperature control allows the station to precisely adjust temperature values. This can easily provide the correct temperature settings required for different soldering jobs.  Interchangeable Tips: Different tips can be installed for various soldering jobs. This makes the station suitable for a variety of applications.  User-Friendly Design: WH-852D+ comes with an easy-to-use digital display and simple controls. This allows users to use the station conveniently.  Safety Features: Safety features such as automatic sleep mode ensure safe use of the station and save energy. These features make the WL-012 Wellhise WH-852D+ a preferred soldering iron station for electronic soldering jobs.\" \/>\n<meta property=\"og:url\" content=\"https:\/\/cartechdiagnostic.com\/en\/urun\/soldering-iron-station-wl-012-wellhise-wh-852d\/\" \/>\n<meta property=\"og:site_name\" content=\"Car-Tech Diagnostic\" \/>\n<meta property=\"article:modified_time\" content=\"2025-05-30T22:53:31+00:00\" \/>\n<meta property=\"og:image\" content=\"https:\/\/cartechdiagnostic.com\/wp-content\/uploads\/2024\/02\/1.-Havya-Istasyonu-WL-012-WELLHISE-WH-852D-HAVYA-ISTASYONU.png\" \/>\n\t<meta property=\"og:image:width\" content=\"1080\" \/>\n\t<meta property=\"og:image:height\" content=\"1080\" \/>\n\t<meta property=\"og:image:type\" content=\"image\/png\" \/>\n<meta name=\"twitter:card\" content=\"summary_large_image\" \/>\n<script type=\"application\/ld+json\" class=\"yoast-schema-graph\">{\"@context\":\"https:\/\/schema.org\",\"@graph\":[{\"@type\":\"WebPage\",\"@id\":\"https:\/\/cartechdiagnostic.com\/en\/urun\/soldering-iron-station-wl-012-wellhise-wh-852d\/\",\"url\":\"https:\/\/cartechdiagnostic.com\/en\/urun\/soldering-iron-station-wl-012-wellhise-wh-852d\/\",\"name\":\"Soldering Iron Station WL-012 WELLHISE WH-852D+ - Car-Tech Diagnostic\",\"isPartOf\":{\"@id\":\"https:\/\/www.cartechdiagnostic.com\/en\/#website\"},\"primaryImageOfPage\":{\"@id\":\"https:\/\/cartechdiagnostic.com\/en\/urun\/soldering-iron-station-wl-012-wellhise-wh-852d\/#primaryimage\"},\"image\":{\"@id\":\"https:\/\/cartechdiagnostic.com\/en\/urun\/soldering-iron-station-wl-012-wellhise-wh-852d\/#primaryimage\"},\"thumbnailUrl\":\"https:\/\/cartechdiagnostic.com\/wp-content\/uploads\/2024\/02\/1.-Havya-Istasyonu-WL-012-WELLHISE-WH-852D-HAVYA-ISTASYONU.png\",\"datePublished\":\"2024-02-19T12:38:32+00:00\",\"dateModified\":\"2025-05-30T22:53:31+00:00\",\"breadcrumb\":{\"@id\":\"https:\/\/cartechdiagnostic.com\/en\/urun\/soldering-iron-station-wl-012-wellhise-wh-852d\/#breadcrumb\"},\"inLanguage\":\"en-US\",\"potentialAction\":[{\"@type\":\"ReadAction\",\"target\":[\"https:\/\/cartechdiagnostic.com\/en\/urun\/soldering-iron-station-wl-012-wellhise-wh-852d\/\"]}]},{\"@type\":\"ImageObject\",\"inLanguage\":\"en-US\",\"@id\":\"https:\/\/cartechdiagnostic.com\/en\/urun\/soldering-iron-station-wl-012-wellhise-wh-852d\/#primaryimage\",\"url\":\"https:\/\/cartechdiagnostic.com\/wp-content\/uploads\/2024\/02\/1.-Havya-Istasyonu-WL-012-WELLHISE-WH-852D-HAVYA-ISTASYONU.png\",\"contentUrl\":\"https:\/\/cartechdiagnostic.com\/wp-content\/uploads\/2024\/02\/1.-Havya-Istasyonu-WL-012-WELLHISE-WH-852D-HAVYA-ISTASYONU.png\",\"width\":1080,\"height\":1080},{\"@type\":\"BreadcrumbList\",\"@id\":\"https:\/\/cartechdiagnostic.com\/en\/urun\/soldering-iron-station-wl-012-wellhise-wh-852d\/#breadcrumb\",\"itemListElement\":[{\"@type\":\"ListItem\",\"position\":1,\"name\":\"Anasayfa\",\"item\":\"https:\/\/www.cartechdiagnostic.com\/en\/\"},{\"@type\":\"ListItem\",\"position\":2,\"name\":\"Ma\u011faza\",\"item\":\"https:\/\/www.cartechdiagnostic.com\/magaza\/\"},{\"@type\":\"ListItem\",\"position\":3,\"name\":\"Soldering Iron Station WL-012 WELLHISE WH-852D+\"}]},{\"@type\":\"WebSite\",\"@id\":\"https:\/\/www.cartechdiagnostic.com\/en\/#website\",\"url\":\"https:\/\/www.cartechdiagnostic.com\/en\/\",\"name\":\"Car-Tech Diagnostic\",\"description\":\"Ar\u0131za Tespit Cihazlar\u0131 - ECU Programlama Cihazlar\u0131\",\"publisher\":{\"@id\":\"https:\/\/www.cartechdiagnostic.com\/en\/#organization\"},\"alternateName\":\"Car-Tech Diag\",\"potentialAction\":[{\"@type\":\"SearchAction\",\"target\":{\"@type\":\"EntryPoint\",\"urlTemplate\":\"https:\/\/www.cartechdiagnostic.com\/en\/?s={search_term_string}\"},\"query-input\":\"required name=search_term_string\"}],\"inLanguage\":\"en-US\"},{\"@type\":\"Organization\",\"@id\":\"https:\/\/www.cartechdiagnostic.com\/en\/#organization\",\"name\":\"Car-Tech Diagnostic Yaz\u0131l\u0131m Ltd. \u015eti.\",\"url\":\"https:\/\/www.cartechdiagnostic.com\/en\/\",\"logo\":{\"@type\":\"ImageObject\",\"inLanguage\":\"en-US\",\"@id\":\"https:\/\/www.cartechdiagnostic.com\/en\/#\/schema\/logo\/image\/\",\"url\":\"https:\/\/cartechdiagnostic.com\/wp-content\/uploads\/2023\/08\/logocartech.png\",\"contentUrl\":\"https:\/\/cartechdiagnostic.com\/wp-content\/uploads\/2023\/08\/logocartech.png\",\"width\":714,\"height\":340,\"caption\":\"Car-Tech Diagnostic Yaz\u0131l\u0131m Ltd. \u015eti.\"},\"image\":{\"@id\":\"https:\/\/www.cartechdiagnostic.com\/en\/#\/schema\/logo\/image\/\"},\"sameAs\":[\"https:\/\/www.instagram.com\/cartechdiagnostic\"]}]}<\/script>\n<!-- \/ Yoast SEO plugin. -->","yoast_head_json":{"title":"Soldering Iron Station WL-012 WELLHISE WH-852D+ - Car-Tech Diagnostic","robots":{"index":"index","follow":"follow","max-snippet":"max-snippet:-1","max-image-preview":"max-image-preview:large","max-video-preview":"max-video-preview:-1"},"canonical":"https:\/\/cartechdiagnostic.com\/en\/urun\/soldering-iron-station-wl-012-wellhise-wh-852d\/","og_locale":"en_US","og_type":"article","og_title":"Soldering Iron Station WL-012 WELLHISE WH-852D+ - Car-Tech Diagnostic","og_description":"WL-012 Wellhise WH-852D+ is a soldering iron station and is generally used for electronic soldering work.  Dual Function: WH-852D+ consists of a soldering iron pen and a hot air gun. This provides flexibility for tasks such as both a soldering iron pen for soldering small and delicate components and a hot air gun for soldering or removing solder from large components.  Precise Control: Microprocessor-based temperature control allows the station to precisely adjust temperature values. This can easily provide the correct temperature settings required for different soldering jobs.  Interchangeable Tips: Different tips can be installed for various soldering jobs. This makes the station suitable for a variety of applications.  User-Friendly Design: WH-852D+ comes with an easy-to-use digital display and simple controls. This allows users to use the station conveniently.  Safety Features: Safety features such as automatic sleep mode ensure safe use of the station and save energy. These features make the WL-012 Wellhise WH-852D+ a preferred soldering iron station for electronic soldering jobs.","og_url":"https:\/\/cartechdiagnostic.com\/en\/urun\/soldering-iron-station-wl-012-wellhise-wh-852d\/","og_site_name":"Car-Tech Diagnostic","article_modified_time":"2025-05-30T22:53:31+00:00","og_image":[{"width":1080,"height":1080,"url":"https:\/\/cartechdiagnostic.com\/wp-content\/uploads\/2024\/02\/1.-Havya-Istasyonu-WL-012-WELLHISE-WH-852D-HAVYA-ISTASYONU.png","type":"image\/png"}],"twitter_card":"summary_large_image","schema":{"@context":"https:\/\/schema.org","@graph":[{"@type":"WebPage","@id":"https:\/\/cartechdiagnostic.com\/en\/urun\/soldering-iron-station-wl-012-wellhise-wh-852d\/","url":"https:\/\/cartechdiagnostic.com\/en\/urun\/soldering-iron-station-wl-012-wellhise-wh-852d\/","name":"Soldering Iron Station WL-012 WELLHISE WH-852D+ - Car-Tech Diagnostic","isPartOf":{"@id":"https:\/\/www.cartechdiagnostic.com\/en\/#website"},"primaryImageOfPage":{"@id":"https:\/\/cartechdiagnostic.com\/en\/urun\/soldering-iron-station-wl-012-wellhise-wh-852d\/#primaryimage"},"image":{"@id":"https:\/\/cartechdiagnostic.com\/en\/urun\/soldering-iron-station-wl-012-wellhise-wh-852d\/#primaryimage"},"thumbnailUrl":"https:\/\/cartechdiagnostic.com\/wp-content\/uploads\/2024\/02\/1.-Havya-Istasyonu-WL-012-WELLHISE-WH-852D-HAVYA-ISTASYONU.png","datePublished":"2024-02-19T12:38:32+00:00","dateModified":"2025-05-30T22:53:31+00:00","breadcrumb":{"@id":"https:\/\/cartechdiagnostic.com\/en\/urun\/soldering-iron-station-wl-012-wellhise-wh-852d\/#breadcrumb"},"inLanguage":"en-US","potentialAction":[{"@type":"ReadAction","target":["https:\/\/cartechdiagnostic.com\/en\/urun\/soldering-iron-station-wl-012-wellhise-wh-852d\/"]}]},{"@type":"ImageObject","inLanguage":"en-US","@id":"https:\/\/cartechdiagnostic.com\/en\/urun\/soldering-iron-station-wl-012-wellhise-wh-852d\/#primaryimage","url":"https:\/\/cartechdiagnostic.com\/wp-content\/uploads\/2024\/02\/1.-Havya-Istasyonu-WL-012-WELLHISE-WH-852D-HAVYA-ISTASYONU.png","contentUrl":"https:\/\/cartechdiagnostic.com\/wp-content\/uploads\/2024\/02\/1.-Havya-Istasyonu-WL-012-WELLHISE-WH-852D-HAVYA-ISTASYONU.png","width":1080,"height":1080},{"@type":"BreadcrumbList","@id":"https:\/\/cartechdiagnostic.com\/en\/urun\/soldering-iron-station-wl-012-wellhise-wh-852d\/#breadcrumb","itemListElement":[{"@type":"ListItem","position":1,"name":"Anasayfa","item":"https:\/\/www.cartechdiagnostic.com\/en\/"},{"@type":"ListItem","position":2,"name":"Ma\u011faza","item":"https:\/\/www.cartechdiagnostic.com\/magaza\/"},{"@type":"ListItem","position":3,"name":"Soldering Iron Station WL-012 WELLHISE WH-852D+"}]},{"@type":"WebSite","@id":"https:\/\/www.cartechdiagnostic.com\/en\/#website","url":"https:\/\/www.cartechdiagnostic.com\/en\/","name":"Car-Tech Diagnostic","description":"Ar\u0131za Tespit Cihazlar\u0131 - ECU Programlama Cihazlar\u0131","publisher":{"@id":"https:\/\/www.cartechdiagnostic.com\/en\/#organization"},"alternateName":"Car-Tech Diag","potentialAction":[{"@type":"SearchAction","target":{"@type":"EntryPoint","urlTemplate":"https:\/\/www.cartechdiagnostic.com\/en\/?s={search_term_string}"},"query-input":"required name=search_term_string"}],"inLanguage":"en-US"},{"@type":"Organization","@id":"https:\/\/www.cartechdiagnostic.com\/en\/#organization","name":"Car-Tech Diagnostic Yaz\u0131l\u0131m Ltd. \u015eti.","url":"https:\/\/www.cartechdiagnostic.com\/en\/","logo":{"@type":"ImageObject","inLanguage":"en-US","@id":"https:\/\/www.cartechdiagnostic.com\/en\/#\/schema\/logo\/image\/","url":"https:\/\/cartechdiagnostic.com\/wp-content\/uploads\/2023\/08\/logocartech.png","contentUrl":"https:\/\/cartechdiagnostic.com\/wp-content\/uploads\/2023\/08\/logocartech.png","width":714,"height":340,"caption":"Car-Tech Diagnostic Yaz\u0131l\u0131m Ltd. \u015eti."},"image":{"@id":"https:\/\/www.cartechdiagnostic.com\/en\/#\/schema\/logo\/image\/"},"sameAs":["https:\/\/www.instagram.com\/cartechdiagnostic"]}]}},"_links":{"self":[{"href":"https:\/\/cartechdiagnostic.com\/en\/wp-json\/wp\/v2\/product\/18604","targetHints":{"allow":["GET"]}}],"collection":[{"href":"https:\/\/cartechdiagnostic.com\/en\/wp-json\/wp\/v2\/product"}],"about":[{"href":"https:\/\/cartechdiagnostic.com\/en\/wp-json\/wp\/v2\/types\/product"}],"replies":[{"embeddable":true,"href":"https:\/\/cartechdiagnostic.com\/en\/wp-json\/wp\/v2\/comments?post=18604"}],"version-history":[{"count":1,"href":"https:\/\/cartechdiagnostic.com\/en\/wp-json\/wp\/v2\/product\/18604\/revisions"}],"predecessor-version":[{"id":18605,"href":"https:\/\/cartechdiagnostic.com\/en\/wp-json\/wp\/v2\/product\/18604\/revisions\/18605"}],"wp:featuredmedia":[{"embeddable":true,"href":"https:\/\/cartechdiagnostic.com\/en\/wp-json\/wp\/v2\/media\/16479"}],"wp:attachment":[{"href":"https:\/\/cartechdiagnostic.com\/en\/wp-json\/wp\/v2\/media?parent=18604"}],"wp:term":[{"taxonomy":"product_brand","embeddable":true,"href":"https:\/\/cartechdiagnostic.com\/en\/wp-json\/wp\/v2\/product_brand?post=18604"},{"taxonomy":"product_cat","embeddable":true,"href":"https:\/\/cartechdiagnostic.com\/en\/wp-json\/wp\/v2\/product_cat?post=18604"},{"taxonomy":"product_tag","embeddable":true,"href":"https:\/\/cartechdiagnostic.com\/en\/wp-json\/wp\/v2\/product_tag?post=18604"}],"curies":[{"name":"wp","href":"https:\/\/api.w.org\/{rel}","templated":true}]}}