{"id":18609,"date":"2024-02-07T17:02:37","date_gmt":"2024-02-07T14:02:37","guid":{"rendered":"https:\/urun\/autel-nissan-1632-pin-safe-ab-gate-adaptor\/"},"modified":"2024-02-07T17:02:37","modified_gmt":"2024-02-07T14:02:37","slug":"autel-nissan-1632-pin-safe-ab-gate-adaptor","status":"publish","type":"product","link":"https:\/\/cartechdiagnostic.com\/en\/urun\/autel-nissan-1632-pin-safe-ab-gate-adaptor\/","title":{"rendered":"Autel Nissan 16+32 Pin Secure EU Gateway Adapter"},"content":{"rendered":"","protected":false},"excerpt":{"rendered":"<p>The current Autel Nissan 16+32 Pin Secure EU Gateway Adapter (B18 Based Models) is a special adapter designed specifically for B18 based models such as Nissan Sylphy and Sentra. This adapter works in harmony with the car&#8217;s original safety system and provides the communication required for diagnostics and programming. This adapter establishes a secure connection between Autel diagnostic equipment and Nissan&#8217;s B18-based models, enabling communication with the vehicles&#8217; electronic control units. This communication makes it possible to perform various operations on the vehicle, such as diagnostics, programming or coding. Using this adapter ensures that the vehicle is compatible with the original safety system, which allows diagnostics and programming to be carried out safely and smoothly. Furthermore, the additional security features provided by the adapter help to protect the data in the vehicle. The current Autel Nissan 16+32 Pin Secure EU Gateway Adapter is specifically designed for B18-based models such as the Nissan Sylphy and Sentra. This adapter enables vehicle diagnostics and programming to be performed safely and smoothly, making vehicle maintenance and repair more effective.       <\/p>\n","protected":false},"featured_media":16472,"comment_status":"open","ping_status":"closed","template":"","meta":{"_joinchat":[]},"product_brand":[],"product_cat":[1344,1358],"product_tag":[],"class_list":{"0":"post-18609","1":"product","2":"type-product","3":"status-publish","4":"has-post-thumbnail","6":"product_cat-autel-en","7":"product_cat-cables","9":"first","10":"instock","11":"sale","12":"shipping-taxable","13":"purchasable","14":"product-type-simple"},"yoast_head":"<!-- This site is optimized with the Yoast SEO plugin v22.8 - https:\/\/yoast.com\/wordpress\/plugins\/seo\/ -->\n<title>Autel Nissan 16+32 Pin Secure EU Gateway Adapter - Car-Tech Diagnostic<\/title>\n<meta name=\"robots\" content=\"index, follow, max-snippet:-1, max-image-preview:large, max-video-preview:-1\" \/>\n<link rel=\"canonical\" href=\"https:\/\/cartechdiagnostic.com\/en\/urun\/autel-nissan-1632-pin-safe-ab-gate-adaptor\/\" \/>\n<meta property=\"og:locale\" content=\"en_US\" \/>\n<meta property=\"og:type\" content=\"article\" \/>\n<meta property=\"og:title\" content=\"Autel Nissan 16+32 Pin Secure EU Gateway Adapter - Car-Tech Diagnostic\" \/>\n<meta property=\"og:description\" content=\"The current Autel Nissan 16+32 Pin Secure EU Gateway Adapter (B18 Based Models) is a special adapter designed specifically for B18 based models such as Nissan Sylphy and Sentra. This adapter works in harmony with the car&#039;s original safety system and provides the communication required for diagnostics and programming. This adapter establishes a secure connection between Autel diagnostic equipment and Nissan&#039;s B18-based models, enabling communication with the vehicles&#039; electronic control units. This communication makes it possible to perform various operations on the vehicle, such as diagnostics, programming or coding. Using this adapter ensures that the vehicle is compatible with the original safety system, which allows diagnostics and programming to be carried out safely and smoothly. Furthermore, the additional security features provided by the adapter help to protect the data in the vehicle. The current Autel Nissan 16+32 Pin Secure EU Gateway Adapter is specifically designed for B18-based models such as the Nissan Sylphy and Sentra. This adapter enables vehicle diagnostics and programming to be performed safely and smoothly, making vehicle maintenance and repair more effective.\" \/>\n<meta property=\"og:url\" content=\"https:\/\/cartechdiagnostic.com\/en\/urun\/autel-nissan-1632-pin-safe-ab-gate-adaptor\/\" \/>\n<meta property=\"og:site_name\" content=\"Car-Tech Diagnostic\" \/>\n<meta property=\"og:image\" content=\"https:\/\/www.cartechdiagnostic.com\/wp-content\/uploads\/2024\/02\/Sylphy-Sentra-iain-Geaerli-Autel-Nissan-1632-GAvenli-As-Geaidi-AdaptirA-B18-uasili-Modeller-1.png\" \/>\n\t<meta property=\"og:image:width\" content=\"1080\" \/>\n\t<meta property=\"og:image:height\" content=\"1080\" \/>\n\t<meta property=\"og:image:type\" content=\"image\/png\" \/>\n<meta name=\"twitter:card\" content=\"summary_large_image\" \/>\n<script type=\"application\/ld+json\" class=\"yoast-schema-graph\">{\"@context\":\"https:\/\/schema.org\",\"@graph\":[{\"@type\":\"WebPage\",\"@id\":\"https:\/\/cartechdiagnostic.com\/en\/urun\/autel-nissan-1632-pin-safe-ab-gate-adaptor\/\",\"url\":\"https:\/\/cartechdiagnostic.com\/en\/urun\/autel-nissan-1632-pin-safe-ab-gate-adaptor\/\",\"name\":\"Autel Nissan 16+32 Pin Secure EU Gateway Adapter - Car-Tech Diagnostic\",\"isPartOf\":{\"@id\":\"https:\/\/www.cartechdiagnostic.com\/en\/#website\"},\"primaryImageOfPage\":{\"@id\":\"https:\/\/cartechdiagnostic.com\/en\/urun\/autel-nissan-1632-pin-safe-ab-gate-adaptor\/#primaryimage\"},\"image\":{\"@id\":\"https:\/\/cartechdiagnostic.com\/en\/urun\/autel-nissan-1632-pin-safe-ab-gate-adaptor\/#primaryimage\"},\"thumbnailUrl\":\"https:\/\/cartechdiagnostic.com\/wp-content\/uploads\/2024\/02\/Sylphy-Sentra-iain-Geaerli-Autel-Nissan-1632-GAvenli-As-Geaidi-AdaptirA-B18-uasili-Modeller-1.png\",\"datePublished\":\"2024-02-07T14:02:37+00:00\",\"dateModified\":\"2024-02-07T14:02:37+00:00\",\"breadcrumb\":{\"@id\":\"https:\/\/cartechdiagnostic.com\/en\/urun\/autel-nissan-1632-pin-safe-ab-gate-adaptor\/#breadcrumb\"},\"inLanguage\":\"en-US\",\"potentialAction\":[{\"@type\":\"ReadAction\",\"target\":[\"https:\/\/cartechdiagnostic.com\/en\/urun\/autel-nissan-1632-pin-safe-ab-gate-adaptor\/\"]}]},{\"@type\":\"ImageObject\",\"inLanguage\":\"en-US\",\"@id\":\"https:\/\/cartechdiagnostic.com\/en\/urun\/autel-nissan-1632-pin-safe-ab-gate-adaptor\/#primaryimage\",\"url\":\"https:\/\/cartechdiagnostic.com\/wp-content\/uploads\/2024\/02\/Sylphy-Sentra-iain-Geaerli-Autel-Nissan-1632-GAvenli-As-Geaidi-AdaptirA-B18-uasili-Modeller-1.png\",\"contentUrl\":\"https:\/\/cartechdiagnostic.com\/wp-content\/uploads\/2024\/02\/Sylphy-Sentra-iain-Geaerli-Autel-Nissan-1632-GAvenli-As-Geaidi-AdaptirA-B18-uasili-Modeller-1.png\",\"width\":1080,\"height\":1080},{\"@type\":\"BreadcrumbList\",\"@id\":\"https:\/\/cartechdiagnostic.com\/en\/urun\/autel-nissan-1632-pin-safe-ab-gate-adaptor\/#breadcrumb\",\"itemListElement\":[{\"@type\":\"ListItem\",\"position\":1,\"name\":\"Anasayfa\",\"item\":\"https:\/\/www.cartechdiagnostic.com\/en\/\"},{\"@type\":\"ListItem\",\"position\":2,\"name\":\"Ma\u011faza\",\"item\":\"https:\/\/www.cartechdiagnostic.com\/magaza\/\"},{\"@type\":\"ListItem\",\"position\":3,\"name\":\"Autel Nissan 16+32 Pin Secure EU Gateway Adapter\"}]},{\"@type\":\"WebSite\",\"@id\":\"https:\/\/www.cartechdiagnostic.com\/en\/#website\",\"url\":\"https:\/\/www.cartechdiagnostic.com\/en\/\",\"name\":\"Car-Tech Diagnostic\",\"description\":\"Ar\u0131za Tespit Cihazlar\u0131 - ECU Programlama Cihazlar\u0131\",\"publisher\":{\"@id\":\"https:\/\/www.cartechdiagnostic.com\/en\/#organization\"},\"alternateName\":\"Car-Tech Diag\",\"potentialAction\":[{\"@type\":\"SearchAction\",\"target\":{\"@type\":\"EntryPoint\",\"urlTemplate\":\"https:\/\/www.cartechdiagnostic.com\/en\/?s={search_term_string}\"},\"query-input\":\"required name=search_term_string\"}],\"inLanguage\":\"en-US\"},{\"@type\":\"Organization\",\"@id\":\"https:\/\/www.cartechdiagnostic.com\/en\/#organization\",\"name\":\"Car-Tech Diagnostic Yaz\u0131l\u0131m Ltd. \u015eti.\",\"url\":\"https:\/\/www.cartechdiagnostic.com\/en\/\",\"logo\":{\"@type\":\"ImageObject\",\"inLanguage\":\"en-US\",\"@id\":\"https:\/\/www.cartechdiagnostic.com\/en\/#\/schema\/logo\/image\/\",\"url\":\"https:\/\/cartechdiagnostic.com\/wp-content\/uploads\/2023\/08\/logocartech.png\",\"contentUrl\":\"https:\/\/cartechdiagnostic.com\/wp-content\/uploads\/2023\/08\/logocartech.png\",\"width\":714,\"height\":340,\"caption\":\"Car-Tech Diagnostic Yaz\u0131l\u0131m Ltd. \u015eti.\"},\"image\":{\"@id\":\"https:\/\/www.cartechdiagnostic.com\/en\/#\/schema\/logo\/image\/\"},\"sameAs\":[\"https:\/\/www.instagram.com\/cartechdiagnostic\"]}]}<\/script>\n<!-- \/ Yoast SEO plugin. -->","yoast_head_json":{"title":"Autel Nissan 16+32 Pin Secure EU Gateway Adapter - Car-Tech Diagnostic","robots":{"index":"index","follow":"follow","max-snippet":"max-snippet:-1","max-image-preview":"max-image-preview:large","max-video-preview":"max-video-preview:-1"},"canonical":"https:\/\/cartechdiagnostic.com\/en\/urun\/autel-nissan-1632-pin-safe-ab-gate-adaptor\/","og_locale":"en_US","og_type":"article","og_title":"Autel Nissan 16+32 Pin Secure EU Gateway Adapter - Car-Tech Diagnostic","og_description":"The current Autel Nissan 16+32 Pin Secure EU Gateway Adapter (B18 Based Models) is a special adapter designed specifically for B18 based models such as Nissan Sylphy and Sentra. This adapter works in harmony with the car's original safety system and provides the communication required for diagnostics and programming. This adapter establishes a secure connection between Autel diagnostic equipment and Nissan's B18-based models, enabling communication with the vehicles' electronic control units. This communication makes it possible to perform various operations on the vehicle, such as diagnostics, programming or coding. Using this adapter ensures that the vehicle is compatible with the original safety system, which allows diagnostics and programming to be carried out safely and smoothly. Furthermore, the additional security features provided by the adapter help to protect the data in the vehicle. The current Autel Nissan 16+32 Pin Secure EU Gateway Adapter is specifically designed for B18-based models such as the Nissan Sylphy and Sentra. This adapter enables vehicle diagnostics and programming to be performed safely and smoothly, making vehicle maintenance and repair more effective.","og_url":"https:\/\/cartechdiagnostic.com\/en\/urun\/autel-nissan-1632-pin-safe-ab-gate-adaptor\/","og_site_name":"Car-Tech Diagnostic","og_image":[{"width":1080,"height":1080,"url":"https:\/\/www.cartechdiagnostic.com\/wp-content\/uploads\/2024\/02\/Sylphy-Sentra-iain-Geaerli-Autel-Nissan-1632-GAvenli-As-Geaidi-AdaptirA-B18-uasili-Modeller-1.png","type":"image\/png"}],"twitter_card":"summary_large_image","schema":{"@context":"https:\/\/schema.org","@graph":[{"@type":"WebPage","@id":"https:\/\/cartechdiagnostic.com\/en\/urun\/autel-nissan-1632-pin-safe-ab-gate-adaptor\/","url":"https:\/\/cartechdiagnostic.com\/en\/urun\/autel-nissan-1632-pin-safe-ab-gate-adaptor\/","name":"Autel Nissan 16+32 Pin Secure EU Gateway Adapter - Car-Tech Diagnostic","isPartOf":{"@id":"https:\/\/www.cartechdiagnostic.com\/en\/#website"},"primaryImageOfPage":{"@id":"https:\/\/cartechdiagnostic.com\/en\/urun\/autel-nissan-1632-pin-safe-ab-gate-adaptor\/#primaryimage"},"image":{"@id":"https:\/\/cartechdiagnostic.com\/en\/urun\/autel-nissan-1632-pin-safe-ab-gate-adaptor\/#primaryimage"},"thumbnailUrl":"https:\/\/cartechdiagnostic.com\/wp-content\/uploads\/2024\/02\/Sylphy-Sentra-iain-Geaerli-Autel-Nissan-1632-GAvenli-As-Geaidi-AdaptirA-B18-uasili-Modeller-1.png","datePublished":"2024-02-07T14:02:37+00:00","dateModified":"2024-02-07T14:02:37+00:00","breadcrumb":{"@id":"https:\/\/cartechdiagnostic.com\/en\/urun\/autel-nissan-1632-pin-safe-ab-gate-adaptor\/#breadcrumb"},"inLanguage":"en-US","potentialAction":[{"@type":"ReadAction","target":["https:\/\/cartechdiagnostic.com\/en\/urun\/autel-nissan-1632-pin-safe-ab-gate-adaptor\/"]}]},{"@type":"ImageObject","inLanguage":"en-US","@id":"https:\/\/cartechdiagnostic.com\/en\/urun\/autel-nissan-1632-pin-safe-ab-gate-adaptor\/#primaryimage","url":"https:\/\/cartechdiagnostic.com\/wp-content\/uploads\/2024\/02\/Sylphy-Sentra-iain-Geaerli-Autel-Nissan-1632-GAvenli-As-Geaidi-AdaptirA-B18-uasili-Modeller-1.png","contentUrl":"https:\/\/cartechdiagnostic.com\/wp-content\/uploads\/2024\/02\/Sylphy-Sentra-iain-Geaerli-Autel-Nissan-1632-GAvenli-As-Geaidi-AdaptirA-B18-uasili-Modeller-1.png","width":1080,"height":1080},{"@type":"BreadcrumbList","@id":"https:\/\/cartechdiagnostic.com\/en\/urun\/autel-nissan-1632-pin-safe-ab-gate-adaptor\/#breadcrumb","itemListElement":[{"@type":"ListItem","position":1,"name":"Anasayfa","item":"https:\/\/www.cartechdiagnostic.com\/en\/"},{"@type":"ListItem","position":2,"name":"Ma\u011faza","item":"https:\/\/www.cartechdiagnostic.com\/magaza\/"},{"@type":"ListItem","position":3,"name":"Autel Nissan 16+32 Pin Secure EU Gateway Adapter"}]},{"@type":"WebSite","@id":"https:\/\/www.cartechdiagnostic.com\/en\/#website","url":"https:\/\/www.cartechdiagnostic.com\/en\/","name":"Car-Tech Diagnostic","description":"Ar\u0131za Tespit Cihazlar\u0131 - ECU Programlama Cihazlar\u0131","publisher":{"@id":"https:\/\/www.cartechdiagnostic.com\/en\/#organization"},"alternateName":"Car-Tech Diag","potentialAction":[{"@type":"SearchAction","target":{"@type":"EntryPoint","urlTemplate":"https:\/\/www.cartechdiagnostic.com\/en\/?s={search_term_string}"},"query-input":"required name=search_term_string"}],"inLanguage":"en-US"},{"@type":"Organization","@id":"https:\/\/www.cartechdiagnostic.com\/en\/#organization","name":"Car-Tech Diagnostic Yaz\u0131l\u0131m Ltd. \u015eti.","url":"https:\/\/www.cartechdiagnostic.com\/en\/","logo":{"@type":"ImageObject","inLanguage":"en-US","@id":"https:\/\/www.cartechdiagnostic.com\/en\/#\/schema\/logo\/image\/","url":"https:\/\/cartechdiagnostic.com\/wp-content\/uploads\/2023\/08\/logocartech.png","contentUrl":"https:\/\/cartechdiagnostic.com\/wp-content\/uploads\/2023\/08\/logocartech.png","width":714,"height":340,"caption":"Car-Tech Diagnostic Yaz\u0131l\u0131m Ltd. \u015eti."},"image":{"@id":"https:\/\/www.cartechdiagnostic.com\/en\/#\/schema\/logo\/image\/"},"sameAs":["https:\/\/www.instagram.com\/cartechdiagnostic"]}]}},"_links":{"self":[{"href":"https:\/\/cartechdiagnostic.com\/en\/wp-json\/wp\/v2\/product\/18609","targetHints":{"allow":["GET"]}}],"collection":[{"href":"https:\/\/cartechdiagnostic.com\/en\/wp-json\/wp\/v2\/product"}],"about":[{"href":"https:\/\/cartechdiagnostic.com\/en\/wp-json\/wp\/v2\/types\/product"}],"replies":[{"embeddable":true,"href":"https:\/\/cartechdiagnostic.com\/en\/wp-json\/wp\/v2\/comments?post=18609"}],"version-history":[{"count":0,"href":"https:\/\/cartechdiagnostic.com\/en\/wp-json\/wp\/v2\/product\/18609\/revisions"}],"wp:featuredmedia":[{"embeddable":true,"href":"https:\/\/cartechdiagnostic.com\/en\/wp-json\/wp\/v2\/media\/16472"}],"wp:attachment":[{"href":"https:\/\/cartechdiagnostic.com\/en\/wp-json\/wp\/v2\/media?parent=18609"}],"wp:term":[{"taxonomy":"product_brand","embeddable":true,"href":"https:\/\/cartechdiagnostic.com\/en\/wp-json\/wp\/v2\/product_brand?post=18609"},{"taxonomy":"product_cat","embeddable":true,"href":"https:\/\/cartechdiagnostic.com\/en\/wp-json\/wp\/v2\/product_cat?post=18609"},{"taxonomy":"product_tag","embeddable":true,"href":"https:\/\/cartechdiagnostic.com\/en\/wp-json\/wp\/v2\/product_tag?post=18609"}],"curies":[{"name":"wp","href":"https:\/\/api.w.org\/{rel}","templated":true}]}}