{"id":18612,"date":"2024-02-07T17:01:23","date_gmt":"2024-02-07T14:01:23","guid":{"rendered":"https:\/urun\/autel-vci-compatible-can-fd-adaptor\/"},"modified":"2024-02-07T17:01:23","modified_gmt":"2024-02-07T14:01:23","slug":"autel-vci-compatible-can-fd-adaptor","status":"publish","type":"product","link":"https:\/\/cartechdiagnostic.com\/en\/urun\/autel-vci-compatible-can-fd-adaptor\/","title":{"rendered":"Autel Nissan 16+32 G\u00fcvenli A\u00df Ge\u00e1idi Adapt\u00f6r\u00fc Sylphy Sentra (B18 tabanl\u0131 Modeller i\u00e7in ge\u00e7erlidir (1)"},"content":{"rendered":"","protected":false},"excerpt":{"rendered":"<p>Autel CAN FD Adapter compatible with Autel VCI (Vehicle Communication Interface) is a special adapter used to communicate with vehicles with CAN FD (Flexible Data Rate) protocol. This adapter is designed to be used with Autel&#8217;s diagnostic devices (e.g. MaxiSYS, MaxiCOM or MaxiIM series) to perform diagnostics and programming of vehicles supporting CAN FD protocol. CAN FD is a communication protocol with higher data rates and more flexibility than the traditional CAN protocol. For this reason, there are many control units used in modern vehicles that support the CAN FD protocol. The Autel CAN FD Adapter, compatible with Autel VCI, is a special equipment needed to be able to communicate with this type of vehicles. This adapter allows users to diagnose vehicles supporting CAN FD protocol via Autel diagnostic devices. With the use of the adapter, diagnostics and programming can be performed on many control units such as the engine, transmission, ABS, airbags and other electronic systems of vehicles. The Autel CAN FD Adapter, compatible with Autel VCI, is a reliable and efficient solution for diagnostics and programming of modern vehicles. It is a special adapter needed to communicate with vehicles supporting the CAN FD protocol and works seamlessly with Autel&#8217;s diagnostic devices.<\/p>\n","protected":false},"featured_media":16468,"comment_status":"open","ping_status":"closed","template":"","meta":{"_joinchat":[]},"product_brand":[],"product_cat":[1344,1358],"product_tag":[],"class_list":{"0":"post-18612","1":"product","2":"type-product","3":"status-publish","4":"has-post-thumbnail","6":"product_cat-autel-en","7":"product_cat-cables","9":"first","10":"instock","11":"sale","12":"shipping-taxable","13":"purchasable","14":"product-type-simple"},"yoast_head":"<!-- This site is optimized with the Yoast SEO plugin v22.8 - https:\/\/yoast.com\/wordpress\/plugins\/seo\/ -->\n<title>Autel Nissan 16+32 G\u00fcvenli A\u00df Ge\u00e1idi Adapt\u00f6r\u00fc Sylphy Sentra (B18 tabanl\u0131 Modeller i\u00e7in ge\u00e7erlidir (1) - Car-Tech Diagnostic<\/title>\n<meta name=\"robots\" content=\"index, follow, max-snippet:-1, max-image-preview:large, max-video-preview:-1\" \/>\n<link rel=\"canonical\" href=\"https:\/\/cartechdiagnostic.com\/en\/urun\/autel-vci-compatible-can-fd-adaptor\/\" \/>\n<meta property=\"og:locale\" content=\"en_US\" \/>\n<meta property=\"og:type\" content=\"article\" \/>\n<meta property=\"og:title\" content=\"Autel Nissan 16+32 G\u00fcvenli A\u00df Ge\u00e1idi Adapt\u00f6r\u00fc Sylphy Sentra (B18 tabanl\u0131 Modeller i\u00e7in ge\u00e7erlidir (1) - Car-Tech Diagnostic\" \/>\n<meta property=\"og:description\" content=\"Autel CAN FD Adapter compatible with Autel VCI (Vehicle Communication Interface) is a special adapter used to communicate with vehicles with CAN FD (Flexible Data Rate) protocol. This adapter is designed to be used with Autel&#039;s diagnostic devices (e.g. MaxiSYS, MaxiCOM or MaxiIM series) to perform diagnostics and programming of vehicles supporting CAN FD protocol. CAN FD is a communication protocol with higher data rates and more flexibility than the traditional CAN protocol. For this reason, there are many control units used in modern vehicles that support the CAN FD protocol. The Autel CAN FD Adapter, compatible with Autel VCI, is a special equipment needed to be able to communicate with this type of vehicles. This adapter allows users to diagnose vehicles supporting CAN FD protocol via Autel diagnostic devices. With the use of the adapter, diagnostics and programming can be performed on many control units such as the engine, transmission, ABS, airbags and other electronic systems of vehicles. The Autel CAN FD Adapter, compatible with Autel VCI, is a reliable and efficient solution for diagnostics and programming of modern vehicles. It is a special adapter needed to communicate with vehicles supporting the CAN FD protocol and works seamlessly with Autel&#039;s diagnostic devices.\" \/>\n<meta property=\"og:url\" content=\"https:\/\/cartechdiagnostic.com\/en\/urun\/autel-vci-compatible-can-fd-adaptor\/\" \/>\n<meta property=\"og:site_name\" content=\"Car-Tech Diagnostic\" \/>\n<meta property=\"og:image\" content=\"https:\/\/cartechdiagnostic.com\/wp-content\/uploads\/2024\/02\/Autel-VCI-ile-Uyumlu-Autel-CAN-FD-AdaptirA-3.png\" \/>\n\t<meta property=\"og:image:width\" content=\"1080\" \/>\n\t<meta property=\"og:image:height\" content=\"1080\" \/>\n\t<meta property=\"og:image:type\" content=\"image\/png\" \/>\n<meta name=\"twitter:card\" content=\"summary_large_image\" \/>\n<script type=\"application\/ld+json\" class=\"yoast-schema-graph\">{\"@context\":\"https:\/\/schema.org\",\"@graph\":[{\"@type\":\"WebPage\",\"@id\":\"https:\/\/cartechdiagnostic.com\/en\/urun\/autel-vci-compatible-can-fd-adaptor\/\",\"url\":\"https:\/\/cartechdiagnostic.com\/en\/urun\/autel-vci-compatible-can-fd-adaptor\/\",\"name\":\"Autel Nissan 16+32 G\u00fcvenli A\u00df Ge\u00e1idi Adapt\u00f6r\u00fc Sylphy Sentra (B18 tabanl\u0131 Modeller i\u00e7in ge\u00e7erlidir (1) - Car-Tech Diagnostic\",\"isPartOf\":{\"@id\":\"https:\/\/www.cartechdiagnostic.com\/en\/#website\"},\"primaryImageOfPage\":{\"@id\":\"https:\/\/cartechdiagnostic.com\/en\/urun\/autel-vci-compatible-can-fd-adaptor\/#primaryimage\"},\"image\":{\"@id\":\"https:\/\/cartechdiagnostic.com\/en\/urun\/autel-vci-compatible-can-fd-adaptor\/#primaryimage\"},\"thumbnailUrl\":\"https:\/\/cartechdiagnostic.com\/wp-content\/uploads\/2024\/02\/Autel-VCI-ile-Uyumlu-Autel-CAN-FD-AdaptirA-3.png\",\"datePublished\":\"2024-02-07T14:01:23+00:00\",\"dateModified\":\"2024-02-07T14:01:23+00:00\",\"breadcrumb\":{\"@id\":\"https:\/\/cartechdiagnostic.com\/en\/urun\/autel-vci-compatible-can-fd-adaptor\/#breadcrumb\"},\"inLanguage\":\"en-US\",\"potentialAction\":[{\"@type\":\"ReadAction\",\"target\":[\"https:\/\/cartechdiagnostic.com\/en\/urun\/autel-vci-compatible-can-fd-adaptor\/\"]}]},{\"@type\":\"ImageObject\",\"inLanguage\":\"en-US\",\"@id\":\"https:\/\/cartechdiagnostic.com\/en\/urun\/autel-vci-compatible-can-fd-adaptor\/#primaryimage\",\"url\":\"https:\/\/cartechdiagnostic.com\/wp-content\/uploads\/2024\/02\/Autel-VCI-ile-Uyumlu-Autel-CAN-FD-AdaptirA-3.png\",\"contentUrl\":\"https:\/\/cartechdiagnostic.com\/wp-content\/uploads\/2024\/02\/Autel-VCI-ile-Uyumlu-Autel-CAN-FD-AdaptirA-3.png\",\"width\":1080,\"height\":1080},{\"@type\":\"BreadcrumbList\",\"@id\":\"https:\/\/cartechdiagnostic.com\/en\/urun\/autel-vci-compatible-can-fd-adaptor\/#breadcrumb\",\"itemListElement\":[{\"@type\":\"ListItem\",\"position\":1,\"name\":\"Anasayfa\",\"item\":\"https:\/\/www.cartechdiagnostic.com\/en\/\"},{\"@type\":\"ListItem\",\"position\":2,\"name\":\"Ma\u011faza\",\"item\":\"https:\/\/www.cartechdiagnostic.com\/magaza\/\"},{\"@type\":\"ListItem\",\"position\":3,\"name\":\"Autel Nissan 16+32 G\u00fcvenli A\u00df Ge\u00e1idi Adapt\u00f6r\u00fc Sylphy Sentra (B18 tabanl\u0131 Modeller i\u00e7in ge\u00e7erlidir (1)\"}]},{\"@type\":\"WebSite\",\"@id\":\"https:\/\/www.cartechdiagnostic.com\/en\/#website\",\"url\":\"https:\/\/www.cartechdiagnostic.com\/en\/\",\"name\":\"Car-Tech Diagnostic\",\"description\":\"Ar\u0131za Tespit Cihazlar\u0131 - ECU Programlama Cihazlar\u0131\",\"publisher\":{\"@id\":\"https:\/\/www.cartechdiagnostic.com\/en\/#organization\"},\"alternateName\":\"Car-Tech Diag\",\"potentialAction\":[{\"@type\":\"SearchAction\",\"target\":{\"@type\":\"EntryPoint\",\"urlTemplate\":\"https:\/\/www.cartechdiagnostic.com\/en\/?s={search_term_string}\"},\"query-input\":\"required name=search_term_string\"}],\"inLanguage\":\"en-US\"},{\"@type\":\"Organization\",\"@id\":\"https:\/\/www.cartechdiagnostic.com\/en\/#organization\",\"name\":\"Car-Tech Diagnostic Yaz\u0131l\u0131m Ltd. \u015eti.\",\"url\":\"https:\/\/www.cartechdiagnostic.com\/en\/\",\"logo\":{\"@type\":\"ImageObject\",\"inLanguage\":\"en-US\",\"@id\":\"https:\/\/www.cartechdiagnostic.com\/en\/#\/schema\/logo\/image\/\",\"url\":\"https:\/\/cartechdiagnostic.com\/wp-content\/uploads\/2023\/08\/logocartech.png\",\"contentUrl\":\"https:\/\/cartechdiagnostic.com\/wp-content\/uploads\/2023\/08\/logocartech.png\",\"width\":714,\"height\":340,\"caption\":\"Car-Tech Diagnostic Yaz\u0131l\u0131m Ltd. \u015eti.\"},\"image\":{\"@id\":\"https:\/\/www.cartechdiagnostic.com\/en\/#\/schema\/logo\/image\/\"},\"sameAs\":[\"https:\/\/www.instagram.com\/cartechdiagnostic\"]}]}<\/script>\n<!-- \/ Yoast SEO plugin. -->","yoast_head_json":{"title":"Autel Nissan 16+32 G\u00fcvenli A\u00df Ge\u00e1idi Adapt\u00f6r\u00fc Sylphy Sentra (B18 tabanl\u0131 Modeller i\u00e7in ge\u00e7erlidir (1) - Car-Tech Diagnostic","robots":{"index":"index","follow":"follow","max-snippet":"max-snippet:-1","max-image-preview":"max-image-preview:large","max-video-preview":"max-video-preview:-1"},"canonical":"https:\/\/cartechdiagnostic.com\/en\/urun\/autel-vci-compatible-can-fd-adaptor\/","og_locale":"en_US","og_type":"article","og_title":"Autel Nissan 16+32 G\u00fcvenli A\u00df Ge\u00e1idi Adapt\u00f6r\u00fc Sylphy Sentra (B18 tabanl\u0131 Modeller i\u00e7in ge\u00e7erlidir (1) - Car-Tech Diagnostic","og_description":"Autel CAN FD Adapter compatible with Autel VCI (Vehicle Communication Interface) is a special adapter used to communicate with vehicles with CAN FD (Flexible Data Rate) protocol. This adapter is designed to be used with Autel's diagnostic devices (e.g. MaxiSYS, MaxiCOM or MaxiIM series) to perform diagnostics and programming of vehicles supporting CAN FD protocol. CAN FD is a communication protocol with higher data rates and more flexibility than the traditional CAN protocol. For this reason, there are many control units used in modern vehicles that support the CAN FD protocol. The Autel CAN FD Adapter, compatible with Autel VCI, is a special equipment needed to be able to communicate with this type of vehicles. This adapter allows users to diagnose vehicles supporting CAN FD protocol via Autel diagnostic devices. With the use of the adapter, diagnostics and programming can be performed on many control units such as the engine, transmission, ABS, airbags and other electronic systems of vehicles. The Autel CAN FD Adapter, compatible with Autel VCI, is a reliable and efficient solution for diagnostics and programming of modern vehicles. It is a special adapter needed to communicate with vehicles supporting the CAN FD protocol and works seamlessly with Autel's diagnostic devices.","og_url":"https:\/\/cartechdiagnostic.com\/en\/urun\/autel-vci-compatible-can-fd-adaptor\/","og_site_name":"Car-Tech Diagnostic","og_image":[{"width":1080,"height":1080,"url":"https:\/\/cartechdiagnostic.com\/wp-content\/uploads\/2024\/02\/Autel-VCI-ile-Uyumlu-Autel-CAN-FD-AdaptirA-3.png","type":"image\/png"}],"twitter_card":"summary_large_image","schema":{"@context":"https:\/\/schema.org","@graph":[{"@type":"WebPage","@id":"https:\/\/cartechdiagnostic.com\/en\/urun\/autel-vci-compatible-can-fd-adaptor\/","url":"https:\/\/cartechdiagnostic.com\/en\/urun\/autel-vci-compatible-can-fd-adaptor\/","name":"Autel Nissan 16+32 G\u00fcvenli A\u00df Ge\u00e1idi Adapt\u00f6r\u00fc Sylphy Sentra (B18 tabanl\u0131 Modeller i\u00e7in ge\u00e7erlidir (1) - Car-Tech Diagnostic","isPartOf":{"@id":"https:\/\/www.cartechdiagnostic.com\/en\/#website"},"primaryImageOfPage":{"@id":"https:\/\/cartechdiagnostic.com\/en\/urun\/autel-vci-compatible-can-fd-adaptor\/#primaryimage"},"image":{"@id":"https:\/\/cartechdiagnostic.com\/en\/urun\/autel-vci-compatible-can-fd-adaptor\/#primaryimage"},"thumbnailUrl":"https:\/\/cartechdiagnostic.com\/wp-content\/uploads\/2024\/02\/Autel-VCI-ile-Uyumlu-Autel-CAN-FD-AdaptirA-3.png","datePublished":"2024-02-07T14:01:23+00:00","dateModified":"2024-02-07T14:01:23+00:00","breadcrumb":{"@id":"https:\/\/cartechdiagnostic.com\/en\/urun\/autel-vci-compatible-can-fd-adaptor\/#breadcrumb"},"inLanguage":"en-US","potentialAction":[{"@type":"ReadAction","target":["https:\/\/cartechdiagnostic.com\/en\/urun\/autel-vci-compatible-can-fd-adaptor\/"]}]},{"@type":"ImageObject","inLanguage":"en-US","@id":"https:\/\/cartechdiagnostic.com\/en\/urun\/autel-vci-compatible-can-fd-adaptor\/#primaryimage","url":"https:\/\/cartechdiagnostic.com\/wp-content\/uploads\/2024\/02\/Autel-VCI-ile-Uyumlu-Autel-CAN-FD-AdaptirA-3.png","contentUrl":"https:\/\/cartechdiagnostic.com\/wp-content\/uploads\/2024\/02\/Autel-VCI-ile-Uyumlu-Autel-CAN-FD-AdaptirA-3.png","width":1080,"height":1080},{"@type":"BreadcrumbList","@id":"https:\/\/cartechdiagnostic.com\/en\/urun\/autel-vci-compatible-can-fd-adaptor\/#breadcrumb","itemListElement":[{"@type":"ListItem","position":1,"name":"Anasayfa","item":"https:\/\/www.cartechdiagnostic.com\/en\/"},{"@type":"ListItem","position":2,"name":"Ma\u011faza","item":"https:\/\/www.cartechdiagnostic.com\/magaza\/"},{"@type":"ListItem","position":3,"name":"Autel Nissan 16+32 G\u00fcvenli A\u00df Ge\u00e1idi Adapt\u00f6r\u00fc Sylphy Sentra (B18 tabanl\u0131 Modeller i\u00e7in ge\u00e7erlidir (1)"}]},{"@type":"WebSite","@id":"https:\/\/www.cartechdiagnostic.com\/en\/#website","url":"https:\/\/www.cartechdiagnostic.com\/en\/","name":"Car-Tech Diagnostic","description":"Ar\u0131za Tespit Cihazlar\u0131 - ECU Programlama Cihazlar\u0131","publisher":{"@id":"https:\/\/www.cartechdiagnostic.com\/en\/#organization"},"alternateName":"Car-Tech Diag","potentialAction":[{"@type":"SearchAction","target":{"@type":"EntryPoint","urlTemplate":"https:\/\/www.cartechdiagnostic.com\/en\/?s={search_term_string}"},"query-input":"required name=search_term_string"}],"inLanguage":"en-US"},{"@type":"Organization","@id":"https:\/\/www.cartechdiagnostic.com\/en\/#organization","name":"Car-Tech Diagnostic Yaz\u0131l\u0131m Ltd. \u015eti.","url":"https:\/\/www.cartechdiagnostic.com\/en\/","logo":{"@type":"ImageObject","inLanguage":"en-US","@id":"https:\/\/www.cartechdiagnostic.com\/en\/#\/schema\/logo\/image\/","url":"https:\/\/cartechdiagnostic.com\/wp-content\/uploads\/2023\/08\/logocartech.png","contentUrl":"https:\/\/cartechdiagnostic.com\/wp-content\/uploads\/2023\/08\/logocartech.png","width":714,"height":340,"caption":"Car-Tech Diagnostic Yaz\u0131l\u0131m Ltd. \u015eti."},"image":{"@id":"https:\/\/www.cartechdiagnostic.com\/en\/#\/schema\/logo\/image\/"},"sameAs":["https:\/\/www.instagram.com\/cartechdiagnostic"]}]}},"_links":{"self":[{"href":"https:\/\/cartechdiagnostic.com\/en\/wp-json\/wp\/v2\/product\/18612","targetHints":{"allow":["GET"]}}],"collection":[{"href":"https:\/\/cartechdiagnostic.com\/en\/wp-json\/wp\/v2\/product"}],"about":[{"href":"https:\/\/cartechdiagnostic.com\/en\/wp-json\/wp\/v2\/types\/product"}],"replies":[{"embeddable":true,"href":"https:\/\/cartechdiagnostic.com\/en\/wp-json\/wp\/v2\/comments?post=18612"}],"version-history":[{"count":0,"href":"https:\/\/cartechdiagnostic.com\/en\/wp-json\/wp\/v2\/product\/18612\/revisions"}],"wp:featuredmedia":[{"embeddable":true,"href":"https:\/\/cartechdiagnostic.com\/en\/wp-json\/wp\/v2\/media\/16468"}],"wp:attachment":[{"href":"https:\/\/cartechdiagnostic.com\/en\/wp-json\/wp\/v2\/media?parent=18612"}],"wp:term":[{"taxonomy":"product_brand","embeddable":true,"href":"https:\/\/cartechdiagnostic.com\/en\/wp-json\/wp\/v2\/product_brand?post=18612"},{"taxonomy":"product_cat","embeddable":true,"href":"https:\/\/cartechdiagnostic.com\/en\/wp-json\/wp\/v2\/product_cat?post=18612"},{"taxonomy":"product_tag","embeddable":true,"href":"https:\/\/cartechdiagnostic.com\/en\/wp-json\/wp\/v2\/product_tag?post=18612"}],"curies":[{"name":"wp","href":"https:\/\/api.w.org\/{rel}","templated":true}]}}