{"id":18616,"date":"2024-02-07T16:57:16","date_gmt":"2024-02-07T13:57:16","guid":{"rendered":"https:\/urun\/autel-mx-sensor-tpms\/"},"modified":"2024-02-07T16:57:16","modified_gmt":"2024-02-07T13:57:16","slug":"autel-mx-sensor-tpms","status":"publish","type":"product","link":"https:\/\/cartechdiagnostic.com\/en\/urun\/autel-mx-sensor-tpms\/","title":{"rendered":"Autel MX-Sensor TPMS"},"content":{"rendered":"","protected":false},"excerpt":{"rendered":"<p>Autel MX-Sensor TPMS is a programmable 2-in-1 tire pressure monitoring sensor. Operating in the 315 MHz and 433 MHz frequency ranges, this sensor adapts to a wide range of vehicles. These sensors have a metal housing and are durable. They are manufactured in accordance with standards in the automotive industry and provide high performance. These sensors continuously monitor the tire pressure of vehicles and increase safety by sending appropriate warnings to drivers. Autel MX-Sensor TPMS can be easily integrated into various vehicle models thanks to its programmability. It provides flexibility to the user with automatic or manual programming modes. It also stands out with its user-friendly interface and easy installation. As an important component of tire pressure monitoring systems (TPMS), these sensors help drivers monitor the health of their tires and ensure a safe driving experience.        <\/p>\n","protected":false},"featured_media":16462,"comment_status":"open","ping_status":"closed","template":"","meta":{"_joinchat":[]},"product_brand":[],"product_cat":[1344],"product_tag":[],"class_list":{"0":"post-18616","1":"product","2":"type-product","3":"status-publish","4":"has-post-thumbnail","6":"product_cat-autel-en","8":"first","9":"instock","10":"sale","11":"shipping-taxable","12":"purchasable","13":"product-type-simple"},"yoast_head":"<!-- This site is optimized with the Yoast SEO plugin v22.8 - https:\/\/yoast.com\/wordpress\/plugins\/seo\/ -->\n<title>Autel MX-Sensor TPMS - Car-Tech Diagnostic<\/title>\n<meta name=\"robots\" content=\"index, follow, max-snippet:-1, max-image-preview:large, max-video-preview:-1\" \/>\n<link rel=\"canonical\" href=\"https:\/\/cartechdiagnostic.com\/en\/urun\/autel-mx-sensor-tpms\/\" \/>\n<meta property=\"og:locale\" content=\"en_US\" \/>\n<meta property=\"og:type\" content=\"article\" \/>\n<meta property=\"og:title\" content=\"Autel MX-Sensor TPMS - Car-Tech Diagnostic\" \/>\n<meta property=\"og:description\" content=\"Autel MX-Sensor TPMS is a programmable 2-in-1 tire pressure monitoring sensor. Operating in the 315 MHz and 433 MHz frequency ranges, this sensor adapts to a wide range of vehicles. These sensors have a metal housing and are durable. They are manufactured in accordance with standards in the automotive industry and provide high performance. These sensors continuously monitor the tire pressure of vehicles and increase safety by sending appropriate warnings to drivers. Autel MX-Sensor TPMS can be easily integrated into various vehicle models thanks to its programmability. It provides flexibility to the user with automatic or manual programming modes. It also stands out with its user-friendly interface and easy installation. As an important component of tire pressure monitoring systems (TPMS), these sensors help drivers monitor the health of their tires and ensure a safe driving experience.\" \/>\n<meta property=\"og:url\" content=\"https:\/\/cartechdiagnostic.com\/en\/urun\/autel-mx-sensor-tpms\/\" \/>\n<meta property=\"og:site_name\" content=\"Car-Tech Diagnostic\" \/>\n<meta property=\"og:image\" content=\"https:\/\/www.cartechdiagnostic.com\/wp-content\/uploads\/2024\/02\/Autel-MX-Sensor-TPMS-Programlanabilir-2si-1-Arada-315-433MHz-Metal-Lastik-Bascncc-Sensirleri-3.png\" \/>\n\t<meta property=\"og:image:width\" content=\"1080\" \/>\n\t<meta property=\"og:image:height\" content=\"1080\" \/>\n\t<meta property=\"og:image:type\" content=\"image\/png\" \/>\n<meta name=\"twitter:card\" content=\"summary_large_image\" \/>\n<script type=\"application\/ld+json\" class=\"yoast-schema-graph\">{\"@context\":\"https:\/\/schema.org\",\"@graph\":[{\"@type\":\"WebPage\",\"@id\":\"https:\/\/cartechdiagnostic.com\/en\/urun\/autel-mx-sensor-tpms\/\",\"url\":\"https:\/\/cartechdiagnostic.com\/en\/urun\/autel-mx-sensor-tpms\/\",\"name\":\"Autel MX-Sensor TPMS - Car-Tech Diagnostic\",\"isPartOf\":{\"@id\":\"https:\/\/www.cartechdiagnostic.com\/en\/#website\"},\"primaryImageOfPage\":{\"@id\":\"https:\/\/cartechdiagnostic.com\/en\/urun\/autel-mx-sensor-tpms\/#primaryimage\"},\"image\":{\"@id\":\"https:\/\/cartechdiagnostic.com\/en\/urun\/autel-mx-sensor-tpms\/#primaryimage\"},\"thumbnailUrl\":\"https:\/\/cartechdiagnostic.com\/wp-content\/uploads\/2024\/02\/Autel-MX-Sensor-TPMS-Programlanabilir-2si-1-Arada-315-433MHz-Metal-Lastik-Bascncc-Sensirleri-3.png\",\"datePublished\":\"2024-02-07T13:57:16+00:00\",\"dateModified\":\"2024-02-07T13:57:16+00:00\",\"breadcrumb\":{\"@id\":\"https:\/\/cartechdiagnostic.com\/en\/urun\/autel-mx-sensor-tpms\/#breadcrumb\"},\"inLanguage\":\"en-US\",\"potentialAction\":[{\"@type\":\"ReadAction\",\"target\":[\"https:\/\/cartechdiagnostic.com\/en\/urun\/autel-mx-sensor-tpms\/\"]}]},{\"@type\":\"ImageObject\",\"inLanguage\":\"en-US\",\"@id\":\"https:\/\/cartechdiagnostic.com\/en\/urun\/autel-mx-sensor-tpms\/#primaryimage\",\"url\":\"https:\/\/cartechdiagnostic.com\/wp-content\/uploads\/2024\/02\/Autel-MX-Sensor-TPMS-Programlanabilir-2si-1-Arada-315-433MHz-Metal-Lastik-Bascncc-Sensirleri-3.png\",\"contentUrl\":\"https:\/\/cartechdiagnostic.com\/wp-content\/uploads\/2024\/02\/Autel-MX-Sensor-TPMS-Programlanabilir-2si-1-Arada-315-433MHz-Metal-Lastik-Bascncc-Sensirleri-3.png\",\"width\":1080,\"height\":1080},{\"@type\":\"BreadcrumbList\",\"@id\":\"https:\/\/cartechdiagnostic.com\/en\/urun\/autel-mx-sensor-tpms\/#breadcrumb\",\"itemListElement\":[{\"@type\":\"ListItem\",\"position\":1,\"name\":\"Anasayfa\",\"item\":\"https:\/\/www.cartechdiagnostic.com\/en\/\"},{\"@type\":\"ListItem\",\"position\":2,\"name\":\"Ma\u011faza\",\"item\":\"https:\/\/www.cartechdiagnostic.com\/magaza\/\"},{\"@type\":\"ListItem\",\"position\":3,\"name\":\"Autel MX-Sensor TPMS\"}]},{\"@type\":\"WebSite\",\"@id\":\"https:\/\/www.cartechdiagnostic.com\/en\/#website\",\"url\":\"https:\/\/www.cartechdiagnostic.com\/en\/\",\"name\":\"Car-Tech Diagnostic\",\"description\":\"Ar\u0131za Tespit Cihazlar\u0131 - ECU Programlama Cihazlar\u0131\",\"publisher\":{\"@id\":\"https:\/\/www.cartechdiagnostic.com\/en\/#organization\"},\"alternateName\":\"Car-Tech Diag\",\"potentialAction\":[{\"@type\":\"SearchAction\",\"target\":{\"@type\":\"EntryPoint\",\"urlTemplate\":\"https:\/\/www.cartechdiagnostic.com\/en\/?s={search_term_string}\"},\"query-input\":\"required name=search_term_string\"}],\"inLanguage\":\"en-US\"},{\"@type\":\"Organization\",\"@id\":\"https:\/\/www.cartechdiagnostic.com\/en\/#organization\",\"name\":\"Car-Tech Diagnostic Yaz\u0131l\u0131m Ltd. \u015eti.\",\"url\":\"https:\/\/www.cartechdiagnostic.com\/en\/\",\"logo\":{\"@type\":\"ImageObject\",\"inLanguage\":\"en-US\",\"@id\":\"https:\/\/www.cartechdiagnostic.com\/en\/#\/schema\/logo\/image\/\",\"url\":\"https:\/\/cartechdiagnostic.com\/wp-content\/uploads\/2023\/08\/logocartech.png\",\"contentUrl\":\"https:\/\/cartechdiagnostic.com\/wp-content\/uploads\/2023\/08\/logocartech.png\",\"width\":714,\"height\":340,\"caption\":\"Car-Tech Diagnostic Yaz\u0131l\u0131m Ltd. \u015eti.\"},\"image\":{\"@id\":\"https:\/\/www.cartechdiagnostic.com\/en\/#\/schema\/logo\/image\/\"},\"sameAs\":[\"https:\/\/www.instagram.com\/cartechdiagnostic\"]}]}<\/script>\n<!-- \/ Yoast SEO plugin. -->","yoast_head_json":{"title":"Autel MX-Sensor TPMS - Car-Tech Diagnostic","robots":{"index":"index","follow":"follow","max-snippet":"max-snippet:-1","max-image-preview":"max-image-preview:large","max-video-preview":"max-video-preview:-1"},"canonical":"https:\/\/cartechdiagnostic.com\/en\/urun\/autel-mx-sensor-tpms\/","og_locale":"en_US","og_type":"article","og_title":"Autel MX-Sensor TPMS - Car-Tech Diagnostic","og_description":"Autel MX-Sensor TPMS is a programmable 2-in-1 tire pressure monitoring sensor. Operating in the 315 MHz and 433 MHz frequency ranges, this sensor adapts to a wide range of vehicles. These sensors have a metal housing and are durable. They are manufactured in accordance with standards in the automotive industry and provide high performance. These sensors continuously monitor the tire pressure of vehicles and increase safety by sending appropriate warnings to drivers. Autel MX-Sensor TPMS can be easily integrated into various vehicle models thanks to its programmability. It provides flexibility to the user with automatic or manual programming modes. It also stands out with its user-friendly interface and easy installation. As an important component of tire pressure monitoring systems (TPMS), these sensors help drivers monitor the health of their tires and ensure a safe driving experience.","og_url":"https:\/\/cartechdiagnostic.com\/en\/urun\/autel-mx-sensor-tpms\/","og_site_name":"Car-Tech Diagnostic","og_image":[{"width":1080,"height":1080,"url":"https:\/\/www.cartechdiagnostic.com\/wp-content\/uploads\/2024\/02\/Autel-MX-Sensor-TPMS-Programlanabilir-2si-1-Arada-315-433MHz-Metal-Lastik-Bascncc-Sensirleri-3.png","type":"image\/png"}],"twitter_card":"summary_large_image","schema":{"@context":"https:\/\/schema.org","@graph":[{"@type":"WebPage","@id":"https:\/\/cartechdiagnostic.com\/en\/urun\/autel-mx-sensor-tpms\/","url":"https:\/\/cartechdiagnostic.com\/en\/urun\/autel-mx-sensor-tpms\/","name":"Autel MX-Sensor TPMS - Car-Tech Diagnostic","isPartOf":{"@id":"https:\/\/www.cartechdiagnostic.com\/en\/#website"},"primaryImageOfPage":{"@id":"https:\/\/cartechdiagnostic.com\/en\/urun\/autel-mx-sensor-tpms\/#primaryimage"},"image":{"@id":"https:\/\/cartechdiagnostic.com\/en\/urun\/autel-mx-sensor-tpms\/#primaryimage"},"thumbnailUrl":"https:\/\/cartechdiagnostic.com\/wp-content\/uploads\/2024\/02\/Autel-MX-Sensor-TPMS-Programlanabilir-2si-1-Arada-315-433MHz-Metal-Lastik-Bascncc-Sensirleri-3.png","datePublished":"2024-02-07T13:57:16+00:00","dateModified":"2024-02-07T13:57:16+00:00","breadcrumb":{"@id":"https:\/\/cartechdiagnostic.com\/en\/urun\/autel-mx-sensor-tpms\/#breadcrumb"},"inLanguage":"en-US","potentialAction":[{"@type":"ReadAction","target":["https:\/\/cartechdiagnostic.com\/en\/urun\/autel-mx-sensor-tpms\/"]}]},{"@type":"ImageObject","inLanguage":"en-US","@id":"https:\/\/cartechdiagnostic.com\/en\/urun\/autel-mx-sensor-tpms\/#primaryimage","url":"https:\/\/cartechdiagnostic.com\/wp-content\/uploads\/2024\/02\/Autel-MX-Sensor-TPMS-Programlanabilir-2si-1-Arada-315-433MHz-Metal-Lastik-Bascncc-Sensirleri-3.png","contentUrl":"https:\/\/cartechdiagnostic.com\/wp-content\/uploads\/2024\/02\/Autel-MX-Sensor-TPMS-Programlanabilir-2si-1-Arada-315-433MHz-Metal-Lastik-Bascncc-Sensirleri-3.png","width":1080,"height":1080},{"@type":"BreadcrumbList","@id":"https:\/\/cartechdiagnostic.com\/en\/urun\/autel-mx-sensor-tpms\/#breadcrumb","itemListElement":[{"@type":"ListItem","position":1,"name":"Anasayfa","item":"https:\/\/www.cartechdiagnostic.com\/en\/"},{"@type":"ListItem","position":2,"name":"Ma\u011faza","item":"https:\/\/www.cartechdiagnostic.com\/magaza\/"},{"@type":"ListItem","position":3,"name":"Autel MX-Sensor TPMS"}]},{"@type":"WebSite","@id":"https:\/\/www.cartechdiagnostic.com\/en\/#website","url":"https:\/\/www.cartechdiagnostic.com\/en\/","name":"Car-Tech Diagnostic","description":"Ar\u0131za Tespit Cihazlar\u0131 - ECU Programlama Cihazlar\u0131","publisher":{"@id":"https:\/\/www.cartechdiagnostic.com\/en\/#organization"},"alternateName":"Car-Tech Diag","potentialAction":[{"@type":"SearchAction","target":{"@type":"EntryPoint","urlTemplate":"https:\/\/www.cartechdiagnostic.com\/en\/?s={search_term_string}"},"query-input":"required name=search_term_string"}],"inLanguage":"en-US"},{"@type":"Organization","@id":"https:\/\/www.cartechdiagnostic.com\/en\/#organization","name":"Car-Tech Diagnostic Yaz\u0131l\u0131m Ltd. \u015eti.","url":"https:\/\/www.cartechdiagnostic.com\/en\/","logo":{"@type":"ImageObject","inLanguage":"en-US","@id":"https:\/\/www.cartechdiagnostic.com\/en\/#\/schema\/logo\/image\/","url":"https:\/\/cartechdiagnostic.com\/wp-content\/uploads\/2023\/08\/logocartech.png","contentUrl":"https:\/\/cartechdiagnostic.com\/wp-content\/uploads\/2023\/08\/logocartech.png","width":714,"height":340,"caption":"Car-Tech Diagnostic Yaz\u0131l\u0131m Ltd. \u015eti."},"image":{"@id":"https:\/\/www.cartechdiagnostic.com\/en\/#\/schema\/logo\/image\/"},"sameAs":["https:\/\/www.instagram.com\/cartechdiagnostic"]}]}},"_links":{"self":[{"href":"https:\/\/cartechdiagnostic.com\/en\/wp-json\/wp\/v2\/product\/18616","targetHints":{"allow":["GET"]}}],"collection":[{"href":"https:\/\/cartechdiagnostic.com\/en\/wp-json\/wp\/v2\/product"}],"about":[{"href":"https:\/\/cartechdiagnostic.com\/en\/wp-json\/wp\/v2\/types\/product"}],"replies":[{"embeddable":true,"href":"https:\/\/cartechdiagnostic.com\/en\/wp-json\/wp\/v2\/comments?post=18616"}],"version-history":[{"count":0,"href":"https:\/\/cartechdiagnostic.com\/en\/wp-json\/wp\/v2\/product\/18616\/revisions"}],"wp:featuredmedia":[{"embeddable":true,"href":"https:\/\/cartechdiagnostic.com\/en\/wp-json\/wp\/v2\/media\/16462"}],"wp:attachment":[{"href":"https:\/\/cartechdiagnostic.com\/en\/wp-json\/wp\/v2\/media?parent=18616"}],"wp:term":[{"taxonomy":"product_brand","embeddable":true,"href":"https:\/\/cartechdiagnostic.com\/en\/wp-json\/wp\/v2\/product_brand?post=18616"},{"taxonomy":"product_cat","embeddable":true,"href":"https:\/\/cartechdiagnostic.com\/en\/wp-json\/wp\/v2\/product_cat?post=18616"},{"taxonomy":"product_tag","embeddable":true,"href":"https:\/\/cartechdiagnostic.com\/en\/wp-json\/wp\/v2\/product_tag?post=18616"}],"curies":[{"name":"wp","href":"https:\/\/api.w.org\/{rel}","templated":true}]}}