{"id":18620,"date":"2024-02-07T16:53:08","date_gmt":"2024-02-07T13:53:08","guid":{"rendered":"https:\/urun\/autel-maxitpms-ts900\/"},"modified":"2024-02-07T16:53:08","modified_gmt":"2024-02-07T13:53:08","slug":"autel-maxitpms-ts900","status":"publish","type":"product","link":"https:\/\/cartechdiagnostic.com\/en\/urun\/autel-maxitpms-ts900\/","title":{"rendered":"Autel MaxiTPMS TS900 Diagnostic Tool"},"content":{"rendered":"","protected":false},"excerpt":{"rendered":"<p>Autel MaxiTPMS TS900 is a TPMS programming device specifically designed for programming and re-teaching tire pressure monitoring system (TPMS) sensors. This device offers a range of advanced features for diagnosing and programming tire pressure sensors. The TS900 supports a wide sensor coverage and has a sensor database suitable for various vehicle makes and models. With automatic and manual sensor learning modes, it can easily perform different TPMS operations. The device is equipped with a user-friendly interface and offers step-by-step instructions, allowing users to easily complete TPMS operations. In addition, the device has updatable features, so it can be made compatible with new vehicle models and sensor technologies. Autel MaxiTPMS TS900 is a reliable and comprehensive TPMS programming device for professional automotive technicians and those involved in tire maintenance. It provides an efficient solution for sensor programming, sensor diagnostics and other TPMS operations.<\/p>\n","protected":false},"featured_media":16454,"comment_status":"open","ping_status":"closed","template":"","meta":{"_joinchat":[]},"product_brand":[],"product_cat":[1344,1347,1349,1366,1367],"product_tag":[],"class_list":{"0":"post-18620","1":"product","2":"type-product","3":"status-publish","4":"has-post-thumbnail","6":"product_cat-autel-en","7":"product_cat-daignostic-tools","8":"product_cat-passenger-car","9":"product_cat-service-auxiliary-equipment","10":"product_cat-test-equipments","12":"first","13":"instock","14":"sale","15":"shipping-taxable","16":"purchasable","17":"product-type-simple"},"yoast_head":"<!-- This site is optimized with the Yoast SEO plugin v22.8 - https:\/\/yoast.com\/wordpress\/plugins\/seo\/ -->\n<title>Autel MaxiTPMS TS900 Diagnostic Tool - Car-Tech Diagnostic<\/title>\n<meta name=\"robots\" content=\"index, follow, max-snippet:-1, max-image-preview:large, max-video-preview:-1\" \/>\n<link rel=\"canonical\" href=\"https:\/\/cartechdiagnostic.com\/en\/urun\/autel-maxitpms-ts900\/\" \/>\n<meta property=\"og:locale\" content=\"en_US\" \/>\n<meta property=\"og:type\" content=\"article\" \/>\n<meta property=\"og:title\" content=\"Autel MaxiTPMS TS900 Diagnostic Tool - Car-Tech Diagnostic\" \/>\n<meta property=\"og:description\" content=\"Autel MaxiTPMS TS900 is a TPMS programming device specifically designed for programming and re-teaching tire pressure monitoring system (TPMS) sensors. This device offers a range of advanced features for diagnosing and programming tire pressure sensors. The TS900 supports a wide sensor coverage and has a sensor database suitable for various vehicle makes and models. With automatic and manual sensor learning modes, it can easily perform different TPMS operations. The device is equipped with a user-friendly interface and offers step-by-step instructions, allowing users to easily complete TPMS operations. In addition, the device has updatable features, so it can be made compatible with new vehicle models and sensor technologies. Autel MaxiTPMS TS900 is a reliable and comprehensive TPMS programming device for professional automotive technicians and those involved in tire maintenance. It provides an efficient solution for sensor programming, sensor diagnostics and other TPMS operations.\" \/>\n<meta property=\"og:url\" content=\"https:\/\/cartechdiagnostic.com\/en\/urun\/autel-maxitpms-ts900\/\" \/>\n<meta property=\"og:site_name\" content=\"Car-Tech Diagnostic\" \/>\n<meta property=\"og:image\" content=\"https:\/\/www.cartechdiagnostic.com\/wp-content\/uploads\/2024\/02\/Autel-MaxiTPMS-TS900-3.png\" \/>\n\t<meta property=\"og:image:width\" content=\"1080\" \/>\n\t<meta property=\"og:image:height\" content=\"1080\" \/>\n\t<meta property=\"og:image:type\" content=\"image\/png\" \/>\n<meta name=\"twitter:card\" content=\"summary_large_image\" \/>\n<script type=\"application\/ld+json\" class=\"yoast-schema-graph\">{\"@context\":\"https:\/\/schema.org\",\"@graph\":[{\"@type\":\"WebPage\",\"@id\":\"https:\/\/cartechdiagnostic.com\/en\/urun\/autel-maxitpms-ts900\/\",\"url\":\"https:\/\/cartechdiagnostic.com\/en\/urun\/autel-maxitpms-ts900\/\",\"name\":\"Autel MaxiTPMS TS900 Diagnostic Tool - Car-Tech Diagnostic\",\"isPartOf\":{\"@id\":\"https:\/\/www.cartechdiagnostic.com\/en\/#website\"},\"primaryImageOfPage\":{\"@id\":\"https:\/\/cartechdiagnostic.com\/en\/urun\/autel-maxitpms-ts900\/#primaryimage\"},\"image\":{\"@id\":\"https:\/\/cartechdiagnostic.com\/en\/urun\/autel-maxitpms-ts900\/#primaryimage\"},\"thumbnailUrl\":\"https:\/\/cartechdiagnostic.com\/wp-content\/uploads\/2024\/02\/Autel-MaxiTPMS-TS900-3.png\",\"datePublished\":\"2024-02-07T13:53:08+00:00\",\"dateModified\":\"2024-02-07T13:53:08+00:00\",\"breadcrumb\":{\"@id\":\"https:\/\/cartechdiagnostic.com\/en\/urun\/autel-maxitpms-ts900\/#breadcrumb\"},\"inLanguage\":\"en-US\",\"potentialAction\":[{\"@type\":\"ReadAction\",\"target\":[\"https:\/\/cartechdiagnostic.com\/en\/urun\/autel-maxitpms-ts900\/\"]}]},{\"@type\":\"ImageObject\",\"inLanguage\":\"en-US\",\"@id\":\"https:\/\/cartechdiagnostic.com\/en\/urun\/autel-maxitpms-ts900\/#primaryimage\",\"url\":\"https:\/\/cartechdiagnostic.com\/wp-content\/uploads\/2024\/02\/Autel-MaxiTPMS-TS900-3.png\",\"contentUrl\":\"https:\/\/cartechdiagnostic.com\/wp-content\/uploads\/2024\/02\/Autel-MaxiTPMS-TS900-3.png\",\"width\":1080,\"height\":1080},{\"@type\":\"BreadcrumbList\",\"@id\":\"https:\/\/cartechdiagnostic.com\/en\/urun\/autel-maxitpms-ts900\/#breadcrumb\",\"itemListElement\":[{\"@type\":\"ListItem\",\"position\":1,\"name\":\"Anasayfa\",\"item\":\"https:\/\/www.cartechdiagnostic.com\/en\/\"},{\"@type\":\"ListItem\",\"position\":2,\"name\":\"Ma\u011faza\",\"item\":\"https:\/\/www.cartechdiagnostic.com\/magaza\/\"},{\"@type\":\"ListItem\",\"position\":3,\"name\":\"Autel MaxiTPMS TS900 Diagnostic Tool\"}]},{\"@type\":\"WebSite\",\"@id\":\"https:\/\/www.cartechdiagnostic.com\/en\/#website\",\"url\":\"https:\/\/www.cartechdiagnostic.com\/en\/\",\"name\":\"Car-Tech Diagnostic\",\"description\":\"Ar\u0131za Tespit Cihazlar\u0131 - ECU Programlama Cihazlar\u0131\",\"publisher\":{\"@id\":\"https:\/\/www.cartechdiagnostic.com\/en\/#organization\"},\"alternateName\":\"Car-Tech Diag\",\"potentialAction\":[{\"@type\":\"SearchAction\",\"target\":{\"@type\":\"EntryPoint\",\"urlTemplate\":\"https:\/\/www.cartechdiagnostic.com\/en\/?s={search_term_string}\"},\"query-input\":\"required name=search_term_string\"}],\"inLanguage\":\"en-US\"},{\"@type\":\"Organization\",\"@id\":\"https:\/\/www.cartechdiagnostic.com\/en\/#organization\",\"name\":\"Car-Tech Diagnostic Yaz\u0131l\u0131m Ltd. \u015eti.\",\"url\":\"https:\/\/www.cartechdiagnostic.com\/en\/\",\"logo\":{\"@type\":\"ImageObject\",\"inLanguage\":\"en-US\",\"@id\":\"https:\/\/www.cartechdiagnostic.com\/en\/#\/schema\/logo\/image\/\",\"url\":\"https:\/\/cartechdiagnostic.com\/wp-content\/uploads\/2023\/08\/logocartech.png\",\"contentUrl\":\"https:\/\/cartechdiagnostic.com\/wp-content\/uploads\/2023\/08\/logocartech.png\",\"width\":714,\"height\":340,\"caption\":\"Car-Tech Diagnostic Yaz\u0131l\u0131m Ltd. \u015eti.\"},\"image\":{\"@id\":\"https:\/\/www.cartechdiagnostic.com\/en\/#\/schema\/logo\/image\/\"},\"sameAs\":[\"https:\/\/www.instagram.com\/cartechdiagnostic\"]}]}<\/script>\n<!-- \/ Yoast SEO plugin. -->","yoast_head_json":{"title":"Autel MaxiTPMS TS900 Diagnostic Tool - Car-Tech Diagnostic","robots":{"index":"index","follow":"follow","max-snippet":"max-snippet:-1","max-image-preview":"max-image-preview:large","max-video-preview":"max-video-preview:-1"},"canonical":"https:\/\/cartechdiagnostic.com\/en\/urun\/autel-maxitpms-ts900\/","og_locale":"en_US","og_type":"article","og_title":"Autel MaxiTPMS TS900 Diagnostic Tool - Car-Tech Diagnostic","og_description":"Autel MaxiTPMS TS900 is a TPMS programming device specifically designed for programming and re-teaching tire pressure monitoring system (TPMS) sensors. This device offers a range of advanced features for diagnosing and programming tire pressure sensors. The TS900 supports a wide sensor coverage and has a sensor database suitable for various vehicle makes and models. With automatic and manual sensor learning modes, it can easily perform different TPMS operations. The device is equipped with a user-friendly interface and offers step-by-step instructions, allowing users to easily complete TPMS operations. In addition, the device has updatable features, so it can be made compatible with new vehicle models and sensor technologies. Autel MaxiTPMS TS900 is a reliable and comprehensive TPMS programming device for professional automotive technicians and those involved in tire maintenance. It provides an efficient solution for sensor programming, sensor diagnostics and other TPMS operations.","og_url":"https:\/\/cartechdiagnostic.com\/en\/urun\/autel-maxitpms-ts900\/","og_site_name":"Car-Tech Diagnostic","og_image":[{"width":1080,"height":1080,"url":"https:\/\/www.cartechdiagnostic.com\/wp-content\/uploads\/2024\/02\/Autel-MaxiTPMS-TS900-3.png","type":"image\/png"}],"twitter_card":"summary_large_image","schema":{"@context":"https:\/\/schema.org","@graph":[{"@type":"WebPage","@id":"https:\/\/cartechdiagnostic.com\/en\/urun\/autel-maxitpms-ts900\/","url":"https:\/\/cartechdiagnostic.com\/en\/urun\/autel-maxitpms-ts900\/","name":"Autel MaxiTPMS TS900 Diagnostic Tool - Car-Tech Diagnostic","isPartOf":{"@id":"https:\/\/www.cartechdiagnostic.com\/en\/#website"},"primaryImageOfPage":{"@id":"https:\/\/cartechdiagnostic.com\/en\/urun\/autel-maxitpms-ts900\/#primaryimage"},"image":{"@id":"https:\/\/cartechdiagnostic.com\/en\/urun\/autel-maxitpms-ts900\/#primaryimage"},"thumbnailUrl":"https:\/\/cartechdiagnostic.com\/wp-content\/uploads\/2024\/02\/Autel-MaxiTPMS-TS900-3.png","datePublished":"2024-02-07T13:53:08+00:00","dateModified":"2024-02-07T13:53:08+00:00","breadcrumb":{"@id":"https:\/\/cartechdiagnostic.com\/en\/urun\/autel-maxitpms-ts900\/#breadcrumb"},"inLanguage":"en-US","potentialAction":[{"@type":"ReadAction","target":["https:\/\/cartechdiagnostic.com\/en\/urun\/autel-maxitpms-ts900\/"]}]},{"@type":"ImageObject","inLanguage":"en-US","@id":"https:\/\/cartechdiagnostic.com\/en\/urun\/autel-maxitpms-ts900\/#primaryimage","url":"https:\/\/cartechdiagnostic.com\/wp-content\/uploads\/2024\/02\/Autel-MaxiTPMS-TS900-3.png","contentUrl":"https:\/\/cartechdiagnostic.com\/wp-content\/uploads\/2024\/02\/Autel-MaxiTPMS-TS900-3.png","width":1080,"height":1080},{"@type":"BreadcrumbList","@id":"https:\/\/cartechdiagnostic.com\/en\/urun\/autel-maxitpms-ts900\/#breadcrumb","itemListElement":[{"@type":"ListItem","position":1,"name":"Anasayfa","item":"https:\/\/www.cartechdiagnostic.com\/en\/"},{"@type":"ListItem","position":2,"name":"Ma\u011faza","item":"https:\/\/www.cartechdiagnostic.com\/magaza\/"},{"@type":"ListItem","position":3,"name":"Autel MaxiTPMS TS900 Diagnostic Tool"}]},{"@type":"WebSite","@id":"https:\/\/www.cartechdiagnostic.com\/en\/#website","url":"https:\/\/www.cartechdiagnostic.com\/en\/","name":"Car-Tech Diagnostic","description":"Ar\u0131za Tespit Cihazlar\u0131 - ECU Programlama Cihazlar\u0131","publisher":{"@id":"https:\/\/www.cartechdiagnostic.com\/en\/#organization"},"alternateName":"Car-Tech Diag","potentialAction":[{"@type":"SearchAction","target":{"@type":"EntryPoint","urlTemplate":"https:\/\/www.cartechdiagnostic.com\/en\/?s={search_term_string}"},"query-input":"required name=search_term_string"}],"inLanguage":"en-US"},{"@type":"Organization","@id":"https:\/\/www.cartechdiagnostic.com\/en\/#organization","name":"Car-Tech Diagnostic Yaz\u0131l\u0131m Ltd. \u015eti.","url":"https:\/\/www.cartechdiagnostic.com\/en\/","logo":{"@type":"ImageObject","inLanguage":"en-US","@id":"https:\/\/www.cartechdiagnostic.com\/en\/#\/schema\/logo\/image\/","url":"https:\/\/cartechdiagnostic.com\/wp-content\/uploads\/2023\/08\/logocartech.png","contentUrl":"https:\/\/cartechdiagnostic.com\/wp-content\/uploads\/2023\/08\/logocartech.png","width":714,"height":340,"caption":"Car-Tech Diagnostic Yaz\u0131l\u0131m Ltd. \u015eti."},"image":{"@id":"https:\/\/www.cartechdiagnostic.com\/en\/#\/schema\/logo\/image\/"},"sameAs":["https:\/\/www.instagram.com\/cartechdiagnostic"]}]}},"_links":{"self":[{"href":"https:\/\/cartechdiagnostic.com\/en\/wp-json\/wp\/v2\/product\/18620","targetHints":{"allow":["GET"]}}],"collection":[{"href":"https:\/\/cartechdiagnostic.com\/en\/wp-json\/wp\/v2\/product"}],"about":[{"href":"https:\/\/cartechdiagnostic.com\/en\/wp-json\/wp\/v2\/types\/product"}],"replies":[{"embeddable":true,"href":"https:\/\/cartechdiagnostic.com\/en\/wp-json\/wp\/v2\/comments?post=18620"}],"version-history":[{"count":0,"href":"https:\/\/cartechdiagnostic.com\/en\/wp-json\/wp\/v2\/product\/18620\/revisions"}],"wp:featuredmedia":[{"embeddable":true,"href":"https:\/\/cartechdiagnostic.com\/en\/wp-json\/wp\/v2\/media\/16454"}],"wp:attachment":[{"href":"https:\/\/cartechdiagnostic.com\/en\/wp-json\/wp\/v2\/media?parent=18620"}],"wp:term":[{"taxonomy":"product_brand","embeddable":true,"href":"https:\/\/cartechdiagnostic.com\/en\/wp-json\/wp\/v2\/product_brand?post=18620"},{"taxonomy":"product_cat","embeddable":true,"href":"https:\/\/cartechdiagnostic.com\/en\/wp-json\/wp\/v2\/product_cat?post=18620"},{"taxonomy":"product_tag","embeddable":true,"href":"https:\/\/cartechdiagnostic.com\/en\/wp-json\/wp\/v2\/product_tag?post=18620"}],"curies":[{"name":"wp","href":"https:\/\/api.w.org\/{rel}","templated":true}]}}