{"id":18623,"date":"2024-02-07T16:50:51","date_gmt":"2024-02-07T13:50:51","guid":{"rendered":"https:\/urun\/autel-maxitpms-pad-sensor-programming-handheld-type-accessory-device\/"},"modified":"2024-02-07T16:50:51","modified_gmt":"2024-02-07T13:50:51","slug":"autel-maxitpms-pad-sensor-programming-handheld-type-accessory-device","status":"publish","type":"product","link":"https:\/\/cartechdiagnostic.com\/en\/urun\/autel-maxitpms-pad-sensor-programming-handheld-type-accessory-device\/","title":{"rendered":"Autel MaxiTPMS PAD Sensor Programming Handheld Accessory Device"},"content":{"rendered":"","protected":false},"excerpt":{"rendered":"<p>Autel MaxiTPMS PAD is a portable handheld accessory device designed for sensor programming and TPMS (Tire Pressure Monitoring System) operations. This device is used to perform TPMS operations such as diagnosing, programming and re-teaching of tire pressure sensors. The MaxiTPMS PAD provides easy portability and ease of use. Ideal for professional automotive technicians or hobbyists who maintain their own vehicles. Developed to perform sensor programming and TPMS operations quickly and efficiently. This device has a large database of sensors suitable for different vehicle makes and models. Supports various TPMS operations with automatic and manual sensor learning modes. It also has a user-friendly interface and offers step-by-step instructions, making it easy to complete transactions. Autel MaxiTPMS PAD is a reliable tool that makes operations related to the tire pressure monitoring system easy and efficient. With its portability, wide compatibility and user-friendly interface, TPMS makes maintenance and repair easier and faster.<\/p>\n","protected":false},"featured_media":16449,"comment_status":"open","ping_status":"closed","template":"","meta":{"_joinchat":[]},"product_brand":[],"product_cat":[1344,1366,1367],"product_tag":[],"class_list":{"0":"post-18623","1":"product","2":"type-product","3":"status-publish","4":"has-post-thumbnail","6":"product_cat-autel-en","7":"product_cat-service-auxiliary-equipment","8":"product_cat-test-equipments","10":"first","11":"instock","12":"sale","13":"shipping-taxable","14":"purchasable","15":"product-type-simple"},"yoast_head":"<!-- This site is optimized with the Yoast SEO plugin v22.8 - https:\/\/yoast.com\/wordpress\/plugins\/seo\/ -->\n<title>Autel MaxiTPMS PAD Sensor Programming Handheld Accessory Device - Car-Tech Diagnostic<\/title>\n<meta name=\"robots\" content=\"index, follow, max-snippet:-1, max-image-preview:large, max-video-preview:-1\" \/>\n<link rel=\"canonical\" href=\"https:\/\/cartechdiagnostic.com\/en\/urun\/autel-maxitpms-pad-sensor-programming-handheld-type-accessory-device\/\" \/>\n<meta property=\"og:locale\" content=\"en_US\" \/>\n<meta property=\"og:type\" content=\"article\" \/>\n<meta property=\"og:title\" content=\"Autel MaxiTPMS PAD Sensor Programming Handheld Accessory Device - Car-Tech Diagnostic\" \/>\n<meta property=\"og:description\" content=\"Autel MaxiTPMS PAD is a portable handheld accessory device designed for sensor programming and TPMS (Tire Pressure Monitoring System) operations. This device is used to perform TPMS operations such as diagnosing, programming and re-teaching of tire pressure sensors. The MaxiTPMS PAD provides easy portability and ease of use. Ideal for professional automotive technicians or hobbyists who maintain their own vehicles. Developed to perform sensor programming and TPMS operations quickly and efficiently. This device has a large database of sensors suitable for different vehicle makes and models. Supports various TPMS operations with automatic and manual sensor learning modes. It also has a user-friendly interface and offers step-by-step instructions, making it easy to complete transactions. Autel MaxiTPMS PAD is a reliable tool that makes operations related to the tire pressure monitoring system easy and efficient. With its portability, wide compatibility and user-friendly interface, TPMS makes maintenance and repair easier and faster.\" \/>\n<meta property=\"og:url\" content=\"https:\/\/cartechdiagnostic.com\/en\/urun\/autel-maxitpms-pad-sensor-programming-handheld-type-accessory-device\/\" \/>\n<meta property=\"og:site_name\" content=\"Car-Tech Diagnostic\" \/>\n<meta property=\"og:image\" content=\"https:\/\/cartechdiagnostic.com\/wp-content\/uploads\/2024\/02\/Autel-MaxiTPMS-PAD-Sensir-Programlama-El-Tipi-Aksesuar-Cihazc-3.png\" \/>\n\t<meta property=\"og:image:width\" content=\"1080\" \/>\n\t<meta property=\"og:image:height\" content=\"1080\" \/>\n\t<meta property=\"og:image:type\" content=\"image\/png\" \/>\n<meta name=\"twitter:card\" content=\"summary_large_image\" \/>\n<script type=\"application\/ld+json\" class=\"yoast-schema-graph\">{\"@context\":\"https:\/\/schema.org\",\"@graph\":[{\"@type\":\"WebPage\",\"@id\":\"https:\/\/cartechdiagnostic.com\/en\/urun\/autel-maxitpms-pad-sensor-programming-handheld-type-accessory-device\/\",\"url\":\"https:\/\/cartechdiagnostic.com\/en\/urun\/autel-maxitpms-pad-sensor-programming-handheld-type-accessory-device\/\",\"name\":\"Autel MaxiTPMS PAD Sensor Programming Handheld Accessory Device - Car-Tech Diagnostic\",\"isPartOf\":{\"@id\":\"https:\/\/www.cartechdiagnostic.com\/en\/#website\"},\"primaryImageOfPage\":{\"@id\":\"https:\/\/cartechdiagnostic.com\/en\/urun\/autel-maxitpms-pad-sensor-programming-handheld-type-accessory-device\/#primaryimage\"},\"image\":{\"@id\":\"https:\/\/cartechdiagnostic.com\/en\/urun\/autel-maxitpms-pad-sensor-programming-handheld-type-accessory-device\/#primaryimage\"},\"thumbnailUrl\":\"https:\/\/cartechdiagnostic.com\/wp-content\/uploads\/2024\/02\/Autel-MaxiTPMS-PAD-Sensir-Programlama-El-Tipi-Aksesuar-Cihazc-3.png\",\"datePublished\":\"2024-02-07T13:50:51+00:00\",\"dateModified\":\"2024-02-07T13:50:51+00:00\",\"breadcrumb\":{\"@id\":\"https:\/\/cartechdiagnostic.com\/en\/urun\/autel-maxitpms-pad-sensor-programming-handheld-type-accessory-device\/#breadcrumb\"},\"inLanguage\":\"en-US\",\"potentialAction\":[{\"@type\":\"ReadAction\",\"target\":[\"https:\/\/cartechdiagnostic.com\/en\/urun\/autel-maxitpms-pad-sensor-programming-handheld-type-accessory-device\/\"]}]},{\"@type\":\"ImageObject\",\"inLanguage\":\"en-US\",\"@id\":\"https:\/\/cartechdiagnostic.com\/en\/urun\/autel-maxitpms-pad-sensor-programming-handheld-type-accessory-device\/#primaryimage\",\"url\":\"https:\/\/cartechdiagnostic.com\/wp-content\/uploads\/2024\/02\/Autel-MaxiTPMS-PAD-Sensir-Programlama-El-Tipi-Aksesuar-Cihazc-3.png\",\"contentUrl\":\"https:\/\/cartechdiagnostic.com\/wp-content\/uploads\/2024\/02\/Autel-MaxiTPMS-PAD-Sensir-Programlama-El-Tipi-Aksesuar-Cihazc-3.png\",\"width\":1080,\"height\":1080},{\"@type\":\"BreadcrumbList\",\"@id\":\"https:\/\/cartechdiagnostic.com\/en\/urun\/autel-maxitpms-pad-sensor-programming-handheld-type-accessory-device\/#breadcrumb\",\"itemListElement\":[{\"@type\":\"ListItem\",\"position\":1,\"name\":\"Anasayfa\",\"item\":\"https:\/\/www.cartechdiagnostic.com\/en\/\"},{\"@type\":\"ListItem\",\"position\":2,\"name\":\"Ma\u011faza\",\"item\":\"https:\/\/www.cartechdiagnostic.com\/magaza\/\"},{\"@type\":\"ListItem\",\"position\":3,\"name\":\"Autel MaxiTPMS PAD Sensor Programming Handheld Accessory Device\"}]},{\"@type\":\"WebSite\",\"@id\":\"https:\/\/www.cartechdiagnostic.com\/en\/#website\",\"url\":\"https:\/\/www.cartechdiagnostic.com\/en\/\",\"name\":\"Car-Tech Diagnostic\",\"description\":\"Ar\u0131za Tespit Cihazlar\u0131 - ECU Programlama Cihazlar\u0131\",\"publisher\":{\"@id\":\"https:\/\/www.cartechdiagnostic.com\/en\/#organization\"},\"alternateName\":\"Car-Tech Diag\",\"potentialAction\":[{\"@type\":\"SearchAction\",\"target\":{\"@type\":\"EntryPoint\",\"urlTemplate\":\"https:\/\/www.cartechdiagnostic.com\/en\/?s={search_term_string}\"},\"query-input\":\"required name=search_term_string\"}],\"inLanguage\":\"en-US\"},{\"@type\":\"Organization\",\"@id\":\"https:\/\/www.cartechdiagnostic.com\/en\/#organization\",\"name\":\"Car-Tech Diagnostic Yaz\u0131l\u0131m Ltd. \u015eti.\",\"url\":\"https:\/\/www.cartechdiagnostic.com\/en\/\",\"logo\":{\"@type\":\"ImageObject\",\"inLanguage\":\"en-US\",\"@id\":\"https:\/\/www.cartechdiagnostic.com\/en\/#\/schema\/logo\/image\/\",\"url\":\"https:\/\/cartechdiagnostic.com\/wp-content\/uploads\/2023\/08\/logocartech.png\",\"contentUrl\":\"https:\/\/cartechdiagnostic.com\/wp-content\/uploads\/2023\/08\/logocartech.png\",\"width\":714,\"height\":340,\"caption\":\"Car-Tech Diagnostic Yaz\u0131l\u0131m Ltd. \u015eti.\"},\"image\":{\"@id\":\"https:\/\/www.cartechdiagnostic.com\/en\/#\/schema\/logo\/image\/\"},\"sameAs\":[\"https:\/\/www.instagram.com\/cartechdiagnostic\"]}]}<\/script>\n<!-- \/ Yoast SEO plugin. -->","yoast_head_json":{"title":"Autel MaxiTPMS PAD Sensor Programming Handheld Accessory Device - Car-Tech Diagnostic","robots":{"index":"index","follow":"follow","max-snippet":"max-snippet:-1","max-image-preview":"max-image-preview:large","max-video-preview":"max-video-preview:-1"},"canonical":"https:\/\/cartechdiagnostic.com\/en\/urun\/autel-maxitpms-pad-sensor-programming-handheld-type-accessory-device\/","og_locale":"en_US","og_type":"article","og_title":"Autel MaxiTPMS PAD Sensor Programming Handheld Accessory Device - Car-Tech Diagnostic","og_description":"Autel MaxiTPMS PAD is a portable handheld accessory device designed for sensor programming and TPMS (Tire Pressure Monitoring System) operations. This device is used to perform TPMS operations such as diagnosing, programming and re-teaching of tire pressure sensors. The MaxiTPMS PAD provides easy portability and ease of use. Ideal for professional automotive technicians or hobbyists who maintain their own vehicles. Developed to perform sensor programming and TPMS operations quickly and efficiently. This device has a large database of sensors suitable for different vehicle makes and models. Supports various TPMS operations with automatic and manual sensor learning modes. It also has a user-friendly interface and offers step-by-step instructions, making it easy to complete transactions. Autel MaxiTPMS PAD is a reliable tool that makes operations related to the tire pressure monitoring system easy and efficient. With its portability, wide compatibility and user-friendly interface, TPMS makes maintenance and repair easier and faster.","og_url":"https:\/\/cartechdiagnostic.com\/en\/urun\/autel-maxitpms-pad-sensor-programming-handheld-type-accessory-device\/","og_site_name":"Car-Tech Diagnostic","og_image":[{"width":1080,"height":1080,"url":"https:\/\/cartechdiagnostic.com\/wp-content\/uploads\/2024\/02\/Autel-MaxiTPMS-PAD-Sensir-Programlama-El-Tipi-Aksesuar-Cihazc-3.png","type":"image\/png"}],"twitter_card":"summary_large_image","schema":{"@context":"https:\/\/schema.org","@graph":[{"@type":"WebPage","@id":"https:\/\/cartechdiagnostic.com\/en\/urun\/autel-maxitpms-pad-sensor-programming-handheld-type-accessory-device\/","url":"https:\/\/cartechdiagnostic.com\/en\/urun\/autel-maxitpms-pad-sensor-programming-handheld-type-accessory-device\/","name":"Autel MaxiTPMS PAD Sensor Programming Handheld Accessory Device - Car-Tech Diagnostic","isPartOf":{"@id":"https:\/\/www.cartechdiagnostic.com\/en\/#website"},"primaryImageOfPage":{"@id":"https:\/\/cartechdiagnostic.com\/en\/urun\/autel-maxitpms-pad-sensor-programming-handheld-type-accessory-device\/#primaryimage"},"image":{"@id":"https:\/\/cartechdiagnostic.com\/en\/urun\/autel-maxitpms-pad-sensor-programming-handheld-type-accessory-device\/#primaryimage"},"thumbnailUrl":"https:\/\/cartechdiagnostic.com\/wp-content\/uploads\/2024\/02\/Autel-MaxiTPMS-PAD-Sensir-Programlama-El-Tipi-Aksesuar-Cihazc-3.png","datePublished":"2024-02-07T13:50:51+00:00","dateModified":"2024-02-07T13:50:51+00:00","breadcrumb":{"@id":"https:\/\/cartechdiagnostic.com\/en\/urun\/autel-maxitpms-pad-sensor-programming-handheld-type-accessory-device\/#breadcrumb"},"inLanguage":"en-US","potentialAction":[{"@type":"ReadAction","target":["https:\/\/cartechdiagnostic.com\/en\/urun\/autel-maxitpms-pad-sensor-programming-handheld-type-accessory-device\/"]}]},{"@type":"ImageObject","inLanguage":"en-US","@id":"https:\/\/cartechdiagnostic.com\/en\/urun\/autel-maxitpms-pad-sensor-programming-handheld-type-accessory-device\/#primaryimage","url":"https:\/\/cartechdiagnostic.com\/wp-content\/uploads\/2024\/02\/Autel-MaxiTPMS-PAD-Sensir-Programlama-El-Tipi-Aksesuar-Cihazc-3.png","contentUrl":"https:\/\/cartechdiagnostic.com\/wp-content\/uploads\/2024\/02\/Autel-MaxiTPMS-PAD-Sensir-Programlama-El-Tipi-Aksesuar-Cihazc-3.png","width":1080,"height":1080},{"@type":"BreadcrumbList","@id":"https:\/\/cartechdiagnostic.com\/en\/urun\/autel-maxitpms-pad-sensor-programming-handheld-type-accessory-device\/#breadcrumb","itemListElement":[{"@type":"ListItem","position":1,"name":"Anasayfa","item":"https:\/\/www.cartechdiagnostic.com\/en\/"},{"@type":"ListItem","position":2,"name":"Ma\u011faza","item":"https:\/\/www.cartechdiagnostic.com\/magaza\/"},{"@type":"ListItem","position":3,"name":"Autel MaxiTPMS PAD Sensor Programming Handheld Accessory Device"}]},{"@type":"WebSite","@id":"https:\/\/www.cartechdiagnostic.com\/en\/#website","url":"https:\/\/www.cartechdiagnostic.com\/en\/","name":"Car-Tech Diagnostic","description":"Ar\u0131za Tespit Cihazlar\u0131 - ECU Programlama Cihazlar\u0131","publisher":{"@id":"https:\/\/www.cartechdiagnostic.com\/en\/#organization"},"alternateName":"Car-Tech Diag","potentialAction":[{"@type":"SearchAction","target":{"@type":"EntryPoint","urlTemplate":"https:\/\/www.cartechdiagnostic.com\/en\/?s={search_term_string}"},"query-input":"required name=search_term_string"}],"inLanguage":"en-US"},{"@type":"Organization","@id":"https:\/\/www.cartechdiagnostic.com\/en\/#organization","name":"Car-Tech Diagnostic Yaz\u0131l\u0131m Ltd. \u015eti.","url":"https:\/\/www.cartechdiagnostic.com\/en\/","logo":{"@type":"ImageObject","inLanguage":"en-US","@id":"https:\/\/www.cartechdiagnostic.com\/en\/#\/schema\/logo\/image\/","url":"https:\/\/cartechdiagnostic.com\/wp-content\/uploads\/2023\/08\/logocartech.png","contentUrl":"https:\/\/cartechdiagnostic.com\/wp-content\/uploads\/2023\/08\/logocartech.png","width":714,"height":340,"caption":"Car-Tech Diagnostic Yaz\u0131l\u0131m Ltd. \u015eti."},"image":{"@id":"https:\/\/www.cartechdiagnostic.com\/en\/#\/schema\/logo\/image\/"},"sameAs":["https:\/\/www.instagram.com\/cartechdiagnostic"]}]}},"_links":{"self":[{"href":"https:\/\/cartechdiagnostic.com\/en\/wp-json\/wp\/v2\/product\/18623","targetHints":{"allow":["GET"]}}],"collection":[{"href":"https:\/\/cartechdiagnostic.com\/en\/wp-json\/wp\/v2\/product"}],"about":[{"href":"https:\/\/cartechdiagnostic.com\/en\/wp-json\/wp\/v2\/types\/product"}],"replies":[{"embeddable":true,"href":"https:\/\/cartechdiagnostic.com\/en\/wp-json\/wp\/v2\/comments?post=18623"}],"version-history":[{"count":0,"href":"https:\/\/cartechdiagnostic.com\/en\/wp-json\/wp\/v2\/product\/18623\/revisions"}],"wp:featuredmedia":[{"embeddable":true,"href":"https:\/\/cartechdiagnostic.com\/en\/wp-json\/wp\/v2\/media\/16449"}],"wp:attachment":[{"href":"https:\/\/cartechdiagnostic.com\/en\/wp-json\/wp\/v2\/media?parent=18623"}],"wp:term":[{"taxonomy":"product_brand","embeddable":true,"href":"https:\/\/cartechdiagnostic.com\/en\/wp-json\/wp\/v2\/product_brand?post=18623"},{"taxonomy":"product_cat","embeddable":true,"href":"https:\/\/cartechdiagnostic.com\/en\/wp-json\/wp\/v2\/product_cat?post=18623"},{"taxonomy":"product_tag","embeddable":true,"href":"https:\/\/cartechdiagnostic.com\/en\/wp-json\/wp\/v2\/product_tag?post=18623"}],"curies":[{"name":"wp","href":"https:\/\/api.w.org\/{rel}","templated":true}]}}