{"id":18624,"date":"2024-02-07T16:49:18","date_gmt":"2024-02-07T13:49:18","guid":{"rendered":"https:\/urun\/autel-maxisys-vci-100\/"},"modified":"2024-02-07T16:49:18","modified_gmt":"2024-02-07T13:49:18","slug":"autel-maxisys-vci-100","status":"publish","type":"product","link":"https:\/\/cartechdiagnostic.com\/en\/urun\/autel-maxisys-vci-100\/","title":{"rendered":"Autel MaxiSYS-VCI 100 Diagnostic Tool"},"content":{"rendered":"","protected":false},"excerpt":{"rendered":"<p>Autel MaxiSYS-VCI 100 is a compact Bluetooth interface device developed for vehicle diagnostics and programming. This device is used for wireless communication between MaxiSYS diagnostic devices and vehicles. With its compact design and ease of use, the MaxiSYS-VCI 100 provides the data transfer necessary to quickly and accurately diagnose vehicle electronic systems. Thanks to Bluetooth connectivity, there is no need to use cables to connect the diagnostic device to the vehicle, providing greater freedom of movement and convenience. MaxiSYS-VCI 100 supports a wide range of vehicles and can be used with all OBD-II compatible vehicles. Automatic VIN recognition automatically identifies vehicle information and speeds up the diagnostic process. It also communicates via a reliable and stable Bluetooth connection, so diagnostics are carried out seamlessly and efficiently. Autel MaxiSYS-VCI 100 is a reliable and convenient interface device designed to meet the needs of professional automotive technicians. Its compact design, wireless connectivity and wide vehicle compatibility make vehicle diagnostics and programming easier and more efficient.        <\/p>\n","protected":false},"featured_media":16445,"comment_status":"open","ping_status":"closed","template":"","meta":{"_joinchat":[]},"product_brand":[],"product_cat":[1344,1347,1349],"product_tag":[],"class_list":{"0":"post-18624","1":"product","2":"type-product","3":"status-publish","4":"has-post-thumbnail","6":"product_cat-autel-en","7":"product_cat-daignostic-tools","8":"product_cat-passenger-car","10":"first","11":"instock","12":"sale","13":"shipping-taxable","14":"purchasable","15":"product-type-simple"},"yoast_head":"<!-- This site is optimized with the Yoast SEO plugin v22.8 - https:\/\/yoast.com\/wordpress\/plugins\/seo\/ -->\n<title>Autel MaxiSYS-VCI 100 Diagnostic Tool - Car-Tech Diagnostic<\/title>\n<meta name=\"robots\" content=\"index, follow, max-snippet:-1, max-image-preview:large, max-video-preview:-1\" \/>\n<link rel=\"canonical\" href=\"https:\/\/cartechdiagnostic.com\/en\/urun\/autel-maxisys-vci-100\/\" \/>\n<meta property=\"og:locale\" content=\"en_US\" \/>\n<meta property=\"og:type\" content=\"article\" \/>\n<meta property=\"og:title\" content=\"Autel MaxiSYS-VCI 100 Diagnostic Tool - Car-Tech Diagnostic\" \/>\n<meta property=\"og:description\" content=\"Autel MaxiSYS-VCI 100 is a compact Bluetooth interface device developed for vehicle diagnostics and programming. This device is used for wireless communication between MaxiSYS diagnostic devices and vehicles. With its compact design and ease of use, the MaxiSYS-VCI 100 provides the data transfer necessary to quickly and accurately diagnose vehicle electronic systems. Thanks to Bluetooth connectivity, there is no need to use cables to connect the diagnostic device to the vehicle, providing greater freedom of movement and convenience. MaxiSYS-VCI 100 supports a wide range of vehicles and can be used with all OBD-II compatible vehicles. Automatic VIN recognition automatically identifies vehicle information and speeds up the diagnostic process. It also communicates via a reliable and stable Bluetooth connection, so diagnostics are carried out seamlessly and efficiently. Autel MaxiSYS-VCI 100 is a reliable and convenient interface device designed to meet the needs of professional automotive technicians. Its compact design, wireless connectivity and wide vehicle compatibility make vehicle diagnostics and programming easier and more efficient.\" \/>\n<meta property=\"og:url\" content=\"https:\/\/cartechdiagnostic.com\/en\/urun\/autel-maxisys-vci-100\/\" \/>\n<meta property=\"og:site_name\" content=\"Car-Tech Diagnostic\" \/>\n<meta property=\"og:image\" content=\"https:\/\/www.cartechdiagnostic.com\/wp-content\/uploads\/2024\/02\/Autel-MaxiSYS-VCI-100-Kompakt-Bluetooth-Araa-oletiuim-ArayAzA-1.png\" \/>\n\t<meta property=\"og:image:width\" content=\"1080\" \/>\n\t<meta property=\"og:image:height\" content=\"1080\" \/>\n\t<meta property=\"og:image:type\" content=\"image\/png\" \/>\n<meta name=\"twitter:card\" content=\"summary_large_image\" \/>\n<script type=\"application\/ld+json\" class=\"yoast-schema-graph\">{\"@context\":\"https:\/\/schema.org\",\"@graph\":[{\"@type\":\"WebPage\",\"@id\":\"https:\/\/cartechdiagnostic.com\/en\/urun\/autel-maxisys-vci-100\/\",\"url\":\"https:\/\/cartechdiagnostic.com\/en\/urun\/autel-maxisys-vci-100\/\",\"name\":\"Autel MaxiSYS-VCI 100 Diagnostic Tool - Car-Tech Diagnostic\",\"isPartOf\":{\"@id\":\"https:\/\/www.cartechdiagnostic.com\/en\/#website\"},\"primaryImageOfPage\":{\"@id\":\"https:\/\/cartechdiagnostic.com\/en\/urun\/autel-maxisys-vci-100\/#primaryimage\"},\"image\":{\"@id\":\"https:\/\/cartechdiagnostic.com\/en\/urun\/autel-maxisys-vci-100\/#primaryimage\"},\"thumbnailUrl\":\"https:\/\/cartechdiagnostic.com\/wp-content\/uploads\/2024\/02\/Autel-MaxiSYS-VCI-100-Kompakt-Bluetooth-Araa-oletiuim-ArayAzA-1.png\",\"datePublished\":\"2024-02-07T13:49:18+00:00\",\"dateModified\":\"2024-02-07T13:49:18+00:00\",\"breadcrumb\":{\"@id\":\"https:\/\/cartechdiagnostic.com\/en\/urun\/autel-maxisys-vci-100\/#breadcrumb\"},\"inLanguage\":\"en-US\",\"potentialAction\":[{\"@type\":\"ReadAction\",\"target\":[\"https:\/\/cartechdiagnostic.com\/en\/urun\/autel-maxisys-vci-100\/\"]}]},{\"@type\":\"ImageObject\",\"inLanguage\":\"en-US\",\"@id\":\"https:\/\/cartechdiagnostic.com\/en\/urun\/autel-maxisys-vci-100\/#primaryimage\",\"url\":\"https:\/\/cartechdiagnostic.com\/wp-content\/uploads\/2024\/02\/Autel-MaxiSYS-VCI-100-Kompakt-Bluetooth-Araa-oletiuim-ArayAzA-1.png\",\"contentUrl\":\"https:\/\/cartechdiagnostic.com\/wp-content\/uploads\/2024\/02\/Autel-MaxiSYS-VCI-100-Kompakt-Bluetooth-Araa-oletiuim-ArayAzA-1.png\",\"width\":1080,\"height\":1080},{\"@type\":\"BreadcrumbList\",\"@id\":\"https:\/\/cartechdiagnostic.com\/en\/urun\/autel-maxisys-vci-100\/#breadcrumb\",\"itemListElement\":[{\"@type\":\"ListItem\",\"position\":1,\"name\":\"Anasayfa\",\"item\":\"https:\/\/www.cartechdiagnostic.com\/en\/\"},{\"@type\":\"ListItem\",\"position\":2,\"name\":\"Ma\u011faza\",\"item\":\"https:\/\/www.cartechdiagnostic.com\/magaza\/\"},{\"@type\":\"ListItem\",\"position\":3,\"name\":\"Autel MaxiSYS-VCI 100 Diagnostic Tool\"}]},{\"@type\":\"WebSite\",\"@id\":\"https:\/\/www.cartechdiagnostic.com\/en\/#website\",\"url\":\"https:\/\/www.cartechdiagnostic.com\/en\/\",\"name\":\"Car-Tech Diagnostic\",\"description\":\"Ar\u0131za Tespit Cihazlar\u0131 - ECU Programlama Cihazlar\u0131\",\"publisher\":{\"@id\":\"https:\/\/www.cartechdiagnostic.com\/en\/#organization\"},\"alternateName\":\"Car-Tech Diag\",\"potentialAction\":[{\"@type\":\"SearchAction\",\"target\":{\"@type\":\"EntryPoint\",\"urlTemplate\":\"https:\/\/www.cartechdiagnostic.com\/en\/?s={search_term_string}\"},\"query-input\":\"required name=search_term_string\"}],\"inLanguage\":\"en-US\"},{\"@type\":\"Organization\",\"@id\":\"https:\/\/www.cartechdiagnostic.com\/en\/#organization\",\"name\":\"Car-Tech Diagnostic Yaz\u0131l\u0131m Ltd. \u015eti.\",\"url\":\"https:\/\/www.cartechdiagnostic.com\/en\/\",\"logo\":{\"@type\":\"ImageObject\",\"inLanguage\":\"en-US\",\"@id\":\"https:\/\/www.cartechdiagnostic.com\/en\/#\/schema\/logo\/image\/\",\"url\":\"https:\/\/cartechdiagnostic.com\/wp-content\/uploads\/2023\/08\/logocartech.png\",\"contentUrl\":\"https:\/\/cartechdiagnostic.com\/wp-content\/uploads\/2023\/08\/logocartech.png\",\"width\":714,\"height\":340,\"caption\":\"Car-Tech Diagnostic Yaz\u0131l\u0131m Ltd. \u015eti.\"},\"image\":{\"@id\":\"https:\/\/www.cartechdiagnostic.com\/en\/#\/schema\/logo\/image\/\"},\"sameAs\":[\"https:\/\/www.instagram.com\/cartechdiagnostic\"]}]}<\/script>\n<!-- \/ Yoast SEO plugin. -->","yoast_head_json":{"title":"Autel MaxiSYS-VCI 100 Diagnostic Tool - Car-Tech Diagnostic","robots":{"index":"index","follow":"follow","max-snippet":"max-snippet:-1","max-image-preview":"max-image-preview:large","max-video-preview":"max-video-preview:-1"},"canonical":"https:\/\/cartechdiagnostic.com\/en\/urun\/autel-maxisys-vci-100\/","og_locale":"en_US","og_type":"article","og_title":"Autel MaxiSYS-VCI 100 Diagnostic Tool - Car-Tech Diagnostic","og_description":"Autel MaxiSYS-VCI 100 is a compact Bluetooth interface device developed for vehicle diagnostics and programming. This device is used for wireless communication between MaxiSYS diagnostic devices and vehicles. With its compact design and ease of use, the MaxiSYS-VCI 100 provides the data transfer necessary to quickly and accurately diagnose vehicle electronic systems. Thanks to Bluetooth connectivity, there is no need to use cables to connect the diagnostic device to the vehicle, providing greater freedom of movement and convenience. MaxiSYS-VCI 100 supports a wide range of vehicles and can be used with all OBD-II compatible vehicles. Automatic VIN recognition automatically identifies vehicle information and speeds up the diagnostic process. It also communicates via a reliable and stable Bluetooth connection, so diagnostics are carried out seamlessly and efficiently. Autel MaxiSYS-VCI 100 is a reliable and convenient interface device designed to meet the needs of professional automotive technicians. Its compact design, wireless connectivity and wide vehicle compatibility make vehicle diagnostics and programming easier and more efficient.","og_url":"https:\/\/cartechdiagnostic.com\/en\/urun\/autel-maxisys-vci-100\/","og_site_name":"Car-Tech Diagnostic","og_image":[{"width":1080,"height":1080,"url":"https:\/\/www.cartechdiagnostic.com\/wp-content\/uploads\/2024\/02\/Autel-MaxiSYS-VCI-100-Kompakt-Bluetooth-Araa-oletiuim-ArayAzA-1.png","type":"image\/png"}],"twitter_card":"summary_large_image","schema":{"@context":"https:\/\/schema.org","@graph":[{"@type":"WebPage","@id":"https:\/\/cartechdiagnostic.com\/en\/urun\/autel-maxisys-vci-100\/","url":"https:\/\/cartechdiagnostic.com\/en\/urun\/autel-maxisys-vci-100\/","name":"Autel MaxiSYS-VCI 100 Diagnostic Tool - Car-Tech Diagnostic","isPartOf":{"@id":"https:\/\/www.cartechdiagnostic.com\/en\/#website"},"primaryImageOfPage":{"@id":"https:\/\/cartechdiagnostic.com\/en\/urun\/autel-maxisys-vci-100\/#primaryimage"},"image":{"@id":"https:\/\/cartechdiagnostic.com\/en\/urun\/autel-maxisys-vci-100\/#primaryimage"},"thumbnailUrl":"https:\/\/cartechdiagnostic.com\/wp-content\/uploads\/2024\/02\/Autel-MaxiSYS-VCI-100-Kompakt-Bluetooth-Araa-oletiuim-ArayAzA-1.png","datePublished":"2024-02-07T13:49:18+00:00","dateModified":"2024-02-07T13:49:18+00:00","breadcrumb":{"@id":"https:\/\/cartechdiagnostic.com\/en\/urun\/autel-maxisys-vci-100\/#breadcrumb"},"inLanguage":"en-US","potentialAction":[{"@type":"ReadAction","target":["https:\/\/cartechdiagnostic.com\/en\/urun\/autel-maxisys-vci-100\/"]}]},{"@type":"ImageObject","inLanguage":"en-US","@id":"https:\/\/cartechdiagnostic.com\/en\/urun\/autel-maxisys-vci-100\/#primaryimage","url":"https:\/\/cartechdiagnostic.com\/wp-content\/uploads\/2024\/02\/Autel-MaxiSYS-VCI-100-Kompakt-Bluetooth-Araa-oletiuim-ArayAzA-1.png","contentUrl":"https:\/\/cartechdiagnostic.com\/wp-content\/uploads\/2024\/02\/Autel-MaxiSYS-VCI-100-Kompakt-Bluetooth-Araa-oletiuim-ArayAzA-1.png","width":1080,"height":1080},{"@type":"BreadcrumbList","@id":"https:\/\/cartechdiagnostic.com\/en\/urun\/autel-maxisys-vci-100\/#breadcrumb","itemListElement":[{"@type":"ListItem","position":1,"name":"Anasayfa","item":"https:\/\/www.cartechdiagnostic.com\/en\/"},{"@type":"ListItem","position":2,"name":"Ma\u011faza","item":"https:\/\/www.cartechdiagnostic.com\/magaza\/"},{"@type":"ListItem","position":3,"name":"Autel MaxiSYS-VCI 100 Diagnostic Tool"}]},{"@type":"WebSite","@id":"https:\/\/www.cartechdiagnostic.com\/en\/#website","url":"https:\/\/www.cartechdiagnostic.com\/en\/","name":"Car-Tech Diagnostic","description":"Ar\u0131za Tespit Cihazlar\u0131 - ECU Programlama Cihazlar\u0131","publisher":{"@id":"https:\/\/www.cartechdiagnostic.com\/en\/#organization"},"alternateName":"Car-Tech Diag","potentialAction":[{"@type":"SearchAction","target":{"@type":"EntryPoint","urlTemplate":"https:\/\/www.cartechdiagnostic.com\/en\/?s={search_term_string}"},"query-input":"required name=search_term_string"}],"inLanguage":"en-US"},{"@type":"Organization","@id":"https:\/\/www.cartechdiagnostic.com\/en\/#organization","name":"Car-Tech Diagnostic Yaz\u0131l\u0131m Ltd. \u015eti.","url":"https:\/\/www.cartechdiagnostic.com\/en\/","logo":{"@type":"ImageObject","inLanguage":"en-US","@id":"https:\/\/www.cartechdiagnostic.com\/en\/#\/schema\/logo\/image\/","url":"https:\/\/cartechdiagnostic.com\/wp-content\/uploads\/2023\/08\/logocartech.png","contentUrl":"https:\/\/cartechdiagnostic.com\/wp-content\/uploads\/2023\/08\/logocartech.png","width":714,"height":340,"caption":"Car-Tech Diagnostic Yaz\u0131l\u0131m Ltd. \u015eti."},"image":{"@id":"https:\/\/www.cartechdiagnostic.com\/en\/#\/schema\/logo\/image\/"},"sameAs":["https:\/\/www.instagram.com\/cartechdiagnostic"]}]}},"_links":{"self":[{"href":"https:\/\/cartechdiagnostic.com\/en\/wp-json\/wp\/v2\/product\/18624","targetHints":{"allow":["GET"]}}],"collection":[{"href":"https:\/\/cartechdiagnostic.com\/en\/wp-json\/wp\/v2\/product"}],"about":[{"href":"https:\/\/cartechdiagnostic.com\/en\/wp-json\/wp\/v2\/types\/product"}],"replies":[{"embeddable":true,"href":"https:\/\/cartechdiagnostic.com\/en\/wp-json\/wp\/v2\/comments?post=18624"}],"version-history":[{"count":0,"href":"https:\/\/cartechdiagnostic.com\/en\/wp-json\/wp\/v2\/product\/18624\/revisions"}],"wp:featuredmedia":[{"embeddable":true,"href":"https:\/\/cartechdiagnostic.com\/en\/wp-json\/wp\/v2\/media\/16445"}],"wp:attachment":[{"href":"https:\/\/cartechdiagnostic.com\/en\/wp-json\/wp\/v2\/media?parent=18624"}],"wp:term":[{"taxonomy":"product_brand","embeddable":true,"href":"https:\/\/cartechdiagnostic.com\/en\/wp-json\/wp\/v2\/product_brand?post=18624"},{"taxonomy":"product_cat","embeddable":true,"href":"https:\/\/cartechdiagnostic.com\/en\/wp-json\/wp\/v2\/product_cat?post=18624"},{"taxonomy":"product_tag","embeddable":true,"href":"https:\/\/cartechdiagnostic.com\/en\/wp-json\/wp\/v2\/product_tag?post=18624"}],"curies":[{"name":"wp","href":"https:\/\/api.w.org\/{rel}","templated":true}]}}