{"id":18625,"date":"2024-02-07T16:47:41","date_gmt":"2024-02-07T13:47:41","guid":{"rendered":"https:\/urun\/autel-maxisys-msobd2kit-obd-ii-compatible-adaptor-kit\/"},"modified":"2024-02-07T16:47:41","modified_gmt":"2024-02-07T13:47:41","slug":"autel-maxisys-msobd2kit-obd-ii-compatible-adaptor-kit","status":"publish","type":"product","link":"https:\/\/cartechdiagnostic.com\/en\/urun\/autel-maxisys-msobd2kit-obd-ii-compatible-adaptor-kit\/","title":{"rendered":"Autel MaxiSYS MSOBD2KIT, OBD-II Compatible Adapter Kit"},"content":{"rendered":"","protected":false},"excerpt":{"rendered":"<p>Autel MaxiSYS MSOBD2KIT is an adapter kit specifically designed to diagnose non-OBD-II compliant vehicles. This adapter kit is designed for use with Autel&#8217;s advanced diagnostic devices such as MaxiSys Ultra, MS919 and MS909. MSOBD2KIT contains the cables necessary to perform diagnostics and programming of vehicles that are not compliant with the OBD-II protocol. These cables are connected to the vehicles&#8217; dedicated data ports, allowing the diagnostic device to communicate with the vehicle. This adapter kit is ideal to serve the wide range of vehicles of professionals in the automotive industry. It is an indispensable tool for technicians who want to perform advanced diagnostics and programming for non-OBD-II compliant vehicles.     <\/p>\n","protected":false},"featured_media":16444,"comment_status":"open","ping_status":"closed","template":"","meta":{"_joinchat":[]},"product_brand":[],"product_cat":[1344,1358],"product_tag":[],"class_list":{"0":"post-18625","1":"product","2":"type-product","3":"status-publish","4":"has-post-thumbnail","6":"product_cat-autel-en","7":"product_cat-cables","9":"first","10":"instock","11":"sale","12":"shipping-taxable","13":"purchasable","14":"product-type-simple"},"yoast_head":"<!-- This site is optimized with the Yoast SEO plugin v22.8 - https:\/\/yoast.com\/wordpress\/plugins\/seo\/ -->\n<title>Autel MaxiSYS MSOBD2KIT, OBD-II Compatible Adapter Kit - Car-Tech Diagnostic<\/title>\n<meta name=\"robots\" content=\"index, follow, max-snippet:-1, max-image-preview:large, max-video-preview:-1\" \/>\n<link rel=\"canonical\" href=\"https:\/\/cartechdiagnostic.com\/en\/urun\/autel-maxisys-msobd2kit-obd-ii-compatible-adaptor-kit\/\" \/>\n<meta property=\"og:locale\" content=\"en_US\" \/>\n<meta property=\"og:type\" content=\"article\" \/>\n<meta property=\"og:title\" content=\"Autel MaxiSYS MSOBD2KIT, OBD-II Compatible Adapter Kit - Car-Tech Diagnostic\" \/>\n<meta property=\"og:description\" content=\"Autel MaxiSYS MSOBD2KIT is an adapter kit specifically designed to diagnose non-OBD-II compliant vehicles. This adapter kit is designed for use with Autel&#039;s advanced diagnostic devices such as MaxiSys Ultra, MS919 and MS909. MSOBD2KIT contains the cables necessary to perform diagnostics and programming of vehicles that are not compliant with the OBD-II protocol. These cables are connected to the vehicles&#039; dedicated data ports, allowing the diagnostic device to communicate with the vehicle. This adapter kit is ideal to serve the wide range of vehicles of professionals in the automotive industry. It is an indispensable tool for technicians who want to perform advanced diagnostics and programming for non-OBD-II compliant vehicles.\" \/>\n<meta property=\"og:url\" content=\"https:\/\/cartechdiagnostic.com\/en\/urun\/autel-maxisys-msobd2kit-obd-ii-compatible-adaptor-kit\/\" \/>\n<meta property=\"og:site_name\" content=\"Car-Tech Diagnostic\" \/>\n<meta property=\"og:image\" content=\"https:\/\/cartechdiagnostic.com\/wp-content\/uploads\/2024\/02\/Autel-MaxiSYS-MSOBD2KIT-OBDII-Olmayan-Adaptir-MaxiSys-Ultra-MS919-ve-MS909-iain-kablolarla-2.png\" \/>\n\t<meta property=\"og:image:width\" content=\"1080\" \/>\n\t<meta property=\"og:image:height\" content=\"1080\" \/>\n\t<meta property=\"og:image:type\" content=\"image\/png\" \/>\n<meta name=\"twitter:card\" content=\"summary_large_image\" \/>\n<script type=\"application\/ld+json\" class=\"yoast-schema-graph\">{\"@context\":\"https:\/\/schema.org\",\"@graph\":[{\"@type\":\"WebPage\",\"@id\":\"https:\/\/cartechdiagnostic.com\/en\/urun\/autel-maxisys-msobd2kit-obd-ii-compatible-adaptor-kit\/\",\"url\":\"https:\/\/cartechdiagnostic.com\/en\/urun\/autel-maxisys-msobd2kit-obd-ii-compatible-adaptor-kit\/\",\"name\":\"Autel MaxiSYS MSOBD2KIT, OBD-II Compatible Adapter Kit - Car-Tech Diagnostic\",\"isPartOf\":{\"@id\":\"https:\/\/www.cartechdiagnostic.com\/en\/#website\"},\"primaryImageOfPage\":{\"@id\":\"https:\/\/cartechdiagnostic.com\/en\/urun\/autel-maxisys-msobd2kit-obd-ii-compatible-adaptor-kit\/#primaryimage\"},\"image\":{\"@id\":\"https:\/\/cartechdiagnostic.com\/en\/urun\/autel-maxisys-msobd2kit-obd-ii-compatible-adaptor-kit\/#primaryimage\"},\"thumbnailUrl\":\"https:\/\/cartechdiagnostic.com\/wp-content\/uploads\/2024\/02\/Autel-MaxiSYS-MSOBD2KIT-OBDII-Olmayan-Adaptir-MaxiSys-Ultra-MS919-ve-MS909-iain-kablolarla-2.png\",\"datePublished\":\"2024-02-07T13:47:41+00:00\",\"dateModified\":\"2024-02-07T13:47:41+00:00\",\"breadcrumb\":{\"@id\":\"https:\/\/cartechdiagnostic.com\/en\/urun\/autel-maxisys-msobd2kit-obd-ii-compatible-adaptor-kit\/#breadcrumb\"},\"inLanguage\":\"en-US\",\"potentialAction\":[{\"@type\":\"ReadAction\",\"target\":[\"https:\/\/cartechdiagnostic.com\/en\/urun\/autel-maxisys-msobd2kit-obd-ii-compatible-adaptor-kit\/\"]}]},{\"@type\":\"ImageObject\",\"inLanguage\":\"en-US\",\"@id\":\"https:\/\/cartechdiagnostic.com\/en\/urun\/autel-maxisys-msobd2kit-obd-ii-compatible-adaptor-kit\/#primaryimage\",\"url\":\"https:\/\/cartechdiagnostic.com\/wp-content\/uploads\/2024\/02\/Autel-MaxiSYS-MSOBD2KIT-OBDII-Olmayan-Adaptir-MaxiSys-Ultra-MS919-ve-MS909-iain-kablolarla-2.png\",\"contentUrl\":\"https:\/\/cartechdiagnostic.com\/wp-content\/uploads\/2024\/02\/Autel-MaxiSYS-MSOBD2KIT-OBDII-Olmayan-Adaptir-MaxiSys-Ultra-MS919-ve-MS909-iain-kablolarla-2.png\",\"width\":1080,\"height\":1080},{\"@type\":\"BreadcrumbList\",\"@id\":\"https:\/\/cartechdiagnostic.com\/en\/urun\/autel-maxisys-msobd2kit-obd-ii-compatible-adaptor-kit\/#breadcrumb\",\"itemListElement\":[{\"@type\":\"ListItem\",\"position\":1,\"name\":\"Anasayfa\",\"item\":\"https:\/\/www.cartechdiagnostic.com\/en\/\"},{\"@type\":\"ListItem\",\"position\":2,\"name\":\"Ma\u011faza\",\"item\":\"https:\/\/www.cartechdiagnostic.com\/magaza\/\"},{\"@type\":\"ListItem\",\"position\":3,\"name\":\"Autel MaxiSYS MSOBD2KIT, OBD-II Compatible Adapter Kit\"}]},{\"@type\":\"WebSite\",\"@id\":\"https:\/\/www.cartechdiagnostic.com\/en\/#website\",\"url\":\"https:\/\/www.cartechdiagnostic.com\/en\/\",\"name\":\"Car-Tech Diagnostic\",\"description\":\"Ar\u0131za Tespit Cihazlar\u0131 - ECU Programlama Cihazlar\u0131\",\"publisher\":{\"@id\":\"https:\/\/www.cartechdiagnostic.com\/en\/#organization\"},\"alternateName\":\"Car-Tech Diag\",\"potentialAction\":[{\"@type\":\"SearchAction\",\"target\":{\"@type\":\"EntryPoint\",\"urlTemplate\":\"https:\/\/www.cartechdiagnostic.com\/en\/?s={search_term_string}\"},\"query-input\":\"required name=search_term_string\"}],\"inLanguage\":\"en-US\"},{\"@type\":\"Organization\",\"@id\":\"https:\/\/www.cartechdiagnostic.com\/en\/#organization\",\"name\":\"Car-Tech Diagnostic Yaz\u0131l\u0131m Ltd. \u015eti.\",\"url\":\"https:\/\/www.cartechdiagnostic.com\/en\/\",\"logo\":{\"@type\":\"ImageObject\",\"inLanguage\":\"en-US\",\"@id\":\"https:\/\/www.cartechdiagnostic.com\/en\/#\/schema\/logo\/image\/\",\"url\":\"https:\/\/cartechdiagnostic.com\/wp-content\/uploads\/2023\/08\/logocartech.png\",\"contentUrl\":\"https:\/\/cartechdiagnostic.com\/wp-content\/uploads\/2023\/08\/logocartech.png\",\"width\":714,\"height\":340,\"caption\":\"Car-Tech Diagnostic Yaz\u0131l\u0131m Ltd. \u015eti.\"},\"image\":{\"@id\":\"https:\/\/www.cartechdiagnostic.com\/en\/#\/schema\/logo\/image\/\"},\"sameAs\":[\"https:\/\/www.instagram.com\/cartechdiagnostic\"]}]}<\/script>\n<!-- \/ Yoast SEO plugin. -->","yoast_head_json":{"title":"Autel MaxiSYS MSOBD2KIT, OBD-II Compatible Adapter Kit - Car-Tech Diagnostic","robots":{"index":"index","follow":"follow","max-snippet":"max-snippet:-1","max-image-preview":"max-image-preview:large","max-video-preview":"max-video-preview:-1"},"canonical":"https:\/\/cartechdiagnostic.com\/en\/urun\/autel-maxisys-msobd2kit-obd-ii-compatible-adaptor-kit\/","og_locale":"en_US","og_type":"article","og_title":"Autel MaxiSYS MSOBD2KIT, OBD-II Compatible Adapter Kit - Car-Tech Diagnostic","og_description":"Autel MaxiSYS MSOBD2KIT is an adapter kit specifically designed to diagnose non-OBD-II compliant vehicles. This adapter kit is designed for use with Autel's advanced diagnostic devices such as MaxiSys Ultra, MS919 and MS909. MSOBD2KIT contains the cables necessary to perform diagnostics and programming of vehicles that are not compliant with the OBD-II protocol. These cables are connected to the vehicles' dedicated data ports, allowing the diagnostic device to communicate with the vehicle. This adapter kit is ideal to serve the wide range of vehicles of professionals in the automotive industry. It is an indispensable tool for technicians who want to perform advanced diagnostics and programming for non-OBD-II compliant vehicles.","og_url":"https:\/\/cartechdiagnostic.com\/en\/urun\/autel-maxisys-msobd2kit-obd-ii-compatible-adaptor-kit\/","og_site_name":"Car-Tech Diagnostic","og_image":[{"width":1080,"height":1080,"url":"https:\/\/cartechdiagnostic.com\/wp-content\/uploads\/2024\/02\/Autel-MaxiSYS-MSOBD2KIT-OBDII-Olmayan-Adaptir-MaxiSys-Ultra-MS919-ve-MS909-iain-kablolarla-2.png","type":"image\/png"}],"twitter_card":"summary_large_image","schema":{"@context":"https:\/\/schema.org","@graph":[{"@type":"WebPage","@id":"https:\/\/cartechdiagnostic.com\/en\/urun\/autel-maxisys-msobd2kit-obd-ii-compatible-adaptor-kit\/","url":"https:\/\/cartechdiagnostic.com\/en\/urun\/autel-maxisys-msobd2kit-obd-ii-compatible-adaptor-kit\/","name":"Autel MaxiSYS MSOBD2KIT, OBD-II Compatible Adapter Kit - Car-Tech Diagnostic","isPartOf":{"@id":"https:\/\/www.cartechdiagnostic.com\/en\/#website"},"primaryImageOfPage":{"@id":"https:\/\/cartechdiagnostic.com\/en\/urun\/autel-maxisys-msobd2kit-obd-ii-compatible-adaptor-kit\/#primaryimage"},"image":{"@id":"https:\/\/cartechdiagnostic.com\/en\/urun\/autel-maxisys-msobd2kit-obd-ii-compatible-adaptor-kit\/#primaryimage"},"thumbnailUrl":"https:\/\/cartechdiagnostic.com\/wp-content\/uploads\/2024\/02\/Autel-MaxiSYS-MSOBD2KIT-OBDII-Olmayan-Adaptir-MaxiSys-Ultra-MS919-ve-MS909-iain-kablolarla-2.png","datePublished":"2024-02-07T13:47:41+00:00","dateModified":"2024-02-07T13:47:41+00:00","breadcrumb":{"@id":"https:\/\/cartechdiagnostic.com\/en\/urun\/autel-maxisys-msobd2kit-obd-ii-compatible-adaptor-kit\/#breadcrumb"},"inLanguage":"en-US","potentialAction":[{"@type":"ReadAction","target":["https:\/\/cartechdiagnostic.com\/en\/urun\/autel-maxisys-msobd2kit-obd-ii-compatible-adaptor-kit\/"]}]},{"@type":"ImageObject","inLanguage":"en-US","@id":"https:\/\/cartechdiagnostic.com\/en\/urun\/autel-maxisys-msobd2kit-obd-ii-compatible-adaptor-kit\/#primaryimage","url":"https:\/\/cartechdiagnostic.com\/wp-content\/uploads\/2024\/02\/Autel-MaxiSYS-MSOBD2KIT-OBDII-Olmayan-Adaptir-MaxiSys-Ultra-MS919-ve-MS909-iain-kablolarla-2.png","contentUrl":"https:\/\/cartechdiagnostic.com\/wp-content\/uploads\/2024\/02\/Autel-MaxiSYS-MSOBD2KIT-OBDII-Olmayan-Adaptir-MaxiSys-Ultra-MS919-ve-MS909-iain-kablolarla-2.png","width":1080,"height":1080},{"@type":"BreadcrumbList","@id":"https:\/\/cartechdiagnostic.com\/en\/urun\/autel-maxisys-msobd2kit-obd-ii-compatible-adaptor-kit\/#breadcrumb","itemListElement":[{"@type":"ListItem","position":1,"name":"Anasayfa","item":"https:\/\/www.cartechdiagnostic.com\/en\/"},{"@type":"ListItem","position":2,"name":"Ma\u011faza","item":"https:\/\/www.cartechdiagnostic.com\/magaza\/"},{"@type":"ListItem","position":3,"name":"Autel MaxiSYS MSOBD2KIT, OBD-II Compatible Adapter Kit"}]},{"@type":"WebSite","@id":"https:\/\/www.cartechdiagnostic.com\/en\/#website","url":"https:\/\/www.cartechdiagnostic.com\/en\/","name":"Car-Tech Diagnostic","description":"Ar\u0131za Tespit Cihazlar\u0131 - ECU Programlama Cihazlar\u0131","publisher":{"@id":"https:\/\/www.cartechdiagnostic.com\/en\/#organization"},"alternateName":"Car-Tech Diag","potentialAction":[{"@type":"SearchAction","target":{"@type":"EntryPoint","urlTemplate":"https:\/\/www.cartechdiagnostic.com\/en\/?s={search_term_string}"},"query-input":"required name=search_term_string"}],"inLanguage":"en-US"},{"@type":"Organization","@id":"https:\/\/www.cartechdiagnostic.com\/en\/#organization","name":"Car-Tech Diagnostic Yaz\u0131l\u0131m Ltd. \u015eti.","url":"https:\/\/www.cartechdiagnostic.com\/en\/","logo":{"@type":"ImageObject","inLanguage":"en-US","@id":"https:\/\/www.cartechdiagnostic.com\/en\/#\/schema\/logo\/image\/","url":"https:\/\/cartechdiagnostic.com\/wp-content\/uploads\/2023\/08\/logocartech.png","contentUrl":"https:\/\/cartechdiagnostic.com\/wp-content\/uploads\/2023\/08\/logocartech.png","width":714,"height":340,"caption":"Car-Tech Diagnostic Yaz\u0131l\u0131m Ltd. \u015eti."},"image":{"@id":"https:\/\/www.cartechdiagnostic.com\/en\/#\/schema\/logo\/image\/"},"sameAs":["https:\/\/www.instagram.com\/cartechdiagnostic"]}]}},"_links":{"self":[{"href":"https:\/\/cartechdiagnostic.com\/en\/wp-json\/wp\/v2\/product\/18625","targetHints":{"allow":["GET"]}}],"collection":[{"href":"https:\/\/cartechdiagnostic.com\/en\/wp-json\/wp\/v2\/product"}],"about":[{"href":"https:\/\/cartechdiagnostic.com\/en\/wp-json\/wp\/v2\/types\/product"}],"replies":[{"embeddable":true,"href":"https:\/\/cartechdiagnostic.com\/en\/wp-json\/wp\/v2\/comments?post=18625"}],"version-history":[{"count":0,"href":"https:\/\/cartechdiagnostic.com\/en\/wp-json\/wp\/v2\/product\/18625\/revisions"}],"wp:featuredmedia":[{"embeddable":true,"href":"https:\/\/cartechdiagnostic.com\/en\/wp-json\/wp\/v2\/media\/16444"}],"wp:attachment":[{"href":"https:\/\/cartechdiagnostic.com\/en\/wp-json\/wp\/v2\/media?parent=18625"}],"wp:term":[{"taxonomy":"product_brand","embeddable":true,"href":"https:\/\/cartechdiagnostic.com\/en\/wp-json\/wp\/v2\/product_brand?post=18625"},{"taxonomy":"product_cat","embeddable":true,"href":"https:\/\/cartechdiagnostic.com\/en\/wp-json\/wp\/v2\/product_cat?post=18625"},{"taxonomy":"product_tag","embeddable":true,"href":"https:\/\/cartechdiagnostic.com\/en\/wp-json\/wp\/v2\/product_tag?post=18625"}],"curies":[{"name":"wp","href":"https:\/\/api.w.org\/{rel}","templated":true}]}}