{"id":18629,"date":"2024-02-07T15:52:23","date_gmt":"2024-02-07T12:52:23","guid":{"rendered":"https:\/urun\/autel-maxicharger-ac-wallbox-eu-ac-w7-c5-wh\/"},"modified":"2025-06-01T00:42:27","modified_gmt":"2025-05-31T21:42:27","slug":"autel-maxicharger-ac-wallbox-eu-ac-w7-c5-wh","status":"publish","type":"product","link":"https:\/\/cartechdiagnostic.com\/en\/urun\/autel-maxicharger-ac-wallbox-eu-ac-w7-c5-wh\/","title":{"rendered":"Autel MaxiCharger AC Wallbox EU AC W7 &#8211; C5 &#8211; WH"},"content":{"rendered":"","protected":false},"excerpt":{"rendered":"<p>Autel MaxiCharger AC Wallbox EU AC W7 &#8211; C5 &#8211; WH is a special wall box designed for fast and safe charging of electric vehicles. It is compatible with AC sockets in accordance with European standards and has a wide operating voltage range. W7 refers to a maximum power output of 7 kW. C5 indicates a maximum current capacity of 32A, while WH defines other technical specifications. This wall box offers electric vehicle owners easy charging at home or at work. It is very practical to use thanks to its compact design and user-friendly interface. Made of high-quality materials, the MaxiCharger AC Wallbox offers a durable and long-lasting charging solution.      <\/p>\n","protected":false},"featured_media":16428,"comment_status":"open","ping_status":"closed","template":"","meta":{"_joinchat":[]},"product_brand":[],"product_cat":[1344,1356],"product_tag":[],"class_list":{"0":"post-18629","1":"product","2":"type-product","3":"status-publish","4":"has-post-thumbnail","6":"product_cat-autel-en","7":"product_cat-electric-vehicles","9":"first","10":"instock","11":"sale","12":"shipping-taxable","13":"purchasable","14":"product-type-simple"},"yoast_head":"<!-- This site is optimized with the Yoast SEO plugin v22.8 - https:\/\/yoast.com\/wordpress\/plugins\/seo\/ -->\n<title>Autel MaxiCharger AC Wallbox EU AC W7 - C5 - WH - Car-Tech Diagnostic<\/title>\n<meta name=\"robots\" content=\"index, follow, max-snippet:-1, max-image-preview:large, max-video-preview:-1\" \/>\n<link rel=\"canonical\" href=\"https:\/\/cartechdiagnostic.com\/en\/urun\/autel-maxicharger-ac-wallbox-eu-ac-w7-c5-wh\/\" \/>\n<meta property=\"og:locale\" content=\"en_US\" \/>\n<meta property=\"og:type\" content=\"article\" \/>\n<meta property=\"og:title\" content=\"Autel MaxiCharger AC Wallbox EU AC W7 - C5 - WH - Car-Tech Diagnostic\" \/>\n<meta property=\"og:description\" content=\"Autel MaxiCharger AC Wallbox EU AC W7 - C5 - WH is a special wall box designed for fast and safe charging of electric vehicles. It is compatible with AC sockets in accordance with European standards and has a wide operating voltage range. W7 refers to a maximum power output of 7 kW. C5 indicates a maximum current capacity of 32A, while WH defines other technical specifications. This wall box offers electric vehicle owners easy charging at home or at work. It is very practical to use thanks to its compact design and user-friendly interface. Made of high-quality materials, the MaxiCharger AC Wallbox offers a durable and long-lasting charging solution.\" \/>\n<meta property=\"og:url\" content=\"https:\/\/cartechdiagnostic.com\/en\/urun\/autel-maxicharger-ac-wallbox-eu-ac-w7-c5-wh\/\" \/>\n<meta property=\"og:site_name\" content=\"Car-Tech Diagnostic\" \/>\n<meta property=\"article:modified_time\" content=\"2025-05-31T21:42:27+00:00\" \/>\n<meta property=\"og:image\" content=\"https:\/\/cartechdiagnostic.com\/wp-content\/uploads\/2024\/02\/Autel-MaxiCharger-AC-Wallbox-EU-AC-W7-C5-WH-4.png\" \/>\n\t<meta property=\"og:image:width\" content=\"1080\" \/>\n\t<meta property=\"og:image:height\" content=\"1080\" \/>\n\t<meta property=\"og:image:type\" content=\"image\/png\" \/>\n<meta name=\"twitter:card\" content=\"summary_large_image\" \/>\n<script type=\"application\/ld+json\" class=\"yoast-schema-graph\">{\"@context\":\"https:\/\/schema.org\",\"@graph\":[{\"@type\":\"WebPage\",\"@id\":\"https:\/\/cartechdiagnostic.com\/en\/urun\/autel-maxicharger-ac-wallbox-eu-ac-w7-c5-wh\/\",\"url\":\"https:\/\/cartechdiagnostic.com\/en\/urun\/autel-maxicharger-ac-wallbox-eu-ac-w7-c5-wh\/\",\"name\":\"Autel MaxiCharger AC Wallbox EU AC W7 - C5 - WH - Car-Tech Diagnostic\",\"isPartOf\":{\"@id\":\"https:\/\/www.cartechdiagnostic.com\/en\/#website\"},\"primaryImageOfPage\":{\"@id\":\"https:\/\/cartechdiagnostic.com\/en\/urun\/autel-maxicharger-ac-wallbox-eu-ac-w7-c5-wh\/#primaryimage\"},\"image\":{\"@id\":\"https:\/\/cartechdiagnostic.com\/en\/urun\/autel-maxicharger-ac-wallbox-eu-ac-w7-c5-wh\/#primaryimage\"},\"thumbnailUrl\":\"https:\/\/cartechdiagnostic.com\/wp-content\/uploads\/2024\/02\/Autel-MaxiCharger-AC-Wallbox-EU-AC-W7-C5-WH-4.png\",\"datePublished\":\"2024-02-07T12:52:23+00:00\",\"dateModified\":\"2025-05-31T21:42:27+00:00\",\"breadcrumb\":{\"@id\":\"https:\/\/cartechdiagnostic.com\/en\/urun\/autel-maxicharger-ac-wallbox-eu-ac-w7-c5-wh\/#breadcrumb\"},\"inLanguage\":\"en-US\",\"potentialAction\":[{\"@type\":\"ReadAction\",\"target\":[\"https:\/\/cartechdiagnostic.com\/en\/urun\/autel-maxicharger-ac-wallbox-eu-ac-w7-c5-wh\/\"]}]},{\"@type\":\"ImageObject\",\"inLanguage\":\"en-US\",\"@id\":\"https:\/\/cartechdiagnostic.com\/en\/urun\/autel-maxicharger-ac-wallbox-eu-ac-w7-c5-wh\/#primaryimage\",\"url\":\"https:\/\/cartechdiagnostic.com\/wp-content\/uploads\/2024\/02\/Autel-MaxiCharger-AC-Wallbox-EU-AC-W7-C5-WH-4.png\",\"contentUrl\":\"https:\/\/cartechdiagnostic.com\/wp-content\/uploads\/2024\/02\/Autel-MaxiCharger-AC-Wallbox-EU-AC-W7-C5-WH-4.png\",\"width\":1080,\"height\":1080},{\"@type\":\"BreadcrumbList\",\"@id\":\"https:\/\/cartechdiagnostic.com\/en\/urun\/autel-maxicharger-ac-wallbox-eu-ac-w7-c5-wh\/#breadcrumb\",\"itemListElement\":[{\"@type\":\"ListItem\",\"position\":1,\"name\":\"Anasayfa\",\"item\":\"https:\/\/www.cartechdiagnostic.com\/en\/\"},{\"@type\":\"ListItem\",\"position\":2,\"name\":\"Ma\u011faza\",\"item\":\"https:\/\/www.cartechdiagnostic.com\/magaza\/\"},{\"@type\":\"ListItem\",\"position\":3,\"name\":\"Autel MaxiCharger AC Wallbox EU AC W7 &#8211; C5 &#8211; WH\"}]},{\"@type\":\"WebSite\",\"@id\":\"https:\/\/www.cartechdiagnostic.com\/en\/#website\",\"url\":\"https:\/\/www.cartechdiagnostic.com\/en\/\",\"name\":\"Car-Tech Diagnostic\",\"description\":\"Ar\u0131za Tespit Cihazlar\u0131 - ECU Programlama Cihazlar\u0131\",\"publisher\":{\"@id\":\"https:\/\/www.cartechdiagnostic.com\/en\/#organization\"},\"alternateName\":\"Car-Tech Diag\",\"potentialAction\":[{\"@type\":\"SearchAction\",\"target\":{\"@type\":\"EntryPoint\",\"urlTemplate\":\"https:\/\/www.cartechdiagnostic.com\/en\/?s={search_term_string}\"},\"query-input\":\"required name=search_term_string\"}],\"inLanguage\":\"en-US\"},{\"@type\":\"Organization\",\"@id\":\"https:\/\/www.cartechdiagnostic.com\/en\/#organization\",\"name\":\"Car-Tech Diagnostic Yaz\u0131l\u0131m Ltd. \u015eti.\",\"url\":\"https:\/\/www.cartechdiagnostic.com\/en\/\",\"logo\":{\"@type\":\"ImageObject\",\"inLanguage\":\"en-US\",\"@id\":\"https:\/\/www.cartechdiagnostic.com\/en\/#\/schema\/logo\/image\/\",\"url\":\"https:\/\/cartechdiagnostic.com\/wp-content\/uploads\/2023\/08\/logocartech.png\",\"contentUrl\":\"https:\/\/cartechdiagnostic.com\/wp-content\/uploads\/2023\/08\/logocartech.png\",\"width\":714,\"height\":340,\"caption\":\"Car-Tech Diagnostic Yaz\u0131l\u0131m Ltd. \u015eti.\"},\"image\":{\"@id\":\"https:\/\/www.cartechdiagnostic.com\/en\/#\/schema\/logo\/image\/\"},\"sameAs\":[\"https:\/\/www.instagram.com\/cartechdiagnostic\"]}]}<\/script>\n<!-- \/ Yoast SEO plugin. -->","yoast_head_json":{"title":"Autel MaxiCharger AC Wallbox EU AC W7 - C5 - WH - Car-Tech Diagnostic","robots":{"index":"index","follow":"follow","max-snippet":"max-snippet:-1","max-image-preview":"max-image-preview:large","max-video-preview":"max-video-preview:-1"},"canonical":"https:\/\/cartechdiagnostic.com\/en\/urun\/autel-maxicharger-ac-wallbox-eu-ac-w7-c5-wh\/","og_locale":"en_US","og_type":"article","og_title":"Autel MaxiCharger AC Wallbox EU AC W7 - C5 - WH - Car-Tech Diagnostic","og_description":"Autel MaxiCharger AC Wallbox EU AC W7 - C5 - WH is a special wall box designed for fast and safe charging of electric vehicles. It is compatible with AC sockets in accordance with European standards and has a wide operating voltage range. W7 refers to a maximum power output of 7 kW. C5 indicates a maximum current capacity of 32A, while WH defines other technical specifications. This wall box offers electric vehicle owners easy charging at home or at work. It is very practical to use thanks to its compact design and user-friendly interface. Made of high-quality materials, the MaxiCharger AC Wallbox offers a durable and long-lasting charging solution.","og_url":"https:\/\/cartechdiagnostic.com\/en\/urun\/autel-maxicharger-ac-wallbox-eu-ac-w7-c5-wh\/","og_site_name":"Car-Tech Diagnostic","article_modified_time":"2025-05-31T21:42:27+00:00","og_image":[{"width":1080,"height":1080,"url":"https:\/\/cartechdiagnostic.com\/wp-content\/uploads\/2024\/02\/Autel-MaxiCharger-AC-Wallbox-EU-AC-W7-C5-WH-4.png","type":"image\/png"}],"twitter_card":"summary_large_image","schema":{"@context":"https:\/\/schema.org","@graph":[{"@type":"WebPage","@id":"https:\/\/cartechdiagnostic.com\/en\/urun\/autel-maxicharger-ac-wallbox-eu-ac-w7-c5-wh\/","url":"https:\/\/cartechdiagnostic.com\/en\/urun\/autel-maxicharger-ac-wallbox-eu-ac-w7-c5-wh\/","name":"Autel MaxiCharger AC Wallbox EU AC W7 - C5 - WH - Car-Tech Diagnostic","isPartOf":{"@id":"https:\/\/www.cartechdiagnostic.com\/en\/#website"},"primaryImageOfPage":{"@id":"https:\/\/cartechdiagnostic.com\/en\/urun\/autel-maxicharger-ac-wallbox-eu-ac-w7-c5-wh\/#primaryimage"},"image":{"@id":"https:\/\/cartechdiagnostic.com\/en\/urun\/autel-maxicharger-ac-wallbox-eu-ac-w7-c5-wh\/#primaryimage"},"thumbnailUrl":"https:\/\/cartechdiagnostic.com\/wp-content\/uploads\/2024\/02\/Autel-MaxiCharger-AC-Wallbox-EU-AC-W7-C5-WH-4.png","datePublished":"2024-02-07T12:52:23+00:00","dateModified":"2025-05-31T21:42:27+00:00","breadcrumb":{"@id":"https:\/\/cartechdiagnostic.com\/en\/urun\/autel-maxicharger-ac-wallbox-eu-ac-w7-c5-wh\/#breadcrumb"},"inLanguage":"en-US","potentialAction":[{"@type":"ReadAction","target":["https:\/\/cartechdiagnostic.com\/en\/urun\/autel-maxicharger-ac-wallbox-eu-ac-w7-c5-wh\/"]}]},{"@type":"ImageObject","inLanguage":"en-US","@id":"https:\/\/cartechdiagnostic.com\/en\/urun\/autel-maxicharger-ac-wallbox-eu-ac-w7-c5-wh\/#primaryimage","url":"https:\/\/cartechdiagnostic.com\/wp-content\/uploads\/2024\/02\/Autel-MaxiCharger-AC-Wallbox-EU-AC-W7-C5-WH-4.png","contentUrl":"https:\/\/cartechdiagnostic.com\/wp-content\/uploads\/2024\/02\/Autel-MaxiCharger-AC-Wallbox-EU-AC-W7-C5-WH-4.png","width":1080,"height":1080},{"@type":"BreadcrumbList","@id":"https:\/\/cartechdiagnostic.com\/en\/urun\/autel-maxicharger-ac-wallbox-eu-ac-w7-c5-wh\/#breadcrumb","itemListElement":[{"@type":"ListItem","position":1,"name":"Anasayfa","item":"https:\/\/www.cartechdiagnostic.com\/en\/"},{"@type":"ListItem","position":2,"name":"Ma\u011faza","item":"https:\/\/www.cartechdiagnostic.com\/magaza\/"},{"@type":"ListItem","position":3,"name":"Autel MaxiCharger AC Wallbox EU AC W7 &#8211; C5 &#8211; WH"}]},{"@type":"WebSite","@id":"https:\/\/www.cartechdiagnostic.com\/en\/#website","url":"https:\/\/www.cartechdiagnostic.com\/en\/","name":"Car-Tech Diagnostic","description":"Ar\u0131za Tespit Cihazlar\u0131 - ECU Programlama Cihazlar\u0131","publisher":{"@id":"https:\/\/www.cartechdiagnostic.com\/en\/#organization"},"alternateName":"Car-Tech Diag","potentialAction":[{"@type":"SearchAction","target":{"@type":"EntryPoint","urlTemplate":"https:\/\/www.cartechdiagnostic.com\/en\/?s={search_term_string}"},"query-input":"required name=search_term_string"}],"inLanguage":"en-US"},{"@type":"Organization","@id":"https:\/\/www.cartechdiagnostic.com\/en\/#organization","name":"Car-Tech Diagnostic Yaz\u0131l\u0131m Ltd. \u015eti.","url":"https:\/\/www.cartechdiagnostic.com\/en\/","logo":{"@type":"ImageObject","inLanguage":"en-US","@id":"https:\/\/www.cartechdiagnostic.com\/en\/#\/schema\/logo\/image\/","url":"https:\/\/cartechdiagnostic.com\/wp-content\/uploads\/2023\/08\/logocartech.png","contentUrl":"https:\/\/cartechdiagnostic.com\/wp-content\/uploads\/2023\/08\/logocartech.png","width":714,"height":340,"caption":"Car-Tech Diagnostic Yaz\u0131l\u0131m Ltd. \u015eti."},"image":{"@id":"https:\/\/www.cartechdiagnostic.com\/en\/#\/schema\/logo\/image\/"},"sameAs":["https:\/\/www.instagram.com\/cartechdiagnostic"]}]}},"_links":{"self":[{"href":"https:\/\/cartechdiagnostic.com\/en\/wp-json\/wp\/v2\/product\/18629","targetHints":{"allow":["GET"]}}],"collection":[{"href":"https:\/\/cartechdiagnostic.com\/en\/wp-json\/wp\/v2\/product"}],"about":[{"href":"https:\/\/cartechdiagnostic.com\/en\/wp-json\/wp\/v2\/types\/product"}],"replies":[{"embeddable":true,"href":"https:\/\/cartechdiagnostic.com\/en\/wp-json\/wp\/v2\/comments?post=18629"}],"version-history":[{"count":0,"href":"https:\/\/cartechdiagnostic.com\/en\/wp-json\/wp\/v2\/product\/18629\/revisions"}],"wp:featuredmedia":[{"embeddable":true,"href":"https:\/\/cartechdiagnostic.com\/en\/wp-json\/wp\/v2\/media\/16428"}],"wp:attachment":[{"href":"https:\/\/cartechdiagnostic.com\/en\/wp-json\/wp\/v2\/media?parent=18629"}],"wp:term":[{"taxonomy":"product_brand","embeddable":true,"href":"https:\/\/cartechdiagnostic.com\/en\/wp-json\/wp\/v2\/product_brand?post=18629"},{"taxonomy":"product_cat","embeddable":true,"href":"https:\/\/cartechdiagnostic.com\/en\/wp-json\/wp\/v2\/product_cat?post=18629"},{"taxonomy":"product_tag","embeddable":true,"href":"https:\/\/cartechdiagnostic.com\/en\/wp-json\/wp\/v2\/product_tag?post=18629"}],"curies":[{"name":"wp","href":"https:\/\/api.w.org\/{rel}","templated":true}]}}