{"id":18637,"date":"2024-02-07T15:40:54","date_gmt":"2024-02-07T12:40:54","guid":{"rendered":"https:\/urun\/autel-chrysler-128-cable-adaptor\/"},"modified":"2025-05-30T20:16:46","modified_gmt":"2025-05-30T17:16:46","slug":"autel-chrysler-128-cable-adaptor","status":"publish","type":"product","link":"https:\/\/cartechdiagnostic.com\/en\/urun\/autel-chrysler-128-cable-adaptor\/","title":{"rendered":"Autel Chrysler 12+8 Cable Adapter"},"content":{"rendered":"","protected":false},"excerpt":{"rendered":"<p>Autel Chrysler 12+8 Cable Adapter is an adapter specially designed for diagnostic and programming operations of Chrysler vehicles. This adapter provides integration with Autel diagnostic devices by connecting to the 12+8 pin diagnostic port on Chrysler brand vehicles. The 12+8-pin diagnostic port on Chrysler vehicles supports a communication protocol specifically used on new generation Chrysler models. The Autel Chrysler 12+8 Cable Adapter works in accordance with this special communication protocol and performs diagnostics and programming of vehicles quickly and accurately. This adapter enables comprehensive diagnostics of the electronic systems in Chrysler vehicles. It makes it possible to diagnose the engine, transmission, ABS, airbags and other systems. It also supports advanced operations such as software updates of vehicles and the use of special functions. The Autel Chrysler 12+8 Cable Adapter is an indispensable tool for automotive professionals and mechanics who want to perform diagnostics and programming on Chrysler vehicles. It is characterized by reliability, compatibility and ease of use, making maintenance and repair of Chrysler vehicles more efficient.        <\/p>\n","protected":false},"featured_media":16409,"comment_status":"open","ping_status":"closed","template":"","meta":{"_joinchat":[]},"product_brand":[],"product_cat":[1344,1358],"product_tag":[],"class_list":{"0":"post-18637","1":"product","2":"type-product","3":"status-publish","4":"has-post-thumbnail","6":"product_cat-autel-en","7":"product_cat-cables","9":"first","10":"instock","11":"sale","12":"shipping-taxable","13":"purchasable","14":"product-type-simple"},"yoast_head":"<!-- This site is optimized with the Yoast SEO plugin v22.8 - https:\/\/yoast.com\/wordpress\/plugins\/seo\/ -->\n<title>Autel Chrysler 12+8 Cable Adapter - Car-Tech Diagnostic<\/title>\n<meta name=\"robots\" content=\"index, follow, max-snippet:-1, max-image-preview:large, max-video-preview:-1\" \/>\n<link rel=\"canonical\" href=\"https:\/\/cartechdiagnostic.com\/en\/urun\/autel-chrysler-128-cable-adaptor\/\" \/>\n<meta property=\"og:locale\" content=\"en_US\" \/>\n<meta property=\"og:type\" content=\"article\" \/>\n<meta property=\"og:title\" content=\"Autel Chrysler 12+8 Cable Adapter - Car-Tech Diagnostic\" \/>\n<meta property=\"og:description\" content=\"Autel Chrysler 12+8 Cable Adapter is an adapter specially designed for diagnostic and programming operations of Chrysler vehicles. This adapter provides integration with Autel diagnostic devices by connecting to the 12+8 pin diagnostic port on Chrysler brand vehicles. The 12+8-pin diagnostic port on Chrysler vehicles supports a communication protocol specifically used on new generation Chrysler models. The Autel Chrysler 12+8 Cable Adapter works in accordance with this special communication protocol and performs diagnostics and programming of vehicles quickly and accurately. This adapter enables comprehensive diagnostics of the electronic systems in Chrysler vehicles. It makes it possible to diagnose the engine, transmission, ABS, airbags and other systems. It also supports advanced operations such as software updates of vehicles and the use of special functions. The Autel Chrysler 12+8 Cable Adapter is an indispensable tool for automotive professionals and mechanics who want to perform diagnostics and programming on Chrysler vehicles. It is characterized by reliability, compatibility and ease of use, making maintenance and repair of Chrysler vehicles more efficient.\" \/>\n<meta property=\"og:url\" content=\"https:\/\/cartechdiagnostic.com\/en\/urun\/autel-chrysler-128-cable-adaptor\/\" \/>\n<meta property=\"og:site_name\" content=\"Car-Tech Diagnostic\" \/>\n<meta property=\"article:modified_time\" content=\"2025-05-30T17:16:46+00:00\" \/>\n<meta property=\"og:image\" content=\"https:\/\/cartechdiagnostic.com\/wp-content\/uploads\/2024\/02\/Autel-Chrysler-128-Kablo-AdaptirA-3.png\" \/>\n\t<meta property=\"og:image:width\" content=\"1080\" \/>\n\t<meta property=\"og:image:height\" content=\"1080\" \/>\n\t<meta property=\"og:image:type\" content=\"image\/png\" \/>\n<meta name=\"twitter:card\" content=\"summary_large_image\" \/>\n<script type=\"application\/ld+json\" class=\"yoast-schema-graph\">{\"@context\":\"https:\/\/schema.org\",\"@graph\":[{\"@type\":\"WebPage\",\"@id\":\"https:\/\/cartechdiagnostic.com\/en\/urun\/autel-chrysler-128-cable-adaptor\/\",\"url\":\"https:\/\/cartechdiagnostic.com\/en\/urun\/autel-chrysler-128-cable-adaptor\/\",\"name\":\"Autel Chrysler 12+8 Cable Adapter - Car-Tech Diagnostic\",\"isPartOf\":{\"@id\":\"https:\/\/www.cartechdiagnostic.com\/en\/#website\"},\"primaryImageOfPage\":{\"@id\":\"https:\/\/cartechdiagnostic.com\/en\/urun\/autel-chrysler-128-cable-adaptor\/#primaryimage\"},\"image\":{\"@id\":\"https:\/\/cartechdiagnostic.com\/en\/urun\/autel-chrysler-128-cable-adaptor\/#primaryimage\"},\"thumbnailUrl\":\"https:\/\/cartechdiagnostic.com\/wp-content\/uploads\/2024\/02\/Autel-Chrysler-128-Kablo-AdaptirA-3.png\",\"datePublished\":\"2024-02-07T12:40:54+00:00\",\"dateModified\":\"2025-05-30T17:16:46+00:00\",\"breadcrumb\":{\"@id\":\"https:\/\/cartechdiagnostic.com\/en\/urun\/autel-chrysler-128-cable-adaptor\/#breadcrumb\"},\"inLanguage\":\"en-US\",\"potentialAction\":[{\"@type\":\"ReadAction\",\"target\":[\"https:\/\/cartechdiagnostic.com\/en\/urun\/autel-chrysler-128-cable-adaptor\/\"]}]},{\"@type\":\"ImageObject\",\"inLanguage\":\"en-US\",\"@id\":\"https:\/\/cartechdiagnostic.com\/en\/urun\/autel-chrysler-128-cable-adaptor\/#primaryimage\",\"url\":\"https:\/\/cartechdiagnostic.com\/wp-content\/uploads\/2024\/02\/Autel-Chrysler-128-Kablo-AdaptirA-3.png\",\"contentUrl\":\"https:\/\/cartechdiagnostic.com\/wp-content\/uploads\/2024\/02\/Autel-Chrysler-128-Kablo-AdaptirA-3.png\",\"width\":1080,\"height\":1080},{\"@type\":\"BreadcrumbList\",\"@id\":\"https:\/\/cartechdiagnostic.com\/en\/urun\/autel-chrysler-128-cable-adaptor\/#breadcrumb\",\"itemListElement\":[{\"@type\":\"ListItem\",\"position\":1,\"name\":\"Anasayfa\",\"item\":\"https:\/\/www.cartechdiagnostic.com\/en\/\"},{\"@type\":\"ListItem\",\"position\":2,\"name\":\"Ma\u011faza\",\"item\":\"https:\/\/www.cartechdiagnostic.com\/magaza\/\"},{\"@type\":\"ListItem\",\"position\":3,\"name\":\"Autel Chrysler 12+8 Cable Adapter\"}]},{\"@type\":\"WebSite\",\"@id\":\"https:\/\/www.cartechdiagnostic.com\/en\/#website\",\"url\":\"https:\/\/www.cartechdiagnostic.com\/en\/\",\"name\":\"Car-Tech Diagnostic\",\"description\":\"Ar\u0131za Tespit Cihazlar\u0131 - ECU Programlama Cihazlar\u0131\",\"publisher\":{\"@id\":\"https:\/\/www.cartechdiagnostic.com\/en\/#organization\"},\"alternateName\":\"Car-Tech Diag\",\"potentialAction\":[{\"@type\":\"SearchAction\",\"target\":{\"@type\":\"EntryPoint\",\"urlTemplate\":\"https:\/\/www.cartechdiagnostic.com\/en\/?s={search_term_string}\"},\"query-input\":\"required name=search_term_string\"}],\"inLanguage\":\"en-US\"},{\"@type\":\"Organization\",\"@id\":\"https:\/\/www.cartechdiagnostic.com\/en\/#organization\",\"name\":\"Car-Tech Diagnostic Yaz\u0131l\u0131m Ltd. \u015eti.\",\"url\":\"https:\/\/www.cartechdiagnostic.com\/en\/\",\"logo\":{\"@type\":\"ImageObject\",\"inLanguage\":\"en-US\",\"@id\":\"https:\/\/www.cartechdiagnostic.com\/en\/#\/schema\/logo\/image\/\",\"url\":\"https:\/\/cartechdiagnostic.com\/wp-content\/uploads\/2023\/08\/logocartech.png\",\"contentUrl\":\"https:\/\/cartechdiagnostic.com\/wp-content\/uploads\/2023\/08\/logocartech.png\",\"width\":714,\"height\":340,\"caption\":\"Car-Tech Diagnostic Yaz\u0131l\u0131m Ltd. \u015eti.\"},\"image\":{\"@id\":\"https:\/\/www.cartechdiagnostic.com\/en\/#\/schema\/logo\/image\/\"},\"sameAs\":[\"https:\/\/www.instagram.com\/cartechdiagnostic\"]}]}<\/script>\n<!-- \/ Yoast SEO plugin. -->","yoast_head_json":{"title":"Autel Chrysler 12+8 Cable Adapter - Car-Tech Diagnostic","robots":{"index":"index","follow":"follow","max-snippet":"max-snippet:-1","max-image-preview":"max-image-preview:large","max-video-preview":"max-video-preview:-1"},"canonical":"https:\/\/cartechdiagnostic.com\/en\/urun\/autel-chrysler-128-cable-adaptor\/","og_locale":"en_US","og_type":"article","og_title":"Autel Chrysler 12+8 Cable Adapter - Car-Tech Diagnostic","og_description":"Autel Chrysler 12+8 Cable Adapter is an adapter specially designed for diagnostic and programming operations of Chrysler vehicles. This adapter provides integration with Autel diagnostic devices by connecting to the 12+8 pin diagnostic port on Chrysler brand vehicles. The 12+8-pin diagnostic port on Chrysler vehicles supports a communication protocol specifically used on new generation Chrysler models. The Autel Chrysler 12+8 Cable Adapter works in accordance with this special communication protocol and performs diagnostics and programming of vehicles quickly and accurately. This adapter enables comprehensive diagnostics of the electronic systems in Chrysler vehicles. It makes it possible to diagnose the engine, transmission, ABS, airbags and other systems. It also supports advanced operations such as software updates of vehicles and the use of special functions. The Autel Chrysler 12+8 Cable Adapter is an indispensable tool for automotive professionals and mechanics who want to perform diagnostics and programming on Chrysler vehicles. It is characterized by reliability, compatibility and ease of use, making maintenance and repair of Chrysler vehicles more efficient.","og_url":"https:\/\/cartechdiagnostic.com\/en\/urun\/autel-chrysler-128-cable-adaptor\/","og_site_name":"Car-Tech Diagnostic","article_modified_time":"2025-05-30T17:16:46+00:00","og_image":[{"width":1080,"height":1080,"url":"https:\/\/cartechdiagnostic.com\/wp-content\/uploads\/2024\/02\/Autel-Chrysler-128-Kablo-AdaptirA-3.png","type":"image\/png"}],"twitter_card":"summary_large_image","schema":{"@context":"https:\/\/schema.org","@graph":[{"@type":"WebPage","@id":"https:\/\/cartechdiagnostic.com\/en\/urun\/autel-chrysler-128-cable-adaptor\/","url":"https:\/\/cartechdiagnostic.com\/en\/urun\/autel-chrysler-128-cable-adaptor\/","name":"Autel Chrysler 12+8 Cable Adapter - Car-Tech Diagnostic","isPartOf":{"@id":"https:\/\/www.cartechdiagnostic.com\/en\/#website"},"primaryImageOfPage":{"@id":"https:\/\/cartechdiagnostic.com\/en\/urun\/autel-chrysler-128-cable-adaptor\/#primaryimage"},"image":{"@id":"https:\/\/cartechdiagnostic.com\/en\/urun\/autel-chrysler-128-cable-adaptor\/#primaryimage"},"thumbnailUrl":"https:\/\/cartechdiagnostic.com\/wp-content\/uploads\/2024\/02\/Autel-Chrysler-128-Kablo-AdaptirA-3.png","datePublished":"2024-02-07T12:40:54+00:00","dateModified":"2025-05-30T17:16:46+00:00","breadcrumb":{"@id":"https:\/\/cartechdiagnostic.com\/en\/urun\/autel-chrysler-128-cable-adaptor\/#breadcrumb"},"inLanguage":"en-US","potentialAction":[{"@type":"ReadAction","target":["https:\/\/cartechdiagnostic.com\/en\/urun\/autel-chrysler-128-cable-adaptor\/"]}]},{"@type":"ImageObject","inLanguage":"en-US","@id":"https:\/\/cartechdiagnostic.com\/en\/urun\/autel-chrysler-128-cable-adaptor\/#primaryimage","url":"https:\/\/cartechdiagnostic.com\/wp-content\/uploads\/2024\/02\/Autel-Chrysler-128-Kablo-AdaptirA-3.png","contentUrl":"https:\/\/cartechdiagnostic.com\/wp-content\/uploads\/2024\/02\/Autel-Chrysler-128-Kablo-AdaptirA-3.png","width":1080,"height":1080},{"@type":"BreadcrumbList","@id":"https:\/\/cartechdiagnostic.com\/en\/urun\/autel-chrysler-128-cable-adaptor\/#breadcrumb","itemListElement":[{"@type":"ListItem","position":1,"name":"Anasayfa","item":"https:\/\/www.cartechdiagnostic.com\/en\/"},{"@type":"ListItem","position":2,"name":"Ma\u011faza","item":"https:\/\/www.cartechdiagnostic.com\/magaza\/"},{"@type":"ListItem","position":3,"name":"Autel Chrysler 12+8 Cable Adapter"}]},{"@type":"WebSite","@id":"https:\/\/www.cartechdiagnostic.com\/en\/#website","url":"https:\/\/www.cartechdiagnostic.com\/en\/","name":"Car-Tech Diagnostic","description":"Ar\u0131za Tespit Cihazlar\u0131 - ECU Programlama Cihazlar\u0131","publisher":{"@id":"https:\/\/www.cartechdiagnostic.com\/en\/#organization"},"alternateName":"Car-Tech Diag","potentialAction":[{"@type":"SearchAction","target":{"@type":"EntryPoint","urlTemplate":"https:\/\/www.cartechdiagnostic.com\/en\/?s={search_term_string}"},"query-input":"required name=search_term_string"}],"inLanguage":"en-US"},{"@type":"Organization","@id":"https:\/\/www.cartechdiagnostic.com\/en\/#organization","name":"Car-Tech Diagnostic Yaz\u0131l\u0131m Ltd. \u015eti.","url":"https:\/\/www.cartechdiagnostic.com\/en\/","logo":{"@type":"ImageObject","inLanguage":"en-US","@id":"https:\/\/www.cartechdiagnostic.com\/en\/#\/schema\/logo\/image\/","url":"https:\/\/cartechdiagnostic.com\/wp-content\/uploads\/2023\/08\/logocartech.png","contentUrl":"https:\/\/cartechdiagnostic.com\/wp-content\/uploads\/2023\/08\/logocartech.png","width":714,"height":340,"caption":"Car-Tech Diagnostic Yaz\u0131l\u0131m Ltd. \u015eti."},"image":{"@id":"https:\/\/www.cartechdiagnostic.com\/en\/#\/schema\/logo\/image\/"},"sameAs":["https:\/\/www.instagram.com\/cartechdiagnostic"]}]}},"_links":{"self":[{"href":"https:\/\/cartechdiagnostic.com\/en\/wp-json\/wp\/v2\/product\/18637","targetHints":{"allow":["GET"]}}],"collection":[{"href":"https:\/\/cartechdiagnostic.com\/en\/wp-json\/wp\/v2\/product"}],"about":[{"href":"https:\/\/cartechdiagnostic.com\/en\/wp-json\/wp\/v2\/types\/product"}],"replies":[{"embeddable":true,"href":"https:\/\/cartechdiagnostic.com\/en\/wp-json\/wp\/v2\/comments?post=18637"}],"version-history":[{"count":0,"href":"https:\/\/cartechdiagnostic.com\/en\/wp-json\/wp\/v2\/product\/18637\/revisions"}],"wp:featuredmedia":[{"embeddable":true,"href":"https:\/\/cartechdiagnostic.com\/en\/wp-json\/wp\/v2\/media\/16409"}],"wp:attachment":[{"href":"https:\/\/cartechdiagnostic.com\/en\/wp-json\/wp\/v2\/media?parent=18637"}],"wp:term":[{"taxonomy":"product_brand","embeddable":true,"href":"https:\/\/cartechdiagnostic.com\/en\/wp-json\/wp\/v2\/product_brand?post=18637"},{"taxonomy":"product_cat","embeddable":true,"href":"https:\/\/cartechdiagnostic.com\/en\/wp-json\/wp\/v2\/product_cat?post=18637"},{"taxonomy":"product_tag","embeddable":true,"href":"https:\/\/cartechdiagnostic.com\/en\/wp-json\/wp\/v2\/product_tag?post=18637"}],"curies":[{"name":"wp","href":"https:\/\/api.w.org\/{rel}","templated":true}]}}