{"id":18638,"date":"2024-02-07T15:39:38","date_gmt":"2024-02-07T12:39:38","guid":{"rendered":"https:\/urun\/autel-apb112-toyota-akilli-anahtar-simulatoru\/"},"modified":"2024-02-07T15:39:38","modified_gmt":"2024-02-07T12:39:38","slug":"autel-apb112-toyota-akilli-anahtar-simulatoru","status":"publish","type":"product","link":"https:\/\/cartechdiagnostic.com\/en\/urun\/autel-apb112-toyota-akilli-anahtar-simulatoru\/","title":{"rendered":"Autel APB112 Toyota Smart Key Simulator"},"content":{"rendered":"","protected":false},"excerpt":{"rendered":"<p>Sure, here is a description text about Autel APB112 Toyota Smart Key Simulator: &#8212; Autel APB112 is a simulator device designed for programming and regenerating smart keys of Toyota vehicles. This compact and user-friendly device allows car repairers and key programmers to perform various operations related to the keys of Toyota vehicles. APB112 enables the identification and programming of smart keys for various models of Toyota. This simplifies the operations required to generate new ones to replace lost or broken keys. It also enables quick and secure programming of keys, saving time and labor. The device is equipped with a user-friendly interface and offers step-by-step instructions, so users can complete operations more easily and quickly. Furthermore, the portability of the APB112 allows users to use this device anywhere, making it an ideal solution for professionals performing field work. The Autel APB112 is a tool that simplifies key programming operations for Toyota vehicle owners with its reliability, ease of use and functionality. This device is an indispensable tool for professionals in the automotive industry, making key programming operations more efficient.        <\/p>\n","protected":false},"featured_media":16406,"comment_status":"open","ping_status":"closed","template":"","meta":{"_joinchat":[]},"product_brand":[],"product_cat":[1344,1346],"product_tag":[],"class_list":{"0":"post-18638","1":"product","2":"type-product","3":"status-publish","4":"has-post-thumbnail","6":"product_cat-autel-en","7":"product_cat-key-programming-devices","9":"first","10":"instock","11":"sale","12":"shipping-taxable","13":"purchasable","14":"product-type-simple"},"yoast_head":"<!-- This site is optimized with the Yoast SEO plugin v22.8 - https:\/\/yoast.com\/wordpress\/plugins\/seo\/ -->\n<title>Autel APB112 Toyota Smart Key Simulator - Car-Tech Diagnostic<\/title>\n<meta name=\"robots\" content=\"index, follow, max-snippet:-1, max-image-preview:large, max-video-preview:-1\" \/>\n<link rel=\"canonical\" href=\"https:\/\/cartechdiagnostic.com\/en\/urun\/autel-apb112-toyota-akilli-anahtar-simulatoru\/\" \/>\n<meta property=\"og:locale\" content=\"en_US\" \/>\n<meta property=\"og:type\" content=\"article\" \/>\n<meta property=\"og:title\" content=\"Autel APB112 Toyota Smart Key Simulator - Car-Tech Diagnostic\" \/>\n<meta property=\"og:description\" content=\"Sure, here is a description text about Autel APB112 Toyota Smart Key Simulator: --- Autel APB112 is a simulator device designed for programming and regenerating smart keys of Toyota vehicles. This compact and user-friendly device allows car repairers and key programmers to perform various operations related to the keys of Toyota vehicles. APB112 enables the identification and programming of smart keys for various models of Toyota. This simplifies the operations required to generate new ones to replace lost or broken keys. It also enables quick and secure programming of keys, saving time and labor. The device is equipped with a user-friendly interface and offers step-by-step instructions, so users can complete operations more easily and quickly. Furthermore, the portability of the APB112 allows users to use this device anywhere, making it an ideal solution for professionals performing field work. The Autel APB112 is a tool that simplifies key programming operations for Toyota vehicle owners with its reliability, ease of use and functionality. This device is an indispensable tool for professionals in the automotive industry, making key programming operations more efficient.\" \/>\n<meta property=\"og:url\" content=\"https:\/\/cartechdiagnostic.com\/en\/urun\/autel-apb112-toyota-akilli-anahtar-simulatoru\/\" \/>\n<meta property=\"og:site_name\" content=\"Car-Tech Diagnostic\" \/>\n<meta property=\"og:image\" content=\"https:\/\/cartechdiagnostic.com\/wp-content\/uploads\/2024\/02\/Autel-APB112-Toyota-Akcllc-Anahtar-SimAlatirA-EmAlatirA-2.png\" \/>\n\t<meta property=\"og:image:width\" content=\"1080\" \/>\n\t<meta property=\"og:image:height\" content=\"1080\" \/>\n\t<meta property=\"og:image:type\" content=\"image\/png\" \/>\n<meta name=\"twitter:card\" content=\"summary_large_image\" \/>\n<script type=\"application\/ld+json\" class=\"yoast-schema-graph\">{\"@context\":\"https:\/\/schema.org\",\"@graph\":[{\"@type\":\"WebPage\",\"@id\":\"https:\/\/cartechdiagnostic.com\/en\/urun\/autel-apb112-toyota-akilli-anahtar-simulatoru\/\",\"url\":\"https:\/\/cartechdiagnostic.com\/en\/urun\/autel-apb112-toyota-akilli-anahtar-simulatoru\/\",\"name\":\"Autel APB112 Toyota Smart Key Simulator - Car-Tech Diagnostic\",\"isPartOf\":{\"@id\":\"https:\/\/www.cartechdiagnostic.com\/en\/#website\"},\"primaryImageOfPage\":{\"@id\":\"https:\/\/cartechdiagnostic.com\/en\/urun\/autel-apb112-toyota-akilli-anahtar-simulatoru\/#primaryimage\"},\"image\":{\"@id\":\"https:\/\/cartechdiagnostic.com\/en\/urun\/autel-apb112-toyota-akilli-anahtar-simulatoru\/#primaryimage\"},\"thumbnailUrl\":\"https:\/\/cartechdiagnostic.com\/wp-content\/uploads\/2024\/02\/Autel-APB112-Toyota-Akcllc-Anahtar-SimAlatirA-EmAlatirA-2.png\",\"datePublished\":\"2024-02-07T12:39:38+00:00\",\"dateModified\":\"2024-02-07T12:39:38+00:00\",\"breadcrumb\":{\"@id\":\"https:\/\/cartechdiagnostic.com\/en\/urun\/autel-apb112-toyota-akilli-anahtar-simulatoru\/#breadcrumb\"},\"inLanguage\":\"en-US\",\"potentialAction\":[{\"@type\":\"ReadAction\",\"target\":[\"https:\/\/cartechdiagnostic.com\/en\/urun\/autel-apb112-toyota-akilli-anahtar-simulatoru\/\"]}]},{\"@type\":\"ImageObject\",\"inLanguage\":\"en-US\",\"@id\":\"https:\/\/cartechdiagnostic.com\/en\/urun\/autel-apb112-toyota-akilli-anahtar-simulatoru\/#primaryimage\",\"url\":\"https:\/\/cartechdiagnostic.com\/wp-content\/uploads\/2024\/02\/Autel-APB112-Toyota-Akcllc-Anahtar-SimAlatirA-EmAlatirA-2.png\",\"contentUrl\":\"https:\/\/cartechdiagnostic.com\/wp-content\/uploads\/2024\/02\/Autel-APB112-Toyota-Akcllc-Anahtar-SimAlatirA-EmAlatirA-2.png\",\"width\":1080,\"height\":1080},{\"@type\":\"BreadcrumbList\",\"@id\":\"https:\/\/cartechdiagnostic.com\/en\/urun\/autel-apb112-toyota-akilli-anahtar-simulatoru\/#breadcrumb\",\"itemListElement\":[{\"@type\":\"ListItem\",\"position\":1,\"name\":\"Anasayfa\",\"item\":\"https:\/\/www.cartechdiagnostic.com\/en\/\"},{\"@type\":\"ListItem\",\"position\":2,\"name\":\"Ma\u011faza\",\"item\":\"https:\/\/www.cartechdiagnostic.com\/magaza\/\"},{\"@type\":\"ListItem\",\"position\":3,\"name\":\"Autel APB112 Toyota Smart Key Simulator\"}]},{\"@type\":\"WebSite\",\"@id\":\"https:\/\/www.cartechdiagnostic.com\/en\/#website\",\"url\":\"https:\/\/www.cartechdiagnostic.com\/en\/\",\"name\":\"Car-Tech Diagnostic\",\"description\":\"Ar\u0131za Tespit Cihazlar\u0131 - ECU Programlama Cihazlar\u0131\",\"publisher\":{\"@id\":\"https:\/\/www.cartechdiagnostic.com\/en\/#organization\"},\"alternateName\":\"Car-Tech Diag\",\"potentialAction\":[{\"@type\":\"SearchAction\",\"target\":{\"@type\":\"EntryPoint\",\"urlTemplate\":\"https:\/\/www.cartechdiagnostic.com\/en\/?s={search_term_string}\"},\"query-input\":\"required name=search_term_string\"}],\"inLanguage\":\"en-US\"},{\"@type\":\"Organization\",\"@id\":\"https:\/\/www.cartechdiagnostic.com\/en\/#organization\",\"name\":\"Car-Tech Diagnostic Yaz\u0131l\u0131m Ltd. \u015eti.\",\"url\":\"https:\/\/www.cartechdiagnostic.com\/en\/\",\"logo\":{\"@type\":\"ImageObject\",\"inLanguage\":\"en-US\",\"@id\":\"https:\/\/www.cartechdiagnostic.com\/en\/#\/schema\/logo\/image\/\",\"url\":\"https:\/\/cartechdiagnostic.com\/wp-content\/uploads\/2023\/08\/logocartech.png\",\"contentUrl\":\"https:\/\/cartechdiagnostic.com\/wp-content\/uploads\/2023\/08\/logocartech.png\",\"width\":714,\"height\":340,\"caption\":\"Car-Tech Diagnostic Yaz\u0131l\u0131m Ltd. \u015eti.\"},\"image\":{\"@id\":\"https:\/\/www.cartechdiagnostic.com\/en\/#\/schema\/logo\/image\/\"},\"sameAs\":[\"https:\/\/www.instagram.com\/cartechdiagnostic\"]}]}<\/script>\n<!-- \/ Yoast SEO plugin. -->","yoast_head_json":{"title":"Autel APB112 Toyota Smart Key Simulator - Car-Tech Diagnostic","robots":{"index":"index","follow":"follow","max-snippet":"max-snippet:-1","max-image-preview":"max-image-preview:large","max-video-preview":"max-video-preview:-1"},"canonical":"https:\/\/cartechdiagnostic.com\/en\/urun\/autel-apb112-toyota-akilli-anahtar-simulatoru\/","og_locale":"en_US","og_type":"article","og_title":"Autel APB112 Toyota Smart Key Simulator - Car-Tech Diagnostic","og_description":"Sure, here is a description text about Autel APB112 Toyota Smart Key Simulator: --- Autel APB112 is a simulator device designed for programming and regenerating smart keys of Toyota vehicles. This compact and user-friendly device allows car repairers and key programmers to perform various operations related to the keys of Toyota vehicles. APB112 enables the identification and programming of smart keys for various models of Toyota. This simplifies the operations required to generate new ones to replace lost or broken keys. It also enables quick and secure programming of keys, saving time and labor. The device is equipped with a user-friendly interface and offers step-by-step instructions, so users can complete operations more easily and quickly. Furthermore, the portability of the APB112 allows users to use this device anywhere, making it an ideal solution for professionals performing field work. The Autel APB112 is a tool that simplifies key programming operations for Toyota vehicle owners with its reliability, ease of use and functionality. This device is an indispensable tool for professionals in the automotive industry, making key programming operations more efficient.","og_url":"https:\/\/cartechdiagnostic.com\/en\/urun\/autel-apb112-toyota-akilli-anahtar-simulatoru\/","og_site_name":"Car-Tech Diagnostic","og_image":[{"width":1080,"height":1080,"url":"https:\/\/cartechdiagnostic.com\/wp-content\/uploads\/2024\/02\/Autel-APB112-Toyota-Akcllc-Anahtar-SimAlatirA-EmAlatirA-2.png","type":"image\/png"}],"twitter_card":"summary_large_image","schema":{"@context":"https:\/\/schema.org","@graph":[{"@type":"WebPage","@id":"https:\/\/cartechdiagnostic.com\/en\/urun\/autel-apb112-toyota-akilli-anahtar-simulatoru\/","url":"https:\/\/cartechdiagnostic.com\/en\/urun\/autel-apb112-toyota-akilli-anahtar-simulatoru\/","name":"Autel APB112 Toyota Smart Key Simulator - Car-Tech Diagnostic","isPartOf":{"@id":"https:\/\/www.cartechdiagnostic.com\/en\/#website"},"primaryImageOfPage":{"@id":"https:\/\/cartechdiagnostic.com\/en\/urun\/autel-apb112-toyota-akilli-anahtar-simulatoru\/#primaryimage"},"image":{"@id":"https:\/\/cartechdiagnostic.com\/en\/urun\/autel-apb112-toyota-akilli-anahtar-simulatoru\/#primaryimage"},"thumbnailUrl":"https:\/\/cartechdiagnostic.com\/wp-content\/uploads\/2024\/02\/Autel-APB112-Toyota-Akcllc-Anahtar-SimAlatirA-EmAlatirA-2.png","datePublished":"2024-02-07T12:39:38+00:00","dateModified":"2024-02-07T12:39:38+00:00","breadcrumb":{"@id":"https:\/\/cartechdiagnostic.com\/en\/urun\/autel-apb112-toyota-akilli-anahtar-simulatoru\/#breadcrumb"},"inLanguage":"en-US","potentialAction":[{"@type":"ReadAction","target":["https:\/\/cartechdiagnostic.com\/en\/urun\/autel-apb112-toyota-akilli-anahtar-simulatoru\/"]}]},{"@type":"ImageObject","inLanguage":"en-US","@id":"https:\/\/cartechdiagnostic.com\/en\/urun\/autel-apb112-toyota-akilli-anahtar-simulatoru\/#primaryimage","url":"https:\/\/cartechdiagnostic.com\/wp-content\/uploads\/2024\/02\/Autel-APB112-Toyota-Akcllc-Anahtar-SimAlatirA-EmAlatirA-2.png","contentUrl":"https:\/\/cartechdiagnostic.com\/wp-content\/uploads\/2024\/02\/Autel-APB112-Toyota-Akcllc-Anahtar-SimAlatirA-EmAlatirA-2.png","width":1080,"height":1080},{"@type":"BreadcrumbList","@id":"https:\/\/cartechdiagnostic.com\/en\/urun\/autel-apb112-toyota-akilli-anahtar-simulatoru\/#breadcrumb","itemListElement":[{"@type":"ListItem","position":1,"name":"Anasayfa","item":"https:\/\/www.cartechdiagnostic.com\/en\/"},{"@type":"ListItem","position":2,"name":"Ma\u011faza","item":"https:\/\/www.cartechdiagnostic.com\/magaza\/"},{"@type":"ListItem","position":3,"name":"Autel APB112 Toyota Smart Key Simulator"}]},{"@type":"WebSite","@id":"https:\/\/www.cartechdiagnostic.com\/en\/#website","url":"https:\/\/www.cartechdiagnostic.com\/en\/","name":"Car-Tech Diagnostic","description":"Ar\u0131za Tespit Cihazlar\u0131 - ECU Programlama Cihazlar\u0131","publisher":{"@id":"https:\/\/www.cartechdiagnostic.com\/en\/#organization"},"alternateName":"Car-Tech Diag","potentialAction":[{"@type":"SearchAction","target":{"@type":"EntryPoint","urlTemplate":"https:\/\/www.cartechdiagnostic.com\/en\/?s={search_term_string}"},"query-input":"required name=search_term_string"}],"inLanguage":"en-US"},{"@type":"Organization","@id":"https:\/\/www.cartechdiagnostic.com\/en\/#organization","name":"Car-Tech Diagnostic Yaz\u0131l\u0131m Ltd. \u015eti.","url":"https:\/\/www.cartechdiagnostic.com\/en\/","logo":{"@type":"ImageObject","inLanguage":"en-US","@id":"https:\/\/www.cartechdiagnostic.com\/en\/#\/schema\/logo\/image\/","url":"https:\/\/cartechdiagnostic.com\/wp-content\/uploads\/2023\/08\/logocartech.png","contentUrl":"https:\/\/cartechdiagnostic.com\/wp-content\/uploads\/2023\/08\/logocartech.png","width":714,"height":340,"caption":"Car-Tech Diagnostic Yaz\u0131l\u0131m Ltd. \u015eti."},"image":{"@id":"https:\/\/www.cartechdiagnostic.com\/en\/#\/schema\/logo\/image\/"},"sameAs":["https:\/\/www.instagram.com\/cartechdiagnostic"]}]}},"_links":{"self":[{"href":"https:\/\/cartechdiagnostic.com\/en\/wp-json\/wp\/v2\/product\/18638","targetHints":{"allow":["GET"]}}],"collection":[{"href":"https:\/\/cartechdiagnostic.com\/en\/wp-json\/wp\/v2\/product"}],"about":[{"href":"https:\/\/cartechdiagnostic.com\/en\/wp-json\/wp\/v2\/types\/product"}],"replies":[{"embeddable":true,"href":"https:\/\/cartechdiagnostic.com\/en\/wp-json\/wp\/v2\/comments?post=18638"}],"version-history":[{"count":0,"href":"https:\/\/cartechdiagnostic.com\/en\/wp-json\/wp\/v2\/product\/18638\/revisions"}],"wp:featuredmedia":[{"embeddable":true,"href":"https:\/\/cartechdiagnostic.com\/en\/wp-json\/wp\/v2\/media\/16406"}],"wp:attachment":[{"href":"https:\/\/cartechdiagnostic.com\/en\/wp-json\/wp\/v2\/media?parent=18638"}],"wp:term":[{"taxonomy":"product_brand","embeddable":true,"href":"https:\/\/cartechdiagnostic.com\/en\/wp-json\/wp\/v2\/product_brand?post=18638"},{"taxonomy":"product_cat","embeddable":true,"href":"https:\/\/cartechdiagnostic.com\/en\/wp-json\/wp\/v2\/product_cat?post=18638"},{"taxonomy":"product_tag","embeddable":true,"href":"https:\/\/cartechdiagnostic.com\/en\/wp-json\/wp\/v2\/product_tag?post=18638"}],"curies":[{"name":"wp","href":"https:\/\/api.w.org\/{rel}","templated":true}]}}