{"id":18642,"date":"2023-12-06T23:57:37","date_gmt":"2023-12-06T20:57:37","guid":{"rendered":"https:\/urun\/autel-maxi-im508-key-programming-device\/"},"modified":"2023-12-06T23:57:37","modified_gmt":"2023-12-06T20:57:37","slug":"autel-maxi-im508-key-programming-device","status":"publish","type":"product","link":"https:\/\/cartechdiagnostic.com\/en\/urun\/autel-maxi-im508-key-programming-device\/","title":{"rendered":"AUTEL MAXI IM508 Key Programming Device"},"content":{"rendered":"","protected":false},"excerpt":{"rendered":"<p>AUTEL MAXI IM508 is a device that offers advanced key programming and immobilizer solutions. This automotive diagnostic tool is designed to perform basic functions such as key programming, immobilizer system integration, locking and unlocking operations on various vehicle makes and models. Features of the MAXI IM508 may include: Key Programming: Vehicle owners or automotive professionals can use the MAXI IM508 to program lost or damaged keys. Immobilizer System Integration: Manages the security systems of the vehicle by interacting with immobilizer systems in cars. Locking and Unlocking Operations: Performing locking and unlocking operations, offering a wide range of capabilities to vehicle owners or service professionals. Compatible with Various Makes and Models: Autel Maxi IM508 is designed to be compatible with many different car makes and models. Updateable Software: The device&#8217;s software can be updated to adapt to new vehicle models and safety systems. These features make the MAXI IM508 stand out as a reliable switch programming device. However, the specifications of the device may be updated over time and as my cut-off date for information is January 2022, it is important to be careful to provide the most up-to-date information. &nbsp;<\/p>\n<p>&nbsp;<\/p>\n<p>&nbsp;<\/p>\n","protected":false},"featured_media":16336,"comment_status":"open","ping_status":"closed","template":"","meta":{"_joinchat":[]},"product_brand":[],"product_cat":[1344,1346],"product_tag":[],"class_list":{"0":"post-18642","1":"product","2":"type-product","3":"status-publish","4":"has-post-thumbnail","6":"product_cat-autel-en","7":"product_cat-key-programming-devices","9":"first","10":"instock","11":"sale","12":"shipping-taxable","13":"purchasable","14":"product-type-simple"},"yoast_head":"<!-- This site is optimized with the Yoast SEO plugin v22.8 - https:\/\/yoast.com\/wordpress\/plugins\/seo\/ -->\n<title>AUTEL MAXI IM508 Key Programming Device - Car-Tech Diagnostic<\/title>\n<meta name=\"robots\" content=\"index, follow, max-snippet:-1, max-image-preview:large, max-video-preview:-1\" \/>\n<link rel=\"canonical\" href=\"https:\/\/cartechdiagnostic.com\/en\/urun\/autel-maxi-im508-key-programming-device\/\" \/>\n<meta property=\"og:locale\" content=\"en_US\" \/>\n<meta property=\"og:type\" content=\"article\" \/>\n<meta property=\"og:title\" content=\"AUTEL MAXI IM508 Key Programming Device - Car-Tech Diagnostic\" \/>\n<meta property=\"og:description\" content=\"AUTEL MAXI IM508 is a device that offers advanced key programming and immobilizer solutions. This automotive diagnostic tool is designed to perform basic functions such as key programming, immobilizer system integration, locking and unlocking operations on various vehicle makes and models. Features of the MAXI IM508 may include: Key Programming: Vehicle owners or automotive professionals can use the MAXI IM508 to program lost or damaged keys. Immobilizer System Integration: Manages the security systems of the vehicle by interacting with immobilizer systems in cars. Locking and Unlocking Operations: Performing locking and unlocking operations, offering a wide range of capabilities to vehicle owners or service professionals. Compatible with Various Makes and Models: Autel Maxi IM508 is designed to be compatible with many different car makes and models. Updateable Software: The device&#039;s software can be updated to adapt to new vehicle models and safety systems. These features make the MAXI IM508 stand out as a reliable switch programming device. However, the specifications of the device may be updated over time and as my cut-off date for information is January 2022, it is important to be careful to provide the most up-to-date information. &nbsp; &nbsp; &nbsp;\" \/>\n<meta property=\"og:url\" content=\"https:\/\/cartechdiagnostic.com\/en\/urun\/autel-maxi-im508-key-programming-device\/\" \/>\n<meta property=\"og:site_name\" content=\"Car-Tech Diagnostic\" \/>\n<meta property=\"og:image\" content=\"https:\/\/cartechdiagnostic.com\/wp-content\/uploads\/2023\/12\/AUTEL-MAXI-IM508-Anahtar-Programlama-Cihazi-3-1.png\" \/>\n\t<meta property=\"og:image:width\" content=\"1080\" \/>\n\t<meta property=\"og:image:height\" content=\"1080\" \/>\n\t<meta property=\"og:image:type\" content=\"image\/png\" \/>\n<meta name=\"twitter:card\" content=\"summary_large_image\" \/>\n<script type=\"application\/ld+json\" class=\"yoast-schema-graph\">{\"@context\":\"https:\/\/schema.org\",\"@graph\":[{\"@type\":\"WebPage\",\"@id\":\"https:\/\/cartechdiagnostic.com\/en\/urun\/autel-maxi-im508-key-programming-device\/\",\"url\":\"https:\/\/cartechdiagnostic.com\/en\/urun\/autel-maxi-im508-key-programming-device\/\",\"name\":\"AUTEL MAXI IM508 Key Programming Device - Car-Tech Diagnostic\",\"isPartOf\":{\"@id\":\"https:\/\/www.cartechdiagnostic.com\/en\/#website\"},\"primaryImageOfPage\":{\"@id\":\"https:\/\/cartechdiagnostic.com\/en\/urun\/autel-maxi-im508-key-programming-device\/#primaryimage\"},\"image\":{\"@id\":\"https:\/\/cartechdiagnostic.com\/en\/urun\/autel-maxi-im508-key-programming-device\/#primaryimage\"},\"thumbnailUrl\":\"https:\/\/cartechdiagnostic.com\/wp-content\/uploads\/2023\/12\/AUTEL-MAXI-IM508-Anahtar-Programlama-Cihazi-3-1.png\",\"datePublished\":\"2023-12-06T20:57:37+00:00\",\"dateModified\":\"2023-12-06T20:57:37+00:00\",\"breadcrumb\":{\"@id\":\"https:\/\/cartechdiagnostic.com\/en\/urun\/autel-maxi-im508-key-programming-device\/#breadcrumb\"},\"inLanguage\":\"en-US\",\"potentialAction\":[{\"@type\":\"ReadAction\",\"target\":[\"https:\/\/cartechdiagnostic.com\/en\/urun\/autel-maxi-im508-key-programming-device\/\"]}]},{\"@type\":\"ImageObject\",\"inLanguage\":\"en-US\",\"@id\":\"https:\/\/cartechdiagnostic.com\/en\/urun\/autel-maxi-im508-key-programming-device\/#primaryimage\",\"url\":\"https:\/\/cartechdiagnostic.com\/wp-content\/uploads\/2023\/12\/AUTEL-MAXI-IM508-Anahtar-Programlama-Cihazi-3-1.png\",\"contentUrl\":\"https:\/\/cartechdiagnostic.com\/wp-content\/uploads\/2023\/12\/AUTEL-MAXI-IM508-Anahtar-Programlama-Cihazi-3-1.png\",\"width\":1080,\"height\":1080},{\"@type\":\"BreadcrumbList\",\"@id\":\"https:\/\/cartechdiagnostic.com\/en\/urun\/autel-maxi-im508-key-programming-device\/#breadcrumb\",\"itemListElement\":[{\"@type\":\"ListItem\",\"position\":1,\"name\":\"Anasayfa\",\"item\":\"https:\/\/www.cartechdiagnostic.com\/en\/\"},{\"@type\":\"ListItem\",\"position\":2,\"name\":\"Ma\u011faza\",\"item\":\"https:\/\/www.cartechdiagnostic.com\/magaza\/\"},{\"@type\":\"ListItem\",\"position\":3,\"name\":\"AUTEL MAXI IM508 Key Programming Device\"}]},{\"@type\":\"WebSite\",\"@id\":\"https:\/\/www.cartechdiagnostic.com\/en\/#website\",\"url\":\"https:\/\/www.cartechdiagnostic.com\/en\/\",\"name\":\"Car-Tech Diagnostic\",\"description\":\"Ar\u0131za Tespit Cihazlar\u0131 - ECU Programlama Cihazlar\u0131\",\"publisher\":{\"@id\":\"https:\/\/www.cartechdiagnostic.com\/en\/#organization\"},\"alternateName\":\"Car-Tech Diag\",\"potentialAction\":[{\"@type\":\"SearchAction\",\"target\":{\"@type\":\"EntryPoint\",\"urlTemplate\":\"https:\/\/www.cartechdiagnostic.com\/en\/?s={search_term_string}\"},\"query-input\":\"required name=search_term_string\"}],\"inLanguage\":\"en-US\"},{\"@type\":\"Organization\",\"@id\":\"https:\/\/www.cartechdiagnostic.com\/en\/#organization\",\"name\":\"Car-Tech Diagnostic Yaz\u0131l\u0131m Ltd. \u015eti.\",\"url\":\"https:\/\/www.cartechdiagnostic.com\/en\/\",\"logo\":{\"@type\":\"ImageObject\",\"inLanguage\":\"en-US\",\"@id\":\"https:\/\/www.cartechdiagnostic.com\/en\/#\/schema\/logo\/image\/\",\"url\":\"https:\/\/cartechdiagnostic.com\/wp-content\/uploads\/2023\/08\/logocartech.png\",\"contentUrl\":\"https:\/\/cartechdiagnostic.com\/wp-content\/uploads\/2023\/08\/logocartech.png\",\"width\":714,\"height\":340,\"caption\":\"Car-Tech Diagnostic Yaz\u0131l\u0131m Ltd. \u015eti.\"},\"image\":{\"@id\":\"https:\/\/www.cartechdiagnostic.com\/en\/#\/schema\/logo\/image\/\"},\"sameAs\":[\"https:\/\/www.instagram.com\/cartechdiagnostic\"]}]}<\/script>\n<!-- \/ Yoast SEO plugin. -->","yoast_head_json":{"title":"AUTEL MAXI IM508 Key Programming Device - Car-Tech Diagnostic","robots":{"index":"index","follow":"follow","max-snippet":"max-snippet:-1","max-image-preview":"max-image-preview:large","max-video-preview":"max-video-preview:-1"},"canonical":"https:\/\/cartechdiagnostic.com\/en\/urun\/autel-maxi-im508-key-programming-device\/","og_locale":"en_US","og_type":"article","og_title":"AUTEL MAXI IM508 Key Programming Device - Car-Tech Diagnostic","og_description":"AUTEL MAXI IM508 is a device that offers advanced key programming and immobilizer solutions. This automotive diagnostic tool is designed to perform basic functions such as key programming, immobilizer system integration, locking and unlocking operations on various vehicle makes and models. Features of the MAXI IM508 may include: Key Programming: Vehicle owners or automotive professionals can use the MAXI IM508 to program lost or damaged keys. Immobilizer System Integration: Manages the security systems of the vehicle by interacting with immobilizer systems in cars. Locking and Unlocking Operations: Performing locking and unlocking operations, offering a wide range of capabilities to vehicle owners or service professionals. Compatible with Various Makes and Models: Autel Maxi IM508 is designed to be compatible with many different car makes and models. Updateable Software: The device's software can be updated to adapt to new vehicle models and safety systems. These features make the MAXI IM508 stand out as a reliable switch programming device. However, the specifications of the device may be updated over time and as my cut-off date for information is January 2022, it is important to be careful to provide the most up-to-date information. &nbsp; &nbsp; &nbsp;","og_url":"https:\/\/cartechdiagnostic.com\/en\/urun\/autel-maxi-im508-key-programming-device\/","og_site_name":"Car-Tech Diagnostic","og_image":[{"width":1080,"height":1080,"url":"https:\/\/cartechdiagnostic.com\/wp-content\/uploads\/2023\/12\/AUTEL-MAXI-IM508-Anahtar-Programlama-Cihazi-3-1.png","type":"image\/png"}],"twitter_card":"summary_large_image","schema":{"@context":"https:\/\/schema.org","@graph":[{"@type":"WebPage","@id":"https:\/\/cartechdiagnostic.com\/en\/urun\/autel-maxi-im508-key-programming-device\/","url":"https:\/\/cartechdiagnostic.com\/en\/urun\/autel-maxi-im508-key-programming-device\/","name":"AUTEL MAXI IM508 Key Programming Device - Car-Tech Diagnostic","isPartOf":{"@id":"https:\/\/www.cartechdiagnostic.com\/en\/#website"},"primaryImageOfPage":{"@id":"https:\/\/cartechdiagnostic.com\/en\/urun\/autel-maxi-im508-key-programming-device\/#primaryimage"},"image":{"@id":"https:\/\/cartechdiagnostic.com\/en\/urun\/autel-maxi-im508-key-programming-device\/#primaryimage"},"thumbnailUrl":"https:\/\/cartechdiagnostic.com\/wp-content\/uploads\/2023\/12\/AUTEL-MAXI-IM508-Anahtar-Programlama-Cihazi-3-1.png","datePublished":"2023-12-06T20:57:37+00:00","dateModified":"2023-12-06T20:57:37+00:00","breadcrumb":{"@id":"https:\/\/cartechdiagnostic.com\/en\/urun\/autel-maxi-im508-key-programming-device\/#breadcrumb"},"inLanguage":"en-US","potentialAction":[{"@type":"ReadAction","target":["https:\/\/cartechdiagnostic.com\/en\/urun\/autel-maxi-im508-key-programming-device\/"]}]},{"@type":"ImageObject","inLanguage":"en-US","@id":"https:\/\/cartechdiagnostic.com\/en\/urun\/autel-maxi-im508-key-programming-device\/#primaryimage","url":"https:\/\/cartechdiagnostic.com\/wp-content\/uploads\/2023\/12\/AUTEL-MAXI-IM508-Anahtar-Programlama-Cihazi-3-1.png","contentUrl":"https:\/\/cartechdiagnostic.com\/wp-content\/uploads\/2023\/12\/AUTEL-MAXI-IM508-Anahtar-Programlama-Cihazi-3-1.png","width":1080,"height":1080},{"@type":"BreadcrumbList","@id":"https:\/\/cartechdiagnostic.com\/en\/urun\/autel-maxi-im508-key-programming-device\/#breadcrumb","itemListElement":[{"@type":"ListItem","position":1,"name":"Anasayfa","item":"https:\/\/www.cartechdiagnostic.com\/en\/"},{"@type":"ListItem","position":2,"name":"Ma\u011faza","item":"https:\/\/www.cartechdiagnostic.com\/magaza\/"},{"@type":"ListItem","position":3,"name":"AUTEL MAXI IM508 Key Programming Device"}]},{"@type":"WebSite","@id":"https:\/\/www.cartechdiagnostic.com\/en\/#website","url":"https:\/\/www.cartechdiagnostic.com\/en\/","name":"Car-Tech Diagnostic","description":"Ar\u0131za Tespit Cihazlar\u0131 - ECU Programlama Cihazlar\u0131","publisher":{"@id":"https:\/\/www.cartechdiagnostic.com\/en\/#organization"},"alternateName":"Car-Tech Diag","potentialAction":[{"@type":"SearchAction","target":{"@type":"EntryPoint","urlTemplate":"https:\/\/www.cartechdiagnostic.com\/en\/?s={search_term_string}"},"query-input":"required name=search_term_string"}],"inLanguage":"en-US"},{"@type":"Organization","@id":"https:\/\/www.cartechdiagnostic.com\/en\/#organization","name":"Car-Tech Diagnostic Yaz\u0131l\u0131m Ltd. \u015eti.","url":"https:\/\/www.cartechdiagnostic.com\/en\/","logo":{"@type":"ImageObject","inLanguage":"en-US","@id":"https:\/\/www.cartechdiagnostic.com\/en\/#\/schema\/logo\/image\/","url":"https:\/\/cartechdiagnostic.com\/wp-content\/uploads\/2023\/08\/logocartech.png","contentUrl":"https:\/\/cartechdiagnostic.com\/wp-content\/uploads\/2023\/08\/logocartech.png","width":714,"height":340,"caption":"Car-Tech Diagnostic Yaz\u0131l\u0131m Ltd. \u015eti."},"image":{"@id":"https:\/\/www.cartechdiagnostic.com\/en\/#\/schema\/logo\/image\/"},"sameAs":["https:\/\/www.instagram.com\/cartechdiagnostic"]}]}},"_links":{"self":[{"href":"https:\/\/cartechdiagnostic.com\/en\/wp-json\/wp\/v2\/product\/18642","targetHints":{"allow":["GET"]}}],"collection":[{"href":"https:\/\/cartechdiagnostic.com\/en\/wp-json\/wp\/v2\/product"}],"about":[{"href":"https:\/\/cartechdiagnostic.com\/en\/wp-json\/wp\/v2\/types\/product"}],"replies":[{"embeddable":true,"href":"https:\/\/cartechdiagnostic.com\/en\/wp-json\/wp\/v2\/comments?post=18642"}],"version-history":[{"count":0,"href":"https:\/\/cartechdiagnostic.com\/en\/wp-json\/wp\/v2\/product\/18642\/revisions"}],"wp:featuredmedia":[{"embeddable":true,"href":"https:\/\/cartechdiagnostic.com\/en\/wp-json\/wp\/v2\/media\/16336"}],"wp:attachment":[{"href":"https:\/\/cartechdiagnostic.com\/en\/wp-json\/wp\/v2\/media?parent=18642"}],"wp:term":[{"taxonomy":"product_brand","embeddable":true,"href":"https:\/\/cartechdiagnostic.com\/en\/wp-json\/wp\/v2\/product_brand?post=18642"},{"taxonomy":"product_cat","embeddable":true,"href":"https:\/\/cartechdiagnostic.com\/en\/wp-json\/wp\/v2\/product_cat?post=18642"},{"taxonomy":"product_tag","embeddable":true,"href":"https:\/\/cartechdiagnostic.com\/en\/wp-json\/wp\/v2\/product_tag?post=18642"}],"curies":[{"name":"wp","href":"https:\/\/api.w.org\/{rel}","templated":true}]}}