{"id":18645,"date":"2023-12-06T23:51:21","date_gmt":"2023-12-06T20:51:21","guid":{"rendered":"https:\/urun\/autel-maxibas-btak-aku-test-equipment\/"},"modified":"2024-08-13T20:18:52","modified_gmt":"2024-08-13T17:18:52","slug":"autel-maxibas-btak-aku-test-equipment","status":"publish","type":"product","link":"https:\/\/cartechdiagnostic.com\/en\/urun\/autel-maxibas-btak-aku-test-equipment\/","title":{"rendered":"Autel MaxiBAS BTAK Battery Tester"},"content":{"rendered":"<p>The BTAK kit includes a 400A current clamp, DM100 Digital Multimeter, probes and cables. The current clamp can effectively measure AC\/DC currents from 20mA to 400A. This device can measure voltage, current and resistance and analyze battery condition. Users can use this kit to troubleshoot vehicle electrical systems and evaluate battery performance. Also, the kit comes with a one-year limited warranty     &nbsp;<\/p>\n","protected":false},"excerpt":{"rendered":"<p>The Autel MaxiBAS BTAK, or Battery Tester Accessory Kit, is a comprehensive accessory for safely and easily testing vehicle battery systems and components. This kit is specifically designed for use with Autel&#8217;s MaxiBAS BT608 and BT609 Battery Analyzers <\/p>\n","protected":false},"featured_media":16359,"comment_status":"open","ping_status":"closed","template":"","meta":{"_joinchat":[]},"product_brand":[],"product_cat":[1344,1366,1367],"product_tag":[],"class_list":{"0":"post-18645","1":"product","2":"type-product","3":"status-publish","4":"has-post-thumbnail","6":"product_cat-autel-en","7":"product_cat-service-auxiliary-equipment","8":"product_cat-test-equipments","10":"first","11":"instock","12":"sale","13":"shipping-taxable","14":"purchasable","15":"product-type-simple"},"yoast_head":"<!-- This site is optimized with the Yoast SEO plugin v22.8 - https:\/\/yoast.com\/wordpress\/plugins\/seo\/ -->\n<title>Autel MaxiBAS BTAK Battery Tester - Car-Tech Diagnostic<\/title>\n<meta name=\"robots\" content=\"index, follow, max-snippet:-1, max-image-preview:large, max-video-preview:-1\" \/>\n<link rel=\"canonical\" href=\"https:\/\/cartechdiagnostic.com\/en\/urun\/autel-maxibas-btak-aku-test-equipment\/\" \/>\n<meta property=\"og:locale\" content=\"en_US\" \/>\n<meta property=\"og:type\" content=\"article\" \/>\n<meta property=\"og:title\" content=\"Autel MaxiBAS BTAK Battery Tester - Car-Tech Diagnostic\" \/>\n<meta property=\"og:description\" content=\"The Autel MaxiBAS BTAK, or Battery Tester Accessory Kit, is a comprehensive accessory for safely and easily testing vehicle battery systems and components. This kit is specifically designed for use with Autel&#039;s MaxiBAS BT608 and BT609 Battery Analyzers\" \/>\n<meta property=\"og:url\" content=\"https:\/\/cartechdiagnostic.com\/en\/urun\/autel-maxibas-btak-aku-test-equipment\/\" \/>\n<meta property=\"og:site_name\" content=\"Car-Tech Diagnostic\" \/>\n<meta property=\"article:modified_time\" content=\"2024-08-13T17:18:52+00:00\" \/>\n<meta property=\"og:image\" content=\"https:\/\/cartechdiagnostic.com\/wp-content\/uploads\/2023\/12\/Autel-MaxiBAS-BTAK-Aku-Test-Cihazi-1-1.png\" \/>\n\t<meta property=\"og:image:width\" content=\"1080\" \/>\n\t<meta property=\"og:image:height\" content=\"1080\" \/>\n\t<meta property=\"og:image:type\" content=\"image\/png\" \/>\n<meta name=\"twitter:card\" content=\"summary_large_image\" \/>\n<script type=\"application\/ld+json\" class=\"yoast-schema-graph\">{\"@context\":\"https:\/\/schema.org\",\"@graph\":[{\"@type\":\"WebPage\",\"@id\":\"https:\/\/cartechdiagnostic.com\/en\/urun\/autel-maxibas-btak-aku-test-equipment\/\",\"url\":\"https:\/\/cartechdiagnostic.com\/en\/urun\/autel-maxibas-btak-aku-test-equipment\/\",\"name\":\"Autel MaxiBAS BTAK Battery Tester - Car-Tech Diagnostic\",\"isPartOf\":{\"@id\":\"https:\/\/www.cartechdiagnostic.com\/en\/#website\"},\"primaryImageOfPage\":{\"@id\":\"https:\/\/cartechdiagnostic.com\/en\/urun\/autel-maxibas-btak-aku-test-equipment\/#primaryimage\"},\"image\":{\"@id\":\"https:\/\/cartechdiagnostic.com\/en\/urun\/autel-maxibas-btak-aku-test-equipment\/#primaryimage\"},\"thumbnailUrl\":\"https:\/\/cartechdiagnostic.com\/wp-content\/uploads\/2023\/12\/Autel-MaxiBAS-BTAK-Aku-Test-Cihazi-1-1.png\",\"datePublished\":\"2023-12-06T20:51:21+00:00\",\"dateModified\":\"2024-08-13T17:18:52+00:00\",\"breadcrumb\":{\"@id\":\"https:\/\/cartechdiagnostic.com\/en\/urun\/autel-maxibas-btak-aku-test-equipment\/#breadcrumb\"},\"inLanguage\":\"en-US\",\"potentialAction\":[{\"@type\":\"ReadAction\",\"target\":[\"https:\/\/cartechdiagnostic.com\/en\/urun\/autel-maxibas-btak-aku-test-equipment\/\"]}]},{\"@type\":\"ImageObject\",\"inLanguage\":\"en-US\",\"@id\":\"https:\/\/cartechdiagnostic.com\/en\/urun\/autel-maxibas-btak-aku-test-equipment\/#primaryimage\",\"url\":\"https:\/\/cartechdiagnostic.com\/wp-content\/uploads\/2023\/12\/Autel-MaxiBAS-BTAK-Aku-Test-Cihazi-1-1.png\",\"contentUrl\":\"https:\/\/cartechdiagnostic.com\/wp-content\/uploads\/2023\/12\/Autel-MaxiBAS-BTAK-Aku-Test-Cihazi-1-1.png\",\"width\":1080,\"height\":1080},{\"@type\":\"BreadcrumbList\",\"@id\":\"https:\/\/cartechdiagnostic.com\/en\/urun\/autel-maxibas-btak-aku-test-equipment\/#breadcrumb\",\"itemListElement\":[{\"@type\":\"ListItem\",\"position\":1,\"name\":\"Anasayfa\",\"item\":\"https:\/\/www.cartechdiagnostic.com\/en\/\"},{\"@type\":\"ListItem\",\"position\":2,\"name\":\"Ma\u011faza\",\"item\":\"https:\/\/www.cartechdiagnostic.com\/magaza\/\"},{\"@type\":\"ListItem\",\"position\":3,\"name\":\"Autel MaxiBAS BTAK Battery Tester\"}]},{\"@type\":\"WebSite\",\"@id\":\"https:\/\/www.cartechdiagnostic.com\/en\/#website\",\"url\":\"https:\/\/www.cartechdiagnostic.com\/en\/\",\"name\":\"Car-Tech Diagnostic\",\"description\":\"Ar\u0131za Tespit Cihazlar\u0131 - ECU Programlama Cihazlar\u0131\",\"publisher\":{\"@id\":\"https:\/\/www.cartechdiagnostic.com\/en\/#organization\"},\"alternateName\":\"Car-Tech Diag\",\"potentialAction\":[{\"@type\":\"SearchAction\",\"target\":{\"@type\":\"EntryPoint\",\"urlTemplate\":\"https:\/\/www.cartechdiagnostic.com\/en\/?s={search_term_string}\"},\"query-input\":\"required name=search_term_string\"}],\"inLanguage\":\"en-US\"},{\"@type\":\"Organization\",\"@id\":\"https:\/\/www.cartechdiagnostic.com\/en\/#organization\",\"name\":\"Car-Tech Diagnostic Yaz\u0131l\u0131m Ltd. \u015eti.\",\"url\":\"https:\/\/www.cartechdiagnostic.com\/en\/\",\"logo\":{\"@type\":\"ImageObject\",\"inLanguage\":\"en-US\",\"@id\":\"https:\/\/www.cartechdiagnostic.com\/en\/#\/schema\/logo\/image\/\",\"url\":\"https:\/\/cartechdiagnostic.com\/wp-content\/uploads\/2023\/08\/logocartech.png\",\"contentUrl\":\"https:\/\/cartechdiagnostic.com\/wp-content\/uploads\/2023\/08\/logocartech.png\",\"width\":714,\"height\":340,\"caption\":\"Car-Tech Diagnostic Yaz\u0131l\u0131m Ltd. \u015eti.\"},\"image\":{\"@id\":\"https:\/\/www.cartechdiagnostic.com\/en\/#\/schema\/logo\/image\/\"},\"sameAs\":[\"https:\/\/www.instagram.com\/cartechdiagnostic\"]}]}<\/script>\n<!-- \/ Yoast SEO plugin. -->","yoast_head_json":{"title":"Autel MaxiBAS BTAK Battery Tester - Car-Tech Diagnostic","robots":{"index":"index","follow":"follow","max-snippet":"max-snippet:-1","max-image-preview":"max-image-preview:large","max-video-preview":"max-video-preview:-1"},"canonical":"https:\/\/cartechdiagnostic.com\/en\/urun\/autel-maxibas-btak-aku-test-equipment\/","og_locale":"en_US","og_type":"article","og_title":"Autel MaxiBAS BTAK Battery Tester - Car-Tech Diagnostic","og_description":"The Autel MaxiBAS BTAK, or Battery Tester Accessory Kit, is a comprehensive accessory for safely and easily testing vehicle battery systems and components. This kit is specifically designed for use with Autel's MaxiBAS BT608 and BT609 Battery Analyzers","og_url":"https:\/\/cartechdiagnostic.com\/en\/urun\/autel-maxibas-btak-aku-test-equipment\/","og_site_name":"Car-Tech Diagnostic","article_modified_time":"2024-08-13T17:18:52+00:00","og_image":[{"width":1080,"height":1080,"url":"https:\/\/cartechdiagnostic.com\/wp-content\/uploads\/2023\/12\/Autel-MaxiBAS-BTAK-Aku-Test-Cihazi-1-1.png","type":"image\/png"}],"twitter_card":"summary_large_image","schema":{"@context":"https:\/\/schema.org","@graph":[{"@type":"WebPage","@id":"https:\/\/cartechdiagnostic.com\/en\/urun\/autel-maxibas-btak-aku-test-equipment\/","url":"https:\/\/cartechdiagnostic.com\/en\/urun\/autel-maxibas-btak-aku-test-equipment\/","name":"Autel MaxiBAS BTAK Battery Tester - Car-Tech Diagnostic","isPartOf":{"@id":"https:\/\/www.cartechdiagnostic.com\/en\/#website"},"primaryImageOfPage":{"@id":"https:\/\/cartechdiagnostic.com\/en\/urun\/autel-maxibas-btak-aku-test-equipment\/#primaryimage"},"image":{"@id":"https:\/\/cartechdiagnostic.com\/en\/urun\/autel-maxibas-btak-aku-test-equipment\/#primaryimage"},"thumbnailUrl":"https:\/\/cartechdiagnostic.com\/wp-content\/uploads\/2023\/12\/Autel-MaxiBAS-BTAK-Aku-Test-Cihazi-1-1.png","datePublished":"2023-12-06T20:51:21+00:00","dateModified":"2024-08-13T17:18:52+00:00","breadcrumb":{"@id":"https:\/\/cartechdiagnostic.com\/en\/urun\/autel-maxibas-btak-aku-test-equipment\/#breadcrumb"},"inLanguage":"en-US","potentialAction":[{"@type":"ReadAction","target":["https:\/\/cartechdiagnostic.com\/en\/urun\/autel-maxibas-btak-aku-test-equipment\/"]}]},{"@type":"ImageObject","inLanguage":"en-US","@id":"https:\/\/cartechdiagnostic.com\/en\/urun\/autel-maxibas-btak-aku-test-equipment\/#primaryimage","url":"https:\/\/cartechdiagnostic.com\/wp-content\/uploads\/2023\/12\/Autel-MaxiBAS-BTAK-Aku-Test-Cihazi-1-1.png","contentUrl":"https:\/\/cartechdiagnostic.com\/wp-content\/uploads\/2023\/12\/Autel-MaxiBAS-BTAK-Aku-Test-Cihazi-1-1.png","width":1080,"height":1080},{"@type":"BreadcrumbList","@id":"https:\/\/cartechdiagnostic.com\/en\/urun\/autel-maxibas-btak-aku-test-equipment\/#breadcrumb","itemListElement":[{"@type":"ListItem","position":1,"name":"Anasayfa","item":"https:\/\/www.cartechdiagnostic.com\/en\/"},{"@type":"ListItem","position":2,"name":"Ma\u011faza","item":"https:\/\/www.cartechdiagnostic.com\/magaza\/"},{"@type":"ListItem","position":3,"name":"Autel MaxiBAS BTAK Battery Tester"}]},{"@type":"WebSite","@id":"https:\/\/www.cartechdiagnostic.com\/en\/#website","url":"https:\/\/www.cartechdiagnostic.com\/en\/","name":"Car-Tech Diagnostic","description":"Ar\u0131za Tespit Cihazlar\u0131 - ECU Programlama Cihazlar\u0131","publisher":{"@id":"https:\/\/www.cartechdiagnostic.com\/en\/#organization"},"alternateName":"Car-Tech Diag","potentialAction":[{"@type":"SearchAction","target":{"@type":"EntryPoint","urlTemplate":"https:\/\/www.cartechdiagnostic.com\/en\/?s={search_term_string}"},"query-input":"required name=search_term_string"}],"inLanguage":"en-US"},{"@type":"Organization","@id":"https:\/\/www.cartechdiagnostic.com\/en\/#organization","name":"Car-Tech Diagnostic Yaz\u0131l\u0131m Ltd. \u015eti.","url":"https:\/\/www.cartechdiagnostic.com\/en\/","logo":{"@type":"ImageObject","inLanguage":"en-US","@id":"https:\/\/www.cartechdiagnostic.com\/en\/#\/schema\/logo\/image\/","url":"https:\/\/cartechdiagnostic.com\/wp-content\/uploads\/2023\/08\/logocartech.png","contentUrl":"https:\/\/cartechdiagnostic.com\/wp-content\/uploads\/2023\/08\/logocartech.png","width":714,"height":340,"caption":"Car-Tech Diagnostic Yaz\u0131l\u0131m Ltd. \u015eti."},"image":{"@id":"https:\/\/www.cartechdiagnostic.com\/en\/#\/schema\/logo\/image\/"},"sameAs":["https:\/\/www.instagram.com\/cartechdiagnostic"]}]}},"_links":{"self":[{"href":"https:\/\/cartechdiagnostic.com\/en\/wp-json\/wp\/v2\/product\/18645","targetHints":{"allow":["GET"]}}],"collection":[{"href":"https:\/\/cartechdiagnostic.com\/en\/wp-json\/wp\/v2\/product"}],"about":[{"href":"https:\/\/cartechdiagnostic.com\/en\/wp-json\/wp\/v2\/types\/product"}],"replies":[{"embeddable":true,"href":"https:\/\/cartechdiagnostic.com\/en\/wp-json\/wp\/v2\/comments?post=18645"}],"version-history":[{"count":1,"href":"https:\/\/cartechdiagnostic.com\/en\/wp-json\/wp\/v2\/product\/18645\/revisions"}],"predecessor-version":[{"id":18648,"href":"https:\/\/cartechdiagnostic.com\/en\/wp-json\/wp\/v2\/product\/18645\/revisions\/18648"}],"wp:featuredmedia":[{"embeddable":true,"href":"https:\/\/cartechdiagnostic.com\/en\/wp-json\/wp\/v2\/media\/16359"}],"wp:attachment":[{"href":"https:\/\/cartechdiagnostic.com\/en\/wp-json\/wp\/v2\/media?parent=18645"}],"wp:term":[{"taxonomy":"product_brand","embeddable":true,"href":"https:\/\/cartechdiagnostic.com\/en\/wp-json\/wp\/v2\/product_brand?post=18645"},{"taxonomy":"product_cat","embeddable":true,"href":"https:\/\/cartechdiagnostic.com\/en\/wp-json\/wp\/v2\/product_cat?post=18645"},{"taxonomy":"product_tag","embeddable":true,"href":"https:\/\/cartechdiagnostic.com\/en\/wp-json\/wp\/v2\/product_tag?post=18645"}],"curies":[{"name":"wp","href":"https:\/\/api.w.org\/{rel}","templated":true}]}}