{"id":18654,"date":"2023-12-06T23:43:44","date_gmt":"2023-12-06T20:43:44","guid":{"rendered":"https:\/urun\/autel-powerscan-ps100\/"},"modified":"2023-12-06T23:43:44","modified_gmt":"2023-12-06T20:43:44","slug":"autel-powerscan-ps100","status":"publish","type":"product","link":"https:\/\/cartechdiagnostic.com\/en\/urun\/autel-powerscan-ps100\/","title":{"rendered":"Autel Powerscan PS100"},"content":{"rendered":"","protected":false},"excerpt":{"rendered":"<p>The Autel Powerscan PS100 is an electrical tester designed to perform fast and reliable diagnostics of electrical and electronic systems. It is used to analyze the electrical systems of vehicles and detect potential problems. Here are the key features of the Autel Powerscan PS100: Dual Mode Operation: The PS100 can be used in two different modes, power mode and measurement mode. Power mode provides the ability to turn circuits on and off. Measurement mode provides the ability to measure electrical parameters such as voltage, current and resistance. Power and Ground Test: The ability to quickly test power and ground circuits makes it easy to identify electrical problems in vehicles. LCD Display: The large and easy-to-read LCD display allows users to easily view measurement results. LED Illumination: Integrated LED illumination for ease of use and to support operation in low-light environments. Pulse Mode: Pulse mode is used to detect problematic circuits and provides a visual indication of signal strength. Power Supply: It can be powered by an internal 12V battery as well as from a car battery. The Autel Powerscan PS100 is the ideal tool for automotive professionals and technicians who want to detect automotive electrical problems quickly and effectively.          <\/p>\n","protected":false},"featured_media":16385,"comment_status":"open","ping_status":"closed","template":"","meta":{"_joinchat":[]},"product_brand":[],"product_cat":[1344,1366,1367],"product_tag":[],"class_list":{"0":"post-18654","1":"product","2":"type-product","3":"status-publish","4":"has-post-thumbnail","6":"product_cat-autel-en","7":"product_cat-service-auxiliary-equipment","8":"product_cat-test-equipments","10":"first","11":"instock","12":"sale","13":"shipping-taxable","14":"purchasable","15":"product-type-simple"},"yoast_head":"<!-- This site is optimized with the Yoast SEO plugin v22.8 - https:\/\/yoast.com\/wordpress\/plugins\/seo\/ -->\n<title>Autel Powerscan PS100 - Car-Tech Diagnostic<\/title>\n<meta name=\"robots\" content=\"index, follow, max-snippet:-1, max-image-preview:large, max-video-preview:-1\" \/>\n<link rel=\"canonical\" href=\"https:\/\/cartechdiagnostic.com\/en\/urun\/autel-powerscan-ps100\/\" \/>\n<meta property=\"og:locale\" content=\"en_US\" \/>\n<meta property=\"og:type\" content=\"article\" \/>\n<meta property=\"og:title\" content=\"Autel Powerscan PS100 - Car-Tech Diagnostic\" \/>\n<meta property=\"og:description\" content=\"The Autel Powerscan PS100 is an electrical tester designed to perform fast and reliable diagnostics of electrical and electronic systems. It is used to analyze the electrical systems of vehicles and detect potential problems. Here are the key features of the Autel Powerscan PS100: Dual Mode Operation: The PS100 can be used in two different modes, power mode and measurement mode. Power mode provides the ability to turn circuits on and off. Measurement mode provides the ability to measure electrical parameters such as voltage, current and resistance. Power and Ground Test: The ability to quickly test power and ground circuits makes it easy to identify electrical problems in vehicles. LCD Display: The large and easy-to-read LCD display allows users to easily view measurement results. LED Illumination: Integrated LED illumination for ease of use and to support operation in low-light environments. Pulse Mode: Pulse mode is used to detect problematic circuits and provides a visual indication of signal strength. Power Supply: It can be powered by an internal 12V battery as well as from a car battery. The Autel Powerscan PS100 is the ideal tool for automotive professionals and technicians who want to detect automotive electrical problems quickly and effectively.\" \/>\n<meta property=\"og:url\" content=\"https:\/\/cartechdiagnostic.com\/en\/urun\/autel-powerscan-ps100\/\" \/>\n<meta property=\"og:site_name\" content=\"Car-Tech Diagnostic\" \/>\n<meta property=\"og:image\" content=\"https:\/\/cartechdiagnostic.com\/wp-content\/uploads\/2023\/12\/Autel-Powerscan-PS100-4-1.png\" \/>\n\t<meta property=\"og:image:width\" content=\"1080\" \/>\n\t<meta property=\"og:image:height\" content=\"1080\" \/>\n\t<meta property=\"og:image:type\" content=\"image\/png\" \/>\n<meta name=\"twitter:card\" content=\"summary_large_image\" \/>\n<script type=\"application\/ld+json\" class=\"yoast-schema-graph\">{\"@context\":\"https:\/\/schema.org\",\"@graph\":[{\"@type\":\"WebPage\",\"@id\":\"https:\/\/cartechdiagnostic.com\/en\/urun\/autel-powerscan-ps100\/\",\"url\":\"https:\/\/cartechdiagnostic.com\/en\/urun\/autel-powerscan-ps100\/\",\"name\":\"Autel Powerscan PS100 - Car-Tech Diagnostic\",\"isPartOf\":{\"@id\":\"https:\/\/www.cartechdiagnostic.com\/en\/#website\"},\"primaryImageOfPage\":{\"@id\":\"https:\/\/cartechdiagnostic.com\/en\/urun\/autel-powerscan-ps100\/#primaryimage\"},\"image\":{\"@id\":\"https:\/\/cartechdiagnostic.com\/en\/urun\/autel-powerscan-ps100\/#primaryimage\"},\"thumbnailUrl\":\"https:\/\/cartechdiagnostic.com\/wp-content\/uploads\/2023\/12\/Autel-Powerscan-PS100-4-1.png\",\"datePublished\":\"2023-12-06T20:43:44+00:00\",\"dateModified\":\"2023-12-06T20:43:44+00:00\",\"breadcrumb\":{\"@id\":\"https:\/\/cartechdiagnostic.com\/en\/urun\/autel-powerscan-ps100\/#breadcrumb\"},\"inLanguage\":\"en-US\",\"potentialAction\":[{\"@type\":\"ReadAction\",\"target\":[\"https:\/\/cartechdiagnostic.com\/en\/urun\/autel-powerscan-ps100\/\"]}]},{\"@type\":\"ImageObject\",\"inLanguage\":\"en-US\",\"@id\":\"https:\/\/cartechdiagnostic.com\/en\/urun\/autel-powerscan-ps100\/#primaryimage\",\"url\":\"https:\/\/cartechdiagnostic.com\/wp-content\/uploads\/2023\/12\/Autel-Powerscan-PS100-4-1.png\",\"contentUrl\":\"https:\/\/cartechdiagnostic.com\/wp-content\/uploads\/2023\/12\/Autel-Powerscan-PS100-4-1.png\",\"width\":1080,\"height\":1080},{\"@type\":\"BreadcrumbList\",\"@id\":\"https:\/\/cartechdiagnostic.com\/en\/urun\/autel-powerscan-ps100\/#breadcrumb\",\"itemListElement\":[{\"@type\":\"ListItem\",\"position\":1,\"name\":\"Anasayfa\",\"item\":\"https:\/\/www.cartechdiagnostic.com\/en\/\"},{\"@type\":\"ListItem\",\"position\":2,\"name\":\"Ma\u011faza\",\"item\":\"https:\/\/www.cartechdiagnostic.com\/magaza\/\"},{\"@type\":\"ListItem\",\"position\":3,\"name\":\"Autel Powerscan PS100\"}]},{\"@type\":\"WebSite\",\"@id\":\"https:\/\/www.cartechdiagnostic.com\/en\/#website\",\"url\":\"https:\/\/www.cartechdiagnostic.com\/en\/\",\"name\":\"Car-Tech Diagnostic\",\"description\":\"Ar\u0131za Tespit Cihazlar\u0131 - ECU Programlama Cihazlar\u0131\",\"publisher\":{\"@id\":\"https:\/\/www.cartechdiagnostic.com\/en\/#organization\"},\"alternateName\":\"Car-Tech Diag\",\"potentialAction\":[{\"@type\":\"SearchAction\",\"target\":{\"@type\":\"EntryPoint\",\"urlTemplate\":\"https:\/\/www.cartechdiagnostic.com\/en\/?s={search_term_string}\"},\"query-input\":\"required name=search_term_string\"}],\"inLanguage\":\"en-US\"},{\"@type\":\"Organization\",\"@id\":\"https:\/\/www.cartechdiagnostic.com\/en\/#organization\",\"name\":\"Car-Tech Diagnostic Yaz\u0131l\u0131m Ltd. \u015eti.\",\"url\":\"https:\/\/www.cartechdiagnostic.com\/en\/\",\"logo\":{\"@type\":\"ImageObject\",\"inLanguage\":\"en-US\",\"@id\":\"https:\/\/www.cartechdiagnostic.com\/en\/#\/schema\/logo\/image\/\",\"url\":\"https:\/\/cartechdiagnostic.com\/wp-content\/uploads\/2023\/08\/logocartech.png\",\"contentUrl\":\"https:\/\/cartechdiagnostic.com\/wp-content\/uploads\/2023\/08\/logocartech.png\",\"width\":714,\"height\":340,\"caption\":\"Car-Tech Diagnostic Yaz\u0131l\u0131m Ltd. \u015eti.\"},\"image\":{\"@id\":\"https:\/\/www.cartechdiagnostic.com\/en\/#\/schema\/logo\/image\/\"},\"sameAs\":[\"https:\/\/www.instagram.com\/cartechdiagnostic\"]}]}<\/script>\n<!-- \/ Yoast SEO plugin. -->","yoast_head_json":{"title":"Autel Powerscan PS100 - Car-Tech Diagnostic","robots":{"index":"index","follow":"follow","max-snippet":"max-snippet:-1","max-image-preview":"max-image-preview:large","max-video-preview":"max-video-preview:-1"},"canonical":"https:\/\/cartechdiagnostic.com\/en\/urun\/autel-powerscan-ps100\/","og_locale":"en_US","og_type":"article","og_title":"Autel Powerscan PS100 - Car-Tech Diagnostic","og_description":"The Autel Powerscan PS100 is an electrical tester designed to perform fast and reliable diagnostics of electrical and electronic systems. It is used to analyze the electrical systems of vehicles and detect potential problems. Here are the key features of the Autel Powerscan PS100: Dual Mode Operation: The PS100 can be used in two different modes, power mode and measurement mode. Power mode provides the ability to turn circuits on and off. Measurement mode provides the ability to measure electrical parameters such as voltage, current and resistance. Power and Ground Test: The ability to quickly test power and ground circuits makes it easy to identify electrical problems in vehicles. LCD Display: The large and easy-to-read LCD display allows users to easily view measurement results. LED Illumination: Integrated LED illumination for ease of use and to support operation in low-light environments. Pulse Mode: Pulse mode is used to detect problematic circuits and provides a visual indication of signal strength. Power Supply: It can be powered by an internal 12V battery as well as from a car battery. The Autel Powerscan PS100 is the ideal tool for automotive professionals and technicians who want to detect automotive electrical problems quickly and effectively.","og_url":"https:\/\/cartechdiagnostic.com\/en\/urun\/autel-powerscan-ps100\/","og_site_name":"Car-Tech Diagnostic","og_image":[{"width":1080,"height":1080,"url":"https:\/\/cartechdiagnostic.com\/wp-content\/uploads\/2023\/12\/Autel-Powerscan-PS100-4-1.png","type":"image\/png"}],"twitter_card":"summary_large_image","schema":{"@context":"https:\/\/schema.org","@graph":[{"@type":"WebPage","@id":"https:\/\/cartechdiagnostic.com\/en\/urun\/autel-powerscan-ps100\/","url":"https:\/\/cartechdiagnostic.com\/en\/urun\/autel-powerscan-ps100\/","name":"Autel Powerscan PS100 - Car-Tech Diagnostic","isPartOf":{"@id":"https:\/\/www.cartechdiagnostic.com\/en\/#website"},"primaryImageOfPage":{"@id":"https:\/\/cartechdiagnostic.com\/en\/urun\/autel-powerscan-ps100\/#primaryimage"},"image":{"@id":"https:\/\/cartechdiagnostic.com\/en\/urun\/autel-powerscan-ps100\/#primaryimage"},"thumbnailUrl":"https:\/\/cartechdiagnostic.com\/wp-content\/uploads\/2023\/12\/Autel-Powerscan-PS100-4-1.png","datePublished":"2023-12-06T20:43:44+00:00","dateModified":"2023-12-06T20:43:44+00:00","breadcrumb":{"@id":"https:\/\/cartechdiagnostic.com\/en\/urun\/autel-powerscan-ps100\/#breadcrumb"},"inLanguage":"en-US","potentialAction":[{"@type":"ReadAction","target":["https:\/\/cartechdiagnostic.com\/en\/urun\/autel-powerscan-ps100\/"]}]},{"@type":"ImageObject","inLanguage":"en-US","@id":"https:\/\/cartechdiagnostic.com\/en\/urun\/autel-powerscan-ps100\/#primaryimage","url":"https:\/\/cartechdiagnostic.com\/wp-content\/uploads\/2023\/12\/Autel-Powerscan-PS100-4-1.png","contentUrl":"https:\/\/cartechdiagnostic.com\/wp-content\/uploads\/2023\/12\/Autel-Powerscan-PS100-4-1.png","width":1080,"height":1080},{"@type":"BreadcrumbList","@id":"https:\/\/cartechdiagnostic.com\/en\/urun\/autel-powerscan-ps100\/#breadcrumb","itemListElement":[{"@type":"ListItem","position":1,"name":"Anasayfa","item":"https:\/\/www.cartechdiagnostic.com\/en\/"},{"@type":"ListItem","position":2,"name":"Ma\u011faza","item":"https:\/\/www.cartechdiagnostic.com\/magaza\/"},{"@type":"ListItem","position":3,"name":"Autel Powerscan PS100"}]},{"@type":"WebSite","@id":"https:\/\/www.cartechdiagnostic.com\/en\/#website","url":"https:\/\/www.cartechdiagnostic.com\/en\/","name":"Car-Tech Diagnostic","description":"Ar\u0131za Tespit Cihazlar\u0131 - ECU Programlama Cihazlar\u0131","publisher":{"@id":"https:\/\/www.cartechdiagnostic.com\/en\/#organization"},"alternateName":"Car-Tech Diag","potentialAction":[{"@type":"SearchAction","target":{"@type":"EntryPoint","urlTemplate":"https:\/\/www.cartechdiagnostic.com\/en\/?s={search_term_string}"},"query-input":"required name=search_term_string"}],"inLanguage":"en-US"},{"@type":"Organization","@id":"https:\/\/www.cartechdiagnostic.com\/en\/#organization","name":"Car-Tech Diagnostic Yaz\u0131l\u0131m Ltd. \u015eti.","url":"https:\/\/www.cartechdiagnostic.com\/en\/","logo":{"@type":"ImageObject","inLanguage":"en-US","@id":"https:\/\/www.cartechdiagnostic.com\/en\/#\/schema\/logo\/image\/","url":"https:\/\/cartechdiagnostic.com\/wp-content\/uploads\/2023\/08\/logocartech.png","contentUrl":"https:\/\/cartechdiagnostic.com\/wp-content\/uploads\/2023\/08\/logocartech.png","width":714,"height":340,"caption":"Car-Tech Diagnostic Yaz\u0131l\u0131m Ltd. \u015eti."},"image":{"@id":"https:\/\/www.cartechdiagnostic.com\/en\/#\/schema\/logo\/image\/"},"sameAs":["https:\/\/www.instagram.com\/cartechdiagnostic"]}]}},"_links":{"self":[{"href":"https:\/\/cartechdiagnostic.com\/en\/wp-json\/wp\/v2\/product\/18654","targetHints":{"allow":["GET"]}}],"collection":[{"href":"https:\/\/cartechdiagnostic.com\/en\/wp-json\/wp\/v2\/product"}],"about":[{"href":"https:\/\/cartechdiagnostic.com\/en\/wp-json\/wp\/v2\/types\/product"}],"replies":[{"embeddable":true,"href":"https:\/\/cartechdiagnostic.com\/en\/wp-json\/wp\/v2\/comments?post=18654"}],"version-history":[{"count":0,"href":"https:\/\/cartechdiagnostic.com\/en\/wp-json\/wp\/v2\/product\/18654\/revisions"}],"wp:featuredmedia":[{"embeddable":true,"href":"https:\/\/cartechdiagnostic.com\/en\/wp-json\/wp\/v2\/media\/16385"}],"wp:attachment":[{"href":"https:\/\/cartechdiagnostic.com\/en\/wp-json\/wp\/v2\/media?parent=18654"}],"wp:term":[{"taxonomy":"product_brand","embeddable":true,"href":"https:\/\/cartechdiagnostic.com\/en\/wp-json\/wp\/v2\/product_brand?post=18654"},{"taxonomy":"product_cat","embeddable":true,"href":"https:\/\/cartechdiagnostic.com\/en\/wp-json\/wp\/v2\/product_cat?post=18654"},{"taxonomy":"product_tag","embeddable":true,"href":"https:\/\/cartechdiagnostic.com\/en\/wp-json\/wp\/v2\/product_tag?post=18654"}],"curies":[{"name":"wp","href":"https:\/\/api.w.org\/{rel}","templated":true}]}}