{"id":18655,"date":"2023-12-06T23:42:55","date_gmt":"2023-12-06T20:42:55","guid":{"rendered":"https:\/urun\/autel-xp400-pro\/"},"modified":"2023-12-06T23:42:55","modified_gmt":"2023-12-06T20:42:55","slug":"autel-xp400-pro","status":"publish","type":"product","link":"https:\/\/cartechdiagnostic.com\/en\/urun\/autel-xp400-pro\/","title":{"rendered":"Autel XP400 Pro"},"content":{"rendered":"","protected":false},"excerpt":{"rendered":"<p>The Autel XP400 Pro is an expansion device that can be integrated with the Autel MaxiIM Key Programming Tool series. This device has been developed for automotive key programming and immobilizer diagnostics. Here are the key features of the Autel XP400 Pro: Key Programming: XP400 Pro supports key programming for different car makes and models. It can program lost or replaced keys. IMMO Functions: It provides integration with automobile security systems thanks to its ability to read, write and diagnose Immobilizer (IMMO) systems. EEPROM and MCU Programming: The XP400 Pro adapts to a wider range of vehicles with EEPROM and MCU (Microcontroller Unit) programming capabilities. Transponder Read\/Write: The ability to read data on the transponder chip and write new transponders simplifies key programming. Various Connection Options: USB, DC and DB15 ports offer the flexibility to connect to a variety of devices and vehicles. Compact and Portable: Its compact design makes it easy to transport and integration with MaxiIM devices is quick and simple. The Autel XP400 Pro is a powerful tool for professional automotive technicians and key specialists for automotive key programming and immobilizer diagnostics. Combined with MaxiIM series devices, this expansion device adapts to a wide range of vehicles and simplifies key programming operations.          <\/p>\n","protected":false},"featured_media":16388,"comment_status":"open","ping_status":"closed","template":"","meta":{"_joinchat":[]},"product_brand":[],"product_cat":[1344,1346],"product_tag":[],"class_list":{"0":"post-18655","1":"product","2":"type-product","3":"status-publish","4":"has-post-thumbnail","6":"product_cat-autel-en","7":"product_cat-key-programming-devices","9":"first","10":"instock","11":"sale","12":"shipping-taxable","13":"purchasable","14":"product-type-simple"},"yoast_head":"<!-- This site is optimized with the Yoast SEO plugin v22.8 - https:\/\/yoast.com\/wordpress\/plugins\/seo\/ -->\n<title>Autel XP400 Pro - Car-Tech Diagnostic<\/title>\n<meta name=\"robots\" content=\"index, follow, max-snippet:-1, max-image-preview:large, max-video-preview:-1\" \/>\n<link rel=\"canonical\" href=\"https:\/\/cartechdiagnostic.com\/en\/urun\/autel-xp400-pro\/\" \/>\n<meta property=\"og:locale\" content=\"en_US\" \/>\n<meta property=\"og:type\" content=\"article\" \/>\n<meta property=\"og:title\" content=\"Autel XP400 Pro - Car-Tech Diagnostic\" \/>\n<meta property=\"og:description\" content=\"The Autel XP400 Pro is an expansion device that can be integrated with the Autel MaxiIM Key Programming Tool series. This device has been developed for automotive key programming and immobilizer diagnostics. Here are the key features of the Autel XP400 Pro: Key Programming: XP400 Pro supports key programming for different car makes and models. It can program lost or replaced keys. IMMO Functions: It provides integration with automobile security systems thanks to its ability to read, write and diagnose Immobilizer (IMMO) systems. EEPROM and MCU Programming: The XP400 Pro adapts to a wider range of vehicles with EEPROM and MCU (Microcontroller Unit) programming capabilities. Transponder Read\/Write: The ability to read data on the transponder chip and write new transponders simplifies key programming. Various Connection Options: USB, DC and DB15 ports offer the flexibility to connect to a variety of devices and vehicles. Compact and Portable: Its compact design makes it easy to transport and integration with MaxiIM devices is quick and simple. The Autel XP400 Pro is a powerful tool for professional automotive technicians and key specialists for automotive key programming and immobilizer diagnostics. Combined with MaxiIM series devices, this expansion device adapts to a wide range of vehicles and simplifies key programming operations.\" \/>\n<meta property=\"og:url\" content=\"https:\/\/cartechdiagnostic.com\/en\/urun\/autel-xp400-pro\/\" \/>\n<meta property=\"og:site_name\" content=\"Car-Tech Diagnostic\" \/>\n<meta property=\"og:image\" content=\"https:\/\/cartechdiagnostic.com\/wp-content\/uploads\/2023\/12\/autel-xp400-pro-2-1.png\" \/>\n\t<meta property=\"og:image:width\" content=\"1080\" \/>\n\t<meta property=\"og:image:height\" content=\"1080\" \/>\n\t<meta property=\"og:image:type\" content=\"image\/png\" \/>\n<meta name=\"twitter:card\" content=\"summary_large_image\" \/>\n<script type=\"application\/ld+json\" class=\"yoast-schema-graph\">{\"@context\":\"https:\/\/schema.org\",\"@graph\":[{\"@type\":\"WebPage\",\"@id\":\"https:\/\/cartechdiagnostic.com\/en\/urun\/autel-xp400-pro\/\",\"url\":\"https:\/\/cartechdiagnostic.com\/en\/urun\/autel-xp400-pro\/\",\"name\":\"Autel XP400 Pro - Car-Tech Diagnostic\",\"isPartOf\":{\"@id\":\"https:\/\/www.cartechdiagnostic.com\/en\/#website\"},\"primaryImageOfPage\":{\"@id\":\"https:\/\/cartechdiagnostic.com\/en\/urun\/autel-xp400-pro\/#primaryimage\"},\"image\":{\"@id\":\"https:\/\/cartechdiagnostic.com\/en\/urun\/autel-xp400-pro\/#primaryimage\"},\"thumbnailUrl\":\"https:\/\/cartechdiagnostic.com\/wp-content\/uploads\/2023\/12\/autel-xp400-pro-2-1.png\",\"datePublished\":\"2023-12-06T20:42:55+00:00\",\"dateModified\":\"2023-12-06T20:42:55+00:00\",\"breadcrumb\":{\"@id\":\"https:\/\/cartechdiagnostic.com\/en\/urun\/autel-xp400-pro\/#breadcrumb\"},\"inLanguage\":\"en-US\",\"potentialAction\":[{\"@type\":\"ReadAction\",\"target\":[\"https:\/\/cartechdiagnostic.com\/en\/urun\/autel-xp400-pro\/\"]}]},{\"@type\":\"ImageObject\",\"inLanguage\":\"en-US\",\"@id\":\"https:\/\/cartechdiagnostic.com\/en\/urun\/autel-xp400-pro\/#primaryimage\",\"url\":\"https:\/\/cartechdiagnostic.com\/wp-content\/uploads\/2023\/12\/autel-xp400-pro-2-1.png\",\"contentUrl\":\"https:\/\/cartechdiagnostic.com\/wp-content\/uploads\/2023\/12\/autel-xp400-pro-2-1.png\",\"width\":1080,\"height\":1080},{\"@type\":\"BreadcrumbList\",\"@id\":\"https:\/\/cartechdiagnostic.com\/en\/urun\/autel-xp400-pro\/#breadcrumb\",\"itemListElement\":[{\"@type\":\"ListItem\",\"position\":1,\"name\":\"Anasayfa\",\"item\":\"https:\/\/www.cartechdiagnostic.com\/en\/\"},{\"@type\":\"ListItem\",\"position\":2,\"name\":\"Ma\u011faza\",\"item\":\"https:\/\/www.cartechdiagnostic.com\/magaza\/\"},{\"@type\":\"ListItem\",\"position\":3,\"name\":\"Autel XP400 Pro\"}]},{\"@type\":\"WebSite\",\"@id\":\"https:\/\/www.cartechdiagnostic.com\/en\/#website\",\"url\":\"https:\/\/www.cartechdiagnostic.com\/en\/\",\"name\":\"Car-Tech Diagnostic\",\"description\":\"Ar\u0131za Tespit Cihazlar\u0131 - ECU Programlama Cihazlar\u0131\",\"publisher\":{\"@id\":\"https:\/\/www.cartechdiagnostic.com\/en\/#organization\"},\"alternateName\":\"Car-Tech Diag\",\"potentialAction\":[{\"@type\":\"SearchAction\",\"target\":{\"@type\":\"EntryPoint\",\"urlTemplate\":\"https:\/\/www.cartechdiagnostic.com\/en\/?s={search_term_string}\"},\"query-input\":\"required name=search_term_string\"}],\"inLanguage\":\"en-US\"},{\"@type\":\"Organization\",\"@id\":\"https:\/\/www.cartechdiagnostic.com\/en\/#organization\",\"name\":\"Car-Tech Diagnostic Yaz\u0131l\u0131m Ltd. \u015eti.\",\"url\":\"https:\/\/www.cartechdiagnostic.com\/en\/\",\"logo\":{\"@type\":\"ImageObject\",\"inLanguage\":\"en-US\",\"@id\":\"https:\/\/www.cartechdiagnostic.com\/en\/#\/schema\/logo\/image\/\",\"url\":\"https:\/\/cartechdiagnostic.com\/wp-content\/uploads\/2023\/08\/logocartech.png\",\"contentUrl\":\"https:\/\/cartechdiagnostic.com\/wp-content\/uploads\/2023\/08\/logocartech.png\",\"width\":714,\"height\":340,\"caption\":\"Car-Tech Diagnostic Yaz\u0131l\u0131m Ltd. \u015eti.\"},\"image\":{\"@id\":\"https:\/\/www.cartechdiagnostic.com\/en\/#\/schema\/logo\/image\/\"},\"sameAs\":[\"https:\/\/www.instagram.com\/cartechdiagnostic\"]}]}<\/script>\n<!-- \/ Yoast SEO plugin. -->","yoast_head_json":{"title":"Autel XP400 Pro - Car-Tech Diagnostic","robots":{"index":"index","follow":"follow","max-snippet":"max-snippet:-1","max-image-preview":"max-image-preview:large","max-video-preview":"max-video-preview:-1"},"canonical":"https:\/\/cartechdiagnostic.com\/en\/urun\/autel-xp400-pro\/","og_locale":"en_US","og_type":"article","og_title":"Autel XP400 Pro - Car-Tech Diagnostic","og_description":"The Autel XP400 Pro is an expansion device that can be integrated with the Autel MaxiIM Key Programming Tool series. This device has been developed for automotive key programming and immobilizer diagnostics. Here are the key features of the Autel XP400 Pro: Key Programming: XP400 Pro supports key programming for different car makes and models. It can program lost or replaced keys. IMMO Functions: It provides integration with automobile security systems thanks to its ability to read, write and diagnose Immobilizer (IMMO) systems. EEPROM and MCU Programming: The XP400 Pro adapts to a wider range of vehicles with EEPROM and MCU (Microcontroller Unit) programming capabilities. Transponder Read\/Write: The ability to read data on the transponder chip and write new transponders simplifies key programming. Various Connection Options: USB, DC and DB15 ports offer the flexibility to connect to a variety of devices and vehicles. Compact and Portable: Its compact design makes it easy to transport and integration with MaxiIM devices is quick and simple. The Autel XP400 Pro is a powerful tool for professional automotive technicians and key specialists for automotive key programming and immobilizer diagnostics. Combined with MaxiIM series devices, this expansion device adapts to a wide range of vehicles and simplifies key programming operations.","og_url":"https:\/\/cartechdiagnostic.com\/en\/urun\/autel-xp400-pro\/","og_site_name":"Car-Tech Diagnostic","og_image":[{"width":1080,"height":1080,"url":"https:\/\/cartechdiagnostic.com\/wp-content\/uploads\/2023\/12\/autel-xp400-pro-2-1.png","type":"image\/png"}],"twitter_card":"summary_large_image","schema":{"@context":"https:\/\/schema.org","@graph":[{"@type":"WebPage","@id":"https:\/\/cartechdiagnostic.com\/en\/urun\/autel-xp400-pro\/","url":"https:\/\/cartechdiagnostic.com\/en\/urun\/autel-xp400-pro\/","name":"Autel XP400 Pro - Car-Tech Diagnostic","isPartOf":{"@id":"https:\/\/www.cartechdiagnostic.com\/en\/#website"},"primaryImageOfPage":{"@id":"https:\/\/cartechdiagnostic.com\/en\/urun\/autel-xp400-pro\/#primaryimage"},"image":{"@id":"https:\/\/cartechdiagnostic.com\/en\/urun\/autel-xp400-pro\/#primaryimage"},"thumbnailUrl":"https:\/\/cartechdiagnostic.com\/wp-content\/uploads\/2023\/12\/autel-xp400-pro-2-1.png","datePublished":"2023-12-06T20:42:55+00:00","dateModified":"2023-12-06T20:42:55+00:00","breadcrumb":{"@id":"https:\/\/cartechdiagnostic.com\/en\/urun\/autel-xp400-pro\/#breadcrumb"},"inLanguage":"en-US","potentialAction":[{"@type":"ReadAction","target":["https:\/\/cartechdiagnostic.com\/en\/urun\/autel-xp400-pro\/"]}]},{"@type":"ImageObject","inLanguage":"en-US","@id":"https:\/\/cartechdiagnostic.com\/en\/urun\/autel-xp400-pro\/#primaryimage","url":"https:\/\/cartechdiagnostic.com\/wp-content\/uploads\/2023\/12\/autel-xp400-pro-2-1.png","contentUrl":"https:\/\/cartechdiagnostic.com\/wp-content\/uploads\/2023\/12\/autel-xp400-pro-2-1.png","width":1080,"height":1080},{"@type":"BreadcrumbList","@id":"https:\/\/cartechdiagnostic.com\/en\/urun\/autel-xp400-pro\/#breadcrumb","itemListElement":[{"@type":"ListItem","position":1,"name":"Anasayfa","item":"https:\/\/www.cartechdiagnostic.com\/en\/"},{"@type":"ListItem","position":2,"name":"Ma\u011faza","item":"https:\/\/www.cartechdiagnostic.com\/magaza\/"},{"@type":"ListItem","position":3,"name":"Autel XP400 Pro"}]},{"@type":"WebSite","@id":"https:\/\/www.cartechdiagnostic.com\/en\/#website","url":"https:\/\/www.cartechdiagnostic.com\/en\/","name":"Car-Tech Diagnostic","description":"Ar\u0131za Tespit Cihazlar\u0131 - ECU Programlama Cihazlar\u0131","publisher":{"@id":"https:\/\/www.cartechdiagnostic.com\/en\/#organization"},"alternateName":"Car-Tech Diag","potentialAction":[{"@type":"SearchAction","target":{"@type":"EntryPoint","urlTemplate":"https:\/\/www.cartechdiagnostic.com\/en\/?s={search_term_string}"},"query-input":"required name=search_term_string"}],"inLanguage":"en-US"},{"@type":"Organization","@id":"https:\/\/www.cartechdiagnostic.com\/en\/#organization","name":"Car-Tech Diagnostic Yaz\u0131l\u0131m Ltd. \u015eti.","url":"https:\/\/www.cartechdiagnostic.com\/en\/","logo":{"@type":"ImageObject","inLanguage":"en-US","@id":"https:\/\/www.cartechdiagnostic.com\/en\/#\/schema\/logo\/image\/","url":"https:\/\/cartechdiagnostic.com\/wp-content\/uploads\/2023\/08\/logocartech.png","contentUrl":"https:\/\/cartechdiagnostic.com\/wp-content\/uploads\/2023\/08\/logocartech.png","width":714,"height":340,"caption":"Car-Tech Diagnostic Yaz\u0131l\u0131m Ltd. \u015eti."},"image":{"@id":"https:\/\/www.cartechdiagnostic.com\/en\/#\/schema\/logo\/image\/"},"sameAs":["https:\/\/www.instagram.com\/cartechdiagnostic"]}]}},"_links":{"self":[{"href":"https:\/\/cartechdiagnostic.com\/en\/wp-json\/wp\/v2\/product\/18655","targetHints":{"allow":["GET"]}}],"collection":[{"href":"https:\/\/cartechdiagnostic.com\/en\/wp-json\/wp\/v2\/product"}],"about":[{"href":"https:\/\/cartechdiagnostic.com\/en\/wp-json\/wp\/v2\/types\/product"}],"replies":[{"embeddable":true,"href":"https:\/\/cartechdiagnostic.com\/en\/wp-json\/wp\/v2\/comments?post=18655"}],"version-history":[{"count":0,"href":"https:\/\/cartechdiagnostic.com\/en\/wp-json\/wp\/v2\/product\/18655\/revisions"}],"wp:featuredmedia":[{"embeddable":true,"href":"https:\/\/cartechdiagnostic.com\/en\/wp-json\/wp\/v2\/media\/16388"}],"wp:attachment":[{"href":"https:\/\/cartechdiagnostic.com\/en\/wp-json\/wp\/v2\/media?parent=18655"}],"wp:term":[{"taxonomy":"product_brand","embeddable":true,"href":"https:\/\/cartechdiagnostic.com\/en\/wp-json\/wp\/v2\/product_brand?post=18655"},{"taxonomy":"product_cat","embeddable":true,"href":"https:\/\/cartechdiagnostic.com\/en\/wp-json\/wp\/v2\/product_cat?post=18655"},{"taxonomy":"product_tag","embeddable":true,"href":"https:\/\/cartechdiagnostic.com\/en\/wp-json\/wp\/v2\/product_tag?post=18655"}],"curies":[{"name":"wp","href":"https:\/\/api.w.org\/{rel}","templated":true}]}}