{"id":18660,"date":"2023-12-06T23:31:28","date_gmt":"2023-12-06T20:31:28","guid":{"rendered":"https:\/urun\/pcm-tuner-ecu-programming-device\/"},"modified":"2026-04-12T12:53:34","modified_gmt":"2026-04-12T09:53:34","slug":"pcm-tuner-ecu-programming-device","status":"publish","type":"product","link":"https:\/\/cartechdiagnostic.com\/en\/urun\/pcm-tuner-ecu-programming-device\/","title":{"rendered":"PCM Tuner Ecu Programming Device"},"content":{"rendered":"","protected":false},"excerpt":{"rendered":"<p>PCM Tuner is a product designed as an ECU (Engine Control Unit) programming device. This device is the ideal solution for car enthusiasts and professionals looking to improve vehicle performance, optimize fuel efficiency and make custom adjustments. The PCM Tuner provides users with customization flexibility by programming the vehicle&#8217;s power output, torque and other important parameters. This allows drivers to personalize the performance of their vehicles and get the driving experience they want. Thanks to its easy-to-use interface, PCM Tuner users can intervene in the ECU to make custom adjustments and make their vehicles more performant. Also, this device is usually equipped with automatic update features, so users can easily access the latest software versions. Also, this device is usually equipped with automatic update features, so users can easily access the latest software versions.<\/p>\n","protected":false},"featured_media":16322,"comment_status":"open","ping_status":"closed","template":"","meta":{"_joinchat":[]},"product_brand":[],"product_cat":[1355,1365],"product_tag":[],"class_list":{"0":"post-18660","1":"product","2":"type-product","3":"status-publish","4":"has-post-thumbnail","6":"product_cat-ecu-programming","7":"product_cat-pcm-tuner-en","9":"first","10":"instock","11":"sale","12":"shipping-taxable","13":"purchasable","14":"product-type-simple"},"yoast_head":"<!-- This site is optimized with the Yoast SEO plugin v22.8 - https:\/\/yoast.com\/wordpress\/plugins\/seo\/ -->\n<title>PCM Tuner Ecu Programming Device - Car-Tech Diagnostic<\/title>\n<meta name=\"robots\" content=\"index, follow, max-snippet:-1, max-image-preview:large, max-video-preview:-1\" \/>\n<link rel=\"canonical\" href=\"https:\/\/cartechdiagnostic.com\/en\/urun\/pcm-tuner-ecu-programming-device\/\" \/>\n<meta property=\"og:locale\" content=\"en_US\" \/>\n<meta property=\"og:type\" content=\"article\" \/>\n<meta property=\"og:title\" content=\"PCM Tuner Ecu Programming Device - Car-Tech Diagnostic\" \/>\n<meta property=\"og:description\" content=\"PCM Tuner is a product designed as an ECU (Engine Control Unit) programming device. This device is the ideal solution for car enthusiasts and professionals looking to improve vehicle performance, optimize fuel efficiency and make custom adjustments. The PCM Tuner provides users with customization flexibility by programming the vehicle&#039;s power output, torque and other important parameters. This allows drivers to personalize the performance of their vehicles and get the driving experience they want. Thanks to its easy-to-use interface, PCM Tuner users can intervene in the ECU to make custom adjustments and make their vehicles more performant. Also, this device is usually equipped with automatic update features, so users can easily access the latest software versions. Also, this device is usually equipped with automatic update features, so users can easily access the latest software versions.\" \/>\n<meta property=\"og:url\" content=\"https:\/\/cartechdiagnostic.com\/en\/urun\/pcm-tuner-ecu-programming-device\/\" \/>\n<meta property=\"og:site_name\" content=\"Car-Tech Diagnostic\" \/>\n<meta property=\"article:modified_time\" content=\"2026-04-12T09:53:34+00:00\" \/>\n<meta property=\"og:image\" content=\"https:\/\/cartechdiagnostic.com\/wp-content\/uploads\/2023\/12\/PCM-Tuner-Ecu-Programlama-Cihazi-2.png\" \/>\n\t<meta property=\"og:image:width\" content=\"1080\" \/>\n\t<meta property=\"og:image:height\" content=\"1080\" \/>\n\t<meta property=\"og:image:type\" content=\"image\/png\" \/>\n<meta name=\"twitter:card\" content=\"summary_large_image\" \/>\n<script type=\"application\/ld+json\" class=\"yoast-schema-graph\">{\"@context\":\"https:\/\/schema.org\",\"@graph\":[{\"@type\":\"WebPage\",\"@id\":\"https:\/\/cartechdiagnostic.com\/en\/urun\/pcm-tuner-ecu-programming-device\/\",\"url\":\"https:\/\/cartechdiagnostic.com\/en\/urun\/pcm-tuner-ecu-programming-device\/\",\"name\":\"PCM Tuner Ecu Programming Device - Car-Tech Diagnostic\",\"isPartOf\":{\"@id\":\"https:\/\/www.cartechdiagnostic.com\/en\/#website\"},\"primaryImageOfPage\":{\"@id\":\"https:\/\/cartechdiagnostic.com\/en\/urun\/pcm-tuner-ecu-programming-device\/#primaryimage\"},\"image\":{\"@id\":\"https:\/\/cartechdiagnostic.com\/en\/urun\/pcm-tuner-ecu-programming-device\/#primaryimage\"},\"thumbnailUrl\":\"https:\/\/cartechdiagnostic.com\/wp-content\/uploads\/2023\/12\/PCM-Tuner-Ecu-Programlama-Cihazi-2.png\",\"datePublished\":\"2023-12-06T20:31:28+00:00\",\"dateModified\":\"2026-04-12T09:53:34+00:00\",\"breadcrumb\":{\"@id\":\"https:\/\/cartechdiagnostic.com\/en\/urun\/pcm-tuner-ecu-programming-device\/#breadcrumb\"},\"inLanguage\":\"en-US\",\"potentialAction\":[{\"@type\":\"ReadAction\",\"target\":[\"https:\/\/cartechdiagnostic.com\/en\/urun\/pcm-tuner-ecu-programming-device\/\"]}]},{\"@type\":\"ImageObject\",\"inLanguage\":\"en-US\",\"@id\":\"https:\/\/cartechdiagnostic.com\/en\/urun\/pcm-tuner-ecu-programming-device\/#primaryimage\",\"url\":\"https:\/\/cartechdiagnostic.com\/wp-content\/uploads\/2023\/12\/PCM-Tuner-Ecu-Programlama-Cihazi-2.png\",\"contentUrl\":\"https:\/\/cartechdiagnostic.com\/wp-content\/uploads\/2023\/12\/PCM-Tuner-Ecu-Programlama-Cihazi-2.png\",\"width\":1080,\"height\":1080},{\"@type\":\"BreadcrumbList\",\"@id\":\"https:\/\/cartechdiagnostic.com\/en\/urun\/pcm-tuner-ecu-programming-device\/#breadcrumb\",\"itemListElement\":[{\"@type\":\"ListItem\",\"position\":1,\"name\":\"Anasayfa\",\"item\":\"https:\/\/www.cartechdiagnostic.com\/en\/\"},{\"@type\":\"ListItem\",\"position\":2,\"name\":\"Ma\u011faza\",\"item\":\"https:\/\/www.cartechdiagnostic.com\/magaza\/\"},{\"@type\":\"ListItem\",\"position\":3,\"name\":\"PCM Tuner Ecu Programming Device\"}]},{\"@type\":\"WebSite\",\"@id\":\"https:\/\/www.cartechdiagnostic.com\/en\/#website\",\"url\":\"https:\/\/www.cartechdiagnostic.com\/en\/\",\"name\":\"Car-Tech Diagnostic\",\"description\":\"Ar\u0131za Tespit Cihazlar\u0131 - ECU Programlama Cihazlar\u0131\",\"publisher\":{\"@id\":\"https:\/\/www.cartechdiagnostic.com\/en\/#organization\"},\"alternateName\":\"Car-Tech Diag\",\"potentialAction\":[{\"@type\":\"SearchAction\",\"target\":{\"@type\":\"EntryPoint\",\"urlTemplate\":\"https:\/\/www.cartechdiagnostic.com\/en\/?s={search_term_string}\"},\"query-input\":\"required name=search_term_string\"}],\"inLanguage\":\"en-US\"},{\"@type\":\"Organization\",\"@id\":\"https:\/\/www.cartechdiagnostic.com\/en\/#organization\",\"name\":\"Car-Tech Diagnostic Yaz\u0131l\u0131m Ltd. \u015eti.\",\"url\":\"https:\/\/www.cartechdiagnostic.com\/en\/\",\"logo\":{\"@type\":\"ImageObject\",\"inLanguage\":\"en-US\",\"@id\":\"https:\/\/www.cartechdiagnostic.com\/en\/#\/schema\/logo\/image\/\",\"url\":\"https:\/\/cartechdiagnostic.com\/wp-content\/uploads\/2023\/08\/logocartech.png\",\"contentUrl\":\"https:\/\/cartechdiagnostic.com\/wp-content\/uploads\/2023\/08\/logocartech.png\",\"width\":714,\"height\":340,\"caption\":\"Car-Tech Diagnostic Yaz\u0131l\u0131m Ltd. \u015eti.\"},\"image\":{\"@id\":\"https:\/\/www.cartechdiagnostic.com\/en\/#\/schema\/logo\/image\/\"},\"sameAs\":[\"https:\/\/www.instagram.com\/cartechdiagnostic\"]}]}<\/script>\n<!-- \/ Yoast SEO plugin. -->","yoast_head_json":{"title":"PCM Tuner Ecu Programming Device - Car-Tech Diagnostic","robots":{"index":"index","follow":"follow","max-snippet":"max-snippet:-1","max-image-preview":"max-image-preview:large","max-video-preview":"max-video-preview:-1"},"canonical":"https:\/\/cartechdiagnostic.com\/en\/urun\/pcm-tuner-ecu-programming-device\/","og_locale":"en_US","og_type":"article","og_title":"PCM Tuner Ecu Programming Device - Car-Tech Diagnostic","og_description":"PCM Tuner is a product designed as an ECU (Engine Control Unit) programming device. This device is the ideal solution for car enthusiasts and professionals looking to improve vehicle performance, optimize fuel efficiency and make custom adjustments. The PCM Tuner provides users with customization flexibility by programming the vehicle's power output, torque and other important parameters. This allows drivers to personalize the performance of their vehicles and get the driving experience they want. Thanks to its easy-to-use interface, PCM Tuner users can intervene in the ECU to make custom adjustments and make their vehicles more performant. Also, this device is usually equipped with automatic update features, so users can easily access the latest software versions. Also, this device is usually equipped with automatic update features, so users can easily access the latest software versions.","og_url":"https:\/\/cartechdiagnostic.com\/en\/urun\/pcm-tuner-ecu-programming-device\/","og_site_name":"Car-Tech Diagnostic","article_modified_time":"2026-04-12T09:53:34+00:00","og_image":[{"width":1080,"height":1080,"url":"https:\/\/cartechdiagnostic.com\/wp-content\/uploads\/2023\/12\/PCM-Tuner-Ecu-Programlama-Cihazi-2.png","type":"image\/png"}],"twitter_card":"summary_large_image","schema":{"@context":"https:\/\/schema.org","@graph":[{"@type":"WebPage","@id":"https:\/\/cartechdiagnostic.com\/en\/urun\/pcm-tuner-ecu-programming-device\/","url":"https:\/\/cartechdiagnostic.com\/en\/urun\/pcm-tuner-ecu-programming-device\/","name":"PCM Tuner Ecu Programming Device - Car-Tech Diagnostic","isPartOf":{"@id":"https:\/\/www.cartechdiagnostic.com\/en\/#website"},"primaryImageOfPage":{"@id":"https:\/\/cartechdiagnostic.com\/en\/urun\/pcm-tuner-ecu-programming-device\/#primaryimage"},"image":{"@id":"https:\/\/cartechdiagnostic.com\/en\/urun\/pcm-tuner-ecu-programming-device\/#primaryimage"},"thumbnailUrl":"https:\/\/cartechdiagnostic.com\/wp-content\/uploads\/2023\/12\/PCM-Tuner-Ecu-Programlama-Cihazi-2.png","datePublished":"2023-12-06T20:31:28+00:00","dateModified":"2026-04-12T09:53:34+00:00","breadcrumb":{"@id":"https:\/\/cartechdiagnostic.com\/en\/urun\/pcm-tuner-ecu-programming-device\/#breadcrumb"},"inLanguage":"en-US","potentialAction":[{"@type":"ReadAction","target":["https:\/\/cartechdiagnostic.com\/en\/urun\/pcm-tuner-ecu-programming-device\/"]}]},{"@type":"ImageObject","inLanguage":"en-US","@id":"https:\/\/cartechdiagnostic.com\/en\/urun\/pcm-tuner-ecu-programming-device\/#primaryimage","url":"https:\/\/cartechdiagnostic.com\/wp-content\/uploads\/2023\/12\/PCM-Tuner-Ecu-Programlama-Cihazi-2.png","contentUrl":"https:\/\/cartechdiagnostic.com\/wp-content\/uploads\/2023\/12\/PCM-Tuner-Ecu-Programlama-Cihazi-2.png","width":1080,"height":1080},{"@type":"BreadcrumbList","@id":"https:\/\/cartechdiagnostic.com\/en\/urun\/pcm-tuner-ecu-programming-device\/#breadcrumb","itemListElement":[{"@type":"ListItem","position":1,"name":"Anasayfa","item":"https:\/\/www.cartechdiagnostic.com\/en\/"},{"@type":"ListItem","position":2,"name":"Ma\u011faza","item":"https:\/\/www.cartechdiagnostic.com\/magaza\/"},{"@type":"ListItem","position":3,"name":"PCM Tuner Ecu Programming Device"}]},{"@type":"WebSite","@id":"https:\/\/www.cartechdiagnostic.com\/en\/#website","url":"https:\/\/www.cartechdiagnostic.com\/en\/","name":"Car-Tech Diagnostic","description":"Ar\u0131za Tespit Cihazlar\u0131 - ECU Programlama Cihazlar\u0131","publisher":{"@id":"https:\/\/www.cartechdiagnostic.com\/en\/#organization"},"alternateName":"Car-Tech Diag","potentialAction":[{"@type":"SearchAction","target":{"@type":"EntryPoint","urlTemplate":"https:\/\/www.cartechdiagnostic.com\/en\/?s={search_term_string}"},"query-input":"required name=search_term_string"}],"inLanguage":"en-US"},{"@type":"Organization","@id":"https:\/\/www.cartechdiagnostic.com\/en\/#organization","name":"Car-Tech Diagnostic Yaz\u0131l\u0131m Ltd. \u015eti.","url":"https:\/\/www.cartechdiagnostic.com\/en\/","logo":{"@type":"ImageObject","inLanguage":"en-US","@id":"https:\/\/www.cartechdiagnostic.com\/en\/#\/schema\/logo\/image\/","url":"https:\/\/cartechdiagnostic.com\/wp-content\/uploads\/2023\/08\/logocartech.png","contentUrl":"https:\/\/cartechdiagnostic.com\/wp-content\/uploads\/2023\/08\/logocartech.png","width":714,"height":340,"caption":"Car-Tech Diagnostic Yaz\u0131l\u0131m Ltd. \u015eti."},"image":{"@id":"https:\/\/www.cartechdiagnostic.com\/en\/#\/schema\/logo\/image\/"},"sameAs":["https:\/\/www.instagram.com\/cartechdiagnostic"]}]}},"_links":{"self":[{"href":"https:\/\/cartechdiagnostic.com\/en\/wp-json\/wp\/v2\/product\/18660","targetHints":{"allow":["GET"]}}],"collection":[{"href":"https:\/\/cartechdiagnostic.com\/en\/wp-json\/wp\/v2\/product"}],"about":[{"href":"https:\/\/cartechdiagnostic.com\/en\/wp-json\/wp\/v2\/types\/product"}],"replies":[{"embeddable":true,"href":"https:\/\/cartechdiagnostic.com\/en\/wp-json\/wp\/v2\/comments?post=18660"}],"version-history":[{"count":0,"href":"https:\/\/cartechdiagnostic.com\/en\/wp-json\/wp\/v2\/product\/18660\/revisions"}],"wp:featuredmedia":[{"embeddable":true,"href":"https:\/\/cartechdiagnostic.com\/en\/wp-json\/wp\/v2\/media\/16322"}],"wp:attachment":[{"href":"https:\/\/cartechdiagnostic.com\/en\/wp-json\/wp\/v2\/media?parent=18660"}],"wp:term":[{"taxonomy":"product_brand","embeddable":true,"href":"https:\/\/cartechdiagnostic.com\/en\/wp-json\/wp\/v2\/product_brand?post=18660"},{"taxonomy":"product_cat","embeddable":true,"href":"https:\/\/cartechdiagnostic.com\/en\/wp-json\/wp\/v2\/product_cat?post=18660"},{"taxonomy":"product_tag","embeddable":true,"href":"https:\/\/cartechdiagnostic.com\/en\/wp-json\/wp\/v2\/product_tag?post=18660"}],"curies":[{"name":"wp","href":"https:\/\/api.w.org\/{rel}","templated":true}]}}