{"id":18664,"date":"2023-11-24T21:10:48","date_gmt":"2023-11-24T18:10:48","guid":{"rendered":"https:\/urun\/thinkpps-150-aku-voltage-stabilizer\/"},"modified":"2023-11-24T21:10:48","modified_gmt":"2023-11-24T18:10:48","slug":"thinkpps-150-aku-voltage-stabilizer","status":"publish","type":"product","link":"https:\/\/cartechdiagnostic.com\/en\/urun\/thinkpps-150-aku-voltage-stabilizer\/","title":{"rendered":"THINKCAR ThinkPPS 150 Battery Voltage Stabilizer"},"content":{"rendered":"","protected":false},"excerpt":{"rendered":"<p>ThinkPPS 150 is a device designed as a battery voltage stabilizer. This compact and easy-to-use tool provides an ideal battery management solution for vehicle owners and automotive professionals. The ThinkPPS 150 has been developed to improve the safety and performance of the vehicle battery. The ThinkPPS 150 can be used in different vehicle types, adapting to a wide range of battery capacities. It regulates the battery voltage, protecting it from overcharging and discharging, thus extending battery life. Furthermore, the device optimizes the voltage level of the battery, providing more stable power to the vehicle&#8217;s electrical system. Thanks to its user-friendly design and portability, the ThinkPPS 150 makes it easy for users to monitor, regulate and optimize battery voltage. It is a useful tool for car owners to maintain battery health, especially when parked for long periods of time. ThinkPPS 150 Battery Voltage Stabilizer is the ideal solution for anyone looking for a reliable and effective battery management tool. It is a practical tool for users who want to improve battery performance and ensure vehicle safety.         <\/p>\n","protected":false},"featured_media":16212,"comment_status":"open","ping_status":"closed","template":"","meta":{"_joinchat":[]},"product_brand":[],"product_cat":[1366,1367,1368],"product_tag":[],"class_list":{"0":"post-18664","1":"product","2":"type-product","3":"status-publish","4":"has-post-thumbnail","6":"product_cat-service-auxiliary-equipment","7":"product_cat-test-equipments","8":"product_cat-thinkcar-en","10":"first","11":"instock","12":"sale","13":"shipping-taxable","14":"purchasable","15":"product-type-simple"},"yoast_head":"<!-- This site is optimized with the Yoast SEO plugin v22.8 - https:\/\/yoast.com\/wordpress\/plugins\/seo\/ -->\n<title>THINKCAR ThinkPPS 150 Battery Voltage Stabilizer - Car-Tech Diagnostic<\/title>\n<meta name=\"robots\" content=\"index, follow, max-snippet:-1, max-image-preview:large, max-video-preview:-1\" \/>\n<link rel=\"canonical\" href=\"https:\/\/cartechdiagnostic.com\/en\/urun\/thinkpps-150-aku-voltage-stabilizer\/\" \/>\n<meta property=\"og:locale\" content=\"en_US\" \/>\n<meta property=\"og:type\" content=\"article\" \/>\n<meta property=\"og:title\" content=\"THINKCAR ThinkPPS 150 Battery Voltage Stabilizer - Car-Tech Diagnostic\" \/>\n<meta property=\"og:description\" content=\"ThinkPPS 150 is a device designed as a battery voltage stabilizer. This compact and easy-to-use tool provides an ideal battery management solution for vehicle owners and automotive professionals. The ThinkPPS 150 has been developed to improve the safety and performance of the vehicle battery. The ThinkPPS 150 can be used in different vehicle types, adapting to a wide range of battery capacities. It regulates the battery voltage, protecting it from overcharging and discharging, thus extending battery life. Furthermore, the device optimizes the voltage level of the battery, providing more stable power to the vehicle&#039;s electrical system. Thanks to its user-friendly design and portability, the ThinkPPS 150 makes it easy for users to monitor, regulate and optimize battery voltage. It is a useful tool for car owners to maintain battery health, especially when parked for long periods of time. ThinkPPS 150 Battery Voltage Stabilizer is the ideal solution for anyone looking for a reliable and effective battery management tool. It is a practical tool for users who want to improve battery performance and ensure vehicle safety.\" \/>\n<meta property=\"og:url\" content=\"https:\/\/cartechdiagnostic.com\/en\/urun\/thinkpps-150-aku-voltage-stabilizer\/\" \/>\n<meta property=\"og:site_name\" content=\"Car-Tech Diagnostic\" \/>\n<meta property=\"og:image\" content=\"https:\/\/cartechdiagnostic.com\/wp-content\/uploads\/2023\/11\/ThinkPPS-150-Aku-Voltaj-Sabitleyici.png\" \/>\n\t<meta property=\"og:image:width\" content=\"1080\" \/>\n\t<meta property=\"og:image:height\" content=\"1080\" \/>\n\t<meta property=\"og:image:type\" content=\"image\/png\" \/>\n<meta name=\"twitter:card\" content=\"summary_large_image\" \/>\n<script type=\"application\/ld+json\" class=\"yoast-schema-graph\">{\"@context\":\"https:\/\/schema.org\",\"@graph\":[{\"@type\":\"WebPage\",\"@id\":\"https:\/\/cartechdiagnostic.com\/en\/urun\/thinkpps-150-aku-voltage-stabilizer\/\",\"url\":\"https:\/\/cartechdiagnostic.com\/en\/urun\/thinkpps-150-aku-voltage-stabilizer\/\",\"name\":\"THINKCAR ThinkPPS 150 Battery Voltage Stabilizer - Car-Tech Diagnostic\",\"isPartOf\":{\"@id\":\"https:\/\/www.cartechdiagnostic.com\/en\/#website\"},\"primaryImageOfPage\":{\"@id\":\"https:\/\/cartechdiagnostic.com\/en\/urun\/thinkpps-150-aku-voltage-stabilizer\/#primaryimage\"},\"image\":{\"@id\":\"https:\/\/cartechdiagnostic.com\/en\/urun\/thinkpps-150-aku-voltage-stabilizer\/#primaryimage\"},\"thumbnailUrl\":\"https:\/\/cartechdiagnostic.com\/wp-content\/uploads\/2023\/11\/ThinkPPS-150-Aku-Voltaj-Sabitleyici.png\",\"datePublished\":\"2023-11-24T18:10:48+00:00\",\"dateModified\":\"2023-11-24T18:10:48+00:00\",\"breadcrumb\":{\"@id\":\"https:\/\/cartechdiagnostic.com\/en\/urun\/thinkpps-150-aku-voltage-stabilizer\/#breadcrumb\"},\"inLanguage\":\"en-US\",\"potentialAction\":[{\"@type\":\"ReadAction\",\"target\":[\"https:\/\/cartechdiagnostic.com\/en\/urun\/thinkpps-150-aku-voltage-stabilizer\/\"]}]},{\"@type\":\"ImageObject\",\"inLanguage\":\"en-US\",\"@id\":\"https:\/\/cartechdiagnostic.com\/en\/urun\/thinkpps-150-aku-voltage-stabilizer\/#primaryimage\",\"url\":\"https:\/\/cartechdiagnostic.com\/wp-content\/uploads\/2023\/11\/ThinkPPS-150-Aku-Voltaj-Sabitleyici.png\",\"contentUrl\":\"https:\/\/cartechdiagnostic.com\/wp-content\/uploads\/2023\/11\/ThinkPPS-150-Aku-Voltaj-Sabitleyici.png\",\"width\":1080,\"height\":1080},{\"@type\":\"BreadcrumbList\",\"@id\":\"https:\/\/cartechdiagnostic.com\/en\/urun\/thinkpps-150-aku-voltage-stabilizer\/#breadcrumb\",\"itemListElement\":[{\"@type\":\"ListItem\",\"position\":1,\"name\":\"Anasayfa\",\"item\":\"https:\/\/www.cartechdiagnostic.com\/en\/\"},{\"@type\":\"ListItem\",\"position\":2,\"name\":\"Ma\u011faza\",\"item\":\"https:\/\/www.cartechdiagnostic.com\/magaza\/\"},{\"@type\":\"ListItem\",\"position\":3,\"name\":\"THINKCAR ThinkPPS 150 Battery Voltage Stabilizer\"}]},{\"@type\":\"WebSite\",\"@id\":\"https:\/\/www.cartechdiagnostic.com\/en\/#website\",\"url\":\"https:\/\/www.cartechdiagnostic.com\/en\/\",\"name\":\"Car-Tech Diagnostic\",\"description\":\"Ar\u0131za Tespit Cihazlar\u0131 - ECU Programlama Cihazlar\u0131\",\"publisher\":{\"@id\":\"https:\/\/www.cartechdiagnostic.com\/en\/#organization\"},\"alternateName\":\"Car-Tech Diag\",\"potentialAction\":[{\"@type\":\"SearchAction\",\"target\":{\"@type\":\"EntryPoint\",\"urlTemplate\":\"https:\/\/www.cartechdiagnostic.com\/en\/?s={search_term_string}\"},\"query-input\":\"required name=search_term_string\"}],\"inLanguage\":\"en-US\"},{\"@type\":\"Organization\",\"@id\":\"https:\/\/www.cartechdiagnostic.com\/en\/#organization\",\"name\":\"Car-Tech Diagnostic Yaz\u0131l\u0131m Ltd. \u015eti.\",\"url\":\"https:\/\/www.cartechdiagnostic.com\/en\/\",\"logo\":{\"@type\":\"ImageObject\",\"inLanguage\":\"en-US\",\"@id\":\"https:\/\/www.cartechdiagnostic.com\/en\/#\/schema\/logo\/image\/\",\"url\":\"https:\/\/cartechdiagnostic.com\/wp-content\/uploads\/2023\/08\/logocartech.png\",\"contentUrl\":\"https:\/\/cartechdiagnostic.com\/wp-content\/uploads\/2023\/08\/logocartech.png\",\"width\":714,\"height\":340,\"caption\":\"Car-Tech Diagnostic Yaz\u0131l\u0131m Ltd. \u015eti.\"},\"image\":{\"@id\":\"https:\/\/www.cartechdiagnostic.com\/en\/#\/schema\/logo\/image\/\"},\"sameAs\":[\"https:\/\/www.instagram.com\/cartechdiagnostic\"]}]}<\/script>\n<!-- \/ Yoast SEO plugin. -->","yoast_head_json":{"title":"THINKCAR ThinkPPS 150 Battery Voltage Stabilizer - Car-Tech Diagnostic","robots":{"index":"index","follow":"follow","max-snippet":"max-snippet:-1","max-image-preview":"max-image-preview:large","max-video-preview":"max-video-preview:-1"},"canonical":"https:\/\/cartechdiagnostic.com\/en\/urun\/thinkpps-150-aku-voltage-stabilizer\/","og_locale":"en_US","og_type":"article","og_title":"THINKCAR ThinkPPS 150 Battery Voltage Stabilizer - Car-Tech Diagnostic","og_description":"ThinkPPS 150 is a device designed as a battery voltage stabilizer. This compact and easy-to-use tool provides an ideal battery management solution for vehicle owners and automotive professionals. The ThinkPPS 150 has been developed to improve the safety and performance of the vehicle battery. The ThinkPPS 150 can be used in different vehicle types, adapting to a wide range of battery capacities. It regulates the battery voltage, protecting it from overcharging and discharging, thus extending battery life. Furthermore, the device optimizes the voltage level of the battery, providing more stable power to the vehicle's electrical system. Thanks to its user-friendly design and portability, the ThinkPPS 150 makes it easy for users to monitor, regulate and optimize battery voltage. It is a useful tool for car owners to maintain battery health, especially when parked for long periods of time. ThinkPPS 150 Battery Voltage Stabilizer is the ideal solution for anyone looking for a reliable and effective battery management tool. It is a practical tool for users who want to improve battery performance and ensure vehicle safety.","og_url":"https:\/\/cartechdiagnostic.com\/en\/urun\/thinkpps-150-aku-voltage-stabilizer\/","og_site_name":"Car-Tech Diagnostic","og_image":[{"width":1080,"height":1080,"url":"https:\/\/cartechdiagnostic.com\/wp-content\/uploads\/2023\/11\/ThinkPPS-150-Aku-Voltaj-Sabitleyici.png","type":"image\/png"}],"twitter_card":"summary_large_image","schema":{"@context":"https:\/\/schema.org","@graph":[{"@type":"WebPage","@id":"https:\/\/cartechdiagnostic.com\/en\/urun\/thinkpps-150-aku-voltage-stabilizer\/","url":"https:\/\/cartechdiagnostic.com\/en\/urun\/thinkpps-150-aku-voltage-stabilizer\/","name":"THINKCAR ThinkPPS 150 Battery Voltage Stabilizer - Car-Tech Diagnostic","isPartOf":{"@id":"https:\/\/www.cartechdiagnostic.com\/en\/#website"},"primaryImageOfPage":{"@id":"https:\/\/cartechdiagnostic.com\/en\/urun\/thinkpps-150-aku-voltage-stabilizer\/#primaryimage"},"image":{"@id":"https:\/\/cartechdiagnostic.com\/en\/urun\/thinkpps-150-aku-voltage-stabilizer\/#primaryimage"},"thumbnailUrl":"https:\/\/cartechdiagnostic.com\/wp-content\/uploads\/2023\/11\/ThinkPPS-150-Aku-Voltaj-Sabitleyici.png","datePublished":"2023-11-24T18:10:48+00:00","dateModified":"2023-11-24T18:10:48+00:00","breadcrumb":{"@id":"https:\/\/cartechdiagnostic.com\/en\/urun\/thinkpps-150-aku-voltage-stabilizer\/#breadcrumb"},"inLanguage":"en-US","potentialAction":[{"@type":"ReadAction","target":["https:\/\/cartechdiagnostic.com\/en\/urun\/thinkpps-150-aku-voltage-stabilizer\/"]}]},{"@type":"ImageObject","inLanguage":"en-US","@id":"https:\/\/cartechdiagnostic.com\/en\/urun\/thinkpps-150-aku-voltage-stabilizer\/#primaryimage","url":"https:\/\/cartechdiagnostic.com\/wp-content\/uploads\/2023\/11\/ThinkPPS-150-Aku-Voltaj-Sabitleyici.png","contentUrl":"https:\/\/cartechdiagnostic.com\/wp-content\/uploads\/2023\/11\/ThinkPPS-150-Aku-Voltaj-Sabitleyici.png","width":1080,"height":1080},{"@type":"BreadcrumbList","@id":"https:\/\/cartechdiagnostic.com\/en\/urun\/thinkpps-150-aku-voltage-stabilizer\/#breadcrumb","itemListElement":[{"@type":"ListItem","position":1,"name":"Anasayfa","item":"https:\/\/www.cartechdiagnostic.com\/en\/"},{"@type":"ListItem","position":2,"name":"Ma\u011faza","item":"https:\/\/www.cartechdiagnostic.com\/magaza\/"},{"@type":"ListItem","position":3,"name":"THINKCAR ThinkPPS 150 Battery Voltage Stabilizer"}]},{"@type":"WebSite","@id":"https:\/\/www.cartechdiagnostic.com\/en\/#website","url":"https:\/\/www.cartechdiagnostic.com\/en\/","name":"Car-Tech Diagnostic","description":"Ar\u0131za Tespit Cihazlar\u0131 - ECU Programlama Cihazlar\u0131","publisher":{"@id":"https:\/\/www.cartechdiagnostic.com\/en\/#organization"},"alternateName":"Car-Tech Diag","potentialAction":[{"@type":"SearchAction","target":{"@type":"EntryPoint","urlTemplate":"https:\/\/www.cartechdiagnostic.com\/en\/?s={search_term_string}"},"query-input":"required name=search_term_string"}],"inLanguage":"en-US"},{"@type":"Organization","@id":"https:\/\/www.cartechdiagnostic.com\/en\/#organization","name":"Car-Tech Diagnostic Yaz\u0131l\u0131m Ltd. \u015eti.","url":"https:\/\/www.cartechdiagnostic.com\/en\/","logo":{"@type":"ImageObject","inLanguage":"en-US","@id":"https:\/\/www.cartechdiagnostic.com\/en\/#\/schema\/logo\/image\/","url":"https:\/\/cartechdiagnostic.com\/wp-content\/uploads\/2023\/08\/logocartech.png","contentUrl":"https:\/\/cartechdiagnostic.com\/wp-content\/uploads\/2023\/08\/logocartech.png","width":714,"height":340,"caption":"Car-Tech Diagnostic Yaz\u0131l\u0131m Ltd. \u015eti."},"image":{"@id":"https:\/\/www.cartechdiagnostic.com\/en\/#\/schema\/logo\/image\/"},"sameAs":["https:\/\/www.instagram.com\/cartechdiagnostic"]}]}},"_links":{"self":[{"href":"https:\/\/cartechdiagnostic.com\/en\/wp-json\/wp\/v2\/product\/18664","targetHints":{"allow":["GET"]}}],"collection":[{"href":"https:\/\/cartechdiagnostic.com\/en\/wp-json\/wp\/v2\/product"}],"about":[{"href":"https:\/\/cartechdiagnostic.com\/en\/wp-json\/wp\/v2\/types\/product"}],"replies":[{"embeddable":true,"href":"https:\/\/cartechdiagnostic.com\/en\/wp-json\/wp\/v2\/comments?post=18664"}],"version-history":[{"count":0,"href":"https:\/\/cartechdiagnostic.com\/en\/wp-json\/wp\/v2\/product\/18664\/revisions"}],"wp:featuredmedia":[{"embeddable":true,"href":"https:\/\/cartechdiagnostic.com\/en\/wp-json\/wp\/v2\/media\/16212"}],"wp:attachment":[{"href":"https:\/\/cartechdiagnostic.com\/en\/wp-json\/wp\/v2\/media?parent=18664"}],"wp:term":[{"taxonomy":"product_brand","embeddable":true,"href":"https:\/\/cartechdiagnostic.com\/en\/wp-json\/wp\/v2\/product_brand?post=18664"},{"taxonomy":"product_cat","embeddable":true,"href":"https:\/\/cartechdiagnostic.com\/en\/wp-json\/wp\/v2\/product_cat?post=18664"},{"taxonomy":"product_tag","embeddable":true,"href":"https:\/\/cartechdiagnostic.com\/en\/wp-json\/wp\/v2\/product_tag?post=18664"}],"curies":[{"name":"wp","href":"https:\/\/api.w.org\/{rel}","templated":true}]}}