{"id":18668,"date":"2023-11-24T21:06:22","date_gmt":"2023-11-24T18:06:22","guid":{"rendered":"https:\/urun\/thinkcar-prog2-immobilizer-coding-device\/"},"modified":"2023-11-24T21:06:22","modified_gmt":"2023-11-24T18:06:22","slug":"thinkcar-prog2-immobilizer-coding-device","status":"publish","type":"product","link":"https:\/\/cartechdiagnostic.com\/en\/urun\/thinkcar-prog2-immobilizer-coding-device\/","title":{"rendered":"THINKCAR PROG2 Immobilizer Coding Device"},"content":{"rendered":"","protected":false},"excerpt":{"rendered":"<p>THINKCAR PROG2 Immobilizer Coding Device is an advanced tool designed for automotive professionals and technicians. This device is specially designed to perform operations such as coding, programming and key programming on immobilizer systems of vehicles in a fast and reliable way. PROG2 adapts to a wide range of vehicles and can communicate with immobilizer systems of vehicles of different makes and models. Its user-friendly interface makes the device easy to use and allows professionals to perform coding operations with confidence. With advanced features, THINKCAR PROG2 offers an effective solution for detecting and solving immobilizer problems. It also has the ability to support new vehicle models with its updatable software, so it remains up to date over time. THINKCAR PROG2 Immobilizer Coding Device is the ideal tool for automotive professionals who want to quickly solve key programming and immobilizer problems. It is a reliable solution for those who want to perform professional level diagnostics and maintenance.       <\/p>\n","protected":false},"featured_media":16187,"comment_status":"open","ping_status":"closed","template":"","meta":{"_joinchat":[]},"product_brand":[],"product_cat":[1346,1368],"product_tag":[],"class_list":{"0":"post-18668","1":"product","2":"type-product","3":"status-publish","4":"has-post-thumbnail","6":"product_cat-key-programming-devices","7":"product_cat-thinkcar-en","9":"first","10":"instock","11":"sale","12":"shipping-taxable","13":"purchasable","14":"product-type-simple"},"yoast_head":"<!-- This site is optimized with the Yoast SEO plugin v22.8 - https:\/\/yoast.com\/wordpress\/plugins\/seo\/ -->\n<title>THINKCAR PROG2 Immobilizer Coding Device - Car-Tech Diagnostic<\/title>\n<meta name=\"robots\" content=\"index, follow, max-snippet:-1, max-image-preview:large, max-video-preview:-1\" \/>\n<link rel=\"canonical\" href=\"https:\/\/cartechdiagnostic.com\/en\/urun\/thinkcar-prog2-immobilizer-coding-device\/\" \/>\n<meta property=\"og:locale\" content=\"en_US\" \/>\n<meta property=\"og:type\" content=\"article\" \/>\n<meta property=\"og:title\" content=\"THINKCAR PROG2 Immobilizer Coding Device - Car-Tech Diagnostic\" \/>\n<meta property=\"og:description\" content=\"THINKCAR PROG2 Immobilizer Coding Device is an advanced tool designed for automotive professionals and technicians. This device is specially designed to perform operations such as coding, programming and key programming on immobilizer systems of vehicles in a fast and reliable way. PROG2 adapts to a wide range of vehicles and can communicate with immobilizer systems of vehicles of different makes and models. Its user-friendly interface makes the device easy to use and allows professionals to perform coding operations with confidence. With advanced features, THINKCAR PROG2 offers an effective solution for detecting and solving immobilizer problems. It also has the ability to support new vehicle models with its updatable software, so it remains up to date over time. THINKCAR PROG2 Immobilizer Coding Device is the ideal tool for automotive professionals who want to quickly solve key programming and immobilizer problems. It is a reliable solution for those who want to perform professional level diagnostics and maintenance.\" \/>\n<meta property=\"og:url\" content=\"https:\/\/cartechdiagnostic.com\/en\/urun\/thinkcar-prog2-immobilizer-coding-device\/\" \/>\n<meta property=\"og:site_name\" content=\"Car-Tech Diagnostic\" \/>\n<meta property=\"og:image\" content=\"https:\/\/cartechdiagnostic.com\/wp-content\/uploads\/2023\/11\/THINKCAR-PROG2-Immobilizer-Kodlama-Cihazi-1.png\" \/>\n\t<meta property=\"og:image:width\" content=\"1080\" \/>\n\t<meta property=\"og:image:height\" content=\"1080\" \/>\n\t<meta property=\"og:image:type\" content=\"image\/png\" \/>\n<meta name=\"twitter:card\" content=\"summary_large_image\" \/>\n<script type=\"application\/ld+json\" class=\"yoast-schema-graph\">{\"@context\":\"https:\/\/schema.org\",\"@graph\":[{\"@type\":\"WebPage\",\"@id\":\"https:\/\/cartechdiagnostic.com\/en\/urun\/thinkcar-prog2-immobilizer-coding-device\/\",\"url\":\"https:\/\/cartechdiagnostic.com\/en\/urun\/thinkcar-prog2-immobilizer-coding-device\/\",\"name\":\"THINKCAR PROG2 Immobilizer Coding Device - Car-Tech Diagnostic\",\"isPartOf\":{\"@id\":\"https:\/\/www.cartechdiagnostic.com\/en\/#website\"},\"primaryImageOfPage\":{\"@id\":\"https:\/\/cartechdiagnostic.com\/en\/urun\/thinkcar-prog2-immobilizer-coding-device\/#primaryimage\"},\"image\":{\"@id\":\"https:\/\/cartechdiagnostic.com\/en\/urun\/thinkcar-prog2-immobilizer-coding-device\/#primaryimage\"},\"thumbnailUrl\":\"https:\/\/cartechdiagnostic.com\/wp-content\/uploads\/2023\/11\/THINKCAR-PROG2-Immobilizer-Kodlama-Cihazi-1.png\",\"datePublished\":\"2023-11-24T18:06:22+00:00\",\"dateModified\":\"2023-11-24T18:06:22+00:00\",\"breadcrumb\":{\"@id\":\"https:\/\/cartechdiagnostic.com\/en\/urun\/thinkcar-prog2-immobilizer-coding-device\/#breadcrumb\"},\"inLanguage\":\"en-US\",\"potentialAction\":[{\"@type\":\"ReadAction\",\"target\":[\"https:\/\/cartechdiagnostic.com\/en\/urun\/thinkcar-prog2-immobilizer-coding-device\/\"]}]},{\"@type\":\"ImageObject\",\"inLanguage\":\"en-US\",\"@id\":\"https:\/\/cartechdiagnostic.com\/en\/urun\/thinkcar-prog2-immobilizer-coding-device\/#primaryimage\",\"url\":\"https:\/\/cartechdiagnostic.com\/wp-content\/uploads\/2023\/11\/THINKCAR-PROG2-Immobilizer-Kodlama-Cihazi-1.png\",\"contentUrl\":\"https:\/\/cartechdiagnostic.com\/wp-content\/uploads\/2023\/11\/THINKCAR-PROG2-Immobilizer-Kodlama-Cihazi-1.png\",\"width\":1080,\"height\":1080},{\"@type\":\"BreadcrumbList\",\"@id\":\"https:\/\/cartechdiagnostic.com\/en\/urun\/thinkcar-prog2-immobilizer-coding-device\/#breadcrumb\",\"itemListElement\":[{\"@type\":\"ListItem\",\"position\":1,\"name\":\"Anasayfa\",\"item\":\"https:\/\/www.cartechdiagnostic.com\/en\/\"},{\"@type\":\"ListItem\",\"position\":2,\"name\":\"Ma\u011faza\",\"item\":\"https:\/\/www.cartechdiagnostic.com\/magaza\/\"},{\"@type\":\"ListItem\",\"position\":3,\"name\":\"THINKCAR PROG2 Immobilizer Coding Device\"}]},{\"@type\":\"WebSite\",\"@id\":\"https:\/\/www.cartechdiagnostic.com\/en\/#website\",\"url\":\"https:\/\/www.cartechdiagnostic.com\/en\/\",\"name\":\"Car-Tech Diagnostic\",\"description\":\"Ar\u0131za Tespit Cihazlar\u0131 - ECU Programlama Cihazlar\u0131\",\"publisher\":{\"@id\":\"https:\/\/www.cartechdiagnostic.com\/en\/#organization\"},\"alternateName\":\"Car-Tech Diag\",\"potentialAction\":[{\"@type\":\"SearchAction\",\"target\":{\"@type\":\"EntryPoint\",\"urlTemplate\":\"https:\/\/www.cartechdiagnostic.com\/en\/?s={search_term_string}\"},\"query-input\":\"required name=search_term_string\"}],\"inLanguage\":\"en-US\"},{\"@type\":\"Organization\",\"@id\":\"https:\/\/www.cartechdiagnostic.com\/en\/#organization\",\"name\":\"Car-Tech Diagnostic Yaz\u0131l\u0131m Ltd. \u015eti.\",\"url\":\"https:\/\/www.cartechdiagnostic.com\/en\/\",\"logo\":{\"@type\":\"ImageObject\",\"inLanguage\":\"en-US\",\"@id\":\"https:\/\/www.cartechdiagnostic.com\/en\/#\/schema\/logo\/image\/\",\"url\":\"https:\/\/cartechdiagnostic.com\/wp-content\/uploads\/2023\/08\/logocartech.png\",\"contentUrl\":\"https:\/\/cartechdiagnostic.com\/wp-content\/uploads\/2023\/08\/logocartech.png\",\"width\":714,\"height\":340,\"caption\":\"Car-Tech Diagnostic Yaz\u0131l\u0131m Ltd. \u015eti.\"},\"image\":{\"@id\":\"https:\/\/www.cartechdiagnostic.com\/en\/#\/schema\/logo\/image\/\"},\"sameAs\":[\"https:\/\/www.instagram.com\/cartechdiagnostic\"]}]}<\/script>\n<!-- \/ Yoast SEO plugin. -->","yoast_head_json":{"title":"THINKCAR PROG2 Immobilizer Coding Device - Car-Tech Diagnostic","robots":{"index":"index","follow":"follow","max-snippet":"max-snippet:-1","max-image-preview":"max-image-preview:large","max-video-preview":"max-video-preview:-1"},"canonical":"https:\/\/cartechdiagnostic.com\/en\/urun\/thinkcar-prog2-immobilizer-coding-device\/","og_locale":"en_US","og_type":"article","og_title":"THINKCAR PROG2 Immobilizer Coding Device - Car-Tech Diagnostic","og_description":"THINKCAR PROG2 Immobilizer Coding Device is an advanced tool designed for automotive professionals and technicians. This device is specially designed to perform operations such as coding, programming and key programming on immobilizer systems of vehicles in a fast and reliable way. PROG2 adapts to a wide range of vehicles and can communicate with immobilizer systems of vehicles of different makes and models. Its user-friendly interface makes the device easy to use and allows professionals to perform coding operations with confidence. With advanced features, THINKCAR PROG2 offers an effective solution for detecting and solving immobilizer problems. It also has the ability to support new vehicle models with its updatable software, so it remains up to date over time. THINKCAR PROG2 Immobilizer Coding Device is the ideal tool for automotive professionals who want to quickly solve key programming and immobilizer problems. It is a reliable solution for those who want to perform professional level diagnostics and maintenance.","og_url":"https:\/\/cartechdiagnostic.com\/en\/urun\/thinkcar-prog2-immobilizer-coding-device\/","og_site_name":"Car-Tech Diagnostic","og_image":[{"width":1080,"height":1080,"url":"https:\/\/cartechdiagnostic.com\/wp-content\/uploads\/2023\/11\/THINKCAR-PROG2-Immobilizer-Kodlama-Cihazi-1.png","type":"image\/png"}],"twitter_card":"summary_large_image","schema":{"@context":"https:\/\/schema.org","@graph":[{"@type":"WebPage","@id":"https:\/\/cartechdiagnostic.com\/en\/urun\/thinkcar-prog2-immobilizer-coding-device\/","url":"https:\/\/cartechdiagnostic.com\/en\/urun\/thinkcar-prog2-immobilizer-coding-device\/","name":"THINKCAR PROG2 Immobilizer Coding Device - Car-Tech Diagnostic","isPartOf":{"@id":"https:\/\/www.cartechdiagnostic.com\/en\/#website"},"primaryImageOfPage":{"@id":"https:\/\/cartechdiagnostic.com\/en\/urun\/thinkcar-prog2-immobilizer-coding-device\/#primaryimage"},"image":{"@id":"https:\/\/cartechdiagnostic.com\/en\/urun\/thinkcar-prog2-immobilizer-coding-device\/#primaryimage"},"thumbnailUrl":"https:\/\/cartechdiagnostic.com\/wp-content\/uploads\/2023\/11\/THINKCAR-PROG2-Immobilizer-Kodlama-Cihazi-1.png","datePublished":"2023-11-24T18:06:22+00:00","dateModified":"2023-11-24T18:06:22+00:00","breadcrumb":{"@id":"https:\/\/cartechdiagnostic.com\/en\/urun\/thinkcar-prog2-immobilizer-coding-device\/#breadcrumb"},"inLanguage":"en-US","potentialAction":[{"@type":"ReadAction","target":["https:\/\/cartechdiagnostic.com\/en\/urun\/thinkcar-prog2-immobilizer-coding-device\/"]}]},{"@type":"ImageObject","inLanguage":"en-US","@id":"https:\/\/cartechdiagnostic.com\/en\/urun\/thinkcar-prog2-immobilizer-coding-device\/#primaryimage","url":"https:\/\/cartechdiagnostic.com\/wp-content\/uploads\/2023\/11\/THINKCAR-PROG2-Immobilizer-Kodlama-Cihazi-1.png","contentUrl":"https:\/\/cartechdiagnostic.com\/wp-content\/uploads\/2023\/11\/THINKCAR-PROG2-Immobilizer-Kodlama-Cihazi-1.png","width":1080,"height":1080},{"@type":"BreadcrumbList","@id":"https:\/\/cartechdiagnostic.com\/en\/urun\/thinkcar-prog2-immobilizer-coding-device\/#breadcrumb","itemListElement":[{"@type":"ListItem","position":1,"name":"Anasayfa","item":"https:\/\/www.cartechdiagnostic.com\/en\/"},{"@type":"ListItem","position":2,"name":"Ma\u011faza","item":"https:\/\/www.cartechdiagnostic.com\/magaza\/"},{"@type":"ListItem","position":3,"name":"THINKCAR PROG2 Immobilizer Coding Device"}]},{"@type":"WebSite","@id":"https:\/\/www.cartechdiagnostic.com\/en\/#website","url":"https:\/\/www.cartechdiagnostic.com\/en\/","name":"Car-Tech Diagnostic","description":"Ar\u0131za Tespit Cihazlar\u0131 - ECU Programlama Cihazlar\u0131","publisher":{"@id":"https:\/\/www.cartechdiagnostic.com\/en\/#organization"},"alternateName":"Car-Tech Diag","potentialAction":[{"@type":"SearchAction","target":{"@type":"EntryPoint","urlTemplate":"https:\/\/www.cartechdiagnostic.com\/en\/?s={search_term_string}"},"query-input":"required name=search_term_string"}],"inLanguage":"en-US"},{"@type":"Organization","@id":"https:\/\/www.cartechdiagnostic.com\/en\/#organization","name":"Car-Tech Diagnostic Yaz\u0131l\u0131m Ltd. \u015eti.","url":"https:\/\/www.cartechdiagnostic.com\/en\/","logo":{"@type":"ImageObject","inLanguage":"en-US","@id":"https:\/\/www.cartechdiagnostic.com\/en\/#\/schema\/logo\/image\/","url":"https:\/\/cartechdiagnostic.com\/wp-content\/uploads\/2023\/08\/logocartech.png","contentUrl":"https:\/\/cartechdiagnostic.com\/wp-content\/uploads\/2023\/08\/logocartech.png","width":714,"height":340,"caption":"Car-Tech Diagnostic Yaz\u0131l\u0131m Ltd. \u015eti."},"image":{"@id":"https:\/\/www.cartechdiagnostic.com\/en\/#\/schema\/logo\/image\/"},"sameAs":["https:\/\/www.instagram.com\/cartechdiagnostic"]}]}},"_links":{"self":[{"href":"https:\/\/cartechdiagnostic.com\/en\/wp-json\/wp\/v2\/product\/18668","targetHints":{"allow":["GET"]}}],"collection":[{"href":"https:\/\/cartechdiagnostic.com\/en\/wp-json\/wp\/v2\/product"}],"about":[{"href":"https:\/\/cartechdiagnostic.com\/en\/wp-json\/wp\/v2\/types\/product"}],"replies":[{"embeddable":true,"href":"https:\/\/cartechdiagnostic.com\/en\/wp-json\/wp\/v2\/comments?post=18668"}],"version-history":[{"count":0,"href":"https:\/\/cartechdiagnostic.com\/en\/wp-json\/wp\/v2\/product\/18668\/revisions"}],"wp:featuredmedia":[{"embeddable":true,"href":"https:\/\/cartechdiagnostic.com\/en\/wp-json\/wp\/v2\/media\/16187"}],"wp:attachment":[{"href":"https:\/\/cartechdiagnostic.com\/en\/wp-json\/wp\/v2\/media?parent=18668"}],"wp:term":[{"taxonomy":"product_brand","embeddable":true,"href":"https:\/\/cartechdiagnostic.com\/en\/wp-json\/wp\/v2\/product_brand?post=18668"},{"taxonomy":"product_cat","embeddable":true,"href":"https:\/\/cartechdiagnostic.com\/en\/wp-json\/wp\/v2\/product_cat?post=18668"},{"taxonomy":"product_tag","embeddable":true,"href":"https:\/\/cartechdiagnostic.com\/en\/wp-json\/wp\/v2\/product_tag?post=18668"}],"curies":[{"name":"wp","href":"https:\/\/api.w.org\/{rel}","templated":true}]}}