{"id":18673,"date":"2023-11-24T20:53:13","date_gmt":"2023-11-24T17:53:13","guid":{"rendered":"https:\/urun\/im608-device-for-g-box-2-mercedes-benz-equipment\/"},"modified":"2023-11-24T20:53:13","modified_gmt":"2023-11-24T17:53:13","slug":"im608-device-for-g-box-2-mercedes-benz-equipment","status":"publish","type":"product","link":"https:\/\/cartechdiagnostic.com\/en\/urun\/im608-device-for-g-box-2-mercedes-benz-equipment\/","title":{"rendered":"G-Box 2 Mercedes Benz Equipment for AUTEL IM608 Device"},"content":{"rendered":"","protected":false},"excerpt":{"rendered":"<p>The G-Box 2 for the Autel IM608 device is a piece of equipment specifically designed to more effectively solve immobilizer systems in Mercedes-Benz vehicles. This device has been developed to perform key programming and immobilizer operations for Mercedes-Benz vehicles quickly and reliably. G-Box 2 integrates with the IM608 to provide access to the vehicle&#8217;s immobilizer system, making key programming, key loss and key matching more efficient. It supports updated and enhanced protocols for newer Mercedes-Benz models, providing users with a wide range of services. The G-Box 2 is easy to use and users get advanced vehicle diagnostic capabilities when combined with the IM608 device. This equipment enables automotive professionals and key specialists to more efficiently handle the immobilizer systems of Mercedes-Benz vehicles.<\/p>\n","protected":false},"featured_media":16164,"comment_status":"open","ping_status":"closed","template":"","meta":{"_joinchat":[]},"product_brand":[],"product_cat":[1344,1346],"product_tag":[],"class_list":{"0":"post-18673","1":"product","2":"type-product","3":"status-publish","4":"has-post-thumbnail","6":"product_cat-autel-en","7":"product_cat-key-programming-devices","9":"first","10":"instock","11":"sale","12":"shipping-taxable","13":"purchasable","14":"product-type-simple"},"yoast_head":"<!-- This site is optimized with the Yoast SEO plugin v22.8 - https:\/\/yoast.com\/wordpress\/plugins\/seo\/ -->\n<title>G-Box 2 Mercedes Benz Equipment for AUTEL IM608 Device - Car-Tech Diagnostic<\/title>\n<meta name=\"robots\" content=\"index, follow, max-snippet:-1, max-image-preview:large, max-video-preview:-1\" \/>\n<link rel=\"canonical\" href=\"https:\/\/cartechdiagnostic.com\/en\/urun\/im608-device-for-g-box-2-mercedes-benz-equipment\/\" \/>\n<meta property=\"og:locale\" content=\"en_US\" \/>\n<meta property=\"og:type\" content=\"article\" \/>\n<meta property=\"og:title\" content=\"G-Box 2 Mercedes Benz Equipment for AUTEL IM608 Device - Car-Tech Diagnostic\" \/>\n<meta property=\"og:description\" content=\"The G-Box 2 for the Autel IM608 device is a piece of equipment specifically designed to more effectively solve immobilizer systems in Mercedes-Benz vehicles. This device has been developed to perform key programming and immobilizer operations for Mercedes-Benz vehicles quickly and reliably. G-Box 2 integrates with the IM608 to provide access to the vehicle&#039;s immobilizer system, making key programming, key loss and key matching more efficient. It supports updated and enhanced protocols for newer Mercedes-Benz models, providing users with a wide range of services. The G-Box 2 is easy to use and users get advanced vehicle diagnostic capabilities when combined with the IM608 device. This equipment enables automotive professionals and key specialists to more efficiently handle the immobilizer systems of Mercedes-Benz vehicles.\" \/>\n<meta property=\"og:url\" content=\"https:\/\/cartechdiagnostic.com\/en\/urun\/im608-device-for-g-box-2-mercedes-benz-equipment\/\" \/>\n<meta property=\"og:site_name\" content=\"Car-Tech Diagnostic\" \/>\n<meta property=\"og:image\" content=\"https:\/\/cartechdiagnostic.com\/wp-content\/uploads\/2023\/11\/IM608-Cihazi-ycin-G-Box-2-Mercedes-Benz-Ekipmani.png\" \/>\n\t<meta property=\"og:image:width\" content=\"1080\" \/>\n\t<meta property=\"og:image:height\" content=\"1080\" \/>\n\t<meta property=\"og:image:type\" content=\"image\/png\" \/>\n<meta name=\"twitter:card\" content=\"summary_large_image\" \/>\n<script type=\"application\/ld+json\" class=\"yoast-schema-graph\">{\"@context\":\"https:\/\/schema.org\",\"@graph\":[{\"@type\":\"WebPage\",\"@id\":\"https:\/\/cartechdiagnostic.com\/en\/urun\/im608-device-for-g-box-2-mercedes-benz-equipment\/\",\"url\":\"https:\/\/cartechdiagnostic.com\/en\/urun\/im608-device-for-g-box-2-mercedes-benz-equipment\/\",\"name\":\"G-Box 2 Mercedes Benz Equipment for AUTEL IM608 Device - Car-Tech Diagnostic\",\"isPartOf\":{\"@id\":\"https:\/\/www.cartechdiagnostic.com\/en\/#website\"},\"primaryImageOfPage\":{\"@id\":\"https:\/\/cartechdiagnostic.com\/en\/urun\/im608-device-for-g-box-2-mercedes-benz-equipment\/#primaryimage\"},\"image\":{\"@id\":\"https:\/\/cartechdiagnostic.com\/en\/urun\/im608-device-for-g-box-2-mercedes-benz-equipment\/#primaryimage\"},\"thumbnailUrl\":\"https:\/\/cartechdiagnostic.com\/wp-content\/uploads\/2023\/11\/IM608-Cihazi-ycin-G-Box-2-Mercedes-Benz-Ekipmani.png\",\"datePublished\":\"2023-11-24T17:53:13+00:00\",\"dateModified\":\"2023-11-24T17:53:13+00:00\",\"breadcrumb\":{\"@id\":\"https:\/\/cartechdiagnostic.com\/en\/urun\/im608-device-for-g-box-2-mercedes-benz-equipment\/#breadcrumb\"},\"inLanguage\":\"en-US\",\"potentialAction\":[{\"@type\":\"ReadAction\",\"target\":[\"https:\/\/cartechdiagnostic.com\/en\/urun\/im608-device-for-g-box-2-mercedes-benz-equipment\/\"]}]},{\"@type\":\"ImageObject\",\"inLanguage\":\"en-US\",\"@id\":\"https:\/\/cartechdiagnostic.com\/en\/urun\/im608-device-for-g-box-2-mercedes-benz-equipment\/#primaryimage\",\"url\":\"https:\/\/cartechdiagnostic.com\/wp-content\/uploads\/2023\/11\/IM608-Cihazi-ycin-G-Box-2-Mercedes-Benz-Ekipmani.png\",\"contentUrl\":\"https:\/\/cartechdiagnostic.com\/wp-content\/uploads\/2023\/11\/IM608-Cihazi-ycin-G-Box-2-Mercedes-Benz-Ekipmani.png\",\"width\":1080,\"height\":1080},{\"@type\":\"BreadcrumbList\",\"@id\":\"https:\/\/cartechdiagnostic.com\/en\/urun\/im608-device-for-g-box-2-mercedes-benz-equipment\/#breadcrumb\",\"itemListElement\":[{\"@type\":\"ListItem\",\"position\":1,\"name\":\"Anasayfa\",\"item\":\"https:\/\/www.cartechdiagnostic.com\/en\/\"},{\"@type\":\"ListItem\",\"position\":2,\"name\":\"Ma\u011faza\",\"item\":\"https:\/\/www.cartechdiagnostic.com\/magaza\/\"},{\"@type\":\"ListItem\",\"position\":3,\"name\":\"G-Box 2 Mercedes Benz Equipment for AUTEL IM608 Device\"}]},{\"@type\":\"WebSite\",\"@id\":\"https:\/\/www.cartechdiagnostic.com\/en\/#website\",\"url\":\"https:\/\/www.cartechdiagnostic.com\/en\/\",\"name\":\"Car-Tech Diagnostic\",\"description\":\"Ar\u0131za Tespit Cihazlar\u0131 - ECU Programlama Cihazlar\u0131\",\"publisher\":{\"@id\":\"https:\/\/www.cartechdiagnostic.com\/en\/#organization\"},\"alternateName\":\"Car-Tech Diag\",\"potentialAction\":[{\"@type\":\"SearchAction\",\"target\":{\"@type\":\"EntryPoint\",\"urlTemplate\":\"https:\/\/www.cartechdiagnostic.com\/en\/?s={search_term_string}\"},\"query-input\":\"required name=search_term_string\"}],\"inLanguage\":\"en-US\"},{\"@type\":\"Organization\",\"@id\":\"https:\/\/www.cartechdiagnostic.com\/en\/#organization\",\"name\":\"Car-Tech Diagnostic Yaz\u0131l\u0131m Ltd. \u015eti.\",\"url\":\"https:\/\/www.cartechdiagnostic.com\/en\/\",\"logo\":{\"@type\":\"ImageObject\",\"inLanguage\":\"en-US\",\"@id\":\"https:\/\/www.cartechdiagnostic.com\/en\/#\/schema\/logo\/image\/\",\"url\":\"https:\/\/cartechdiagnostic.com\/wp-content\/uploads\/2023\/08\/logocartech.png\",\"contentUrl\":\"https:\/\/cartechdiagnostic.com\/wp-content\/uploads\/2023\/08\/logocartech.png\",\"width\":714,\"height\":340,\"caption\":\"Car-Tech Diagnostic Yaz\u0131l\u0131m Ltd. \u015eti.\"},\"image\":{\"@id\":\"https:\/\/www.cartechdiagnostic.com\/en\/#\/schema\/logo\/image\/\"},\"sameAs\":[\"https:\/\/www.instagram.com\/cartechdiagnostic\"]}]}<\/script>\n<!-- \/ Yoast SEO plugin. -->","yoast_head_json":{"title":"G-Box 2 Mercedes Benz Equipment for AUTEL IM608 Device - Car-Tech Diagnostic","robots":{"index":"index","follow":"follow","max-snippet":"max-snippet:-1","max-image-preview":"max-image-preview:large","max-video-preview":"max-video-preview:-1"},"canonical":"https:\/\/cartechdiagnostic.com\/en\/urun\/im608-device-for-g-box-2-mercedes-benz-equipment\/","og_locale":"en_US","og_type":"article","og_title":"G-Box 2 Mercedes Benz Equipment for AUTEL IM608 Device - Car-Tech Diagnostic","og_description":"The G-Box 2 for the Autel IM608 device is a piece of equipment specifically designed to more effectively solve immobilizer systems in Mercedes-Benz vehicles. This device has been developed to perform key programming and immobilizer operations for Mercedes-Benz vehicles quickly and reliably. G-Box 2 integrates with the IM608 to provide access to the vehicle's immobilizer system, making key programming, key loss and key matching more efficient. It supports updated and enhanced protocols for newer Mercedes-Benz models, providing users with a wide range of services. The G-Box 2 is easy to use and users get advanced vehicle diagnostic capabilities when combined with the IM608 device. This equipment enables automotive professionals and key specialists to more efficiently handle the immobilizer systems of Mercedes-Benz vehicles.","og_url":"https:\/\/cartechdiagnostic.com\/en\/urun\/im608-device-for-g-box-2-mercedes-benz-equipment\/","og_site_name":"Car-Tech Diagnostic","og_image":[{"width":1080,"height":1080,"url":"https:\/\/cartechdiagnostic.com\/wp-content\/uploads\/2023\/11\/IM608-Cihazi-ycin-G-Box-2-Mercedes-Benz-Ekipmani.png","type":"image\/png"}],"twitter_card":"summary_large_image","schema":{"@context":"https:\/\/schema.org","@graph":[{"@type":"WebPage","@id":"https:\/\/cartechdiagnostic.com\/en\/urun\/im608-device-for-g-box-2-mercedes-benz-equipment\/","url":"https:\/\/cartechdiagnostic.com\/en\/urun\/im608-device-for-g-box-2-mercedes-benz-equipment\/","name":"G-Box 2 Mercedes Benz Equipment for AUTEL IM608 Device - Car-Tech Diagnostic","isPartOf":{"@id":"https:\/\/www.cartechdiagnostic.com\/en\/#website"},"primaryImageOfPage":{"@id":"https:\/\/cartechdiagnostic.com\/en\/urun\/im608-device-for-g-box-2-mercedes-benz-equipment\/#primaryimage"},"image":{"@id":"https:\/\/cartechdiagnostic.com\/en\/urun\/im608-device-for-g-box-2-mercedes-benz-equipment\/#primaryimage"},"thumbnailUrl":"https:\/\/cartechdiagnostic.com\/wp-content\/uploads\/2023\/11\/IM608-Cihazi-ycin-G-Box-2-Mercedes-Benz-Ekipmani.png","datePublished":"2023-11-24T17:53:13+00:00","dateModified":"2023-11-24T17:53:13+00:00","breadcrumb":{"@id":"https:\/\/cartechdiagnostic.com\/en\/urun\/im608-device-for-g-box-2-mercedes-benz-equipment\/#breadcrumb"},"inLanguage":"en-US","potentialAction":[{"@type":"ReadAction","target":["https:\/\/cartechdiagnostic.com\/en\/urun\/im608-device-for-g-box-2-mercedes-benz-equipment\/"]}]},{"@type":"ImageObject","inLanguage":"en-US","@id":"https:\/\/cartechdiagnostic.com\/en\/urun\/im608-device-for-g-box-2-mercedes-benz-equipment\/#primaryimage","url":"https:\/\/cartechdiagnostic.com\/wp-content\/uploads\/2023\/11\/IM608-Cihazi-ycin-G-Box-2-Mercedes-Benz-Ekipmani.png","contentUrl":"https:\/\/cartechdiagnostic.com\/wp-content\/uploads\/2023\/11\/IM608-Cihazi-ycin-G-Box-2-Mercedes-Benz-Ekipmani.png","width":1080,"height":1080},{"@type":"BreadcrumbList","@id":"https:\/\/cartechdiagnostic.com\/en\/urun\/im608-device-for-g-box-2-mercedes-benz-equipment\/#breadcrumb","itemListElement":[{"@type":"ListItem","position":1,"name":"Anasayfa","item":"https:\/\/www.cartechdiagnostic.com\/en\/"},{"@type":"ListItem","position":2,"name":"Ma\u011faza","item":"https:\/\/www.cartechdiagnostic.com\/magaza\/"},{"@type":"ListItem","position":3,"name":"G-Box 2 Mercedes Benz Equipment for AUTEL IM608 Device"}]},{"@type":"WebSite","@id":"https:\/\/www.cartechdiagnostic.com\/en\/#website","url":"https:\/\/www.cartechdiagnostic.com\/en\/","name":"Car-Tech Diagnostic","description":"Ar\u0131za Tespit Cihazlar\u0131 - ECU Programlama Cihazlar\u0131","publisher":{"@id":"https:\/\/www.cartechdiagnostic.com\/en\/#organization"},"alternateName":"Car-Tech Diag","potentialAction":[{"@type":"SearchAction","target":{"@type":"EntryPoint","urlTemplate":"https:\/\/www.cartechdiagnostic.com\/en\/?s={search_term_string}"},"query-input":"required name=search_term_string"}],"inLanguage":"en-US"},{"@type":"Organization","@id":"https:\/\/www.cartechdiagnostic.com\/en\/#organization","name":"Car-Tech Diagnostic Yaz\u0131l\u0131m Ltd. \u015eti.","url":"https:\/\/www.cartechdiagnostic.com\/en\/","logo":{"@type":"ImageObject","inLanguage":"en-US","@id":"https:\/\/www.cartechdiagnostic.com\/en\/#\/schema\/logo\/image\/","url":"https:\/\/cartechdiagnostic.com\/wp-content\/uploads\/2023\/08\/logocartech.png","contentUrl":"https:\/\/cartechdiagnostic.com\/wp-content\/uploads\/2023\/08\/logocartech.png","width":714,"height":340,"caption":"Car-Tech Diagnostic Yaz\u0131l\u0131m Ltd. \u015eti."},"image":{"@id":"https:\/\/www.cartechdiagnostic.com\/en\/#\/schema\/logo\/image\/"},"sameAs":["https:\/\/www.instagram.com\/cartechdiagnostic"]}]}},"_links":{"self":[{"href":"https:\/\/cartechdiagnostic.com\/en\/wp-json\/wp\/v2\/product\/18673","targetHints":{"allow":["GET"]}}],"collection":[{"href":"https:\/\/cartechdiagnostic.com\/en\/wp-json\/wp\/v2\/product"}],"about":[{"href":"https:\/\/cartechdiagnostic.com\/en\/wp-json\/wp\/v2\/types\/product"}],"replies":[{"embeddable":true,"href":"https:\/\/cartechdiagnostic.com\/en\/wp-json\/wp\/v2\/comments?post=18673"}],"version-history":[{"count":0,"href":"https:\/\/cartechdiagnostic.com\/en\/wp-json\/wp\/v2\/product\/18673\/revisions"}],"wp:featuredmedia":[{"embeddable":true,"href":"https:\/\/cartechdiagnostic.com\/en\/wp-json\/wp\/v2\/media\/16164"}],"wp:attachment":[{"href":"https:\/\/cartechdiagnostic.com\/en\/wp-json\/wp\/v2\/media?parent=18673"}],"wp:term":[{"taxonomy":"product_brand","embeddable":true,"href":"https:\/\/cartechdiagnostic.com\/en\/wp-json\/wp\/v2\/product_brand?post=18673"},{"taxonomy":"product_cat","embeddable":true,"href":"https:\/\/cartechdiagnostic.com\/en\/wp-json\/wp\/v2\/product_cat?post=18673"},{"taxonomy":"product_tag","embeddable":true,"href":"https:\/\/cartechdiagnostic.com\/en\/wp-json\/wp\/v2\/product_tag?post=18673"}],"curies":[{"name":"wp","href":"https:\/\/api.w.org\/{rel}","templated":true}]}}