{"id":18674,"date":"2023-11-24T20:51:53","date_gmt":"2023-11-24T17:51:53","guid":{"rendered":"https:\/urun\/autel-mx-sensor-433-315-tpms-mx-sensor\/"},"modified":"2023-11-24T20:51:53","modified_gmt":"2023-11-24T17:51:53","slug":"autel-mx-sensor-433-315-tpms-mx-sensor","status":"publish","type":"product","link":"https:\/\/cartechdiagnostic.com\/en\/urun\/autel-mx-sensor-433-315-tpms-mx-sensor\/","title":{"rendered":"AUTEL MX-sensor 433 315 TPMS Mx-sensor"},"content":{"rendered":"","protected":false},"excerpt":{"rendered":"<p>The Autel MX Sensor is a TPMS (Tire Pressure Monitoring System) sensor operating at 433 MHz and 315 MHz frequencies. This sensor is a key component of TPMS, a technology that monitors tire pressures and sends alerts to the driver. The MX Sensor has the ability to adapt to a wide range of vehicles, so it can be used in vehicles of different makes and models. Thanks to its easy installation and programmable feature, it can be easily used by automotive professionals. Providing reliable and precise measurements, the Autel MX Sensor accurately detects tire pressures and contributes to the efficient operation of the TPMS system. In this way, drivers can detect potential tire problems in advance and have a safe driving experience. Autel MX Sensor offers a reliable solution for users who want to benefit from the advantages of TPMS technology.      <\/p>\n","protected":false},"featured_media":16163,"comment_status":"open","ping_status":"closed","template":"","meta":{"_joinchat":[]},"product_brand":[],"product_cat":[1344,1366,1367],"product_tag":[],"class_list":{"0":"post-18674","1":"product","2":"type-product","3":"status-publish","4":"has-post-thumbnail","6":"product_cat-autel-en","7":"product_cat-service-auxiliary-equipment","8":"product_cat-test-equipments","10":"first","11":"instock","12":"sale","13":"shipping-taxable","14":"purchasable","15":"product-type-simple"},"yoast_head":"<!-- This site is optimized with the Yoast SEO plugin v22.8 - https:\/\/yoast.com\/wordpress\/plugins\/seo\/ -->\n<title>AUTEL MX-sensor 433 315 TPMS Mx-sensor - Car-Tech Diagnostic<\/title>\n<meta name=\"robots\" content=\"index, follow, max-snippet:-1, max-image-preview:large, max-video-preview:-1\" \/>\n<link rel=\"canonical\" href=\"https:\/\/cartechdiagnostic.com\/en\/urun\/autel-mx-sensor-433-315-tpms-mx-sensor\/\" \/>\n<meta property=\"og:locale\" content=\"en_US\" \/>\n<meta property=\"og:type\" content=\"article\" \/>\n<meta property=\"og:title\" content=\"AUTEL MX-sensor 433 315 TPMS Mx-sensor - Car-Tech Diagnostic\" \/>\n<meta property=\"og:description\" content=\"The Autel MX Sensor is a TPMS (Tire Pressure Monitoring System) sensor operating at 433 MHz and 315 MHz frequencies. This sensor is a key component of TPMS, a technology that monitors tire pressures and sends alerts to the driver. The MX Sensor has the ability to adapt to a wide range of vehicles, so it can be used in vehicles of different makes and models. Thanks to its easy installation and programmable feature, it can be easily used by automotive professionals. Providing reliable and precise measurements, the Autel MX Sensor accurately detects tire pressures and contributes to the efficient operation of the TPMS system. In this way, drivers can detect potential tire problems in advance and have a safe driving experience. Autel MX Sensor offers a reliable solution for users who want to benefit from the advantages of TPMS technology.\" \/>\n<meta property=\"og:url\" content=\"https:\/\/cartechdiagnostic.com\/en\/urun\/autel-mx-sensor-433-315-tpms-mx-sensor\/\" \/>\n<meta property=\"og:site_name\" content=\"Car-Tech Diagnostic\" \/>\n<meta property=\"og:image\" content=\"https:\/\/cartechdiagnostic.com\/wp-content\/uploads\/2023\/11\/Autel-MX-sensor-433-315-TPMS-Mx-sensor-.png\" \/>\n\t<meta property=\"og:image:width\" content=\"1080\" \/>\n\t<meta property=\"og:image:height\" content=\"1080\" \/>\n\t<meta property=\"og:image:type\" content=\"image\/png\" \/>\n<meta name=\"twitter:card\" content=\"summary_large_image\" \/>\n<script type=\"application\/ld+json\" class=\"yoast-schema-graph\">{\"@context\":\"https:\/\/schema.org\",\"@graph\":[{\"@type\":\"WebPage\",\"@id\":\"https:\/\/cartechdiagnostic.com\/en\/urun\/autel-mx-sensor-433-315-tpms-mx-sensor\/\",\"url\":\"https:\/\/cartechdiagnostic.com\/en\/urun\/autel-mx-sensor-433-315-tpms-mx-sensor\/\",\"name\":\"AUTEL MX-sensor 433 315 TPMS Mx-sensor - Car-Tech Diagnostic\",\"isPartOf\":{\"@id\":\"https:\/\/www.cartechdiagnostic.com\/en\/#website\"},\"primaryImageOfPage\":{\"@id\":\"https:\/\/cartechdiagnostic.com\/en\/urun\/autel-mx-sensor-433-315-tpms-mx-sensor\/#primaryimage\"},\"image\":{\"@id\":\"https:\/\/cartechdiagnostic.com\/en\/urun\/autel-mx-sensor-433-315-tpms-mx-sensor\/#primaryimage\"},\"thumbnailUrl\":\"https:\/\/cartechdiagnostic.com\/wp-content\/uploads\/2023\/11\/Autel-MX-sensor-433-315-TPMS-Mx-sensor-.png\",\"datePublished\":\"2023-11-24T17:51:53+00:00\",\"dateModified\":\"2023-11-24T17:51:53+00:00\",\"breadcrumb\":{\"@id\":\"https:\/\/cartechdiagnostic.com\/en\/urun\/autel-mx-sensor-433-315-tpms-mx-sensor\/#breadcrumb\"},\"inLanguage\":\"en-US\",\"potentialAction\":[{\"@type\":\"ReadAction\",\"target\":[\"https:\/\/cartechdiagnostic.com\/en\/urun\/autel-mx-sensor-433-315-tpms-mx-sensor\/\"]}]},{\"@type\":\"ImageObject\",\"inLanguage\":\"en-US\",\"@id\":\"https:\/\/cartechdiagnostic.com\/en\/urun\/autel-mx-sensor-433-315-tpms-mx-sensor\/#primaryimage\",\"url\":\"https:\/\/cartechdiagnostic.com\/wp-content\/uploads\/2023\/11\/Autel-MX-sensor-433-315-TPMS-Mx-sensor-.png\",\"contentUrl\":\"https:\/\/cartechdiagnostic.com\/wp-content\/uploads\/2023\/11\/Autel-MX-sensor-433-315-TPMS-Mx-sensor-.png\",\"width\":1080,\"height\":1080},{\"@type\":\"BreadcrumbList\",\"@id\":\"https:\/\/cartechdiagnostic.com\/en\/urun\/autel-mx-sensor-433-315-tpms-mx-sensor\/#breadcrumb\",\"itemListElement\":[{\"@type\":\"ListItem\",\"position\":1,\"name\":\"Anasayfa\",\"item\":\"https:\/\/www.cartechdiagnostic.com\/en\/\"},{\"@type\":\"ListItem\",\"position\":2,\"name\":\"Ma\u011faza\",\"item\":\"https:\/\/www.cartechdiagnostic.com\/magaza\/\"},{\"@type\":\"ListItem\",\"position\":3,\"name\":\"AUTEL MX-sensor 433 315 TPMS Mx-sensor\"}]},{\"@type\":\"WebSite\",\"@id\":\"https:\/\/www.cartechdiagnostic.com\/en\/#website\",\"url\":\"https:\/\/www.cartechdiagnostic.com\/en\/\",\"name\":\"Car-Tech Diagnostic\",\"description\":\"Ar\u0131za Tespit Cihazlar\u0131 - ECU Programlama Cihazlar\u0131\",\"publisher\":{\"@id\":\"https:\/\/www.cartechdiagnostic.com\/en\/#organization\"},\"alternateName\":\"Car-Tech Diag\",\"potentialAction\":[{\"@type\":\"SearchAction\",\"target\":{\"@type\":\"EntryPoint\",\"urlTemplate\":\"https:\/\/www.cartechdiagnostic.com\/en\/?s={search_term_string}\"},\"query-input\":\"required name=search_term_string\"}],\"inLanguage\":\"en-US\"},{\"@type\":\"Organization\",\"@id\":\"https:\/\/www.cartechdiagnostic.com\/en\/#organization\",\"name\":\"Car-Tech Diagnostic Yaz\u0131l\u0131m Ltd. \u015eti.\",\"url\":\"https:\/\/www.cartechdiagnostic.com\/en\/\",\"logo\":{\"@type\":\"ImageObject\",\"inLanguage\":\"en-US\",\"@id\":\"https:\/\/www.cartechdiagnostic.com\/en\/#\/schema\/logo\/image\/\",\"url\":\"https:\/\/cartechdiagnostic.com\/wp-content\/uploads\/2023\/08\/logocartech.png\",\"contentUrl\":\"https:\/\/cartechdiagnostic.com\/wp-content\/uploads\/2023\/08\/logocartech.png\",\"width\":714,\"height\":340,\"caption\":\"Car-Tech Diagnostic Yaz\u0131l\u0131m Ltd. \u015eti.\"},\"image\":{\"@id\":\"https:\/\/www.cartechdiagnostic.com\/en\/#\/schema\/logo\/image\/\"},\"sameAs\":[\"https:\/\/www.instagram.com\/cartechdiagnostic\"]}]}<\/script>\n<!-- \/ Yoast SEO plugin. -->","yoast_head_json":{"title":"AUTEL MX-sensor 433 315 TPMS Mx-sensor - Car-Tech Diagnostic","robots":{"index":"index","follow":"follow","max-snippet":"max-snippet:-1","max-image-preview":"max-image-preview:large","max-video-preview":"max-video-preview:-1"},"canonical":"https:\/\/cartechdiagnostic.com\/en\/urun\/autel-mx-sensor-433-315-tpms-mx-sensor\/","og_locale":"en_US","og_type":"article","og_title":"AUTEL MX-sensor 433 315 TPMS Mx-sensor - Car-Tech Diagnostic","og_description":"The Autel MX Sensor is a TPMS (Tire Pressure Monitoring System) sensor operating at 433 MHz and 315 MHz frequencies. This sensor is a key component of TPMS, a technology that monitors tire pressures and sends alerts to the driver. The MX Sensor has the ability to adapt to a wide range of vehicles, so it can be used in vehicles of different makes and models. Thanks to its easy installation and programmable feature, it can be easily used by automotive professionals. Providing reliable and precise measurements, the Autel MX Sensor accurately detects tire pressures and contributes to the efficient operation of the TPMS system. In this way, drivers can detect potential tire problems in advance and have a safe driving experience. Autel MX Sensor offers a reliable solution for users who want to benefit from the advantages of TPMS technology.","og_url":"https:\/\/cartechdiagnostic.com\/en\/urun\/autel-mx-sensor-433-315-tpms-mx-sensor\/","og_site_name":"Car-Tech Diagnostic","og_image":[{"width":1080,"height":1080,"url":"https:\/\/cartechdiagnostic.com\/wp-content\/uploads\/2023\/11\/Autel-MX-sensor-433-315-TPMS-Mx-sensor-.png","type":"image\/png"}],"twitter_card":"summary_large_image","schema":{"@context":"https:\/\/schema.org","@graph":[{"@type":"WebPage","@id":"https:\/\/cartechdiagnostic.com\/en\/urun\/autel-mx-sensor-433-315-tpms-mx-sensor\/","url":"https:\/\/cartechdiagnostic.com\/en\/urun\/autel-mx-sensor-433-315-tpms-mx-sensor\/","name":"AUTEL MX-sensor 433 315 TPMS Mx-sensor - Car-Tech Diagnostic","isPartOf":{"@id":"https:\/\/www.cartechdiagnostic.com\/en\/#website"},"primaryImageOfPage":{"@id":"https:\/\/cartechdiagnostic.com\/en\/urun\/autel-mx-sensor-433-315-tpms-mx-sensor\/#primaryimage"},"image":{"@id":"https:\/\/cartechdiagnostic.com\/en\/urun\/autel-mx-sensor-433-315-tpms-mx-sensor\/#primaryimage"},"thumbnailUrl":"https:\/\/cartechdiagnostic.com\/wp-content\/uploads\/2023\/11\/Autel-MX-sensor-433-315-TPMS-Mx-sensor-.png","datePublished":"2023-11-24T17:51:53+00:00","dateModified":"2023-11-24T17:51:53+00:00","breadcrumb":{"@id":"https:\/\/cartechdiagnostic.com\/en\/urun\/autel-mx-sensor-433-315-tpms-mx-sensor\/#breadcrumb"},"inLanguage":"en-US","potentialAction":[{"@type":"ReadAction","target":["https:\/\/cartechdiagnostic.com\/en\/urun\/autel-mx-sensor-433-315-tpms-mx-sensor\/"]}]},{"@type":"ImageObject","inLanguage":"en-US","@id":"https:\/\/cartechdiagnostic.com\/en\/urun\/autel-mx-sensor-433-315-tpms-mx-sensor\/#primaryimage","url":"https:\/\/cartechdiagnostic.com\/wp-content\/uploads\/2023\/11\/Autel-MX-sensor-433-315-TPMS-Mx-sensor-.png","contentUrl":"https:\/\/cartechdiagnostic.com\/wp-content\/uploads\/2023\/11\/Autel-MX-sensor-433-315-TPMS-Mx-sensor-.png","width":1080,"height":1080},{"@type":"BreadcrumbList","@id":"https:\/\/cartechdiagnostic.com\/en\/urun\/autel-mx-sensor-433-315-tpms-mx-sensor\/#breadcrumb","itemListElement":[{"@type":"ListItem","position":1,"name":"Anasayfa","item":"https:\/\/www.cartechdiagnostic.com\/en\/"},{"@type":"ListItem","position":2,"name":"Ma\u011faza","item":"https:\/\/www.cartechdiagnostic.com\/magaza\/"},{"@type":"ListItem","position":3,"name":"AUTEL MX-sensor 433 315 TPMS Mx-sensor"}]},{"@type":"WebSite","@id":"https:\/\/www.cartechdiagnostic.com\/en\/#website","url":"https:\/\/www.cartechdiagnostic.com\/en\/","name":"Car-Tech Diagnostic","description":"Ar\u0131za Tespit Cihazlar\u0131 - ECU Programlama Cihazlar\u0131","publisher":{"@id":"https:\/\/www.cartechdiagnostic.com\/en\/#organization"},"alternateName":"Car-Tech Diag","potentialAction":[{"@type":"SearchAction","target":{"@type":"EntryPoint","urlTemplate":"https:\/\/www.cartechdiagnostic.com\/en\/?s={search_term_string}"},"query-input":"required name=search_term_string"}],"inLanguage":"en-US"},{"@type":"Organization","@id":"https:\/\/www.cartechdiagnostic.com\/en\/#organization","name":"Car-Tech Diagnostic Yaz\u0131l\u0131m Ltd. \u015eti.","url":"https:\/\/www.cartechdiagnostic.com\/en\/","logo":{"@type":"ImageObject","inLanguage":"en-US","@id":"https:\/\/www.cartechdiagnostic.com\/en\/#\/schema\/logo\/image\/","url":"https:\/\/cartechdiagnostic.com\/wp-content\/uploads\/2023\/08\/logocartech.png","contentUrl":"https:\/\/cartechdiagnostic.com\/wp-content\/uploads\/2023\/08\/logocartech.png","width":714,"height":340,"caption":"Car-Tech Diagnostic Yaz\u0131l\u0131m Ltd. \u015eti."},"image":{"@id":"https:\/\/www.cartechdiagnostic.com\/en\/#\/schema\/logo\/image\/"},"sameAs":["https:\/\/www.instagram.com\/cartechdiagnostic"]}]}},"_links":{"self":[{"href":"https:\/\/cartechdiagnostic.com\/en\/wp-json\/wp\/v2\/product\/18674","targetHints":{"allow":["GET"]}}],"collection":[{"href":"https:\/\/cartechdiagnostic.com\/en\/wp-json\/wp\/v2\/product"}],"about":[{"href":"https:\/\/cartechdiagnostic.com\/en\/wp-json\/wp\/v2\/types\/product"}],"replies":[{"embeddable":true,"href":"https:\/\/cartechdiagnostic.com\/en\/wp-json\/wp\/v2\/comments?post=18674"}],"version-history":[{"count":0,"href":"https:\/\/cartechdiagnostic.com\/en\/wp-json\/wp\/v2\/product\/18674\/revisions"}],"wp:featuredmedia":[{"embeddable":true,"href":"https:\/\/cartechdiagnostic.com\/en\/wp-json\/wp\/v2\/media\/16163"}],"wp:attachment":[{"href":"https:\/\/cartechdiagnostic.com\/en\/wp-json\/wp\/v2\/media?parent=18674"}],"wp:term":[{"taxonomy":"product_brand","embeddable":true,"href":"https:\/\/cartechdiagnostic.com\/en\/wp-json\/wp\/v2\/product_brand?post=18674"},{"taxonomy":"product_cat","embeddable":true,"href":"https:\/\/cartechdiagnostic.com\/en\/wp-json\/wp\/v2\/product_cat?post=18674"},{"taxonomy":"product_tag","embeddable":true,"href":"https:\/\/cartechdiagnostic.com\/en\/wp-json\/wp\/v2\/product_tag?post=18674"}],"curies":[{"name":"wp","href":"https:\/\/api.w.org\/{rel}","templated":true}]}}