{"id":18899,"date":"2026-03-16T15:02:36","date_gmt":"2026-03-16T12:02:36","guid":{"rendered":"https:\/\/cartechdiagnostic.com\/?post_type=product&#038;p=18899"},"modified":"2026-03-16T15:26:03","modified_gmt":"2026-03-16T12:26:03","slug":"one-time-online-programming-remote-service","status":"publish","type":"product","link":"https:\/\/cartechdiagnostic.com\/en\/urun\/one-time-online-programming-remote-service\/","title":{"rendered":"ONE TIME ONLINE PROGRAMMING REMOTE SERVICE"},"content":{"rendered":"<div class=\"flex flex-col text-sm pb-25\">\n<article class=\"text-token-text-primary w-full focus:outline-none [--shadow-height:45px] has-data-writing-block:pointer-events-none has-data-writing-block:-mt-(--shadow-height) has-data-writing-block:pt-(--shadow-height) [&amp;:has([data-writing-block])&gt;*]:pointer-events-auto scroll-mt-[calc(var(--header-height)+min(200px,max(70px,20svh)))]\" dir=\"auto\" tabindex=\"-1\" data-turn-id=\"request-WEB:63e51609-16e8-45be-b922-345eb90320a7-5\" data-testid=\"conversation-turn-12\" data-scroll-anchor=\"true\" data-turn=\"assistant\">\n<div class=\"text-base my-auto mx-auto pb-10 [--thread-content-margin:var(--thread-content-margin-xs,calc(var(--spacing)*4))] @w-sm\/main:[--thread-content-margin:var(--thread-content-margin-sm,calc(var(--spacing)*6))] @w-lg\/main:[--thread-content-margin:var(--thread-content-margin-lg,calc(var(--spacing)*16))] px-(--thread-content-margin)\">\n<div class=\"[--thread-content-max-width:40rem] @w-lg\/main:[--thread-content-max-width:48rem] mx-auto max-w-(--thread-content-max-width) flex-1 group\/turn-messages focus-visible:outline-hidden relative flex w-full min-w-0 flex-col agent-turn\" tabindex=\"-1\">\n<div class=\"flex max-w-full flex-col gap-4 grow\">\n<div class=\"min-h-8 text-message relative flex w-full flex-col items-end gap-2 text-start break-words whitespace-normal [.text-message+&amp;]:mt-1\" dir=\"auto\" data-message-author-role=\"assistant\" data-message-id=\"5f2af792-2638-4f59-af09-ec95b3b331a5\" data-message-model-slug=\"gpt-5-3\">\n<div class=\"flex w-full flex-col gap-1 empty:hidden\">\n<div class=\"markdown prose dark:prose-invert w-full wrap-break-word light markdown-new-styling\">\n<p data-start=\"24\" data-end=\"212\"><strong data-start=\"24\" data-end=\"61\">Online Programming Remote Service<\/strong> is a professional service platform that enables <strong data-start=\"110\" data-end=\"183\">remote ECU programming, module coding, and software update operations<\/strong> required in modern vehicles.<\/p>\n<p data-start=\"214\" data-end=\"420\">With this system, automotive service centers and diagnostic technicians can connect vehicles to their computers using their own equipment and perform <strong data-start=\"364\" data-end=\"419\">dealer-level online programming operations remotely<\/strong>.<\/p>\n<p data-start=\"422\" data-end=\"592\">Thanks to the operations carried out by our <strong data-start=\"466\" data-end=\"491\">expert technical team<\/strong>, workshops can complete software procedures <strong data-start=\"536\" data-end=\"591\">quickly, safely, and at authorized dealer standards<\/strong>.<\/p>\n<hr data-start=\"594\" data-end=\"597\" \/>\n<h2 data-section-id=\"130714r\" data-start=\"599\" data-end=\"626\">Supported Vehicle Brands<\/h2>\n<p data-start=\"628\" data-end=\"750\">Within the scope of <strong data-start=\"648\" data-end=\"685\">Online Programming Remote Service<\/strong>, remote programming support is provided for many vehicle brands.<\/p>\n<p data-start=\"752\" data-end=\"789\">Some of the supported brands include:<\/p>\n<ul data-start=\"791\" data-end=\"1023\">\n<li data-section-id=\"l5b0t8\" data-start=\"791\" data-end=\"814\">\n<p data-start=\"793\" data-end=\"814\"><strong data-start=\"793\" data-end=\"812\">Renault \/ Dacia<\/strong><\/p>\n<\/li>\n<li data-section-id=\"n38713\" data-start=\"815\" data-end=\"827\">\n<p data-start=\"817\" data-end=\"827\"><strong data-start=\"817\" data-end=\"825\">Ford<\/strong><\/p>\n<\/li>\n<li data-section-id=\"1dx95i3\" data-start=\"828\" data-end=\"841\">\n<p data-start=\"830\" data-end=\"841\"><strong data-start=\"830\" data-end=\"839\">Mazda<\/strong><\/p>\n<\/li>\n<li data-section-id=\"yzsyfy\" data-start=\"842\" data-end=\"854\">\n<p data-start=\"844\" data-end=\"854\"><strong data-start=\"844\" data-end=\"852\">Opel<\/strong><\/p>\n<\/li>\n<li data-section-id=\"e1l0xc\" data-start=\"855\" data-end=\"872\">\n<p data-start=\"857\" data-end=\"872\"><strong data-start=\"857\" data-end=\"870\">Chevrolet<\/strong><\/p>\n<\/li>\n<li data-section-id=\"x25hi4\" data-start=\"873\" data-end=\"915\">\n<p data-start=\"875\" data-end=\"915\"><strong data-start=\"875\" data-end=\"913\">PSA Group (Peugeot \/ Citro\u00ebn \/ DS)<\/strong><\/p>\n<\/li>\n<li data-section-id=\"1padte8\" data-start=\"916\" data-end=\"927\">\n<p data-start=\"918\" data-end=\"927\"><strong data-start=\"918\" data-end=\"925\">BMW<\/strong><\/p>\n<\/li>\n<li data-section-id=\"ira2ig\" data-start=\"928\" data-end=\"949\">\n<p data-start=\"930\" data-end=\"949\"><strong data-start=\"930\" data-end=\"947\">Mercedes-Benz<\/strong><\/p>\n<\/li>\n<li data-section-id=\"bour2a\" data-start=\"950\" data-end=\"960\">\n<p data-start=\"952\" data-end=\"960\"><strong data-start=\"952\" data-end=\"958\">GM<\/strong><\/p>\n<\/li>\n<li data-section-id=\"1c178ly\" data-start=\"961\" data-end=\"1013\">\n<p data-start=\"963\" data-end=\"1013\"><strong data-start=\"963\" data-end=\"1011\">VAG Group (Volkswagen \/ Audi \/ Skoda \/ Seat)<\/strong><\/p>\n<\/li>\n<li data-section-id=\"cy8qyk\" data-start=\"1014\" data-end=\"1023\">\n<p data-start=\"1016\" data-end=\"1023\"><strong data-start=\"1016\" data-end=\"1023\">JLR<\/strong><\/p>\n<\/li>\n<\/ul>\n<p data-start=\"1025\" data-end=\"1136\">Users can select the <strong data-start=\"1046\" data-end=\"1082\">vehicle brand through the system<\/strong> and purchase the relevant online programming service.<\/p>\n<hr data-start=\"1138\" data-end=\"1141\" \/>\n<h2 data-section-id=\"1ia1ea\" data-start=\"1143\" data-end=\"1162\">Services Offered<\/h2>\n<p data-start=\"1164\" data-end=\"1226\">Operations that can be performed through the platform include:<\/p>\n<h3 data-section-id=\"7h8koc\" data-start=\"1228\" data-end=\"1247\">ECU Programming<\/h3>\n<p data-start=\"1248\" data-end=\"1342\">Online ECU programming and software installation required after installing a <strong data-start=\"1325\" data-end=\"1341\">new ECU unit<\/strong>.<\/p>\n<h3 data-section-id=\"15jtid4\" data-start=\"1344\" data-end=\"1363\">Software Update<\/h3>\n<p data-start=\"1364\" data-end=\"1443\">Updating vehicle control units to the <strong data-start=\"1402\" data-end=\"1442\">latest software calibration versions<\/strong>.<\/p>\n<h3 data-section-id=\"fwar09\" data-start=\"1445\" data-end=\"1473\">Control Unit Replacement<\/h3>\n<p data-start=\"1474\" data-end=\"1564\">Online introduction and programming of <strong data-start=\"1513\" data-end=\"1539\">newly replaced modules<\/strong> into the vehicle system.<\/p>\n<h3 data-section-id=\"1vaw602\" data-start=\"1566\" data-end=\"1599\">Module Coding &amp; Configuration<\/h3>\n<p data-start=\"1600\" data-end=\"1681\">Necessary <strong data-start=\"1610\" data-end=\"1649\">coding and configuration procedures<\/strong> for vehicle electronic systems.<\/p>\n<h3 data-section-id=\"dn7ki1\" data-start=\"1683\" data-end=\"1705\">System Calibration<\/h3>\n<p data-start=\"1706\" data-end=\"1781\">Online calibration procedures required for <strong data-start=\"1749\" data-end=\"1780\">proper system functionality<\/strong>.<\/p>\n<hr data-start=\"1783\" data-end=\"1786\" \/>\n<h2 data-section-id=\"xrf996\" data-start=\"1788\" data-end=\"1803\">How It Works<\/h2>\n<p data-start=\"1805\" data-end=\"1877\"><strong data-start=\"1805\" data-end=\"1842\">Online Programming Remote Service<\/strong> works in a fast and practical way:<\/p>\n<p data-start=\"1879\" data-end=\"2169\">1\ufe0f\u20e3 The vehicle is connected to a computer using a diagnostic device<br data-start=\"1947\" data-end=\"1950\" \/>2\ufe0f\u20e3 Remote connection is established with our system<br data-start=\"2002\" data-end=\"2005\" \/>3\ufe0f\u20e3 The required online operation is initiated using the vehicle <strong data-start=\"2070\" data-end=\"2077\">VIN<\/strong><br data-start=\"2077\" data-end=\"2080\" \/>4\ufe0f\u20e3 The ECU or related module is programmed<br data-start=\"2123\" data-end=\"2126\" \/>5\ufe0f\u20e3 After completion, the vehicle is tested<\/p>\n<p data-start=\"2171\" data-end=\"2297\" data-is-last-node=\"\" data-is-only-node=\"\">With this method, service centers can perform <strong data-start=\"2217\" data-end=\"2296\">online programming operations without needing to visit an authorized dealer<\/strong>.<\/p>\n<\/div>\n<\/div>\n<\/div>\n<\/div>\n<\/div>\n<\/div>\n<\/article>\n<\/div>\n","protected":false},"excerpt":{"rendered":"<div class=\"flex flex-col text-sm pb-25\">\n<article class=\"text-token-text-primary w-full focus:outline-none [--shadow-height:45px] has-data-writing-block:pointer-events-none has-data-writing-block:-mt-(--shadow-height) has-data-writing-block:pt-(--shadow-height) [&amp;:has([data-writing-block])&gt;*]:pointer-events-auto scroll-mt-[calc(var(--header-height)+min(200px,max(70px,20svh)))]\" dir=\"auto\" tabindex=\"-1\" data-turn-id=\"request-WEB:63e51609-16e8-45be-b922-345eb90320a7-6\" data-testid=\"conversation-turn-14\" data-scroll-anchor=\"true\" data-turn=\"assistant\">\n<div class=\"text-base my-auto mx-auto pb-10 [--thread-content-margin:var(--thread-content-margin-xs,calc(var(--spacing)*4))] @w-sm\/main:[--thread-content-margin:var(--thread-content-margin-sm,calc(var(--spacing)*6))] @w-lg\/main:[--thread-content-margin:var(--thread-content-margin-lg,calc(var(--spacing)*16))] px-(--thread-content-margin)\">\n<div class=\"[--thread-content-max-width:40rem] @w-lg\/main:[--thread-content-max-width:48rem] mx-auto max-w-(--thread-content-max-width) flex-1 group\/turn-messages focus-visible:outline-hidden relative flex w-full min-w-0 flex-col agent-turn\" tabindex=\"-1\">\n<div class=\"flex max-w-full flex-col gap-4 grow\">\n<div class=\"min-h-8 text-message relative flex w-full flex-col items-end gap-2 text-start break-words whitespace-normal [.text-message+&amp;]:mt-1\" dir=\"auto\" data-message-author-role=\"assistant\" data-message-id=\"dbcdf8a9-3c65-4c4e-b1bb-d0c8122cfc95\" data-message-model-slug=\"gpt-5-3\">\n<div class=\"flex w-full flex-col gap-1 empty:hidden\">\n<div class=\"markdown prose dark:prose-invert w-full wrap-break-word light markdown-new-styling\">\n<p data-start=\"0\" data-end=\"176\"><strong data-start=\"0\" data-end=\"37\">Online Programming Remote Service<\/strong> is a professional <strong data-start=\"56\" data-end=\"108\">remote ECU programming and module coding service<\/strong> designed for automotive service centers and diagnostic technicians.<\/p>\n<p data-start=\"178\" data-end=\"374\">Service providers can connect vehicles to their computers using their own diagnostic devices and perform <strong data-start=\"283\" data-end=\"338\">dealer-level online programming operations remotely<\/strong> through a secure remote connection.<\/p>\n<p data-start=\"376\" data-end=\"506\">By selecting the vehicle brand through the platform, users can receive <strong data-start=\"447\" data-end=\"476\">fast and reliable support<\/strong> for the following operations:<\/p>\n<ul data-start=\"508\" data-end=\"663\">\n<li data-section-id=\"8wbtdu\" data-start=\"508\" data-end=\"531\">\n<p data-start=\"510\" data-end=\"531\"><strong data-start=\"510\" data-end=\"529\">ECU Programming<\/strong><\/p>\n<\/li>\n<li data-section-id=\"eivlsm\" data-start=\"532\" data-end=\"555\">\n<p data-start=\"534\" data-end=\"555\"><strong data-start=\"534\" data-end=\"553\">Software Update<\/strong><\/p>\n<\/li>\n<li data-section-id=\"14ua6tq\" data-start=\"556\" data-end=\"600\">\n<p data-start=\"558\" data-end=\"600\"><strong data-start=\"558\" data-end=\"598\">Control Unit Replacement Programming<\/strong><\/p>\n<\/li>\n<li data-section-id=\"1b04t58\" data-start=\"601\" data-end=\"638\">\n<p data-start=\"603\" data-end=\"638\"><strong data-start=\"603\" data-end=\"636\">Module Coding &amp; Configuration<\/strong><\/p>\n<\/li>\n<li data-section-id=\"1twawkt\" data-start=\"639\" data-end=\"663\">\n<p data-start=\"641\" data-end=\"663\"><strong data-start=\"641\" data-end=\"663\">Online Calibration<\/strong><\/p>\n<\/li>\n<\/ul>\n<p data-start=\"665\" data-end=\"832\" data-is-last-node=\"\" data-is-only-node=\"\">Remote online programming services are available for many vehicle brands including <strong data-start=\"748\" data-end=\"814\">Renault, Ford, Mazda, BMW, Mercedes, VAG Group, PSA Group, JLR<\/strong>, and many others.<\/p>\n<\/div>\n<\/div>\n<\/div>\n<\/div>\n<\/div>\n<\/div>\n<\/article>\n<\/div>\n","protected":false},"featured_media":18929,"comment_status":"open","ping_status":"closed","template":"","meta":{"_joinchat":[]},"product_brand":[],"product_cat":[1339,1361],"product_tag":[],"class_list":{"0":"post-18899","1":"product","2":"type-product","3":"status-publish","4":"has-post-thumbnail","6":"product_cat-license-and-software","7":"product_cat-online-software-en","9":"first","10":"instock","11":"shipping-taxable","12":"purchasable","13":"product-type-variable"},"yoast_head":"<!-- This site is optimized with the Yoast SEO plugin v22.8 - https:\/\/yoast.com\/wordpress\/plugins\/seo\/ -->\n<title>ONE TIME ONLINE PROGRAMMING REMOTE SERVICE - Car-Tech Diagnostic<\/title>\n<meta name=\"robots\" content=\"index, follow, max-snippet:-1, max-image-preview:large, max-video-preview:-1\" \/>\n<link rel=\"canonical\" href=\"https:\/\/cartechdiagnostic.com\/en\/urun\/one-time-online-programming-remote-service\/\" \/>\n<meta property=\"og:locale\" content=\"en_US\" \/>\n<meta property=\"og:type\" content=\"article\" \/>\n<meta property=\"og:title\" content=\"ONE TIME ONLINE PROGRAMMING REMOTE SERVICE - Car-Tech Diagnostic\" \/>\n<meta property=\"og:description\" content=\"Online Programming Remote Service is a professional remote ECU programming and module coding service designed for automotive service centers and diagnostic technicians. Service providers can connect vehicles to their computers using their own diagnostic devices and perform dealer-level online programming operations remotely through a secure remote connection. By selecting the vehicle brand through the platform, users can receive fast and reliable support for the following operations:     ECU Programming    Software Update    Control Unit Replacement Programming    Module Coding &amp; Configuration    Online Calibration   Remote online programming services are available for many vehicle brands including Renault, Ford, Mazda, BMW, Mercedes, VAG Group, PSA Group, JLR, and many others.\" \/>\n<meta property=\"og:url\" content=\"https:\/\/cartechdiagnostic.com\/en\/urun\/one-time-online-programming-remote-service\/\" \/>\n<meta property=\"og:site_name\" content=\"Car-Tech Diagnostic\" \/>\n<meta property=\"article:modified_time\" content=\"2026-03-16T12:26:03+00:00\" \/>\n<meta property=\"og:image\" content=\"http:\/\/cartechdiagnostic.com\/wp-content\/uploads\/2026\/03\/2-3.png\" \/>\n\t<meta property=\"og:image:width\" content=\"1080\" \/>\n\t<meta property=\"og:image:height\" content=\"1080\" \/>\n\t<meta property=\"og:image:type\" content=\"image\/png\" \/>\n<meta name=\"twitter:card\" content=\"summary_large_image\" \/>\n<meta name=\"twitter:label1\" content=\"Est. reading time\" \/>\n\t<meta name=\"twitter:data1\" content=\"2 minutes\" \/>\n<script type=\"application\/ld+json\" class=\"yoast-schema-graph\">{\"@context\":\"https:\/\/schema.org\",\"@graph\":[{\"@type\":\"WebPage\",\"@id\":\"https:\/\/cartechdiagnostic.com\/en\/urun\/one-time-online-programming-remote-service\/\",\"url\":\"https:\/\/cartechdiagnostic.com\/en\/urun\/one-time-online-programming-remote-service\/\",\"name\":\"ONE TIME ONLINE PROGRAMMING REMOTE SERVICE - Car-Tech Diagnostic\",\"isPartOf\":{\"@id\":\"https:\/\/www.cartechdiagnostic.com\/en\/#website\"},\"primaryImageOfPage\":{\"@id\":\"https:\/\/cartechdiagnostic.com\/en\/urun\/one-time-online-programming-remote-service\/#primaryimage\"},\"image\":{\"@id\":\"https:\/\/cartechdiagnostic.com\/en\/urun\/one-time-online-programming-remote-service\/#primaryimage\"},\"thumbnailUrl\":\"https:\/\/cartechdiagnostic.com\/wp-content\/uploads\/2026\/03\/2-3.png\",\"datePublished\":\"2026-03-16T12:02:36+00:00\",\"dateModified\":\"2026-03-16T12:26:03+00:00\",\"breadcrumb\":{\"@id\":\"https:\/\/cartechdiagnostic.com\/en\/urun\/one-time-online-programming-remote-service\/#breadcrumb\"},\"inLanguage\":\"en-US\",\"potentialAction\":[{\"@type\":\"ReadAction\",\"target\":[\"https:\/\/cartechdiagnostic.com\/en\/urun\/one-time-online-programming-remote-service\/\"]}]},{\"@type\":\"ImageObject\",\"inLanguage\":\"en-US\",\"@id\":\"https:\/\/cartechdiagnostic.com\/en\/urun\/one-time-online-programming-remote-service\/#primaryimage\",\"url\":\"https:\/\/cartechdiagnostic.com\/wp-content\/uploads\/2026\/03\/2-3.png\",\"contentUrl\":\"https:\/\/cartechdiagnostic.com\/wp-content\/uploads\/2026\/03\/2-3.png\",\"width\":1080,\"height\":1080},{\"@type\":\"BreadcrumbList\",\"@id\":\"https:\/\/cartechdiagnostic.com\/en\/urun\/one-time-online-programming-remote-service\/#breadcrumb\",\"itemListElement\":[{\"@type\":\"ListItem\",\"position\":1,\"name\":\"Anasayfa\",\"item\":\"https:\/\/www.cartechdiagnostic.com\/en\/\"},{\"@type\":\"ListItem\",\"position\":2,\"name\":\"Ma\u011faza\",\"item\":\"https:\/\/www.cartechdiagnostic.com\/magaza\/\"},{\"@type\":\"ListItem\",\"position\":3,\"name\":\"ONE TIME ONLINE PROGRAMMING REMOTE SERVICE\"}]},{\"@type\":\"WebSite\",\"@id\":\"https:\/\/www.cartechdiagnostic.com\/en\/#website\",\"url\":\"https:\/\/www.cartechdiagnostic.com\/en\/\",\"name\":\"Car-Tech Diagnostic\",\"description\":\"Ar\u0131za Tespit Cihazlar\u0131 - ECU Programlama Cihazlar\u0131\",\"publisher\":{\"@id\":\"https:\/\/www.cartechdiagnostic.com\/en\/#organization\"},\"alternateName\":\"Car-Tech Diag\",\"potentialAction\":[{\"@type\":\"SearchAction\",\"target\":{\"@type\":\"EntryPoint\",\"urlTemplate\":\"https:\/\/www.cartechdiagnostic.com\/en\/?s={search_term_string}\"},\"query-input\":\"required name=search_term_string\"}],\"inLanguage\":\"en-US\"},{\"@type\":\"Organization\",\"@id\":\"https:\/\/www.cartechdiagnostic.com\/en\/#organization\",\"name\":\"Car-Tech Diagnostic Yaz\u0131l\u0131m Ltd. \u015eti.\",\"url\":\"https:\/\/www.cartechdiagnostic.com\/en\/\",\"logo\":{\"@type\":\"ImageObject\",\"inLanguage\":\"en-US\",\"@id\":\"https:\/\/www.cartechdiagnostic.com\/en\/#\/schema\/logo\/image\/\",\"url\":\"https:\/\/cartechdiagnostic.com\/wp-content\/uploads\/2023\/08\/logocartech.png\",\"contentUrl\":\"https:\/\/cartechdiagnostic.com\/wp-content\/uploads\/2023\/08\/logocartech.png\",\"width\":714,\"height\":340,\"caption\":\"Car-Tech Diagnostic Yaz\u0131l\u0131m Ltd. \u015eti.\"},\"image\":{\"@id\":\"https:\/\/www.cartechdiagnostic.com\/en\/#\/schema\/logo\/image\/\"},\"sameAs\":[\"https:\/\/www.instagram.com\/cartechdiagnostic\"]}]}<\/script>\n<!-- \/ Yoast SEO plugin. -->","yoast_head_json":{"title":"ONE TIME ONLINE PROGRAMMING REMOTE SERVICE - Car-Tech Diagnostic","robots":{"index":"index","follow":"follow","max-snippet":"max-snippet:-1","max-image-preview":"max-image-preview:large","max-video-preview":"max-video-preview:-1"},"canonical":"https:\/\/cartechdiagnostic.com\/en\/urun\/one-time-online-programming-remote-service\/","og_locale":"en_US","og_type":"article","og_title":"ONE TIME ONLINE PROGRAMMING REMOTE SERVICE - Car-Tech Diagnostic","og_description":"Online Programming Remote Service is a professional remote ECU programming and module coding service designed for automotive service centers and diagnostic technicians. Service providers can connect vehicles to their computers using their own diagnostic devices and perform dealer-level online programming operations remotely through a secure remote connection. By selecting the vehicle brand through the platform, users can receive fast and reliable support for the following operations:     ECU Programming    Software Update    Control Unit Replacement Programming    Module Coding &amp; Configuration    Online Calibration   Remote online programming services are available for many vehicle brands including Renault, Ford, Mazda, BMW, Mercedes, VAG Group, PSA Group, JLR, and many others.","og_url":"https:\/\/cartechdiagnostic.com\/en\/urun\/one-time-online-programming-remote-service\/","og_site_name":"Car-Tech Diagnostic","article_modified_time":"2026-03-16T12:26:03+00:00","og_image":[{"width":1080,"height":1080,"url":"http:\/\/cartechdiagnostic.com\/wp-content\/uploads\/2026\/03\/2-3.png","type":"image\/png"}],"twitter_card":"summary_large_image","twitter_misc":{"Est. reading time":"2 minutes"},"schema":{"@context":"https:\/\/schema.org","@graph":[{"@type":"WebPage","@id":"https:\/\/cartechdiagnostic.com\/en\/urun\/one-time-online-programming-remote-service\/","url":"https:\/\/cartechdiagnostic.com\/en\/urun\/one-time-online-programming-remote-service\/","name":"ONE TIME ONLINE PROGRAMMING REMOTE SERVICE - Car-Tech Diagnostic","isPartOf":{"@id":"https:\/\/www.cartechdiagnostic.com\/en\/#website"},"primaryImageOfPage":{"@id":"https:\/\/cartechdiagnostic.com\/en\/urun\/one-time-online-programming-remote-service\/#primaryimage"},"image":{"@id":"https:\/\/cartechdiagnostic.com\/en\/urun\/one-time-online-programming-remote-service\/#primaryimage"},"thumbnailUrl":"https:\/\/cartechdiagnostic.com\/wp-content\/uploads\/2026\/03\/2-3.png","datePublished":"2026-03-16T12:02:36+00:00","dateModified":"2026-03-16T12:26:03+00:00","breadcrumb":{"@id":"https:\/\/cartechdiagnostic.com\/en\/urun\/one-time-online-programming-remote-service\/#breadcrumb"},"inLanguage":"en-US","potentialAction":[{"@type":"ReadAction","target":["https:\/\/cartechdiagnostic.com\/en\/urun\/one-time-online-programming-remote-service\/"]}]},{"@type":"ImageObject","inLanguage":"en-US","@id":"https:\/\/cartechdiagnostic.com\/en\/urun\/one-time-online-programming-remote-service\/#primaryimage","url":"https:\/\/cartechdiagnostic.com\/wp-content\/uploads\/2026\/03\/2-3.png","contentUrl":"https:\/\/cartechdiagnostic.com\/wp-content\/uploads\/2026\/03\/2-3.png","width":1080,"height":1080},{"@type":"BreadcrumbList","@id":"https:\/\/cartechdiagnostic.com\/en\/urun\/one-time-online-programming-remote-service\/#breadcrumb","itemListElement":[{"@type":"ListItem","position":1,"name":"Anasayfa","item":"https:\/\/www.cartechdiagnostic.com\/en\/"},{"@type":"ListItem","position":2,"name":"Ma\u011faza","item":"https:\/\/www.cartechdiagnostic.com\/magaza\/"},{"@type":"ListItem","position":3,"name":"ONE TIME ONLINE PROGRAMMING REMOTE SERVICE"}]},{"@type":"WebSite","@id":"https:\/\/www.cartechdiagnostic.com\/en\/#website","url":"https:\/\/www.cartechdiagnostic.com\/en\/","name":"Car-Tech Diagnostic","description":"Ar\u0131za Tespit Cihazlar\u0131 - ECU Programlama Cihazlar\u0131","publisher":{"@id":"https:\/\/www.cartechdiagnostic.com\/en\/#organization"},"alternateName":"Car-Tech Diag","potentialAction":[{"@type":"SearchAction","target":{"@type":"EntryPoint","urlTemplate":"https:\/\/www.cartechdiagnostic.com\/en\/?s={search_term_string}"},"query-input":"required name=search_term_string"}],"inLanguage":"en-US"},{"@type":"Organization","@id":"https:\/\/www.cartechdiagnostic.com\/en\/#organization","name":"Car-Tech Diagnostic Yaz\u0131l\u0131m Ltd. \u015eti.","url":"https:\/\/www.cartechdiagnostic.com\/en\/","logo":{"@type":"ImageObject","inLanguage":"en-US","@id":"https:\/\/www.cartechdiagnostic.com\/en\/#\/schema\/logo\/image\/","url":"https:\/\/cartechdiagnostic.com\/wp-content\/uploads\/2023\/08\/logocartech.png","contentUrl":"https:\/\/cartechdiagnostic.com\/wp-content\/uploads\/2023\/08\/logocartech.png","width":714,"height":340,"caption":"Car-Tech Diagnostic Yaz\u0131l\u0131m Ltd. \u015eti."},"image":{"@id":"https:\/\/www.cartechdiagnostic.com\/en\/#\/schema\/logo\/image\/"},"sameAs":["https:\/\/www.instagram.com\/cartechdiagnostic"]}]}},"_links":{"self":[{"href":"https:\/\/cartechdiagnostic.com\/en\/wp-json\/wp\/v2\/product\/18899","targetHints":{"allow":["GET"]}}],"collection":[{"href":"https:\/\/cartechdiagnostic.com\/en\/wp-json\/wp\/v2\/product"}],"about":[{"href":"https:\/\/cartechdiagnostic.com\/en\/wp-json\/wp\/v2\/types\/product"}],"replies":[{"embeddable":true,"href":"https:\/\/cartechdiagnostic.com\/en\/wp-json\/wp\/v2\/comments?post=18899"}],"version-history":[{"count":1,"href":"https:\/\/cartechdiagnostic.com\/en\/wp-json\/wp\/v2\/product\/18899\/revisions"}],"predecessor-version":[{"id":18912,"href":"https:\/\/cartechdiagnostic.com\/en\/wp-json\/wp\/v2\/product\/18899\/revisions\/18912"}],"wp:featuredmedia":[{"embeddable":true,"href":"https:\/\/cartechdiagnostic.com\/en\/wp-json\/wp\/v2\/media\/18929"}],"wp:attachment":[{"href":"https:\/\/cartechdiagnostic.com\/en\/wp-json\/wp\/v2\/media?parent=18899"}],"wp:term":[{"taxonomy":"product_brand","embeddable":true,"href":"https:\/\/cartechdiagnostic.com\/en\/wp-json\/wp\/v2\/product_brand?post=18899"},{"taxonomy":"product_cat","embeddable":true,"href":"https:\/\/cartechdiagnostic.com\/en\/wp-json\/wp\/v2\/product_cat?post=18899"},{"taxonomy":"product_tag","embeddable":true,"href":"https:\/\/cartechdiagnostic.com\/en\/wp-json\/wp\/v2\/product_tag?post=18899"}],"curies":[{"name":"wp","href":"https:\/\/api.w.org\/{rel}","templated":true}]}}